{"id":1298,"date":"2018-11-07T02:38:30","date_gmt":"2018-11-07T00:38:30","guid":{"rendered":"http:\/\/7uptheme.com\/wordpress\/ersatz\/?page_id=1298"},"modified":"2024-06-04T17:13:19","modified_gmt":"2024-06-04T15:13:19","slug":"contacto","status":"publish","type":"page","link":"https:\/\/www.kermesgps.com\/esp\/contacto\/","title":{"rendered":"Contacto"},"content":{"rendered":"<div class=\"wpb-content-wrapper\"><p>[vc_row full_width=\u00bbstretch_row_content_no_spaces\u00bb][vc_column]<div class=\"wrap-bread-crumb  vc_custom_1669714507897  breadcrumb-element\">\r\n\t\t<div class=\"bread-crumb s7upf_1778146217\">\r\n\t\t\t\t\t<\/div>\r\n<\/div>\r\n[\/vc_column][\/vc_row][vc_row full_width=\u00bbstretch_row\u00bb css=\u00bb.vc_custom_1541560842032{background-color: #ffffff !important;}\u00bb el_class=\u00bbcontact-sec2&#8243;][vc_column][vc_row_inner][vc_column_inner width=\u00bb1\/3&#8243;][vc_column_text css=\u00bb\u00bb bb_tab_container=\u00bb\u00bb el_class=\u00bbcontact-sec-2-text\u00bb]<\/p>\n<div class=\"icon_mobile\" aria-hidden=\"true\"><\/div>\n<div class=\"content-wrap\">\n<h5 class=\"black text-uppercase\">tel\u00e9fonos<\/h5>\n<p class=\"desc\"><img loading=\"lazy\" decoding=\"async\" class=\"alignnone size-full wp-image-3160\" src=\"https:\/\/www.kermesgps.com\/esp\/wp-content\/uploads\/2022\/05\/pngwing.com_.png\" alt=\"\" width=\"20\" height=\"20\" \/> \u00a0 \u00a0\u00a0 <a href=\"tel:+34913269186\">(+34) 913 269 186<\/a><br \/>\n<img loading=\"lazy\" decoding=\"async\" class=\"alignnone wp-image-3159 size-full\" src=\"https:\/\/www.kermesgps.com\/esp\/wp-content\/uploads\/2022\/05\/whatsapp.png\" alt=\"Whatsapp\" width=\"19\" height=\"20\" \/><img loading=\"lazy\" decoding=\"async\" class=\"alignnone wp-image-3161 size-full\" src=\"https:\/\/www.kermesgps.com\/esp\/wp-content\/uploads\/2022\/05\/telegram.png\" alt=\"Telegram\" width=\"20\" height=\"20\" \/> <a href=\"tel:+34619757515\">(+34) 619 757 515<\/a><\/p>\n<\/div>\n<p>[\/vc_column_text][vc_empty_space][vc_column_text el_class=\u00bbcontact-sec-2-text col-last\u00bb]<\/p>\n<div class=\"content-wrap\">\n<p>\u00bf<strong>Quiere<\/strong> indicarnos alg\u00fan punto para a\u00f1adir o <strong>modificar en la base de datos<\/strong>?<br \/>\n[vc_btn title=\u00bbAportar datos\u00bb style=\u00bboutline\u00bb shape=\u00bbround\u00bb color=\u00bbgreen\u00bb align=\u00bbcenter\u00bb i_icon_fontawesome=\u00bbfas fa-life-ring\u00bb add_icon=\u00bbtrue\u00bb link=\u00bburl:https%3A%2F%2Fwww.kermesgps.com%2Fesp%2Faporte-de-datos|title:Ir%20al%20formulario\u00bb]<\/p>\n<\/div>\n<p>[\/vc_column_text][\/vc_column_inner][vc_column_inner width=\u00bb1\/3&#8243;][vc_column_text el_class=\u00bbcontact-sec-2-text second-col\u00bb]<\/p>\n<div class=\"icon_pin\" aria-hidden=\"true\"><\/div>\n<div class=\"content-wrap\">\n<h5 class=\"black text-uppercase\">Direcci\u00f3n<\/h5>\n<p class=\"desc\">Calle de la Confianza N\u00ba 5 Nave B01,<br \/>\nPol. Ind. Los Olivos &#8211; 28906 &#8211; Gefafe &#8211; Madrid<\/p>\n<\/div>\n<p>[\/vc_column_text][\/vc_column_inner][vc_column_inner width=\u00bb1\/3&#8243;][vc_column_text el_class=\u00bbcontact-sec-2-text col-last\u00bb]<\/p>\n<div class=\"content-wrap\">\n<p>Si necesita ayuda en la actualizaci\u00f3n o con su avisador, use el siguiente apartado, donde encontrar\u00e1 las soluciones a problemas comunes y podr\u00e1 contactar con el servicio t\u00e9cnico:<\/p>\n<p><span style=\"color: #000000;\"><strong>Para asistencia t\u00e9cnica pulse el bot\u00f3n<\/strong><\/span><br \/>\n[vc_btn title=\u00bbAsistencia\u00bb style=\u00bboutline\u00bb shape=\u00bbround\u00bb color=\u00bbwarning\u00bb align=\u00bbcenter\u00bb i_icon_fontawesome=\u00bbfas fa-life-ring\u00bb add_icon=\u00bbtrue\u00bb link=\u00bburl:https%3A%2F%2Fwww.kermesgps.com%2Fesp%2Fasistencia|title:Ir%20al%20formulario\u00bb]<\/p>\n<\/div>\n<p>[\/vc_column_text][\/vc_column_inner][\/vc_row_inner][\/vc_column][\/vc_row][vc_row full_width=\u00bbstretch_row\u00bb css=\u00bb.vc_custom_1541560854383{background-color: #ffffff !important;}\u00bb el_class=\u00bbcontact-sec3&#8243;][vc_column width=\u00bb1\/2&#8243;]\n<div class=\"wpcf7 no-js\" id=\"wpcf7-f1311-o1\" lang=\"en-US\" dir=\"ltr\" data-wpcf7-id=\"1311\">\n<div class=\"screen-reader-response\"><p role=\"status\" aria-live=\"polite\" aria-atomic=\"true\"><\/p> <ul><\/ul><\/div>\n<form action=\"\/esp\/wp-json\/wp\/v2\/pages\/1298#wpcf7-f1311-o1\" method=\"post\" class=\"wpcf7-form init\" aria-label=\"Contact form\" novalidate=\"novalidate\" data-status=\"init\">\n<fieldset class=\"hidden-fields-container\"><input type=\"hidden\" name=\"_wpcf7\" value=\"1311\" \/><input type=\"hidden\" name=\"_wpcf7_version\" value=\"6.1.5\" \/><input type=\"hidden\" name=\"_wpcf7_locale\" value=\"en_US\" \/><input type=\"hidden\" name=\"_wpcf7_unit_tag\" value=\"wpcf7-f1311-o1\" \/><input type=\"hidden\" name=\"_wpcf7_container_post\" value=\"0\" \/><input type=\"hidden\" name=\"_wpcf7_posted_data_hash\" value=\"\" \/>\n<\/fieldset>\n<h4 class=\"title-about color-title text-uppercase\">Escr\u00edbanos\n<\/h4>\n<div class=\"contact-desc\">\n\t<p>Formulario para INFORMACI\u00d3N.<br \/>\n<strong>NO use este formulario para dudas t\u00e9cnicas (pulse en el apartado \"Asistencia\"). <\/strong>\n\t<\/p>\n\t<p><label> Su nombre<br \/>\n<span class=\"wpcf7-form-control-wrap\" data-name=\"your-name\"><input size=\"40\" maxlength=\"400\" class=\"wpcf7-form-control wpcf7-text wpcf7-validates-as-required\" aria-required=\"true\" aria-invalid=\"false\" value=\"\" type=\"text\" name=\"your-name\" \/><\/span> <\/label>\n\t<\/p>\n\t<p><label> Su correo electr\u00f3nico<br \/>\n<span class=\"wpcf7-form-control-wrap\" data-name=\"your-email\"><input size=\"40\" maxlength=\"400\" class=\"wpcf7-form-control wpcf7-email wpcf7-validates-as-required wpcf7-text wpcf7-validates-as-email\" aria-required=\"true\" aria-invalid=\"false\" value=\"\" type=\"email\" name=\"your-email\" \/><\/span> <\/label>\n\t<\/p>\n\t<p><label> Asunto<br \/>\n<span class=\"wpcf7-form-control-wrap\" data-name=\"your-subject\"><input size=\"40\" maxlength=\"400\" class=\"wpcf7-form-control wpcf7-text wpcf7-validates-as-required\" aria-required=\"true\" aria-invalid=\"false\" value=\"\" type=\"text\" name=\"your-subject\" \/><\/span> <\/label>\n\t<\/p>\n\t<p><label> Escriba aqu\u00ed su mensaje (opcional)<br \/>\n<span class=\"wpcf7-form-control-wrap\" data-name=\"your-message\"><textarea cols=\"40\" rows=\"10\" maxlength=\"2000\" class=\"wpcf7-form-control wpcf7-textarea\" aria-invalid=\"false\" name=\"your-message\"><\/textarea><\/span> <\/label>\n\t<\/p>\n\t<p><input class=\"wpcf7-form-control wpcf7-submit has-spinner\" type=\"submit\" value=\"Enviar mensaje\" \/>\n\t<\/p>\n<\/div><input type='hidden' class='wpcf7-pum' value='{\"closepopup\":false,\"closedelay\":0,\"openpopup\":false,\"openpopup_id\":0}' \/><div class=\"wpcf7-response-output\" aria-hidden=\"true\"><\/div>\n<\/form>\n<\/div>\n[\/vc_column][vc_column width=\u00bb1\/2&#8243;]    <div class=\"box-accordion box-accordion-style-1 \">\r\n        <h3 class=\"contact-accordition-title title24 fontosw text-uppercase fwe500 color-title\">FAQ<\/h3>        <div class=\"content-accordion toggle-tab detail-tabs tab-style3\">\r\n                            <div class=\"item-toggle-tab    active\">\r\n                    <h5 class=\" toggle-tab-title  title14 black000 fontosw font-bold text-uppercase\">\r\n                        \u00bfPUEDO RESETEAR MI AVISADOR?                    <\/h5>\r\n                    <div class=\"toggle-tab-content\">\r\n                        Puede seleccionar la configuraci\u00f3n de f\u00e1brica mediante el siguiente proceso: Con el dispositivo apagado, ponga el selector en modo \u201cMENU\u201d y mantenga presionado el bot\u00f3n \u201cFUNC\u201d. Sin soltar el pulsador, encienda el dispositivo y espere un segundo. Ahora s\u00f3lo tiene que soltar el bot\u00f3n y el mensaje \u201crESE\u201d confirmar\u00e1 que el proceso se ha realizado con \u00e9xito.                    <\/div>\r\n                <\/div>\r\n                            <div class=\"item-toggle-tab    \">\r\n                    <h5 class=\" toggle-tab-title  title14 black000 fontosw font-bold text-uppercase\">\r\n                        \u00bfPUEDO ACTUALIZARLO CON MAC?                    <\/h5>\r\n                    <div class=\"toggle-tab-content\">\r\n                        El driver de actualizaci\u00f3n est\u00e1 dise\u00f1ado para PC, pero puede actualizar su avisador Kermes en MAC instalando previamente un emulador en su PC. Consulte el proceso de actualizaci\u00f3n en el apartado \u201cActualizar\u201d -> \u201cSeleccione su producto\u201d -> \u201cPrimeros pasos\u201d -> \u201cMac\u201d                    <\/div>\r\n                <\/div>\r\n                            <div class=\"item-toggle-tab    \">\r\n                    <h5 class=\" toggle-tab-title  title14 black000 fontosw font-bold text-uppercase\">\r\n                        \u00bfPUEDO REDUCIR EL N\u00daMERO DE AVISOS?                    <\/h5>\r\n                    <div class=\"toggle-tab-content\">\r\n                        Kermes Plus IV tiene un sencillo sistema de configuraci\u00f3n de avisos dentro del men\u00fa donde podr\u00e1 seleccionar: \n-\ttodos los avisos\n-\tavisos de radar y posibles ubicaciones de radares m\u00f3viles\n-\tavisos de radares fijos.\nAdem\u00e1s recuerde que siempre puede silenciar el aviso en curso presionando el bot\u00f3n.                    <\/div>\r\n                <\/div>\r\n                            <div class=\"item-toggle-tab    \">\r\n                    <h5 class=\" toggle-tab-title  title14 black000 fontosw font-bold text-uppercase\">\r\n                        \u00bfES LEGAL?                    <\/h5>\r\n                    <div class=\"toggle-tab-content\">\r\n                        Kermes Plus IV es un sistema de seguridad vial basado en tecnolog\u00eda de posicionamiento global GPS (Global Positioning System). Al no disponer de sistema de detecci\u00f3n de ondas es un producto 100% legal en Espa\u00f1a (para otros pa\u00edses consulte la legislaci\u00f3n vigente).\nSi desea aumentar su protecci\u00f3n con un sistema de detecci\u00f3n de radares activo, consulte la web WFINDERPRO.COM                    <\/div>\r\n                <\/div>\r\n                            <div class=\"item-toggle-tab    \">\r\n                    <h5 class=\" toggle-tab-title  title14 black000 fontosw font-bold text-uppercase\">\r\n                        \u00bfPUEDO UTILIZARLO EN VARIOS COCHES?                    <\/h5>\r\n                    <div class=\"toggle-tab-content\">\r\n                        Kermes IV puede utilizarse en cualquier veh\u00edculo siempre que disponga de toma de corriente a 12 voltios. Puede trasladarlo de un veh\u00edculos a otro sin problema alguno.                    <\/div>\r\n                <\/div>\r\n                    <\/div>\r\n    <\/div>\r\n[\/vc_column][\/vc_row][vc_row full_width=\u00bbstretch_row_content_no_spaces\u00bb el_class=\u00bbcontact-sec4&#8243;][vc_column][vc_gmaps link=\u00bb#E-8_JTNDaWZyYW1lJTIwc3JjJTNEJTIyaHR0cHMlM0ElMkYlMkZ3d3cuZ29vZ2xlLmNvbSUyRm1hcHMlMkZlbWJlZCUzRnBiJTNEJTIxMW0xOCUyMTFtMTIlMjExbTMlMjExZDMwNDIuMDg0NDA5MjQxMjUyJTIxMmQtMy42Nzk1ODc1ODQ0MjY4OTMlMjEzZDQwLjMxODI4NDE2OTU0NDUyNiUyMTJtMyUyMTFmMCUyMTJmMCUyMTNmMCUyMTNtMiUyMTFpMTAyNCUyMTJpNzY4JTIxNGYxMy4xJTIxM20zJTIxMW0yJTIxMXMweGQ0MjIxNDQxYzkyNjQwZiUyNTNBMHhkMzdkODc4ZTdkMzFmYzUzJTIxMnNXRmluZGVyJTI1MjBQcm8lMjE1ZTAlMjEzbTIlMjExc2VzJTIxMnNlcyUyMTR2MTY1Mjk1MDgyMjQzMCUyMTVtMiUyMTFzZXMlMjEyc2VzJTIyJTIwd2lkdGglM0QlMjI2MDAlMjIlMjBoZWlnaHQlM0QlMjI0NTAlMjIlMjBzdHlsZSUzRCUyMmJvcmRlciUzQTAlM0IlMjIlMjBhbGxvd2Z1bGxzY3JlZW4lM0QlMjIlMjIlMjBsb2FkaW5nJTNEJTIybGF6eSUyMiUyMHJlZmVycmVycG9saWN5JTNEJTIybm8tcmVmZXJyZXItd2hlbi1kb3duZ3JhZGUlMjIlM0UlM0MlMkZpZnJhbWUlM0U=\u00bb][\/vc_column][\/vc_row]<\/p>\n<\/div>","protected":false},"excerpt":{"rendered":"<p>[vc_row full_width=\u00bbstretch_row_content_no_spaces\u00bb][vc_column][\/vc_column][\/vc_row][vc_row full_width=\u00bbstretch_row\u00bb css=\u00bb.vc_custom_1541560842032{background-color: #ffffff !important;}\u00bb el_class=\u00bbcontact-sec2&#8243;][vc_column][vc_row_inner][vc_column_inner width=\u00bb1\/3&#8243;][vc_column_text css=\u00bb\u00bb bb_tab_container=\u00bb\u00bb el_class=\u00bbcontact-sec-2-text\u00bb] tel\u00e9fonos \u00a0 \u00a0\u00a0 (+34) 913 269 186 (+34) 619 757 515 [\/vc_column_text][vc_empty_space][vc_column_text el_class=\u00bbcontact-sec-2-text col-last\u00bb] \u00bfQuiere indicarnos alg\u00fan punto para a\u00f1adir o modificar en la base de datos? [vc_btn title=\u00bbAportar datos\u00bb style=\u00bboutline\u00bb shape=\u00bbround\u00bb color=\u00bbgreen\u00bb align=\u00bbcenter\u00bb i_icon_fontawesome=\u00bbfas fa-life-ring\u00bb add_icon=\u00bbtrue\u00bb link=\u00bburl:https%3A%2F%2Fwww.kermesgps.com%2Fesp%2Faporte-de-datos|title:Ir%20al%20formulario\u00bb] [\/vc_column_text][\/vc_column_inner][vc_column_inner width=\u00bb1\/3&#8243;][vc_column_text el_class=\u00bbcontact-sec-2-text second-col\u00bb] Direcci\u00f3n Calle [&hellip;]<\/p>\n","protected":false},"author":2,"featured_media":0,"parent":0,"menu_order":0,"comment_status":"closed","ping_status":"closed","template":"visual-template.php","meta":{"footnotes":""},"class_list":["post-1298","page","type-page","status-publish","hentry"],"yoast_head":"<!-- This site is optimized with the Yoast SEO plugin v27.5 - https:\/\/yoast.com\/product\/yoast-seo-wordpress\/ -->\n<title>Contacto - Kermes GPS<\/title>\n<meta name=\"robots\" content=\"index, follow, max-snippet:-1, max-image-preview:large, max-video-preview:-1\" \/>\n<link rel=\"canonical\" href=\"https:\/\/www.kermesgps.com\/esp\/contacto\/\" \/>\n<meta property=\"og:locale\" content=\"es_ES\" \/>\n<meta property=\"og:type\" content=\"article\" \/>\n<meta property=\"og:title\" content=\"Contacto - Kermes GPS\" \/>\n<meta property=\"og:description\" content=\"[vc_row full_width=\u00bbstretch_row_content_no_spaces\u00bb][vc_column][\/vc_column][\/vc_row][vc_row full_width=\u00bbstretch_row\u00bb css=\u00bb.vc_custom_1541560842032{background-color: #ffffff !important;}\u00bb el_class=\u00bbcontact-sec2&#8243;][vc_column][vc_row_inner][vc_column_inner width=\u00bb1\/3&#8243;][vc_column_text css=\u00bb\u00bb bb_tab_container=\u00bb\u00bb el_class=\u00bbcontact-sec-2-text\u00bb] tel\u00e9fonos \u00a0 \u00a0\u00a0 (+34) 913 269 186 (+34) 619 757 515 [\/vc_column_text][vc_empty_space][vc_column_text el_class=\u00bbcontact-sec-2-text col-last\u00bb] \u00bfQuiere indicarnos alg\u00fan punto para a\u00f1adir o modificar en la base de datos? [vc_btn title=\u00bbAportar datos\u00bb style=\u00bboutline\u00bb shape=\u00bbround\u00bb color=\u00bbgreen\u00bb align=\u00bbcenter\u00bb i_icon_fontawesome=\u00bbfas fa-life-ring\u00bb add_icon=\u00bbtrue\u00bb link=\u00bburl:https%3A%2F%2Fwww.kermesgps.com%2Fesp%2Faporte-de-datos|title:Ir%20al%20formulario\u00bb] [\/vc_column_text][\/vc_column_inner][vc_column_inner width=\u00bb1\/3&#8243;][vc_column_text el_class=\u00bbcontact-sec-2-text second-col\u00bb] Direcci\u00f3n Calle [&hellip;]\" \/>\n<meta property=\"og:url\" content=\"https:\/\/www.kermesgps.com\/esp\/contacto\/\" \/>\n<meta property=\"og:site_name\" content=\"Kermes GPS\" \/>\n<meta property=\"article:modified_time\" content=\"2024-06-04T15:13:19+00:00\" \/>\n<meta property=\"og:image\" content=\"https:\/\/www.kermesgps.com\/esp\/wp-content\/uploads\/2022\/05\/pngwing.com_.png\" \/>\n<meta name=\"twitter:card\" content=\"summary_large_image\" \/>\n<meta name=\"twitter:label1\" content=\"Tiempo de lectura\" \/>\n\t<meta name=\"twitter:data1\" content=\"2 minutos\" \/>\n<script type=\"application\/ld+json\" class=\"yoast-schema-graph\">{\"@context\":\"https:\\\/\\\/schema.org\",\"@graph\":[{\"@type\":\"WebPage\",\"@id\":\"https:\\\/\\\/www.kermesgps.com\\\/esp\\\/contacto\\\/\",\"url\":\"https:\\\/\\\/www.kermesgps.com\\\/esp\\\/contacto\\\/\",\"name\":\"Contacto - Kermes GPS\",\"isPartOf\":{\"@id\":\"https:\\\/\\\/www.kermesgps.com\\\/esp\\\/#website\"},\"primaryImageOfPage\":{\"@id\":\"https:\\\/\\\/www.kermesgps.com\\\/esp\\\/contacto\\\/#primaryimage\"},\"image\":{\"@id\":\"https:\\\/\\\/www.kermesgps.com\\\/esp\\\/contacto\\\/#primaryimage\"},\"thumbnailUrl\":\"https:\\\/\\\/www.kermesgps.com\\\/esp\\\/wp-content\\\/uploads\\\/2022\\\/05\\\/pngwing.com_.png\",\"datePublished\":\"2018-11-07T00:38:30+00:00\",\"dateModified\":\"2024-06-04T15:13:19+00:00\",\"breadcrumb\":{\"@id\":\"https:\\\/\\\/www.kermesgps.com\\\/esp\\\/contacto\\\/#breadcrumb\"},\"inLanguage\":\"es\",\"potentialAction\":[{\"@type\":\"ReadAction\",\"target\":[\"https:\\\/\\\/www.kermesgps.com\\\/esp\\\/contacto\\\/\"]}]},{\"@type\":\"ImageObject\",\"inLanguage\":\"es\",\"@id\":\"https:\\\/\\\/www.kermesgps.com\\\/esp\\\/contacto\\\/#primaryimage\",\"url\":\"https:\\\/\\\/www.kermesgps.com\\\/esp\\\/wp-content\\\/uploads\\\/2022\\\/05\\\/pngwing.com_.png\",\"contentUrl\":\"https:\\\/\\\/www.kermesgps.com\\\/esp\\\/wp-content\\\/uploads\\\/2022\\\/05\\\/pngwing.com_.png\",\"width\":20,\"height\":20},{\"@type\":\"BreadcrumbList\",\"@id\":\"https:\\\/\\\/www.kermesgps.com\\\/esp\\\/contacto\\\/#breadcrumb\",\"itemListElement\":[{\"@type\":\"ListItem\",\"position\":1,\"name\":\"Portada\",\"item\":\"https:\\\/\\\/www.kermesgps.com\\\/esp\\\/\"},{\"@type\":\"ListItem\",\"position\":2,\"name\":\"Contacto\"}]},{\"@type\":\"WebSite\",\"@id\":\"https:\\\/\\\/www.kermesgps.com\\\/esp\\\/#website\",\"url\":\"https:\\\/\\\/www.kermesgps.com\\\/esp\\\/\",\"name\":\"Kermes GPS\",\"description\":\"Avisadores de radar mediante GPS\",\"publisher\":{\"@id\":\"https:\\\/\\\/www.kermesgps.com\\\/esp\\\/#organization\"},\"alternateName\":\"Kermes GPS\",\"potentialAction\":[{\"@type\":\"SearchAction\",\"target\":{\"@type\":\"EntryPoint\",\"urlTemplate\":\"https:\\\/\\\/www.kermesgps.com\\\/esp\\\/?s={search_term_string}\"},\"query-input\":{\"@type\":\"PropertyValueSpecification\",\"valueRequired\":true,\"valueName\":\"search_term_string\"}}],\"inLanguage\":\"es\"},{\"@type\":\"Organization\",\"@id\":\"https:\\\/\\\/www.kermesgps.com\\\/esp\\\/#organization\",\"name\":\"Kermes GPS\",\"url\":\"https:\\\/\\\/www.kermesgps.com\\\/esp\\\/\",\"logo\":{\"@type\":\"ImageObject\",\"inLanguage\":\"es\",\"@id\":\"https:\\\/\\\/www.kermesgps.com\\\/esp\\\/#\\\/schema\\\/logo\\\/image\\\/\",\"url\":\"https:\\\/\\\/www.kermesgps.com\\\/esp\\\/wp-content\\\/uploads\\\/2022\\\/06\\\/Logo-Nuevo-WFinder-30.png\",\"contentUrl\":\"https:\\\/\\\/www.kermesgps.com\\\/esp\\\/wp-content\\\/uploads\\\/2022\\\/06\\\/Logo-Nuevo-WFinder-30.png\",\"width\":625,\"height\":214,\"caption\":\"Kermes GPS\"},\"image\":{\"@id\":\"https:\\\/\\\/www.kermesgps.com\\\/esp\\\/#\\\/schema\\\/logo\\\/image\\\/\"},\"sameAs\":[\"https:\\\/\\\/www.kermesgps.com\\\/esp\\\/actualizaciones\\\/kp4\\\/\",\"https:\\\/\\\/www.tiktok.com\\\/@wfinderpro\"]}]}<\/script>\n<!-- \/ Yoast SEO plugin. -->","yoast_head_json":{"title":"Contacto - Kermes GPS","robots":{"index":"index","follow":"follow","max-snippet":"max-snippet:-1","max-image-preview":"max-image-preview:large","max-video-preview":"max-video-preview:-1"},"canonical":"https:\/\/www.kermesgps.com\/esp\/contacto\/","og_locale":"es_ES","og_type":"article","og_title":"Contacto - Kermes GPS","og_description":"[vc_row full_width=\u00bbstretch_row_content_no_spaces\u00bb][vc_column][\/vc_column][\/vc_row][vc_row full_width=\u00bbstretch_row\u00bb css=\u00bb.vc_custom_1541560842032{background-color: #ffffff !important;}\u00bb el_class=\u00bbcontact-sec2&#8243;][vc_column][vc_row_inner][vc_column_inner width=\u00bb1\/3&#8243;][vc_column_text css=\u00bb\u00bb bb_tab_container=\u00bb\u00bb el_class=\u00bbcontact-sec-2-text\u00bb] tel\u00e9fonos \u00a0 \u00a0\u00a0 (+34) 913 269 186 (+34) 619 757 515 [\/vc_column_text][vc_empty_space][vc_column_text el_class=\u00bbcontact-sec-2-text col-last\u00bb] \u00bfQuiere indicarnos alg\u00fan punto para a\u00f1adir o modificar en la base de datos? [vc_btn title=\u00bbAportar datos\u00bb style=\u00bboutline\u00bb shape=\u00bbround\u00bb color=\u00bbgreen\u00bb align=\u00bbcenter\u00bb i_icon_fontawesome=\u00bbfas fa-life-ring\u00bb add_icon=\u00bbtrue\u00bb link=\u00bburl:https%3A%2F%2Fwww.kermesgps.com%2Fesp%2Faporte-de-datos|title:Ir%20al%20formulario\u00bb] [\/vc_column_text][\/vc_column_inner][vc_column_inner width=\u00bb1\/3&#8243;][vc_column_text el_class=\u00bbcontact-sec-2-text second-col\u00bb] Direcci\u00f3n Calle [&hellip;]","og_url":"https:\/\/www.kermesgps.com\/esp\/contacto\/","og_site_name":"Kermes GPS","article_modified_time":"2024-06-04T15:13:19+00:00","og_image":[{"url":"https:\/\/www.kermesgps.com\/esp\/wp-content\/uploads\/2022\/05\/pngwing.com_.png","type":"","width":"","height":""}],"twitter_card":"summary_large_image","twitter_misc":{"Tiempo de lectura":"2 minutos"},"schema":{"@context":"https:\/\/schema.org","@graph":[{"@type":"WebPage","@id":"https:\/\/www.kermesgps.com\/esp\/contacto\/","url":"https:\/\/www.kermesgps.com\/esp\/contacto\/","name":"Contacto - Kermes GPS","isPartOf":{"@id":"https:\/\/www.kermesgps.com\/esp\/#website"},"primaryImageOfPage":{"@id":"https:\/\/www.kermesgps.com\/esp\/contacto\/#primaryimage"},"image":{"@id":"https:\/\/www.kermesgps.com\/esp\/contacto\/#primaryimage"},"thumbnailUrl":"https:\/\/www.kermesgps.com\/esp\/wp-content\/uploads\/2022\/05\/pngwing.com_.png","datePublished":"2018-11-07T00:38:30+00:00","dateModified":"2024-06-04T15:13:19+00:00","breadcrumb":{"@id":"https:\/\/www.kermesgps.com\/esp\/contacto\/#breadcrumb"},"inLanguage":"es","potentialAction":[{"@type":"ReadAction","target":["https:\/\/www.kermesgps.com\/esp\/contacto\/"]}]},{"@type":"ImageObject","inLanguage":"es","@id":"https:\/\/www.kermesgps.com\/esp\/contacto\/#primaryimage","url":"https:\/\/www.kermesgps.com\/esp\/wp-content\/uploads\/2022\/05\/pngwing.com_.png","contentUrl":"https:\/\/www.kermesgps.com\/esp\/wp-content\/uploads\/2022\/05\/pngwing.com_.png","width":20,"height":20},{"@type":"BreadcrumbList","@id":"https:\/\/www.kermesgps.com\/esp\/contacto\/#breadcrumb","itemListElement":[{"@type":"ListItem","position":1,"name":"Portada","item":"https:\/\/www.kermesgps.com\/esp\/"},{"@type":"ListItem","position":2,"name":"Contacto"}]},{"@type":"WebSite","@id":"https:\/\/www.kermesgps.com\/esp\/#website","url":"https:\/\/www.kermesgps.com\/esp\/","name":"Kermes GPS","description":"Avisadores de radar mediante GPS","publisher":{"@id":"https:\/\/www.kermesgps.com\/esp\/#organization"},"alternateName":"Kermes GPS","potentialAction":[{"@type":"SearchAction","target":{"@type":"EntryPoint","urlTemplate":"https:\/\/www.kermesgps.com\/esp\/?s={search_term_string}"},"query-input":{"@type":"PropertyValueSpecification","valueRequired":true,"valueName":"search_term_string"}}],"inLanguage":"es"},{"@type":"Organization","@id":"https:\/\/www.kermesgps.com\/esp\/#organization","name":"Kermes GPS","url":"https:\/\/www.kermesgps.com\/esp\/","logo":{"@type":"ImageObject","inLanguage":"es","@id":"https:\/\/www.kermesgps.com\/esp\/#\/schema\/logo\/image\/","url":"https:\/\/www.kermesgps.com\/esp\/wp-content\/uploads\/2022\/06\/Logo-Nuevo-WFinder-30.png","contentUrl":"https:\/\/www.kermesgps.com\/esp\/wp-content\/uploads\/2022\/06\/Logo-Nuevo-WFinder-30.png","width":625,"height":214,"caption":"Kermes GPS"},"image":{"@id":"https:\/\/www.kermesgps.com\/esp\/#\/schema\/logo\/image\/"},"sameAs":["https:\/\/www.kermesgps.com\/esp\/actualizaciones\/kp4\/","https:\/\/www.tiktok.com\/@wfinderpro"]}]}},"_links":{"self":[{"href":"https:\/\/www.kermesgps.com\/esp\/wp-json\/wp\/v2\/pages\/1298","targetHints":{"allow":["GET"]}}],"collection":[{"href":"https:\/\/www.kermesgps.com\/esp\/wp-json\/wp\/v2\/pages"}],"about":[{"href":"https:\/\/www.kermesgps.com\/esp\/wp-json\/wp\/v2\/types\/page"}],"author":[{"embeddable":true,"href":"https:\/\/www.kermesgps.com\/esp\/wp-json\/wp\/v2\/users\/2"}],"replies":[{"embeddable":true,"href":"https:\/\/www.kermesgps.com\/esp\/wp-json\/wp\/v2\/comments?post=1298"}],"version-history":[{"count":0,"href":"https:\/\/www.kermesgps.com\/esp\/wp-json\/wp\/v2\/pages\/1298\/revisions"}],"wp:attachment":[{"href":"https:\/\/www.kermesgps.com\/esp\/wp-json\/wp\/v2\/media?parent=1298"}],"curies":[{"name":"wp","href":"https:\/\/api.w.org\/{rel}","templated":true}]}}