{"id":3530,"date":"2022-05-25T12:11:09","date_gmt":"2022-05-25T10:11:09","guid":{"rendered":"https:\/\/www.kermesgps.com\/esp\/?page_id=3530"},"modified":"2026-04-17T09:38:08","modified_gmt":"2026-04-17T07:38:08","slug":"pasos-actualizar-kermes-plus-iv","status":"publish","type":"page","link":"https:\/\/www.kermesgps.com\/esp\/actualizaciones-kermes\/pasos-actualizar-kermes-plus-iv\/","title":{"rendered":"Pasos para actualizar Kermes Plus IV"},"content":{"rendered":"<div class=\"wpb-content-wrapper\"><p>[vc_row][vc_column][vc_message message_box_color=\u00bbgreen\u00bb icon_fontawesome=\u00bb\u00bb css=\u00bb\u00bb]<\/p>\n<h3 class=\"title36 fontosw font-600 black-000 text-uppercase\" style=\"text-align: center;\">VERSI\u00d3N de la base de datos disponible<\/h3>\n<h3 class=\"title36 fontosw font-600 black-000 text-uppercase\" style=\"text-align: center;\">7043 \u2013 17 ABRIL 2026<\/h3>\n<p>[\/vc_message][\/vc_column][vc_column][\/vc_column][\/vc_row][vc_row][vc_column][vc_btn title=\u00bb\u00bfQuiere aportar datos?\u00bb color=\u00bbsuccess\u00bb align=\u00bbcenter\u00bb i_icon_fontawesome=\u00bbfas fa-life-ring\u00bb add_icon=\u00bbtrue\u00bb link=\u00bburl:https%3A%2F%2Fwww.kermesgps.com%2Fesp%2Faporte-de-datos%2F|title:Aporte%20de%20datos\u00bb][\/vc_column][\/vc_row][vc_row][vc_column][vc_column_text css=\u00bb\u00bb]<\/p>\n<p style=\"text-align: center;\">Siga los pasos siguientes:<\/p>\n<p>[\/vc_column_text][vc_empty_space][\/vc_column][\/vc_row][vc_row][vc_column][vc_message message_box_color=\u00bbturquoise\u00bb icon_fontawesome=\u00bbfas fa-power-off\u00bb]<\/p>\n<p style=\"text-align: center;\">Si es la <strong>primera vez<\/strong> que lo actualiza o ha <strong>cambiado<\/strong> de <strong>ordenador<\/strong>, acceda al apartado \u201cprimeros pasos\u201d.<\/p>\n<p>[\/vc_message][\/vc_column][\/vc_row][vc_row][vc_column][vc_btn title=\u00bbPrimeros pasos\u00bb style=\u00bboutline\u00bb shape=\u00bbround\u00bb color=\u00bbwarning\u00bb align=\u00bbcenter\u00bb i_icon_fontawesome=\u00bbfas fa-list-ol\u00bb add_icon=\u00bbtrue\u00bb link=\u00bburl:https%3A%2F%2Fwww.kermesgps.com%2Fesp%2Factualizaciones-kermes%2Fpasos-actualizar-kermes-plus-iv%2Fdriver%2F|title:Primeros%20pasos\u00bb][\/vc_column][\/vc_row][vc_row][vc_column][vc_message message_box_color=\u00bbturquoise\u00bb icon_fontawesome=\u00bbfas fa-download\u00bb]<\/p>\n<p style=\"text-align: center;\">Si ya tiene el <strong>driver instalado<\/strong> o se le ha <strong>borrado<\/strong> el <strong>archivo<\/strong> de actualizaci\u00f3n, puede descargar el archivo directamente desde aqu\u00ed.<\/p>\n<p>[\/vc_message][\/vc_column][\/vc_row][vc_row][vc_column][vc_btn title=\u00bbActualizador Multi Kermes Plus IV\u00bb style=\u00bboutline\u00bb shape=\u00bbround\u00bb color=\u00bbsuccess\u00bb align=\u00bbcenter\u00bb i_icon_fontawesome=\u00bbfas fa-microchip\u00bb add_icon=\u00bbtrue\u00bb link=\u00bburl:https%3A%2F%2Fwww.kermesgps.com%2Fesp%2Factualizaciones-kermes%2Fpasos-actualizar-kermes-plus-iv%2Factualizador%2F|title:Ir%20a%20la%20descarga%20del%20actualizador\u00bb][\/vc_column][\/vc_row][vc_row][vc_column][vc_empty_space][\/vc_column][\/vc_row][vc_row][vc_column][vc_column_text]<\/p>\n<p style=\"text-align: center;\">Una vez realizados los pasos anteriores, el programa estar\u00e1 instalado en su PC y <strong>no tendr\u00e1 que descargarlo nuevamente<\/strong> cuando quiera actualizar su Kermes Plus IV. \u00danicamente deber\u00e1 ejecutar el programa desde su PC para actualizar la base de datos con la versi\u00f3n m\u00e1s reciente. Recuerde darse de alta como usuario para recibir avisos por correo electr\u00f3nico cuando haya una actualizaci\u00f3n disponible.<\/p>\n<p>[\/vc_column_text][vc_empty_space][\/vc_column][\/vc_row][vc_row][vc_column][vc_message message_box_color=\u00bbturquoise\u00bb icon_fontawesome=\u00bbfas fa-chalkboard-teacher\u00bb]<\/p>\n<p style=\"text-align: center;\">Aqui tiene disponible las <strong>instrucciones de uso<\/strong> del Kermes Plus IV<\/p>\n<p>[\/vc_message][\/vc_column][\/vc_row][vc_row][vc_column][vc_single_image image=\u00bb4864&#8243; img_size=\u00bb188&#215;71&#8243; alignment=\u00bbcenter\u00bb onclick=\u00bbcustom_link\u00bb img_link_target=\u00bb_blank\u00bb link=\u00bbhttp:\/\/www.kermesgps.com\/esp\/descargas\/KIV\/Instrucciones Kermes Plus IV.pdf\u00bb][\/vc_column][\/vc_row][vc_row][vc_column][vc_message css=\u00bb\u00bb]Para saber como <strong>BORRAR POSICIONES DE USUARIO SELECCIONADAS<\/strong> pulse <span style=\"color: #ff6600;\"><strong><a style=\"color: #ff6600;\" href=\"https:\/\/www.kermesgps.com\/esp\/asistencia\/\">AQU\u00cd<\/a><\/strong><\/span> y seleccione Kermes Plus IV -&gt; Borrar posiciones de usuario.[\/vc_message][\/vc_column][\/vc_row]<\/p>\n<\/div>","protected":false},"excerpt":{"rendered":"<p>[vc_row][vc_column][vc_message message_box_color=\u00bbgreen\u00bb icon_fontawesome=\u00bb\u00bb css=\u00bb\u00bb] VERSI\u00d3N de la base de datos disponible 7043 \u2013 17 ABRIL 2026 [\/vc_message][\/vc_column][vc_column][\/vc_column][\/vc_row][vc_row][vc_column][vc_btn title=\u00bb\u00bfQuiere aportar datos?\u00bb color=\u00bbsuccess\u00bb align=\u00bbcenter\u00bb i_icon_fontawesome=\u00bbfas fa-life-ring\u00bb add_icon=\u00bbtrue\u00bb link=\u00bburl:https%3A%2F%2Fwww.kermesgps.com%2Fesp%2Faporte-de-datos%2F|title:Aporte%20de%20datos\u00bb][\/vc_column][\/vc_row][vc_row][vc_column][vc_column_text css=\u00bb\u00bb] Siga los pasos siguientes: [\/vc_column_text][vc_empty_space][\/vc_column][\/vc_row][vc_row][vc_column][vc_message message_box_color=\u00bbturquoise\u00bb icon_fontawesome=\u00bbfas fa-power-off\u00bb] Si es la primera vez que lo actualiza o ha cambiado de ordenador, acceda al apartado \u201cprimeros pasos\u201d. [\/vc_message][\/vc_column][\/vc_row][vc_row][vc_column][vc_btn title=\u00bbPrimeros [&hellip;]<\/p>\n","protected":false},"author":2,"featured_media":0,"parent":3514,"menu_order":0,"comment_status":"closed","ping_status":"closed","template":"","meta":{"footnotes":""},"class_list":["post-3530","page","type-page","status-publish","hentry"],"yoast_head":"<!-- This site is optimized with the Yoast SEO plugin v27.5 - https:\/\/yoast.com\/product\/yoast-seo-wordpress\/ -->\n<title>Pasos para actualizar Kermes Plus IV<\/title>\n<meta name=\"description\" content=\"Descargue el actualizador para Kermes Plus IV. Solo tiene que instalarlo la primera vez y usarlo siempre que quiera actualizar.\" \/>\n<meta name=\"robots\" content=\"index, follow, max-snippet:-1, max-image-preview:large, max-video-preview:-1\" \/>\n<link rel=\"canonical\" href=\"https:\/\/www.kermesgps.com\/esp\/actualizaciones-kermes\/pasos-actualizar-kermes-plus-iv\/\" \/>\n<meta property=\"og:locale\" content=\"es_ES\" \/>\n<meta property=\"og:type\" content=\"article\" \/>\n<meta property=\"og:title\" content=\"Pasos para actualizar Kermes Plus IV\" \/>\n<meta property=\"og:description\" content=\"Descargue el actualizador para Kermes Plus IV. Solo tiene que instalarlo la primera vez y usarlo siempre que quiera actualizar.\" \/>\n<meta property=\"og:url\" content=\"https:\/\/www.kermesgps.com\/esp\/actualizaciones-kermes\/pasos-actualizar-kermes-plus-iv\/\" \/>\n<meta property=\"og:site_name\" content=\"Kermes GPS\" \/>\n<meta property=\"article:modified_time\" content=\"2026-04-17T07:38:08+00:00\" \/>\n<meta property=\"og:image\" content=\"https:\/\/www.kermesgps.com\/esp\/wp-content\/uploads\/2019\/01\/Logo-portada-negro.webp\" \/>\n\t<meta property=\"og:image:width\" content=\"300\" \/>\n\t<meta property=\"og:image:height\" content=\"86\" \/>\n\t<meta property=\"og:image:type\" content=\"image\/webp\" \/>\n<meta name=\"twitter:card\" content=\"summary_large_image\" \/>\n<meta name=\"twitter:label1\" content=\"Tiempo de lectura\" \/>\n\t<meta name=\"twitter:data1\" content=\"1 minuto\" \/>\n<script type=\"application\/ld+json\" class=\"yoast-schema-graph\">{\"@context\":\"https:\\\/\\\/schema.org\",\"@graph\":[{\"@type\":\"WebPage\",\"@id\":\"https:\\\/\\\/www.kermesgps.com\\\/esp\\\/actualizaciones-kermes\\\/pasos-actualizar-kermes-plus-iv\\\/\",\"url\":\"https:\\\/\\\/www.kermesgps.com\\\/esp\\\/actualizaciones-kermes\\\/pasos-actualizar-kermes-plus-iv\\\/\",\"name\":\"Pasos para actualizar Kermes Plus IV\",\"isPartOf\":{\"@id\":\"https:\\\/\\\/www.kermesgps.com\\\/esp\\\/#website\"},\"datePublished\":\"2022-05-25T10:11:09+00:00\",\"dateModified\":\"2026-04-17T07:38:08+00:00\",\"description\":\"Descargue el actualizador para Kermes Plus IV. Solo tiene que instalarlo la primera vez y usarlo siempre que quiera actualizar.\",\"breadcrumb\":{\"@id\":\"https:\\\/\\\/www.kermesgps.com\\\/esp\\\/actualizaciones-kermes\\\/pasos-actualizar-kermes-plus-iv\\\/#breadcrumb\"},\"inLanguage\":\"es\",\"potentialAction\":[{\"@type\":\"ReadAction\",\"target\":[\"https:\\\/\\\/www.kermesgps.com\\\/esp\\\/actualizaciones-kermes\\\/pasos-actualizar-kermes-plus-iv\\\/\"]}]},{\"@type\":\"BreadcrumbList\",\"@id\":\"https:\\\/\\\/www.kermesgps.com\\\/esp\\\/actualizaciones-kermes\\\/pasos-actualizar-kermes-plus-iv\\\/#breadcrumb\",\"itemListElement\":[{\"@type\":\"ListItem\",\"position\":1,\"name\":\"Portada\",\"item\":\"https:\\\/\\\/www.kermesgps.com\\\/esp\\\/\"},{\"@type\":\"ListItem\",\"position\":2,\"name\":\"Actualizaciones\",\"item\":\"https:\\\/\\\/www.kermesgps.com\\\/esp\\\/actualizaciones-kermes\\\/\"},{\"@type\":\"ListItem\",\"position\":3,\"name\":\"Pasos para actualizar Kermes Plus IV\"}]},{\"@type\":\"WebSite\",\"@id\":\"https:\\\/\\\/www.kermesgps.com\\\/esp\\\/#website\",\"url\":\"https:\\\/\\\/www.kermesgps.com\\\/esp\\\/\",\"name\":\"Kermes GPS\",\"description\":\"Avisadores de radar mediante GPS\",\"publisher\":{\"@id\":\"https:\\\/\\\/www.kermesgps.com\\\/esp\\\/#organization\"},\"alternateName\":\"Kermes GPS\",\"potentialAction\":[{\"@type\":\"SearchAction\",\"target\":{\"@type\":\"EntryPoint\",\"urlTemplate\":\"https:\\\/\\\/www.kermesgps.com\\\/esp\\\/?s={search_term_string}\"},\"query-input\":{\"@type\":\"PropertyValueSpecification\",\"valueRequired\":true,\"valueName\":\"search_term_string\"}}],\"inLanguage\":\"es\"},{\"@type\":\"Organization\",\"@id\":\"https:\\\/\\\/www.kermesgps.com\\\/esp\\\/#organization\",\"name\":\"Kermes GPS\",\"url\":\"https:\\\/\\\/www.kermesgps.com\\\/esp\\\/\",\"logo\":{\"@type\":\"ImageObject\",\"inLanguage\":\"es\",\"@id\":\"https:\\\/\\\/www.kermesgps.com\\\/esp\\\/#\\\/schema\\\/logo\\\/image\\\/\",\"url\":\"https:\\\/\\\/www.kermesgps.com\\\/esp\\\/wp-content\\\/uploads\\\/2022\\\/06\\\/Logo-Nuevo-WFinder-30.png\",\"contentUrl\":\"https:\\\/\\\/www.kermesgps.com\\\/esp\\\/wp-content\\\/uploads\\\/2022\\\/06\\\/Logo-Nuevo-WFinder-30.png\",\"width\":625,\"height\":214,\"caption\":\"Kermes GPS\"},\"image\":{\"@id\":\"https:\\\/\\\/www.kermesgps.com\\\/esp\\\/#\\\/schema\\\/logo\\\/image\\\/\"},\"sameAs\":[\"https:\\\/\\\/www.kermesgps.com\\\/esp\\\/actualizaciones\\\/kp4\\\/\",\"https:\\\/\\\/www.tiktok.com\\\/@wfinderpro\"]}]}<\/script>\n<!-- \/ Yoast SEO plugin. -->","yoast_head_json":{"title":"Pasos para actualizar Kermes Plus IV","description":"Descargue el actualizador para Kermes Plus IV. Solo tiene que instalarlo la primera vez y usarlo siempre que quiera actualizar.","robots":{"index":"index","follow":"follow","max-snippet":"max-snippet:-1","max-image-preview":"max-image-preview:large","max-video-preview":"max-video-preview:-1"},"canonical":"https:\/\/www.kermesgps.com\/esp\/actualizaciones-kermes\/pasos-actualizar-kermes-plus-iv\/","og_locale":"es_ES","og_type":"article","og_title":"Pasos para actualizar Kermes Plus IV","og_description":"Descargue el actualizador para Kermes Plus IV. Solo tiene que instalarlo la primera vez y usarlo siempre que quiera actualizar.","og_url":"https:\/\/www.kermesgps.com\/esp\/actualizaciones-kermes\/pasos-actualizar-kermes-plus-iv\/","og_site_name":"Kermes GPS","article_modified_time":"2026-04-17T07:38:08+00:00","og_image":[{"width":300,"height":86,"url":"https:\/\/www.kermesgps.com\/esp\/wp-content\/uploads\/2019\/01\/Logo-portada-negro.webp","type":"image\/webp"}],"twitter_card":"summary_large_image","twitter_misc":{"Tiempo de lectura":"1 minuto"},"schema":{"@context":"https:\/\/schema.org","@graph":[{"@type":"WebPage","@id":"https:\/\/www.kermesgps.com\/esp\/actualizaciones-kermes\/pasos-actualizar-kermes-plus-iv\/","url":"https:\/\/www.kermesgps.com\/esp\/actualizaciones-kermes\/pasos-actualizar-kermes-plus-iv\/","name":"Pasos para actualizar Kermes Plus IV","isPartOf":{"@id":"https:\/\/www.kermesgps.com\/esp\/#website"},"datePublished":"2022-05-25T10:11:09+00:00","dateModified":"2026-04-17T07:38:08+00:00","description":"Descargue el actualizador para Kermes Plus IV. Solo tiene que instalarlo la primera vez y usarlo siempre que quiera actualizar.","breadcrumb":{"@id":"https:\/\/www.kermesgps.com\/esp\/actualizaciones-kermes\/pasos-actualizar-kermes-plus-iv\/#breadcrumb"},"inLanguage":"es","potentialAction":[{"@type":"ReadAction","target":["https:\/\/www.kermesgps.com\/esp\/actualizaciones-kermes\/pasos-actualizar-kermes-plus-iv\/"]}]},{"@type":"BreadcrumbList","@id":"https:\/\/www.kermesgps.com\/esp\/actualizaciones-kermes\/pasos-actualizar-kermes-plus-iv\/#breadcrumb","itemListElement":[{"@type":"ListItem","position":1,"name":"Portada","item":"https:\/\/www.kermesgps.com\/esp\/"},{"@type":"ListItem","position":2,"name":"Actualizaciones","item":"https:\/\/www.kermesgps.com\/esp\/actualizaciones-kermes\/"},{"@type":"ListItem","position":3,"name":"Pasos para actualizar Kermes Plus IV"}]},{"@type":"WebSite","@id":"https:\/\/www.kermesgps.com\/esp\/#website","url":"https:\/\/www.kermesgps.com\/esp\/","name":"Kermes GPS","description":"Avisadores de radar mediante GPS","publisher":{"@id":"https:\/\/www.kermesgps.com\/esp\/#organization"},"alternateName":"Kermes GPS","potentialAction":[{"@type":"SearchAction","target":{"@type":"EntryPoint","urlTemplate":"https:\/\/www.kermesgps.com\/esp\/?s={search_term_string}"},"query-input":{"@type":"PropertyValueSpecification","valueRequired":true,"valueName":"search_term_string"}}],"inLanguage":"es"},{"@type":"Organization","@id":"https:\/\/www.kermesgps.com\/esp\/#organization","name":"Kermes GPS","url":"https:\/\/www.kermesgps.com\/esp\/","logo":{"@type":"ImageObject","inLanguage":"es","@id":"https:\/\/www.kermesgps.com\/esp\/#\/schema\/logo\/image\/","url":"https:\/\/www.kermesgps.com\/esp\/wp-content\/uploads\/2022\/06\/Logo-Nuevo-WFinder-30.png","contentUrl":"https:\/\/www.kermesgps.com\/esp\/wp-content\/uploads\/2022\/06\/Logo-Nuevo-WFinder-30.png","width":625,"height":214,"caption":"Kermes GPS"},"image":{"@id":"https:\/\/www.kermesgps.com\/esp\/#\/schema\/logo\/image\/"},"sameAs":["https:\/\/www.kermesgps.com\/esp\/actualizaciones\/kp4\/","https:\/\/www.tiktok.com\/@wfinderpro"]}]}},"_links":{"self":[{"href":"https:\/\/www.kermesgps.com\/esp\/wp-json\/wp\/v2\/pages\/3530","targetHints":{"allow":["GET"]}}],"collection":[{"href":"https:\/\/www.kermesgps.com\/esp\/wp-json\/wp\/v2\/pages"}],"about":[{"href":"https:\/\/www.kermesgps.com\/esp\/wp-json\/wp\/v2\/types\/page"}],"author":[{"embeddable":true,"href":"https:\/\/www.kermesgps.com\/esp\/wp-json\/wp\/v2\/users\/2"}],"replies":[{"embeddable":true,"href":"https:\/\/www.kermesgps.com\/esp\/wp-json\/wp\/v2\/comments?post=3530"}],"version-history":[{"count":27,"href":"https:\/\/www.kermesgps.com\/esp\/wp-json\/wp\/v2\/pages\/3530\/revisions"}],"predecessor-version":[{"id":5799,"href":"https:\/\/www.kermesgps.com\/esp\/wp-json\/wp\/v2\/pages\/3530\/revisions\/5799"}],"up":[{"embeddable":true,"href":"https:\/\/www.kermesgps.com\/esp\/wp-json\/wp\/v2\/pages\/3514"}],"wp:attachment":[{"href":"https:\/\/www.kermesgps.com\/esp\/wp-json\/wp\/v2\/media?parent=3530"}],"curies":[{"name":"wp","href":"https:\/\/api.w.org\/{rel}","templated":true}]}}