{"id":3539,"date":"2022-05-25T12:47:26","date_gmt":"2022-05-25T10:47:26","guid":{"rendered":"https:\/\/www.kermesgps.com\/esp\/?page_id=3539"},"modified":"2025-01-24T11:41:05","modified_gmt":"2025-01-24T09:41:05","slug":"actualizador","status":"publish","type":"page","link":"https:\/\/www.kermesgps.com\/esp\/actualizaciones-kermes\/pasos-actualizar-kermes-plus-iv\/actualizador\/","title":{"rendered":"Actualizador Kermes Plus IV"},"content":{"rendered":"<div class=\"wpb-content-wrapper\"><p>[vc_row][vc_column][vc_message message_box_color=\u00bbpink\u00bb icon_fontawesome=\u00bbfas fa-exclamation-triangle\u00bb]<\/p>\n<p style=\"text-align: center;\">Antes de comenzar a actualizar su <strong>KERMES PLUS IV<\/strong>, lea atentamente las instrucciones indicadas a continuaci\u00f3n:<\/p>\n<p>[\/vc_message][vc_empty_space][\/vc_column][\/vc_row][vc_row][vc_column][vc_column_text]<\/p>\n<h2 style=\"text-align: center;\"><b>\u00a0INSTALACI\u00d3N DEL PROGRAMA DE ACTUALIZACI\u00d3N<\/b><\/h2>\n<p>[\/vc_column_text][vc_empty_space][vc_message message_box_color=\u00bbturquoise\u00bb]El programa de actualizaci\u00f3n <span style=\"text-decoration: underline;\"><strong>DEBE INSTALARSE UNA \u00daNICA VEZ\u00a0 Y NO BORRARSE<\/strong><\/span>. Cada vez que necesite actualizar su Kermes Plus IV, debe ejecutar dicho programa que ya tendr\u00e1 en su ordenador, y actualizar\u00e1 autom\u00e1ticamente su dispositivo con la \u00faltima versi\u00f3n de la base de datos que est\u00e9 disponible.[\/vc_message][vc_column_text]<\/p>\n<ul>\n<li>Para su instalaci\u00f3n, <strong>descargue el archivo comprimido<\/strong> \u00abKERMES PLUS IV MULTI\u00bb (compuesto de los archivos <i>\u201cKERMESPLUS_Multi.exe\u201d\u00a0 <\/i>y\u00a0 <i>\u201cKERMESPLUS_Multi.exe.config\u201d<\/i> ) al disco duro de su ordenador, desde el enlace situado <strong>pulsando<\/strong> en el bot\u00f3n \u00ab<strong>Descargar actualizador para Kermes Plus IV<\/strong>\u00ab.<\/li>\n<\/ul>\n<p>&nbsp;<\/p>\n<ul>\n<li>Puede descargarlos directamente <strong>en el escritorio<\/strong> de su PC o crear una carpeta en el directorio que desee e <strong>introducir ambos archivos<\/strong> dentro de \u00e9sta. La condici\u00f3n indispensable para un correcto funcionamiento del programa de actualizaci\u00f3n es que <strong>ambos archivos se encuentren en el mismo directorio o carpeta<\/strong>. Puede descargar el programa para descomprimirlo pulsando<strong>\u00a0<span style=\"color: #ff6600;\"><a style=\"color: #ff6600;\" title=\"WinRar\" href=\"https:\/\/www.winrar.es\/descargas\" target=\"_blank\" rel=\"noopener\">AQU\u00cd<\/a> <\/span><\/strong>y ejecutar el archivo con \u00e9l. (Seleccione \u00abdescarga recomendada\u00bb)<\/li>\n<\/ul>\n<p><strong>\u00a0<\/strong>[\/vc_column_text][\/vc_column][\/vc_row][vc_row][vc_column][vc_empty_space][vc_btn title=\u00bbDescargar actualizador Multi para Kermes Plus IV\u00bb style=\u00bboutline\u00bb color=\u00bbturquoise\u00bb size=\u00bblg\u00bb align=\u00bbcenter\u00bb i_icon_fontawesome=\u00bbfas fa-file-archive\u00bb css=\u00bb\u00bb add_icon=\u00bbtrue\u00bb link=\u00bburl:https%3A%2F%2Fwww.kermesgps.com%2Fesp%2Fdescargas%2FKIV%2FKERMES%20PLUS%20IV%20MULTI.rar|title:Descargar%20archivo%20comprimido\u00bb][vc_empty_space][\/vc_column][\/vc_row][vc_row][vc_column][vc_column_text css=\u00bb\u00bb]<\/p>\n<p style=\"text-align: center;\"><img loading=\"lazy\" decoding=\"async\" class=\"aligncenter wp-image-5518\" src=\"https:\/\/www.kermesgps.com\/esp\/wp-content\/uploads\/2025\/01\/chrome_logo.png\" alt=\"\" width=\"30\" height=\"30\" srcset=\"https:\/\/www.kermesgps.com\/esp\/wp-content\/uploads\/2025\/01\/chrome_logo.png 2000w, https:\/\/www.kermesgps.com\/esp\/wp-content\/uploads\/2025\/01\/chrome_logo-300x300.png 300w, https:\/\/www.kermesgps.com\/esp\/wp-content\/uploads\/2025\/01\/chrome_logo-1024x1024.png 1024w, https:\/\/www.kermesgps.com\/esp\/wp-content\/uploads\/2025\/01\/chrome_logo-150x150.png 150w, https:\/\/www.kermesgps.com\/esp\/wp-content\/uploads\/2025\/01\/chrome_logo-768x768.png 768w, https:\/\/www.kermesgps.com\/esp\/wp-content\/uploads\/2025\/01\/chrome_logo-1536x1536.png 1536w, https:\/\/www.kermesgps.com\/esp\/wp-content\/uploads\/2025\/01\/chrome_logo-600x600.png 600w\" sizes=\"auto, (max-width: 30px) 100vw, 30px\" \/><a href=\"https:\/\/www.kermesgps.com\/esp\/actualizaciones-kermes\/pasos-actualizar-kermes-plus-iv\/actualizador\/ayuda-descargas\/#1653488766498-0a1e6606-82e5\" target=\"_blank\" rel=\"noopener\"><span style=\"color: #ff6600;\"><span style=\"font-size: 12px;\">\u00bfPROBLEMAS AL DESCARGARLO EN GOOGLE CHORME?, PULSE AQUI<\/span>.<\/span><\/a><\/p>\n<ul>\n<li>Para actualizar su Kermes Plus IV, primero debe asegurarse de haber instalado previamente el <a href=\"https:\/\/www.kermesgps.com\/esp\/actualizaciones\/kp4\/driver\/\"><strong><span style=\"color: #ff6600;\">driver<\/span> <span style=\"color: #ff6600;\">correspondiente<\/span><\/strong><\/a> a su sistema operativo. A continuaci\u00f3n conecte el cable en dotaci\u00f3n\u00a0 introduciendo <strong>primero<\/strong> la toma al <strong>avisador<\/strong>, <strong>posteriormente<\/strong> la toma de <strong>USB<\/strong> (no olvide que el <strong>uso de otro cable podr\u00eda da\u00f1ar el equipo<\/strong>, perdiendo la garant\u00eda).<\/li>\n<\/ul>\n<p>&nbsp;<\/p>\n<ul>\n<li>Una vez conectado, aparecer\u00e1 en la pantalla de su Kermes Plus IV el mensaje <i>\u201c<strong>PC<\/strong>\u201d<\/i>\u00a0y escuchar\u00e1 el mensaje\u00a0<i>\u201c<strong>modo actualizaci\u00f3n de la base de datos<\/strong>\u201d.<\/i>\u00a0En este momento, puede ejecutar el archivo\u00a0<i>\u201cKERMESPLUS_Multi.exe\u201d<\/i> para abrir el programa de actualizaci\u00f3n. Cada vez que abra dicho programa, \u00e9ste se conectar\u00e1 con nuestros servidores y al hacer <i>click<\/i>\u00a0en el bot\u00f3n\u00a0<i>\u201c<strong>Actualizar<\/strong>\u201d<\/i>, descargar\u00e1 la \u00faltima actualizaci\u00f3n disponible.<\/li>\n<\/ul>\n<p>&nbsp;<\/p>\n<ul>\n<li>En este punto es posible que su antivirus o firewall pidan permiso para ejecutar el programa o para que \u00e9ste se conecte a internet. Debe autorizar su uso para poder finalizar el proceso.<\/li>\n<\/ul>\n<p>&nbsp;<\/p>\n<ul>\n<li>Tanto en la pantalla de su Kermes Plus IV como en la parte inferior del programa de actualizaci\u00f3n podr\u00e1 seguir el proceso de actualizaci\u00f3n. Una vez finalizado, en la pantalla de su Kermes Plus IV volver\u00e1 a aparecer el mensaje\u00a0<i>\u201cPC\u201d<\/i>\u00a0y volver\u00e1 a escuchar el mensaje\u00a0<i>\u201cmodo actualizaci\u00f3n de la base de datos\u201d<\/i>. Adem\u00e1s, en la parte inferior del programa de actualizaci\u00f3n aparecer\u00e1 el mensaje<i>\u00a0\u201cLa actualizaci\u00f3n del dispositivo se ha completado con \u00e9xito\u201d.<\/i><\/li>\n<\/ul>\n<p>&nbsp;<\/p>\n<ul>\n<li><i><\/i>Ya puede <strong>desconectar<\/strong> su Kermes Plus IV y disfrutar de una nueva actualizaci\u00f3n.<\/li>\n<\/ul>\n<p>&nbsp;<\/p>\n<p>&nbsp;[\/vc_column_text][\/vc_column][\/vc_row][vc_row][vc_column][vc_empty_space][vc_message color=\u00bbsuccess\u00bb message_box_color=\u00bbsuccess\u00bb icon_fontawesome=\u00bbfas fa-check\u00bb]Para saber si est\u00e1 bien actualizado, los 4 n\u00fameros que aparecen el la pantalla al encender el avisador, durante unos segundos, deben coincidir con lo n\u00fameros indicados en \u00abVersi\u00f3n de la Base de datos disponible\u00bb.[\/vc_message][\/vc_column][\/vc_row][vc_row][vc_column width=\u00bb1\/4&#8243;][\/vc_column][vc_column width=\u00bb1\/2&#8243;][vc_message color=\u00bbdanger\u00bb message_box_color=\u00bbdanger\u00bb icon_fontawesome=\u00bbfas fa-times\u00bb]\u00bfProblemas con la descarga?. Nosotros le ayudamos.[\/vc_message][vc_btn title=\u00bbSoluci\u00f3n a los problemas de descarga\u00bb style=\u00bboutline\u00bb color=\u00bbturquoise\u00bb size=\u00bblg\u00bb align=\u00bbcenter\u00bb i_icon_fontawesome=\u00bbfas fa-life-ring\u00bb add_icon=\u00bbtrue\u00bb link=\u00bburl:https%3A%2F%2Fwww.kermesgps.com%2Fesp%2Factualizaciones-kermes%2Fpasos-actualizar-kermes-plus-iv%2Factualizador%2Fayuda-descargas%2F|title:Descargar%20archivo%20comprimido\u00bb][\/vc_column][vc_column width=\u00bb1\/4&#8243;][\/vc_column][\/vc_row]<\/p>\n<\/div>","protected":false},"excerpt":{"rendered":"<p>[vc_row][vc_column][vc_message message_box_color=\u00bbpink\u00bb icon_fontawesome=\u00bbfas fa-exclamation-triangle\u00bb] Antes de comenzar a actualizar su KERMES PLUS IV, lea atentamente las instrucciones indicadas a continuaci\u00f3n: [\/vc_message][vc_empty_space][\/vc_column][\/vc_row][vc_row][vc_column][vc_column_text] \u00a0INSTALACI\u00d3N DEL PROGRAMA DE ACTUALIZACI\u00d3N [\/vc_column_text][vc_empty_space][vc_message message_box_color=\u00bbturquoise\u00bb]El programa de actualizaci\u00f3n DEBE INSTALARSE UNA \u00daNICA VEZ\u00a0 Y NO BORRARSE. Cada vez que necesite actualizar su Kermes Plus IV, debe ejecutar dicho programa que ya tendr\u00e1 [&hellip;]<\/p>\n","protected":false},"author":2,"featured_media":0,"parent":3530,"menu_order":0,"comment_status":"closed","ping_status":"closed","template":"","meta":{"footnotes":""},"class_list":["post-3539","page","type-page","status-publish","hentry"],"yoast_head":"<!-- This site is optimized with the Yoast SEO plugin v27.5 - https:\/\/yoast.com\/product\/yoast-seo-wordpress\/ -->\n<title>Actualizador Kermes Plus IV - Kermes GPS<\/title>\n<meta name=\"robots\" content=\"index, follow, max-snippet:-1, max-image-preview:large, max-video-preview:-1\" \/>\n<link rel=\"canonical\" href=\"https:\/\/www.kermesgps.com\/esp\/actualizaciones-kermes\/pasos-actualizar-kermes-plus-iv\/actualizador\/\" \/>\n<meta property=\"og:locale\" content=\"es_ES\" \/>\n<meta property=\"og:type\" content=\"article\" \/>\n<meta property=\"og:title\" content=\"Actualizador Kermes Plus IV - Kermes GPS\" \/>\n<meta property=\"og:description\" content=\"[vc_row][vc_column][vc_message message_box_color=\u00bbpink\u00bb icon_fontawesome=\u00bbfas fa-exclamation-triangle\u00bb] Antes de comenzar a actualizar su KERMES PLUS IV, lea atentamente las instrucciones indicadas a continuaci\u00f3n: [\/vc_message][vc_empty_space][\/vc_column][\/vc_row][vc_row][vc_column][vc_column_text] \u00a0INSTALACI\u00d3N DEL PROGRAMA DE ACTUALIZACI\u00d3N [\/vc_column_text][vc_empty_space][vc_message message_box_color=\u00bbturquoise\u00bb]El programa de actualizaci\u00f3n DEBE INSTALARSE UNA \u00daNICA VEZ\u00a0 Y NO BORRARSE. Cada vez que necesite actualizar su Kermes Plus IV, debe ejecutar dicho programa que ya tendr\u00e1 [&hellip;]\" \/>\n<meta property=\"og:url\" content=\"https:\/\/www.kermesgps.com\/esp\/actualizaciones-kermes\/pasos-actualizar-kermes-plus-iv\/actualizador\/\" \/>\n<meta property=\"og:site_name\" content=\"Kermes GPS\" \/>\n<meta property=\"article:modified_time\" content=\"2025-01-24T09:41:05+00:00\" \/>\n<meta property=\"og:image\" content=\"https:\/\/www.kermesgps.com\/esp\/wp-content\/uploads\/2025\/01\/chrome_logo.png\" \/>\n\t<meta property=\"og:image:width\" content=\"2000\" \/>\n\t<meta property=\"og:image:height\" content=\"2000\" \/>\n\t<meta property=\"og:image:type\" content=\"image\/png\" \/>\n<meta name=\"twitter:card\" content=\"summary_large_image\" \/>\n<meta name=\"twitter:label1\" content=\"Tiempo de lectura\" \/>\n\t<meta name=\"twitter:data1\" content=\"3 minutos\" \/>\n<script type=\"application\/ld+json\" class=\"yoast-schema-graph\">{\"@context\":\"https:\\\/\\\/schema.org\",\"@graph\":[{\"@type\":\"WebPage\",\"@id\":\"https:\\\/\\\/www.kermesgps.com\\\/esp\\\/actualizaciones-kermes\\\/pasos-actualizar-kermes-plus-iv\\\/actualizador\\\/\",\"url\":\"https:\\\/\\\/www.kermesgps.com\\\/esp\\\/actualizaciones-kermes\\\/pasos-actualizar-kermes-plus-iv\\\/actualizador\\\/\",\"name\":\"Actualizador Kermes Plus IV - Kermes GPS\",\"isPartOf\":{\"@id\":\"https:\\\/\\\/www.kermesgps.com\\\/esp\\\/#website\"},\"primaryImageOfPage\":{\"@id\":\"https:\\\/\\\/www.kermesgps.com\\\/esp\\\/actualizaciones-kermes\\\/pasos-actualizar-kermes-plus-iv\\\/actualizador\\\/#primaryimage\"},\"image\":{\"@id\":\"https:\\\/\\\/www.kermesgps.com\\\/esp\\\/actualizaciones-kermes\\\/pasos-actualizar-kermes-plus-iv\\\/actualizador\\\/#primaryimage\"},\"thumbnailUrl\":\"https:\\\/\\\/www.kermesgps.com\\\/esp\\\/wp-content\\\/uploads\\\/2025\\\/01\\\/chrome_logo.png\",\"datePublished\":\"2022-05-25T10:47:26+00:00\",\"dateModified\":\"2025-01-24T09:41:05+00:00\",\"breadcrumb\":{\"@id\":\"https:\\\/\\\/www.kermesgps.com\\\/esp\\\/actualizaciones-kermes\\\/pasos-actualizar-kermes-plus-iv\\\/actualizador\\\/#breadcrumb\"},\"inLanguage\":\"es\",\"potentialAction\":[{\"@type\":\"ReadAction\",\"target\":[\"https:\\\/\\\/www.kermesgps.com\\\/esp\\\/actualizaciones-kermes\\\/pasos-actualizar-kermes-plus-iv\\\/actualizador\\\/\"]}]},{\"@type\":\"ImageObject\",\"inLanguage\":\"es\",\"@id\":\"https:\\\/\\\/www.kermesgps.com\\\/esp\\\/actualizaciones-kermes\\\/pasos-actualizar-kermes-plus-iv\\\/actualizador\\\/#primaryimage\",\"url\":\"https:\\\/\\\/www.kermesgps.com\\\/esp\\\/wp-content\\\/uploads\\\/2025\\\/01\\\/chrome_logo.png\",\"contentUrl\":\"https:\\\/\\\/www.kermesgps.com\\\/esp\\\/wp-content\\\/uploads\\\/2025\\\/01\\\/chrome_logo.png\",\"width\":2000,\"height\":2000},{\"@type\":\"BreadcrumbList\",\"@id\":\"https:\\\/\\\/www.kermesgps.com\\\/esp\\\/actualizaciones-kermes\\\/pasos-actualizar-kermes-plus-iv\\\/actualizador\\\/#breadcrumb\",\"itemListElement\":[{\"@type\":\"ListItem\",\"position\":1,\"name\":\"Portada\",\"item\":\"https:\\\/\\\/www.kermesgps.com\\\/esp\\\/\"},{\"@type\":\"ListItem\",\"position\":2,\"name\":\"Actualizaciones\",\"item\":\"https:\\\/\\\/www.kermesgps.com\\\/esp\\\/actualizaciones-kermes\\\/\"},{\"@type\":\"ListItem\",\"position\":3,\"name\":\"Pasos para actualizar Kermes Plus IV\",\"item\":\"https:\\\/\\\/www.kermesgps.com\\\/esp\\\/actualizaciones-kermes\\\/pasos-actualizar-kermes-plus-iv\\\/\"},{\"@type\":\"ListItem\",\"position\":4,\"name\":\"Actualizador Kermes Plus IV\"}]},{\"@type\":\"WebSite\",\"@id\":\"https:\\\/\\\/www.kermesgps.com\\\/esp\\\/#website\",\"url\":\"https:\\\/\\\/www.kermesgps.com\\\/esp\\\/\",\"name\":\"Kermes GPS\",\"description\":\"Avisadores de radar mediante GPS\",\"publisher\":{\"@id\":\"https:\\\/\\\/www.kermesgps.com\\\/esp\\\/#organization\"},\"alternateName\":\"Kermes GPS\",\"potentialAction\":[{\"@type\":\"SearchAction\",\"target\":{\"@type\":\"EntryPoint\",\"urlTemplate\":\"https:\\\/\\\/www.kermesgps.com\\\/esp\\\/?s={search_term_string}\"},\"query-input\":{\"@type\":\"PropertyValueSpecification\",\"valueRequired\":true,\"valueName\":\"search_term_string\"}}],\"inLanguage\":\"es\"},{\"@type\":\"Organization\",\"@id\":\"https:\\\/\\\/www.kermesgps.com\\\/esp\\\/#organization\",\"name\":\"Kermes GPS\",\"url\":\"https:\\\/\\\/www.kermesgps.com\\\/esp\\\/\",\"logo\":{\"@type\":\"ImageObject\",\"inLanguage\":\"es\",\"@id\":\"https:\\\/\\\/www.kermesgps.com\\\/esp\\\/#\\\/schema\\\/logo\\\/image\\\/\",\"url\":\"https:\\\/\\\/www.kermesgps.com\\\/esp\\\/wp-content\\\/uploads\\\/2022\\\/06\\\/Logo-Nuevo-WFinder-30.png\",\"contentUrl\":\"https:\\\/\\\/www.kermesgps.com\\\/esp\\\/wp-content\\\/uploads\\\/2022\\\/06\\\/Logo-Nuevo-WFinder-30.png\",\"width\":625,\"height\":214,\"caption\":\"Kermes GPS\"},\"image\":{\"@id\":\"https:\\\/\\\/www.kermesgps.com\\\/esp\\\/#\\\/schema\\\/logo\\\/image\\\/\"},\"sameAs\":[\"https:\\\/\\\/www.kermesgps.com\\\/esp\\\/actualizaciones\\\/kp4\\\/\",\"https:\\\/\\\/www.tiktok.com\\\/@wfinderpro\"]}]}<\/script>\n<!-- \/ Yoast SEO plugin. -->","yoast_head_json":{"title":"Actualizador Kermes Plus IV - Kermes GPS","robots":{"index":"index","follow":"follow","max-snippet":"max-snippet:-1","max-image-preview":"max-image-preview:large","max-video-preview":"max-video-preview:-1"},"canonical":"https:\/\/www.kermesgps.com\/esp\/actualizaciones-kermes\/pasos-actualizar-kermes-plus-iv\/actualizador\/","og_locale":"es_ES","og_type":"article","og_title":"Actualizador Kermes Plus IV - Kermes GPS","og_description":"[vc_row][vc_column][vc_message message_box_color=\u00bbpink\u00bb icon_fontawesome=\u00bbfas fa-exclamation-triangle\u00bb] Antes de comenzar a actualizar su KERMES PLUS IV, lea atentamente las instrucciones indicadas a continuaci\u00f3n: [\/vc_message][vc_empty_space][\/vc_column][\/vc_row][vc_row][vc_column][vc_column_text] \u00a0INSTALACI\u00d3N DEL PROGRAMA DE ACTUALIZACI\u00d3N [\/vc_column_text][vc_empty_space][vc_message message_box_color=\u00bbturquoise\u00bb]El programa de actualizaci\u00f3n DEBE INSTALARSE UNA \u00daNICA VEZ\u00a0 Y NO BORRARSE. Cada vez que necesite actualizar su Kermes Plus IV, debe ejecutar dicho programa que ya tendr\u00e1 [&hellip;]","og_url":"https:\/\/www.kermesgps.com\/esp\/actualizaciones-kermes\/pasos-actualizar-kermes-plus-iv\/actualizador\/","og_site_name":"Kermes GPS","article_modified_time":"2025-01-24T09:41:05+00:00","og_image":[{"width":2000,"height":2000,"url":"https:\/\/www.kermesgps.com\/esp\/wp-content\/uploads\/2025\/01\/chrome_logo.png","type":"image\/png"}],"twitter_card":"summary_large_image","twitter_misc":{"Tiempo de lectura":"3 minutos"},"schema":{"@context":"https:\/\/schema.org","@graph":[{"@type":"WebPage","@id":"https:\/\/www.kermesgps.com\/esp\/actualizaciones-kermes\/pasos-actualizar-kermes-plus-iv\/actualizador\/","url":"https:\/\/www.kermesgps.com\/esp\/actualizaciones-kermes\/pasos-actualizar-kermes-plus-iv\/actualizador\/","name":"Actualizador Kermes Plus IV - Kermes GPS","isPartOf":{"@id":"https:\/\/www.kermesgps.com\/esp\/#website"},"primaryImageOfPage":{"@id":"https:\/\/www.kermesgps.com\/esp\/actualizaciones-kermes\/pasos-actualizar-kermes-plus-iv\/actualizador\/#primaryimage"},"image":{"@id":"https:\/\/www.kermesgps.com\/esp\/actualizaciones-kermes\/pasos-actualizar-kermes-plus-iv\/actualizador\/#primaryimage"},"thumbnailUrl":"https:\/\/www.kermesgps.com\/esp\/wp-content\/uploads\/2025\/01\/chrome_logo.png","datePublished":"2022-05-25T10:47:26+00:00","dateModified":"2025-01-24T09:41:05+00:00","breadcrumb":{"@id":"https:\/\/www.kermesgps.com\/esp\/actualizaciones-kermes\/pasos-actualizar-kermes-plus-iv\/actualizador\/#breadcrumb"},"inLanguage":"es","potentialAction":[{"@type":"ReadAction","target":["https:\/\/www.kermesgps.com\/esp\/actualizaciones-kermes\/pasos-actualizar-kermes-plus-iv\/actualizador\/"]}]},{"@type":"ImageObject","inLanguage":"es","@id":"https:\/\/www.kermesgps.com\/esp\/actualizaciones-kermes\/pasos-actualizar-kermes-plus-iv\/actualizador\/#primaryimage","url":"https:\/\/www.kermesgps.com\/esp\/wp-content\/uploads\/2025\/01\/chrome_logo.png","contentUrl":"https:\/\/www.kermesgps.com\/esp\/wp-content\/uploads\/2025\/01\/chrome_logo.png","width":2000,"height":2000},{"@type":"BreadcrumbList","@id":"https:\/\/www.kermesgps.com\/esp\/actualizaciones-kermes\/pasos-actualizar-kermes-plus-iv\/actualizador\/#breadcrumb","itemListElement":[{"@type":"ListItem","position":1,"name":"Portada","item":"https:\/\/www.kermesgps.com\/esp\/"},{"@type":"ListItem","position":2,"name":"Actualizaciones","item":"https:\/\/www.kermesgps.com\/esp\/actualizaciones-kermes\/"},{"@type":"ListItem","position":3,"name":"Pasos para actualizar Kermes Plus IV","item":"https:\/\/www.kermesgps.com\/esp\/actualizaciones-kermes\/pasos-actualizar-kermes-plus-iv\/"},{"@type":"ListItem","position":4,"name":"Actualizador Kermes Plus IV"}]},{"@type":"WebSite","@id":"https:\/\/www.kermesgps.com\/esp\/#website","url":"https:\/\/www.kermesgps.com\/esp\/","name":"Kermes GPS","description":"Avisadores de radar mediante GPS","publisher":{"@id":"https:\/\/www.kermesgps.com\/esp\/#organization"},"alternateName":"Kermes GPS","potentialAction":[{"@type":"SearchAction","target":{"@type":"EntryPoint","urlTemplate":"https:\/\/www.kermesgps.com\/esp\/?s={search_term_string}"},"query-input":{"@type":"PropertyValueSpecification","valueRequired":true,"valueName":"search_term_string"}}],"inLanguage":"es"},{"@type":"Organization","@id":"https:\/\/www.kermesgps.com\/esp\/#organization","name":"Kermes GPS","url":"https:\/\/www.kermesgps.com\/esp\/","logo":{"@type":"ImageObject","inLanguage":"es","@id":"https:\/\/www.kermesgps.com\/esp\/#\/schema\/logo\/image\/","url":"https:\/\/www.kermesgps.com\/esp\/wp-content\/uploads\/2022\/06\/Logo-Nuevo-WFinder-30.png","contentUrl":"https:\/\/www.kermesgps.com\/esp\/wp-content\/uploads\/2022\/06\/Logo-Nuevo-WFinder-30.png","width":625,"height":214,"caption":"Kermes GPS"},"image":{"@id":"https:\/\/www.kermesgps.com\/esp\/#\/schema\/logo\/image\/"},"sameAs":["https:\/\/www.kermesgps.com\/esp\/actualizaciones\/kp4\/","https:\/\/www.tiktok.com\/@wfinderpro"]}]}},"_links":{"self":[{"href":"https:\/\/www.kermesgps.com\/esp\/wp-json\/wp\/v2\/pages\/3539","targetHints":{"allow":["GET"]}}],"collection":[{"href":"https:\/\/www.kermesgps.com\/esp\/wp-json\/wp\/v2\/pages"}],"about":[{"href":"https:\/\/www.kermesgps.com\/esp\/wp-json\/wp\/v2\/types\/page"}],"author":[{"embeddable":true,"href":"https:\/\/www.kermesgps.com\/esp\/wp-json\/wp\/v2\/users\/2"}],"replies":[{"embeddable":true,"href":"https:\/\/www.kermesgps.com\/esp\/wp-json\/wp\/v2\/comments?post=3539"}],"version-history":[{"count":2,"href":"https:\/\/www.kermesgps.com\/esp\/wp-json\/wp\/v2\/pages\/3539\/revisions"}],"predecessor-version":[{"id":5519,"href":"https:\/\/www.kermesgps.com\/esp\/wp-json\/wp\/v2\/pages\/3539\/revisions\/5519"}],"up":[{"embeddable":true,"href":"https:\/\/www.kermesgps.com\/esp\/wp-json\/wp\/v2\/pages\/3530"}],"wp:attachment":[{"href":"https:\/\/www.kermesgps.com\/esp\/wp-json\/wp\/v2\/media?parent=3539"}],"curies":[{"name":"wp","href":"https:\/\/api.w.org\/{rel}","templated":true}]}}