{"id":3804,"date":"2022-06-16T18:04:12","date_gmt":"2022-06-16T16:04:12","guid":{"rendered":"https:\/\/www.kermesgps.com\/esp\/?page_id=3804"},"modified":"2022-10-04T09:38:30","modified_gmt":"2022-10-04T07:38:30","slug":"assistenza","status":"publish","type":"page","link":"https:\/\/www.kermesgps.com\/esp\/inizio\/assistenza\/","title":{"rendered":"Assistenza"},"content":{"rendered":"<div class=\"wpb-content-wrapper\"><p>[vc_row][vc_column][vc_empty_space][vc_column_text]<\/p>\n<h2 style=\"text-align: center;\"><span style=\"color: #008000; font-family: 'andale mono', monospace;\">Risoluzione di incidenti comuni<\/span><\/h2>\n<p>[\/vc_column_text][vc_empty_space][vc_column_text]<\/p>\n<p style=\"text-align: center;\"><span style=\"font-family: 'andale mono', monospace;\">Selezionate il vostro modello dalle seguenti schede<\/span><\/p>\n<p>[\/vc_column_text][vc_empty_space][\/vc_column][\/vc_row][vc_row][vc_column][vc_tta_tabs][vc_tta_section title=\u00bbKermes Plus IV\u00bb tab_id=\u00bb1653044494733-5ee85922-8317&#8243;][vc_toggle title=\u00bb\u00abKERMES PLUS ha smesso di funzionare\u00ab (Aggiornatore)\u00bb]<span style=\"font-family: 'andale mono', monospace;\">Il programma ha smesso di funzionare correttamente a causa di un problema. Windows chiuder\u00e0 il programma e notificher\u00e0 se c&#8217;\u00e8 una soluzione.<\/span><\/p>\n<p><span style=\"font-family: 'andale mono', monospace;\">Per risolvere questo problema, basta seguire questi semplici passaggi:<\/span><\/p>\n<p><span style=\"font-family: 'andale mono', monospace;\">1- Assicurarsi di aver scaricato <strong>i due file<\/strong> \u00abKERMES PLUS .exe\u00bb e \u00abKERMES PLUS.exe.config\u00bb <strong>nella stessa cartella<\/strong>.<\/span><br \/>\n<span style=\"font-family: 'andale mono', monospace;\">2- Se \u00e8 stato scaricato solo il file KERMES PLUS.exe, \u00e8 possibile scaricare il file KERMES PLUS.exe.config nella stessa cartella ed eseguire l&#8217;aggiornamento.<\/span><br \/>\n<span style=\"font-family: 'andale mono', monospace;\">3- Aggiornare il Kermes Plus IV come di consueto. Ricordiamo che questo file deve essere scaricato solo la prima volta, in quanto l&#8217;utilizzo di questo file comporta il download della versione pi\u00f9 recente del database.<\/span><\/p>\n<p><span style=\"font-family: 'andale mono', monospace;\">Video dimostrativo dell&#8217;installazione del driver di Windows 10 facendo clic sul seguente link <a title=\"Driver Kermes Plus IV\" href=\"https:\/\/youtu.be\/GikpW0gyXO4\" target=\"_blank\" rel=\"noopener noreferrer\">AQU\u00cd<\/a>.<\/span>[\/vc_toggle][vc_toggle title=\u00bb\u00abIl dispositivo USB NON \u00e8 stato riconosciuto\u00ab\u00bb]<span style=\"font-family: 'andale mono', monospace;\">Provare a collegare <strong>solo il cavo USB<\/strong> per Kermes Plus IV (<strong>senza collegare il Kermes<\/strong>). Se si verifica l&#8217;errore di mancato riconoscimento dell&#8217;USB, il cavo ha un problema e deve essere controllato.<\/span><\/p>\n<p><span style=\"font-family: 'andale mono', monospace;\">Si el cable no ha fallado, es posible que tenga instalado el driver o no est\u00e9 correctamente instalado. Pruebe a realizar una nueva instalaci\u00f3n del mismo, seleccionando el correcto para su sistema operativo.<\/span>[\/vc_toggle][vc_toggle title=\u00bb\u00abImpossibile eseguire il programma di aggiornamento\u00ab.\u00bb]<span style=\"font-family: 'andale mono', monospace;\">Se quando si scarica il file di aggiornamento, questo si apre in Word o in qualsiasi altro programma, \u00e8 possibile che non sia stato installato un programma per decomprimere il file. In questo caso fate clic <a title=\"WinRar\" href=\"https:\/\/www.winrar.es\/descargas\" target=\"_blank\" rel=\"noopener\">QU\u00cd<\/a> e otterrete una versione gratuita per ottenere i file necessari (dove \u00e8 scritto download consigliato).<br \/>\n<\/span>[\/vc_toggle][vc_toggle title=\u00bbLa barra di avanzamento si abbassa a met\u00e0 e viene visualizzato un errore\u00bb]<span style=\"font-family: 'andale mono', monospace;\">\u00c8 molto probabile che <strong>l&#8217;antivirus<\/strong> stia bloccando il processo. \u00c8 possibile <strong>disattivarlo<\/strong> <strong>durante l&#8217;aggiornamento<\/strong> e riattivarlo al termine (non c&#8217;\u00e8 alcun rischio nell&#8217;utilizzo del nostro file di aggiornamento).<\/span>[\/vc_toggle][vc_toggle title=\u00bbAppare \u00abInizializzazione del sistema\u00ab e non avanza.\u00bb]<span style=\"font-family: 'andale mono', monospace;\">Quando si avvia l&#8217;aggiornamento, verificare nella finestra del programma che appaia il messaggio \u00abInizializzazione del sistema\u00bb e che dopo 30 secondi non avanzi. In questo caso, scollegare l&#8217;USB e ricollegarla entro 1 secondo: l&#8217;aggiornamento dovrebbe continuare.<\/span>[\/vc_toggle][vc_toggle title=\u00bbI LED del display sono troppo luminosi\u00bb]<span style=\"font-family: 'andale mono', monospace;\">Se dopo l&#8217;aggiornamento del segnalatore entrambi i LED (verde e rosso) sono troppo luminosi, \u00e8 necessario ripetere il processo di aggiornamento, poich\u00e9 si \u00e8 verificato un errore durante il download.<\/span>[\/vc_toggle][vc_toggle title=\u00bbSono un utente MAC e sto riscontrando problemi nell&#8217;installazione di Virtual Box.\u00bb]<span style=\"font-family: 'andale mono', monospace;\"><strong>Accedere<\/strong> alla guida all&#8217;installazione facendo clic <strong>QUI<\/strong>. Si consigliano opzioni come <strong>Parallel<\/strong>, con le quali non si avranno problemi durante l&#8217;esecuzione degli aggiornamenti.<\/span>[\/vc_toggle][\/vc_tta_section][vc_tta_section title=\u00bbKermes Plus III\u00bb tab_id=\u00bb1653044494749-cbc63027-5695&#8243;][vc_toggle title=\u00bbLa barra del processo non avanza\u00bb]<span style=\"font-family: 'andale mono', monospace;\">Quando si avvia l&#8217;aggiornamento, la barra di avanzamento si avvia e si ferma al secondo riquadro senza avanzare, visualizzando uno dei seguenti errori in una finestra pop-up:<\/span><\/p>\n<ul>\n<li><span style=\"font-family: 'andale mono', monospace; color: #ff0000;\"><strong>Error desconocido (16) Target comunicaci\u00f3n failure.<\/strong><\/span><\/li>\n<li><span style=\"font-family: 'andale mono', monospace; color: #ff0000;\"><strong>Chiudere il programma collegato a un&#8217;altra porta e riprovare.<\/strong><\/span><\/li>\n<li><span style=\"font-family: 'andale mono', monospace; color: #ff0000;\"><strong>La porta seriale virtuale esiste. La porta seriale non pu\u00f2 essere aperta<\/strong>.<\/span><\/li>\n<\/ul>\n<p>A questo punto si ritiene che sia stato installato il driver del cavo USB (valido solo per il cavo USB singolo e NON per la versione del cavo con doppia presa per il computer) e che le condizioni del vostro PC siano ottimali per il normale funzionamento dei programmi (dato che questo malfunzionamento \u00e8 causato da Windows e NON dalle nostre apparecchiature, salvo rari casi di guasto del cavo). Se questo \u00e8 corretto, continuare con il punto seguente<span style=\"font-family: 'andale mono', monospace;\">.<\/span><br \/>\n<span style=\"font-family: 'andale mono', monospace;\">Fare clic sulla casella di ricerca e digitare <strong>\u00abgestione dispositivi\u00bb<\/strong>.<\/span><br \/>\n<span style=\"font-family: 'andale mono', monospace;\">Verificare che nella sezione \u00ab<strong>Altri dispositivi<\/strong>\u00bb non compaia un triangolo giallo con il testo Controller USB-Seriale D.<br \/>\nSe a questo punto compare un errore, \u00e8 necessario <strong>scollegare il cavo<\/strong> e disinstallare il driver:<\/span><br \/>\n<span style=\"font-family: 'andale mono', monospace;\">\u00a0\u00a0\u00a0\u00a0 a) <strong>Scollegare<\/strong> il cavo di aggiornamento e non ricollegarlo fino a quando non si riceve l&#8217;istruzione di farlo.<\/span><br \/>\n<span style=\"font-family: 'andale mono', monospace;\">\u00a0\u00a0\u00a0\u00a0 b) <strong>Eseguire<\/strong> il file di installazione del driver USB. A questo punto vi verr\u00e0 chiesto se volete disinstallarlo, e dovrete indicare di s\u00ec. <\/span><br \/>\n<span style=\"font-family: 'andale mono', monospace;\">\u00a0\u00a0\u00a0\u00a0 c) <strong>Riavviate<\/strong> il computer.<\/span><br \/>\n<span style=\"font-family: 'andale mono', monospace;\">\u00a0\u00a0\u00a0\u00a0 d) <strong>Eseguire<\/strong> nuovamente il file di installazione del driver USB.<\/span><br \/>\n<span style=\"font-family: 'andale mono', monospace;\">\u00a0\u00a0\u00a0\u00a0 e)\u00a0<\/span><span style=\"font-family: 'andale mono', monospace;\">Una volta terminato, collegare il cavo e attendere che il computer lo riconosca. A questo punto dovrebbe essere possibile effettuare l&#8217;aggiornamento.<br \/>\nSe il passo precedente non appare, dovrebbe apparire sotto \u00abPorte\u00bb (COM y LPT) la seguente linea:<\/span><br \/>\n<span style=\"font-family: 'andale mono', monospace;\">\u2022 \u201cProlific USB-to-Serial Comm Port (COMX)\u201d, dove X deve essere un numero, ovvero la porta da visualizzare o selezionare nell&#8217;aggiornamento della Kermes.<\/span><br \/>\n<span style=\"font-family: 'andale mono', monospace;\">Se dopo questi passaggi non appare correttamente, potrebbe esserci un guasto nel cavo o nell&#8217;apparecchiatura, che va quindi controllata.<\/span>[\/vc_toggle][vc_toggle title=\u00bbErrore sconosciuto (16) Target comunicaci\u00f3n failure\u00bb]<span style=\"font-family: andale mono, monospace;\">Accedere al primo punto indicato come \u00ab<strong>La barra del processo non avanza<\/strong>\u00ab.<\/span>[\/vc_toggle][vc_toggle title=\u00bbChiudere il programma collegato a un&#8217;altra porta e riprovare\u00bb]<span style=\"font-family: andale mono, monospace;\">Accedere al primo punto indicato come \u00ab<strong>La barra del processo non avanza<\/strong>\u00ab.<\/span>[\/vc_toggle][vc_toggle title=\u00bbLa porta seriale virtuale esiste. La porta seriale non pu\u00f2 essere aperta\u00bb]<span style=\"font-family: andale mono, monospace;\">La porta seriale virtuale esiste <strong>\u00abLa porta seriale non pu\u00f2 essere aperta\u00bb<\/strong>.<\/span>[\/vc_toggle][vc_toggle title=\u00bbLa spia rossa rimane accesa e non dice nulla (dopo l&#8217;aggiornamento)\u00bb]<span style=\"font-family: 'andale mono', monospace;\">\u00c8 molto probabile che l&#8217;<strong>aggiornamento<\/strong> appena eseguito <strong>non sia della versione corretta<\/strong>. Assicuratevi di aver riscaricato l&#8217;aggiornamento per la versione corrispondente aggiornando nuovamente il segnalatore.<\/span>[\/vc_toggle][vc_toggle title=\u00bbIl mio ANTIVIRUS mi dice che \u00e8 potenzialmente pericoloso o che ha dei virus\u00bb]<span style=\"font-family: 'andale mono', monospace;\">A causa di alcuni processi che necessitano del file per caricare l&#8217;aggiornamento nel browser, il sistema antivirus potrebbe fornire questo messaggio. \u00c8 possibile autorizzare il file o disattivare temporaneamente l&#8217;antivirus, poich\u00e9 l&#8217;utilizzo dei nostri aggiornamenti non comporta alcun pericolo.<\/span>[\/vc_toggle][vc_toggle title=\u00bbArgomento non valido\u00bb]<span style=\"font-family: 'andale mono', monospace;\">Para solucionar esta incidencia solo tiene que seguir unos sencillos pasos.<\/span><\/p>\n<p><span style=\"font-family: 'andale mono', monospace;\">1- <strong>Eliminare<\/strong> il file di aggiornamento scaricato (se non si ricorda dove si trova, accedere ai download del browser).<\/span><br \/>\n<span style=\"font-family: 'andale mono', monospace;\">2- <strong>Riavviare<\/strong> il computer spegnendolo completamente (passo importante per cancellare la memoria di download)..<\/span><br \/>\n<span style=\"font-family: 'andale mono', monospace;\">3- <strong>Ripetere<\/strong> il download (si consiglia di \u00abSalvare con nome\u00bb e scaricare in un&#8217;altra posizione), eseguendolo nuovamente.<\/span>[\/vc_toggle][vc_toggle title=\u00bbLa barra di avanzamento si abbassa a met\u00e0 e viene visualizzato un errore\u00bb]<span style=\"font-family: 'andale mono', monospace;\">\u00c8 molto probabile che l&#8217;antivirus stia bloccando il processo. Potete disattivarlo durante l&#8217;aggiornamento, ricordandovi di riattivarlo alla fine (non c&#8217;\u00e8 alcun rischio nell&#8217;utilizzare il nostro file di aggiornamento).<\/span>[\/vc_toggle][\/vc_tta_section][\/vc_tta_tabs][\/vc_column][\/vc_row][vc_row][vc_column][vc_empty_space][vc_column_text]<\/p>\n<p style=\"text-align: center;\">Se non riuscite a trovare la soluzione al vostro problema, fate clic sul pulsante per registrarvi e un <strong>tecnico vi aiuter\u00e0 a risolverlo<\/strong>.<\/p>\n<p>[\/vc_column_text][vc_empty_space][vc_btn title=\u00bbRichiesta Assistenza\u00bb color=\u00bbwarning\u00bb align=\u00bbcenter\u00bb i_icon_fontawesome=\u00bbfas fa-life-ring\u00bb add_icon=\u00bbtrue\u00bb link=\u00bburl:https%3A%2F%2Fwww.kermesgps.com%2Fesp%2Finizio%2Fmodulo-supporto%2F|title:Support\u00bb][\/vc_column][\/vc_row]<\/p>\n<\/div>","protected":false},"excerpt":{"rendered":"<p>[vc_row][vc_column][vc_empty_space][vc_column_text] Risoluzione di incidenti comuni [\/vc_column_text][vc_empty_space][vc_column_text] Selezionate il vostro modello dalle seguenti schede [\/vc_column_text][vc_empty_space][\/vc_column][\/vc_row][vc_row][vc_column][vc_tta_tabs][vc_tta_section title=\u00bbKermes Plus IV\u00bb tab_id=\u00bb1653044494733-5ee85922-8317&#8243;][vc_toggle title=\u00bb\u00abKERMES PLUS ha smesso di funzionare\u00ab (Aggiornatore)\u00bb]Il programma ha smesso di funzionare correttamente a causa di un problema. Windows chiuder\u00e0 il programma e notificher\u00e0 se c&#8217;\u00e8 una soluzione. Per risolvere questo problema, basta seguire questi semplici passaggi: [&hellip;]<\/p>\n","protected":false},"author":2,"featured_media":0,"parent":3679,"menu_order":0,"comment_status":"closed","ping_status":"closed","template":"","meta":{"footnotes":""},"class_list":["post-3804","page","type-page","status-publish","hentry"],"yoast_head":"<!-- This site is optimized with the Yoast SEO plugin v27.5 - https:\/\/yoast.com\/product\/yoast-seo-wordpress\/ -->\n<title>Assistenza - Kermes GPS<\/title>\n<meta name=\"robots\" content=\"index, follow, max-snippet:-1, max-image-preview:large, max-video-preview:-1\" \/>\n<link rel=\"canonical\" href=\"https:\/\/www.kermesgps.com\/esp\/inizio\/assistenza\/\" \/>\n<meta property=\"og:locale\" content=\"es_ES\" \/>\n<meta property=\"og:type\" content=\"article\" \/>\n<meta property=\"og:title\" content=\"Assistenza - Kermes GPS\" \/>\n<meta property=\"og:description\" content=\"[vc_row][vc_column][vc_empty_space][vc_column_text] Risoluzione di incidenti comuni [\/vc_column_text][vc_empty_space][vc_column_text] Selezionate il vostro modello dalle seguenti schede [\/vc_column_text][vc_empty_space][\/vc_column][\/vc_row][vc_row][vc_column][vc_tta_tabs][vc_tta_section title=\u00bbKermes Plus IV\u00bb tab_id=\u00bb1653044494733-5ee85922-8317&#8243;][vc_toggle title=\u00bb\u00abKERMES PLUS ha smesso di funzionare\u00ab (Aggiornatore)\u00bb]Il programma ha smesso di funzionare correttamente a causa di un problema. Windows chiuder\u00e0 il programma e notificher\u00e0 se c&#8217;\u00e8 una soluzione. Per risolvere questo problema, basta seguire questi semplici passaggi: [&hellip;]\" \/>\n<meta property=\"og:url\" content=\"https:\/\/www.kermesgps.com\/esp\/inizio\/assistenza\/\" \/>\n<meta property=\"og:site_name\" content=\"Kermes GPS\" \/>\n<meta property=\"article:modified_time\" content=\"2022-10-04T07:38:30+00:00\" \/>\n<meta property=\"og:image\" content=\"https:\/\/www.kermesgps.com\/esp\/wp-content\/uploads\/2019\/01\/Logo-portada-negro.webp\" \/>\n\t<meta property=\"og:image:width\" content=\"300\" \/>\n\t<meta property=\"og:image:height\" content=\"86\" \/>\n\t<meta property=\"og:image:type\" content=\"image\/webp\" \/>\n<meta name=\"twitter:card\" content=\"summary_large_image\" \/>\n<meta name=\"twitter:label1\" content=\"Tiempo de lectura\" \/>\n\t<meta name=\"twitter:data1\" content=\"6 minutos\" \/>\n<script type=\"application\/ld+json\" class=\"yoast-schema-graph\">{\"@context\":\"https:\\\/\\\/schema.org\",\"@graph\":[{\"@type\":\"WebPage\",\"@id\":\"https:\\\/\\\/www.kermesgps.com\\\/esp\\\/inizio\\\/assistenza\\\/\",\"url\":\"https:\\\/\\\/www.kermesgps.com\\\/esp\\\/inizio\\\/assistenza\\\/\",\"name\":\"Assistenza - Kermes GPS\",\"isPartOf\":{\"@id\":\"https:\\\/\\\/www.kermesgps.com\\\/esp\\\/#website\"},\"datePublished\":\"2022-06-16T16:04:12+00:00\",\"dateModified\":\"2022-10-04T07:38:30+00:00\",\"breadcrumb\":{\"@id\":\"https:\\\/\\\/www.kermesgps.com\\\/esp\\\/inizio\\\/assistenza\\\/#breadcrumb\"},\"inLanguage\":\"es\",\"potentialAction\":[{\"@type\":\"ReadAction\",\"target\":[\"https:\\\/\\\/www.kermesgps.com\\\/esp\\\/inizio\\\/assistenza\\\/\"]}]},{\"@type\":\"BreadcrumbList\",\"@id\":\"https:\\\/\\\/www.kermesgps.com\\\/esp\\\/inizio\\\/assistenza\\\/#breadcrumb\",\"itemListElement\":[{\"@type\":\"ListItem\",\"position\":1,\"name\":\"Portada\",\"item\":\"https:\\\/\\\/www.kermesgps.com\\\/esp\\\/\"},{\"@type\":\"ListItem\",\"position\":2,\"name\":\"Inizio\",\"item\":\"https:\\\/\\\/www.kermesgps.com\\\/esp\\\/inizio\\\/\"},{\"@type\":\"ListItem\",\"position\":3,\"name\":\"Assistenza\"}]},{\"@type\":\"WebSite\",\"@id\":\"https:\\\/\\\/www.kermesgps.com\\\/esp\\\/#website\",\"url\":\"https:\\\/\\\/www.kermesgps.com\\\/esp\\\/\",\"name\":\"Kermes GPS\",\"description\":\"Avisadores de radar mediante GPS\",\"publisher\":{\"@id\":\"https:\\\/\\\/www.kermesgps.com\\\/esp\\\/#organization\"},\"alternateName\":\"Kermes GPS\",\"potentialAction\":[{\"@type\":\"SearchAction\",\"target\":{\"@type\":\"EntryPoint\",\"urlTemplate\":\"https:\\\/\\\/www.kermesgps.com\\\/esp\\\/?s={search_term_string}\"},\"query-input\":{\"@type\":\"PropertyValueSpecification\",\"valueRequired\":true,\"valueName\":\"search_term_string\"}}],\"inLanguage\":\"es\"},{\"@type\":\"Organization\",\"@id\":\"https:\\\/\\\/www.kermesgps.com\\\/esp\\\/#organization\",\"name\":\"Kermes GPS\",\"url\":\"https:\\\/\\\/www.kermesgps.com\\\/esp\\\/\",\"logo\":{\"@type\":\"ImageObject\",\"inLanguage\":\"es\",\"@id\":\"https:\\\/\\\/www.kermesgps.com\\\/esp\\\/#\\\/schema\\\/logo\\\/image\\\/\",\"url\":\"https:\\\/\\\/www.kermesgps.com\\\/esp\\\/wp-content\\\/uploads\\\/2022\\\/06\\\/Logo-Nuevo-WFinder-30.png\",\"contentUrl\":\"https:\\\/\\\/www.kermesgps.com\\\/esp\\\/wp-content\\\/uploads\\\/2022\\\/06\\\/Logo-Nuevo-WFinder-30.png\",\"width\":625,\"height\":214,\"caption\":\"Kermes GPS\"},\"image\":{\"@id\":\"https:\\\/\\\/www.kermesgps.com\\\/esp\\\/#\\\/schema\\\/logo\\\/image\\\/\"},\"sameAs\":[\"https:\\\/\\\/www.kermesgps.com\\\/esp\\\/actualizaciones\\\/kp4\\\/\",\"https:\\\/\\\/www.tiktok.com\\\/@wfinderpro\"]}]}<\/script>\n<!-- \/ Yoast SEO plugin. -->","yoast_head_json":{"title":"Assistenza - Kermes GPS","robots":{"index":"index","follow":"follow","max-snippet":"max-snippet:-1","max-image-preview":"max-image-preview:large","max-video-preview":"max-video-preview:-1"},"canonical":"https:\/\/www.kermesgps.com\/esp\/inizio\/assistenza\/","og_locale":"es_ES","og_type":"article","og_title":"Assistenza - Kermes GPS","og_description":"[vc_row][vc_column][vc_empty_space][vc_column_text] Risoluzione di incidenti comuni [\/vc_column_text][vc_empty_space][vc_column_text] Selezionate il vostro modello dalle seguenti schede [\/vc_column_text][vc_empty_space][\/vc_column][\/vc_row][vc_row][vc_column][vc_tta_tabs][vc_tta_section title=\u00bbKermes Plus IV\u00bb tab_id=\u00bb1653044494733-5ee85922-8317&#8243;][vc_toggle title=\u00bb\u00abKERMES PLUS ha smesso di funzionare\u00ab (Aggiornatore)\u00bb]Il programma ha smesso di funzionare correttamente a causa di un problema. Windows chiuder\u00e0 il programma e notificher\u00e0 se c&#8217;\u00e8 una soluzione. Per risolvere questo problema, basta seguire questi semplici passaggi: [&hellip;]","og_url":"https:\/\/www.kermesgps.com\/esp\/inizio\/assistenza\/","og_site_name":"Kermes GPS","article_modified_time":"2022-10-04T07:38:30+00:00","og_image":[{"width":300,"height":86,"url":"https:\/\/www.kermesgps.com\/esp\/wp-content\/uploads\/2019\/01\/Logo-portada-negro.webp","type":"image\/webp"}],"twitter_card":"summary_large_image","twitter_misc":{"Tiempo de lectura":"6 minutos"},"schema":{"@context":"https:\/\/schema.org","@graph":[{"@type":"WebPage","@id":"https:\/\/www.kermesgps.com\/esp\/inizio\/assistenza\/","url":"https:\/\/www.kermesgps.com\/esp\/inizio\/assistenza\/","name":"Assistenza - Kermes GPS","isPartOf":{"@id":"https:\/\/www.kermesgps.com\/esp\/#website"},"datePublished":"2022-06-16T16:04:12+00:00","dateModified":"2022-10-04T07:38:30+00:00","breadcrumb":{"@id":"https:\/\/www.kermesgps.com\/esp\/inizio\/assistenza\/#breadcrumb"},"inLanguage":"es","potentialAction":[{"@type":"ReadAction","target":["https:\/\/www.kermesgps.com\/esp\/inizio\/assistenza\/"]}]},{"@type":"BreadcrumbList","@id":"https:\/\/www.kermesgps.com\/esp\/inizio\/assistenza\/#breadcrumb","itemListElement":[{"@type":"ListItem","position":1,"name":"Portada","item":"https:\/\/www.kermesgps.com\/esp\/"},{"@type":"ListItem","position":2,"name":"Inizio","item":"https:\/\/www.kermesgps.com\/esp\/inizio\/"},{"@type":"ListItem","position":3,"name":"Assistenza"}]},{"@type":"WebSite","@id":"https:\/\/www.kermesgps.com\/esp\/#website","url":"https:\/\/www.kermesgps.com\/esp\/","name":"Kermes GPS","description":"Avisadores de radar mediante GPS","publisher":{"@id":"https:\/\/www.kermesgps.com\/esp\/#organization"},"alternateName":"Kermes GPS","potentialAction":[{"@type":"SearchAction","target":{"@type":"EntryPoint","urlTemplate":"https:\/\/www.kermesgps.com\/esp\/?s={search_term_string}"},"query-input":{"@type":"PropertyValueSpecification","valueRequired":true,"valueName":"search_term_string"}}],"inLanguage":"es"},{"@type":"Organization","@id":"https:\/\/www.kermesgps.com\/esp\/#organization","name":"Kermes GPS","url":"https:\/\/www.kermesgps.com\/esp\/","logo":{"@type":"ImageObject","inLanguage":"es","@id":"https:\/\/www.kermesgps.com\/esp\/#\/schema\/logo\/image\/","url":"https:\/\/www.kermesgps.com\/esp\/wp-content\/uploads\/2022\/06\/Logo-Nuevo-WFinder-30.png","contentUrl":"https:\/\/www.kermesgps.com\/esp\/wp-content\/uploads\/2022\/06\/Logo-Nuevo-WFinder-30.png","width":625,"height":214,"caption":"Kermes GPS"},"image":{"@id":"https:\/\/www.kermesgps.com\/esp\/#\/schema\/logo\/image\/"},"sameAs":["https:\/\/www.kermesgps.com\/esp\/actualizaciones\/kp4\/","https:\/\/www.tiktok.com\/@wfinderpro"]}]}},"_links":{"self":[{"href":"https:\/\/www.kermesgps.com\/esp\/wp-json\/wp\/v2\/pages\/3804","targetHints":{"allow":["GET"]}}],"collection":[{"href":"https:\/\/www.kermesgps.com\/esp\/wp-json\/wp\/v2\/pages"}],"about":[{"href":"https:\/\/www.kermesgps.com\/esp\/wp-json\/wp\/v2\/types\/page"}],"author":[{"embeddable":true,"href":"https:\/\/www.kermesgps.com\/esp\/wp-json\/wp\/v2\/users\/2"}],"replies":[{"embeddable":true,"href":"https:\/\/www.kermesgps.com\/esp\/wp-json\/wp\/v2\/comments?post=3804"}],"version-history":[{"count":0,"href":"https:\/\/www.kermesgps.com\/esp\/wp-json\/wp\/v2\/pages\/3804\/revisions"}],"up":[{"embeddable":true,"href":"https:\/\/www.kermesgps.com\/esp\/wp-json\/wp\/v2\/pages\/3679"}],"wp:attachment":[{"href":"https:\/\/www.kermesgps.com\/esp\/wp-json\/wp\/v2\/media?parent=3804"}],"curies":[{"name":"wp","href":"https:\/\/api.w.org\/{rel}","templated":true}]}}