{"id":3976,"date":"2022-06-23T12:57:24","date_gmt":"2022-06-23T10:57:24","guid":{"rendered":"https:\/\/www.kermesgps.com\/esp\/?page_id=3976"},"modified":"2022-06-23T16:09:15","modified_gmt":"2022-06-23T14:09:15","slug":"aggiornatore-4","status":"publish","type":"page","link":"https:\/\/www.kermesgps.com\/esp\/inizio\/aggiornamenti\/passi-aggiornamento\/aggiornatore-4\/","title":{"rendered":"Aggiornatore Kermes Plus IV"},"content":{"rendered":"<div class=\"wpb-content-wrapper\"><p>[vc_row][vc_column][vc_message message_box_color=\u00bbpink\u00bb icon_fontawesome=\u00bbfas fa-exclamation-triangle\u00bb]Prima di iniziare l&#8217;aggiornamento di <strong>KERMES PLUS IV<\/strong>, leggere attentamente le seguenti istruzioni.[\/vc_message][vc_empty_space][\/vc_column][\/vc_row][vc_row][vc_column][vc_column_text]<\/p>\n<h2 style=\"text-align: center;\">INSTALLAZIONE DEL PROGRAMMA DI AGGIORNAMENTO<\/h2>\n<p>[\/vc_column_text][vc_empty_space][vc_message message_box_color=\u00bbturquoise\u00bb]Il programma di aggiornamento <strong>DEVE ESSERE INSTALLATO UNA SOLA VOLTA E NON CANCELLATO<\/strong>. Ogni volta che \u00e8 necessario aggiornare il Kermes Plus IV, \u00e8 necessario eseguire il programma di aggiornamento, gi\u00e0 presente sul computer, che aggiorner\u00e0 automaticamente il dispositivo con l&#8217;ultima versione del database disponibile.[\/vc_message][vc_column_text]<\/p>\n<ul>\n<li>Per l&#8217;installazione, <strong>scaricare il file compresso<\/strong> \u00abKERMES PLUS IV\u00bb (composto dai file \u00abKERMESPLUS.exe\u00bb e \u00abKERMESPLUS.exe.config\u00bb) sul disco rigido del computer, dal link che si trova <strong>cliccando<\/strong> sul pulsante \u00ab<strong>Download updater for Kermes Plus IV<\/strong>\u00ab.<\/li>\n<\/ul>\n<ul>\n<li>\u00c8 possibile scaricarli direttamente sul <strong>desktop<\/strong> del PC o creare una cartella in una directory a scelta e inserirvi <strong>entrambi i file<\/strong>. Il presupposto per il corretto funzionamento del programma di aggiornamento \u00e8 che <strong>entrambi i file si trovino nella stessa directory o cartella<\/strong>. \u00c8 possibile scaricare il programma per decomprimerlo facendo clic <a href=\"https:\/\/www.winrar.it\/prelievo.php\" target=\"_blank\" rel=\"noopener\"><span style=\"color: #ff6600;\"><strong>QUI<\/strong> <\/span><\/a>ed eseguire il file con esso (selezionare \u00abdownload consigliato\u00bb).<\/li>\n<\/ul>\n<p>[\/vc_column_text][\/vc_column][\/vc_row][vc_row][vc_column][vc_empty_space][vc_btn title=\u00bbScarica il programma di aggiornamento per Kermes Plus IV\u00bb style=\u00bboutline\u00bb color=\u00bbturquoise\u00bb size=\u00bblg\u00bb align=\u00bbcenter\u00bb i_icon_fontawesome=\u00bbfas fa-file-archive\u00bb add_icon=\u00bbtrue\u00bb link=\u00bburl:https%3A%2F%2Fwww.kermesgps.com%2Fesp%2Fdescargas%2FKIV%2FACTUALIZAR%20KERMES%20PLUS%20IV.exe|title:Scarica%20il%20file%20compresso\u00bb][vc_empty_space][\/vc_column][\/vc_row][vc_row][vc_column][vc_column_text]<\/p>\n<ul>\n<li>Per aggiornare la Kermes Plus IV, \u00e8 necessario assicurarsi di aver installato in precedenza il <span style=\"color: #ff6600;\"><a style=\"color: #ff6600;\" href=\"https:\/\/www.kermesgps.com\/esp\/inizio\/aggiornamenti\/passi-aggiornamento\/driver-per-kermes-plus-iv\/\"><strong>driver corrispondente<\/strong><\/a><\/span> al proprio sistema operativo.\u00a0Collegare quindi il cavo aggiornamento inserendo <strong>prima<\/strong> la <strong>presa dell&#8217;Kermes<\/strong> poi la presa <strong>USB<\/strong> (non dimenticare che l&#8217;uso di un altro cavo potrebbe danneggiare l&#8217;apparecchiatura e invalidare la garanzia).<\/li>\n<\/ul>\n<p>&nbsp;<\/p>\n<ul>\n<li>Una volta collegato, sullo schermo del Kermes Plus IV apparir\u00e0 il messaggio \u00ab<strong>PC<\/strong>\u00bb e si sentir\u00e0 il messaggio \u00ab<strong>modalit\u00e0 aggiornamento database<\/strong>\u00ab. A questo punto, \u00e8 possibile eseguire il file \u00abKERMESPLUS.exe\u00bb per aprire il programma di aggiornamento. Ogni volta che si apre il programma, questo si connette ai nostri server e quando si fa clic sul pulsante \u00ab<strong>Aggiorna<\/strong>\u00ab, viene scaricato l&#8217;ultimo aggiornamento disponibile.<\/li>\n<\/ul>\n<p>&nbsp;<\/p>\n<ul>\n<li>A questo punto l&#8217;antivirus o il firewall potrebbero chiedere il permesso di eseguire il programma o di connettersi a Internet. \u00c8 necessario autorizzarne l&#8217;uso per completare il processo.<\/li>\n<\/ul>\n<p>&nbsp;<\/p>\n<ul>\n<li>Sia sullo schermo del Kermes Plus IV che in fondo al programma di aggiornamento, \u00e8 possibile seguire il processo di aggiornamento. Una volta completato, sullo schermo del Kermes Plus IV riapparir\u00e0 il messaggio \u00abPC\u00bb e si sentir\u00e0 nuovamente il messaggio \u00abmodalit\u00e0 di aggiornamento del database\u00bb. Inoltre, in fondo al programma di aggiornamento verr\u00e0 visualizzato il messaggio \u00abL&#8217;aggiornamento del dispositivo \u00e8 stato completato con successo\u00bb.<\/li>\n<\/ul>\n<p>&nbsp;<\/p>\n<ul>\n<li>Ora \u00e8 possibile <strong>scollegare<\/strong> il Kermes Plus IV e godere di un nuovo aggiornamento.<\/li>\n<\/ul>\n<p>[\/vc_column_text][\/vc_column][\/vc_row][vc_row][vc_column][vc_empty_space][vc_message color=\u00bbsuccess\u00bb message_box_color=\u00bbsuccess\u00bb icon_fontawesome=\u00bbfas fa-check\u00bb]Per sapere se \u00e8 aggiornato, i 4 numeri che appaiono sullo schermo quando si accende il dispositivo di avviso, per alcuni secondi, devono coincidere con i numeri indicati in \u00abVersione del database disponibile\u00bb, che potete vedere nella parte superiore di questo sito web.[\/vc_message][\/vc_column][\/vc_row][vc_row][vc_column width=\u00bb1\/4&#8243;][\/vc_column][vc_column width=\u00bb1\/2&#8243;][vc_message color=\u00bbdanger\u00bb message_box_color=\u00bbdanger\u00bb icon_fontawesome=\u00bbfas fa-times\u00bb]Problemi con il download? Vi aiuteremo.[\/vc_message][vc_btn title=\u00bbSoluzione ai problemi di download\u00bb style=\u00bboutline\u00bb color=\u00bbturquoise\u00bb size=\u00bblg\u00bb align=\u00bbcenter\u00bb i_icon_fontawesome=\u00bbfas fa-life-ring\u00bb add_icon=\u00bbtrue\u00bb link=\u00bburl:https%3A%2F%2Fwww.kermesgps.com%2Fesp%2Finizio%2Faggiornamenti%2Fpassi-aggiornamento%2Faggiornatore-4%2Faiuto-download%2F|title:Descargar%20archivo%20comprimido\u00bb][\/vc_column][vc_column width=\u00bb1\/4&#8243;][\/vc_column][\/vc_row]<\/p>\n<\/div>","protected":false},"excerpt":{"rendered":"<p>[vc_row][vc_column][vc_message message_box_color=\u00bbpink\u00bb icon_fontawesome=\u00bbfas fa-exclamation-triangle\u00bb]Prima di iniziare l&#8217;aggiornamento di KERMES PLUS IV, leggere attentamente le seguenti istruzioni.[\/vc_message][vc_empty_space][\/vc_column][\/vc_row][vc_row][vc_column][vc_column_text] INSTALLAZIONE DEL PROGRAMMA DI AGGIORNAMENTO [\/vc_column_text][vc_empty_space][vc_message message_box_color=\u00bbturquoise\u00bb]Il programma di aggiornamento DEVE ESSERE INSTALLATO UNA SOLA VOLTA E NON CANCELLATO. Ogni volta che \u00e8 necessario aggiornare il Kermes Plus IV, \u00e8 necessario eseguire il programma di aggiornamento, gi\u00e0 presente sul [&hellip;]<\/p>\n","protected":false},"author":2,"featured_media":0,"parent":3904,"menu_order":0,"comment_status":"closed","ping_status":"closed","template":"","meta":{"footnotes":""},"class_list":["post-3976","page","type-page","status-publish","hentry"],"yoast_head":"<!-- This site is optimized with the Yoast SEO plugin v27.5 - https:\/\/yoast.com\/product\/yoast-seo-wordpress\/ -->\n<title>Aggiornatore Kermes Plus IV - Kermes GPS<\/title>\n<meta name=\"robots\" content=\"index, follow, max-snippet:-1, max-image-preview:large, max-video-preview:-1\" \/>\n<link rel=\"canonical\" href=\"https:\/\/www.kermesgps.com\/esp\/inizio\/aggiornamenti\/passi-aggiornamento\/aggiornatore-4\/\" \/>\n<meta property=\"og:locale\" content=\"es_ES\" \/>\n<meta property=\"og:type\" content=\"article\" \/>\n<meta property=\"og:title\" content=\"Aggiornatore Kermes Plus IV - Kermes GPS\" \/>\n<meta property=\"og:description\" content=\"[vc_row][vc_column][vc_message message_box_color=\u00bbpink\u00bb icon_fontawesome=\u00bbfas fa-exclamation-triangle\u00bb]Prima di iniziare l&#8217;aggiornamento di KERMES PLUS IV, leggere attentamente le seguenti istruzioni.[\/vc_message][vc_empty_space][\/vc_column][\/vc_row][vc_row][vc_column][vc_column_text] INSTALLAZIONE DEL PROGRAMMA DI AGGIORNAMENTO [\/vc_column_text][vc_empty_space][vc_message message_box_color=\u00bbturquoise\u00bb]Il programma di aggiornamento DEVE ESSERE INSTALLATO UNA SOLA VOLTA E NON CANCELLATO. Ogni volta che \u00e8 necessario aggiornare il Kermes Plus IV, \u00e8 necessario eseguire il programma di aggiornamento, gi\u00e0 presente sul [&hellip;]\" \/>\n<meta property=\"og:url\" content=\"https:\/\/www.kermesgps.com\/esp\/inizio\/aggiornamenti\/passi-aggiornamento\/aggiornatore-4\/\" \/>\n<meta property=\"og:site_name\" content=\"Kermes GPS\" \/>\n<meta property=\"article:modified_time\" content=\"2022-06-23T14:09:15+00:00\" \/>\n<meta property=\"og:image\" content=\"https:\/\/www.kermesgps.com\/esp\/wp-content\/uploads\/2019\/01\/Logo-portada-negro.webp\" \/>\n\t<meta property=\"og:image:width\" content=\"300\" \/>\n\t<meta property=\"og:image:height\" content=\"86\" \/>\n\t<meta property=\"og:image:type\" content=\"image\/webp\" \/>\n<meta name=\"twitter:card\" content=\"summary_large_image\" \/>\n<meta name=\"twitter:label1\" content=\"Tiempo de lectura\" \/>\n\t<meta name=\"twitter:data1\" content=\"3 minutos\" \/>\n<script type=\"application\/ld+json\" class=\"yoast-schema-graph\">{\"@context\":\"https:\\\/\\\/schema.org\",\"@graph\":[{\"@type\":\"WebPage\",\"@id\":\"https:\\\/\\\/www.kermesgps.com\\\/esp\\\/inizio\\\/aggiornamenti\\\/passi-aggiornamento\\\/aggiornatore-4\\\/\",\"url\":\"https:\\\/\\\/www.kermesgps.com\\\/esp\\\/inizio\\\/aggiornamenti\\\/passi-aggiornamento\\\/aggiornatore-4\\\/\",\"name\":\"Aggiornatore Kermes Plus IV - Kermes GPS\",\"isPartOf\":{\"@id\":\"https:\\\/\\\/www.kermesgps.com\\\/esp\\\/#website\"},\"datePublished\":\"2022-06-23T10:57:24+00:00\",\"dateModified\":\"2022-06-23T14:09:15+00:00\",\"breadcrumb\":{\"@id\":\"https:\\\/\\\/www.kermesgps.com\\\/esp\\\/inizio\\\/aggiornamenti\\\/passi-aggiornamento\\\/aggiornatore-4\\\/#breadcrumb\"},\"inLanguage\":\"es\",\"potentialAction\":[{\"@type\":\"ReadAction\",\"target\":[\"https:\\\/\\\/www.kermesgps.com\\\/esp\\\/inizio\\\/aggiornamenti\\\/passi-aggiornamento\\\/aggiornatore-4\\\/\"]}]},{\"@type\":\"BreadcrumbList\",\"@id\":\"https:\\\/\\\/www.kermesgps.com\\\/esp\\\/inizio\\\/aggiornamenti\\\/passi-aggiornamento\\\/aggiornatore-4\\\/#breadcrumb\",\"itemListElement\":[{\"@type\":\"ListItem\",\"position\":1,\"name\":\"Portada\",\"item\":\"https:\\\/\\\/www.kermesgps.com\\\/esp\\\/\"},{\"@type\":\"ListItem\",\"position\":2,\"name\":\"Inizio\",\"item\":\"https:\\\/\\\/www.kermesgps.com\\\/esp\\\/inizio\\\/\"},{\"@type\":\"ListItem\",\"position\":3,\"name\":\"Aggiornamenti\",\"item\":\"https:\\\/\\\/www.kermesgps.com\\\/esp\\\/inizio\\\/aggiornamenti\\\/\"},{\"@type\":\"ListItem\",\"position\":4,\"name\":\"Passi per l&#8217;aggiornamento Kermes Plus IV\",\"item\":\"https:\\\/\\\/www.kermesgps.com\\\/esp\\\/inizio\\\/aggiornamenti\\\/passi-aggiornamento\\\/\"},{\"@type\":\"ListItem\",\"position\":5,\"name\":\"Aggiornatore Kermes Plus IV\"}]},{\"@type\":\"WebSite\",\"@id\":\"https:\\\/\\\/www.kermesgps.com\\\/esp\\\/#website\",\"url\":\"https:\\\/\\\/www.kermesgps.com\\\/esp\\\/\",\"name\":\"Kermes GPS\",\"description\":\"Avisadores de radar mediante GPS\",\"publisher\":{\"@id\":\"https:\\\/\\\/www.kermesgps.com\\\/esp\\\/#organization\"},\"alternateName\":\"Kermes GPS\",\"potentialAction\":[{\"@type\":\"SearchAction\",\"target\":{\"@type\":\"EntryPoint\",\"urlTemplate\":\"https:\\\/\\\/www.kermesgps.com\\\/esp\\\/?s={search_term_string}\"},\"query-input\":{\"@type\":\"PropertyValueSpecification\",\"valueRequired\":true,\"valueName\":\"search_term_string\"}}],\"inLanguage\":\"es\"},{\"@type\":\"Organization\",\"@id\":\"https:\\\/\\\/www.kermesgps.com\\\/esp\\\/#organization\",\"name\":\"Kermes GPS\",\"url\":\"https:\\\/\\\/www.kermesgps.com\\\/esp\\\/\",\"logo\":{\"@type\":\"ImageObject\",\"inLanguage\":\"es\",\"@id\":\"https:\\\/\\\/www.kermesgps.com\\\/esp\\\/#\\\/schema\\\/logo\\\/image\\\/\",\"url\":\"https:\\\/\\\/www.kermesgps.com\\\/esp\\\/wp-content\\\/uploads\\\/2022\\\/06\\\/Logo-Nuevo-WFinder-30.png\",\"contentUrl\":\"https:\\\/\\\/www.kermesgps.com\\\/esp\\\/wp-content\\\/uploads\\\/2022\\\/06\\\/Logo-Nuevo-WFinder-30.png\",\"width\":625,\"height\":214,\"caption\":\"Kermes GPS\"},\"image\":{\"@id\":\"https:\\\/\\\/www.kermesgps.com\\\/esp\\\/#\\\/schema\\\/logo\\\/image\\\/\"},\"sameAs\":[\"https:\\\/\\\/www.kermesgps.com\\\/esp\\\/actualizaciones\\\/kp4\\\/\",\"https:\\\/\\\/www.tiktok.com\\\/@wfinderpro\"]}]}<\/script>\n<!-- \/ Yoast SEO plugin. -->","yoast_head_json":{"title":"Aggiornatore Kermes Plus IV - Kermes GPS","robots":{"index":"index","follow":"follow","max-snippet":"max-snippet:-1","max-image-preview":"max-image-preview:large","max-video-preview":"max-video-preview:-1"},"canonical":"https:\/\/www.kermesgps.com\/esp\/inizio\/aggiornamenti\/passi-aggiornamento\/aggiornatore-4\/","og_locale":"es_ES","og_type":"article","og_title":"Aggiornatore Kermes Plus IV - Kermes GPS","og_description":"[vc_row][vc_column][vc_message message_box_color=\u00bbpink\u00bb icon_fontawesome=\u00bbfas fa-exclamation-triangle\u00bb]Prima di iniziare l&#8217;aggiornamento di KERMES PLUS IV, leggere attentamente le seguenti istruzioni.[\/vc_message][vc_empty_space][\/vc_column][\/vc_row][vc_row][vc_column][vc_column_text] INSTALLAZIONE DEL PROGRAMMA DI AGGIORNAMENTO [\/vc_column_text][vc_empty_space][vc_message message_box_color=\u00bbturquoise\u00bb]Il programma di aggiornamento DEVE ESSERE INSTALLATO UNA SOLA VOLTA E NON CANCELLATO. Ogni volta che \u00e8 necessario aggiornare il Kermes Plus IV, \u00e8 necessario eseguire il programma di aggiornamento, gi\u00e0 presente sul [&hellip;]","og_url":"https:\/\/www.kermesgps.com\/esp\/inizio\/aggiornamenti\/passi-aggiornamento\/aggiornatore-4\/","og_site_name":"Kermes GPS","article_modified_time":"2022-06-23T14:09:15+00:00","og_image":[{"width":300,"height":86,"url":"https:\/\/www.kermesgps.com\/esp\/wp-content\/uploads\/2019\/01\/Logo-portada-negro.webp","type":"image\/webp"}],"twitter_card":"summary_large_image","twitter_misc":{"Tiempo de lectura":"3 minutos"},"schema":{"@context":"https:\/\/schema.org","@graph":[{"@type":"WebPage","@id":"https:\/\/www.kermesgps.com\/esp\/inizio\/aggiornamenti\/passi-aggiornamento\/aggiornatore-4\/","url":"https:\/\/www.kermesgps.com\/esp\/inizio\/aggiornamenti\/passi-aggiornamento\/aggiornatore-4\/","name":"Aggiornatore Kermes Plus IV - Kermes GPS","isPartOf":{"@id":"https:\/\/www.kermesgps.com\/esp\/#website"},"datePublished":"2022-06-23T10:57:24+00:00","dateModified":"2022-06-23T14:09:15+00:00","breadcrumb":{"@id":"https:\/\/www.kermesgps.com\/esp\/inizio\/aggiornamenti\/passi-aggiornamento\/aggiornatore-4\/#breadcrumb"},"inLanguage":"es","potentialAction":[{"@type":"ReadAction","target":["https:\/\/www.kermesgps.com\/esp\/inizio\/aggiornamenti\/passi-aggiornamento\/aggiornatore-4\/"]}]},{"@type":"BreadcrumbList","@id":"https:\/\/www.kermesgps.com\/esp\/inizio\/aggiornamenti\/passi-aggiornamento\/aggiornatore-4\/#breadcrumb","itemListElement":[{"@type":"ListItem","position":1,"name":"Portada","item":"https:\/\/www.kermesgps.com\/esp\/"},{"@type":"ListItem","position":2,"name":"Inizio","item":"https:\/\/www.kermesgps.com\/esp\/inizio\/"},{"@type":"ListItem","position":3,"name":"Aggiornamenti","item":"https:\/\/www.kermesgps.com\/esp\/inizio\/aggiornamenti\/"},{"@type":"ListItem","position":4,"name":"Passi per l&#8217;aggiornamento Kermes Plus IV","item":"https:\/\/www.kermesgps.com\/esp\/inizio\/aggiornamenti\/passi-aggiornamento\/"},{"@type":"ListItem","position":5,"name":"Aggiornatore Kermes Plus IV"}]},{"@type":"WebSite","@id":"https:\/\/www.kermesgps.com\/esp\/#website","url":"https:\/\/www.kermesgps.com\/esp\/","name":"Kermes GPS","description":"Avisadores de radar mediante GPS","publisher":{"@id":"https:\/\/www.kermesgps.com\/esp\/#organization"},"alternateName":"Kermes GPS","potentialAction":[{"@type":"SearchAction","target":{"@type":"EntryPoint","urlTemplate":"https:\/\/www.kermesgps.com\/esp\/?s={search_term_string}"},"query-input":{"@type":"PropertyValueSpecification","valueRequired":true,"valueName":"search_term_string"}}],"inLanguage":"es"},{"@type":"Organization","@id":"https:\/\/www.kermesgps.com\/esp\/#organization","name":"Kermes GPS","url":"https:\/\/www.kermesgps.com\/esp\/","logo":{"@type":"ImageObject","inLanguage":"es","@id":"https:\/\/www.kermesgps.com\/esp\/#\/schema\/logo\/image\/","url":"https:\/\/www.kermesgps.com\/esp\/wp-content\/uploads\/2022\/06\/Logo-Nuevo-WFinder-30.png","contentUrl":"https:\/\/www.kermesgps.com\/esp\/wp-content\/uploads\/2022\/06\/Logo-Nuevo-WFinder-30.png","width":625,"height":214,"caption":"Kermes GPS"},"image":{"@id":"https:\/\/www.kermesgps.com\/esp\/#\/schema\/logo\/image\/"},"sameAs":["https:\/\/www.kermesgps.com\/esp\/actualizaciones\/kp4\/","https:\/\/www.tiktok.com\/@wfinderpro"]}]}},"_links":{"self":[{"href":"https:\/\/www.kermesgps.com\/esp\/wp-json\/wp\/v2\/pages\/3976","targetHints":{"allow":["GET"]}}],"collection":[{"href":"https:\/\/www.kermesgps.com\/esp\/wp-json\/wp\/v2\/pages"}],"about":[{"href":"https:\/\/www.kermesgps.com\/esp\/wp-json\/wp\/v2\/types\/page"}],"author":[{"embeddable":true,"href":"https:\/\/www.kermesgps.com\/esp\/wp-json\/wp\/v2\/users\/2"}],"replies":[{"embeddable":true,"href":"https:\/\/www.kermesgps.com\/esp\/wp-json\/wp\/v2\/comments?post=3976"}],"version-history":[{"count":0,"href":"https:\/\/www.kermesgps.com\/esp\/wp-json\/wp\/v2\/pages\/3976\/revisions"}],"up":[{"embeddable":true,"href":"https:\/\/www.kermesgps.com\/esp\/wp-json\/wp\/v2\/pages\/3904"}],"wp:attachment":[{"href":"https:\/\/www.kermesgps.com\/esp\/wp-json\/wp\/v2\/media?parent=3976"}],"curies":[{"name":"wp","href":"https:\/\/api.w.org\/{rel}","templated":true}]}}