{"id":3983,"date":"2022-06-23T13:14:14","date_gmt":"2022-06-23T11:14:14","guid":{"rendered":"https:\/\/www.kermesgps.com\/esp\/?page_id=3983"},"modified":"2022-06-23T16:02:42","modified_gmt":"2022-06-23T14:02:42","slug":"aiuto-download","status":"publish","type":"page","link":"https:\/\/www.kermesgps.com\/esp\/inizio\/aggiornamenti\/passi-aggiornamento\/aggiornatore-4\/aiuto-download\/","title":{"rendered":"Aiuto per il download"},"content":{"rendered":"<div class=\"wpb-content-wrapper\"><p>[vc_row][vc_column][vc_column_text]<\/p>\n<h2 style=\"text-align: center;\">QUALCHE PROBLEMA CON IL DOWNLOAD?<\/h2>\n<p>&nbsp;<\/p>\n<p style=\"text-align: center;\">Le soluzioni pi\u00f9 comuni e pi\u00f9 rapide sono disponibili qui.<\/p>\n<p style=\"text-align: center;\">Selezionate dalle schede il riferimento pi\u00f9 preciso al vostro problema..<\/p>\n<p>[\/vc_column_text][\/vc_column][\/vc_row][vc_row][vc_column][vc_empty_space][\/vc_column][\/vc_row][vc_row][vc_column][vc_tta_tabs style=\u00bbmodern\u00bb color=\u00bbturquoise\u00bb alignment=\u00bbcenter\u00bb active_section=\u00bb1&#8243;][vc_tta_section title=\u00bbMcAfee Antivirus\u00bb tab_id=\u00bb1653488925141-f5a6a57d-640e\u00bb][vc_column_text]Quando provo a scaricare, McAfee Anti-Virus mi mostra la seguente schermata di errore:<\/p>\n<p><strong>Fate attenzione quando scaricate questo file<\/strong>.<\/p>\n<p><strong>Secondo i nostri test, questo download conteneva programmi che alcuni considerano adware, spyware o programmi potenzialmente indesiderati<\/strong>.<\/p>\n<p><span style=\"color: #ff0000;\"><strong>Blocco\u00a0\u00a0\u00a0\u00a0\u00a0<\/strong> <\/span><strong><span style=\"color: #008000;\">Continua<\/span><\/strong><\/p>\n<p>Potete fare clic su \u00ab<strong>continua<\/strong>\u00bb e scaricare in tutta sicurezza.[\/vc_column_text][vc_empty_space][vc_message color=\u00bbsuccess\u00bb message_box_color=\u00bbsuccess\u00bb icon_fontawesome=\u00bbfas fa-check\u00bb]Basta fare clic su \u00ab<strong>Continua<\/strong>\u00bb e il download sar\u00e0 completato. Il vostro antivirus bloccher\u00e0, per motivi di sicurezza, qualsiasi eseguibile proveniente da Internet, ma il download in questo caso \u00e8 totalmente sicuro.[\/vc_message][\/vc_tta_section][vc_tta_section title=\u00bbTor Browser\u00bb tab_id=\u00bb1653487519134-0af8ae96-a59a\u00bb][vc_column_text]Si usa el navegador Tor es posible que le aparezca el siguiente mensaje:<\/p>\n<p><strong>Il browser Tor non pu\u00f2 visualizzare questo file. \u00c8 necessario aprirlo con un&#8217;altra applicazione<\/strong>.<\/p>\n<p><strong>Alcuni tipi di file possono indurre determinate applicazioni a connettersi a Internet senza utilizzare Tor<\/strong>.<\/p>\n<p><strong>Per sicurezza, \u00e8 consigliabile aprire i file scaricati solo quando si \u00e8 offline, oppure utilizzare un CD Tor Live (autoavviante) come Tails<\/strong>.<\/p>\n<p>\u00c8 possibile fare clic su \u00ab<span style=\"color: #008000;\"><strong>Scarica il file\u00bb<\/strong><\/span> in tutta sicurezza.[\/vc_column_text][vc_empty_space][vc_message color=\u00bbsuccess\u00bb message_box_color=\u00bbsuccess\u00bb icon_fontawesome=\u00bbfas fa-check\u00bb]\u00c8 possibile fare clic su \u00abScarica il file\u00bb in tutta sicurezza.[\/vc_message][\/vc_tta_section][vc_tta_section title=\u00bbMicrosoft Edge\u00bb tab_id=\u00bb1653487519144-7f24d4a3-30e8&#8243;][vc_column_text]Pu\u00f2 accadere che il browser Edge blocchi il download al primo tentativo, poich\u00e9 si tratta di un file .exe e per motivi di sicurezza blocca sempre questo tipo di download..<\/p>\n<p><strong>AGGIORNARE KERMES PLUS IV.exe Bloccato perch\u00e9 questo tipo di file pu\u00f2 danneggiare il dispositivo.<\/strong><\/p>\n<p>Normalmente, facendo clic su \u00abUlteriori informazioni\u00bb \u00e8 possibile \u00abscaricare comunque\u00bb e il download viene eseguito normalmente.<\/p>\n<p>In caso contrario, provate ad andare nelle impostazioni del browser, nella barra di ricerca a sinistra cercate Microsoft Defender Smartscreen e disabilitatelo.<\/p>\n<ul>\n<li>Windows Security (chiamato anche Windows Defender), quindi andare su Controllo applicazioni e browser, quindi su Impostazioni di protezione basata sulla reputazione. Deselezionate Blocca applicazioni potenzialmente indesiderate e SmartScreen per Microsoft Edge.<\/li>\n<\/ul>\n<p>[\/vc_column_text][vc_empty_space][\/vc_tta_section][vc_tta_section title=\u00bbMozilla Firefox\u00bb tab_id=\u00bb1653488586452-4a384203-70a1&#8243;][vc_column_text]Se Mozilla Firefox mostra l&#8217;avviso mostrato nell&#8217;immagine, \u00e8 sufficiente fare clic su \u00ab<strong>Consenti download<\/strong>\u00bb e il download sar\u00e0 immediato. Questo avviso viene dato perch\u00e9 si tratta di un .exe che viene fermato per motivi di sicurezza, non perch\u00e9 viene rilevato un file dannoso.[\/vc_column_text][vc_empty_space][vc_single_image image=\u00bb3887&#8243; img_size=\u00bblarge\u00bb][\/vc_tta_section][vc_tta_section title=\u00bbGoogle Chrome\u00bb tab_id=\u00bb1653488766498-0a1e6606-82e5&#8243;][vc_empty_space][\/vc_tta_section][\/vc_tta_tabs][\/vc_column][\/vc_row][vc_row][vc_column][vc_empty_space][vc_btn title=\u00bbScarica il programma di aggiornamento per Kermes Plus IV\u00bb style=\u00bboutline\u00bb color=\u00bbturquoise\u00bb size=\u00bblg\u00bb align=\u00bbcenter\u00bb i_icon_fontawesome=\u00bbfas fa-file-archive\u00bb add_icon=\u00bbtrue\u00bb link=\u00bburl:https%3A%2F%2Fwww.kermesgps.com%2Fesp%2Fdescargas%2FKIV%2FACTUALIZAR%20KERMES%20PLUS%20IV.exe|title:Descargar%20archivo%20comprimido\u00bb][\/vc_column][\/vc_row][vc_row][vc_column][vc_column_text]<\/p>\n<p style=\"text-align: center;\">Se non siete riusciti a risolvere il vostro problema, contattateci utilizzando il modulo di assistenza.<\/p>\n<p>[\/vc_column_text][vc_empty_space][vc_btn title=\u00bbRichiesta di assistenza\u00bb style=\u00bboutline\u00bb color=\u00bbturquoise\u00bb size=\u00bblg\u00bb align=\u00bbcenter\u00bb i_icon_fontawesome=\u00bbfas fa-life-ring\u00bb add_icon=\u00bbtrue\u00bb link=\u00bburl:https%3A%2F%2Fwww.kermesgps.com%2Fesp%2Finizio%2Fassistenza%2Fmodulo-supporto%2F|title:Descargar%20archivo%20comprimido\u00bb][\/vc_column][\/vc_row]<\/p>\n<\/div>","protected":false},"excerpt":{"rendered":"<p>[vc_row][vc_column][vc_column_text] QUALCHE PROBLEMA CON IL DOWNLOAD? &nbsp; Le soluzioni pi\u00f9 comuni e pi\u00f9 rapide sono disponibili qui. Selezionate dalle schede il riferimento pi\u00f9 preciso al vostro problema.. [\/vc_column_text][\/vc_column][\/vc_row][vc_row][vc_column][vc_empty_space][\/vc_column][\/vc_row][vc_row][vc_column][vc_tta_tabs style=\u00bbmodern\u00bb color=\u00bbturquoise\u00bb alignment=\u00bbcenter\u00bb active_section=\u00bb1&#8243;][vc_tta_section title=\u00bbMcAfee Antivirus\u00bb tab_id=\u00bb1653488925141-f5a6a57d-640e\u00bb][vc_column_text]Quando provo a scaricare, McAfee Anti-Virus mi mostra la seguente schermata di errore: Fate attenzione quando scaricate questo file. Secondo i [&hellip;]<\/p>\n","protected":false},"author":2,"featured_media":0,"parent":3976,"menu_order":0,"comment_status":"closed","ping_status":"closed","template":"","meta":{"footnotes":""},"class_list":["post-3983","page","type-page","status-publish","hentry"],"yoast_head":"<!-- This site is optimized with the Yoast SEO plugin v27.5 - https:\/\/yoast.com\/product\/yoast-seo-wordpress\/ -->\n<title>Aiuto per il download - Kermes GPS<\/title>\n<meta name=\"robots\" content=\"index, follow, max-snippet:-1, max-image-preview:large, max-video-preview:-1\" \/>\n<link rel=\"canonical\" href=\"https:\/\/www.kermesgps.com\/esp\/inizio\/aggiornamenti\/passi-aggiornamento\/aggiornatore-4\/aiuto-download\/\" \/>\n<meta property=\"og:locale\" content=\"es_ES\" \/>\n<meta property=\"og:type\" content=\"article\" \/>\n<meta property=\"og:title\" content=\"Aiuto per il download - Kermes GPS\" \/>\n<meta property=\"og:description\" content=\"[vc_row][vc_column][vc_column_text] QUALCHE PROBLEMA CON IL DOWNLOAD? &nbsp; Le soluzioni pi\u00f9 comuni e pi\u00f9 rapide sono disponibili qui. Selezionate dalle schede il riferimento pi\u00f9 preciso al vostro problema.. [\/vc_column_text][\/vc_column][\/vc_row][vc_row][vc_column][vc_empty_space][\/vc_column][\/vc_row][vc_row][vc_column][vc_tta_tabs style=\u00bbmodern\u00bb color=\u00bbturquoise\u00bb alignment=\u00bbcenter\u00bb active_section=\u00bb1&#8243;][vc_tta_section title=\u00bbMcAfee Antivirus\u00bb tab_id=\u00bb1653488925141-f5a6a57d-640e\u00bb][vc_column_text]Quando provo a scaricare, McAfee Anti-Virus mi mostra la seguente schermata di errore: Fate attenzione quando scaricate questo file. Secondo i [&hellip;]\" \/>\n<meta property=\"og:url\" content=\"https:\/\/www.kermesgps.com\/esp\/inizio\/aggiornamenti\/passi-aggiornamento\/aggiornatore-4\/aiuto-download\/\" \/>\n<meta property=\"og:site_name\" content=\"Kermes GPS\" \/>\n<meta property=\"article:modified_time\" content=\"2022-06-23T14:02:42+00:00\" \/>\n<meta property=\"og:image\" content=\"https:\/\/www.kermesgps.com\/esp\/wp-content\/uploads\/2019\/01\/Logo-portada-negro.webp\" \/>\n\t<meta property=\"og:image:width\" content=\"300\" \/>\n\t<meta property=\"og:image:height\" content=\"86\" \/>\n\t<meta property=\"og:image:type\" content=\"image\/webp\" \/>\n<meta name=\"twitter:card\" content=\"summary_large_image\" \/>\n<meta name=\"twitter:label1\" content=\"Tiempo de lectura\" \/>\n\t<meta name=\"twitter:data1\" content=\"3 minutos\" \/>\n<script type=\"application\/ld+json\" class=\"yoast-schema-graph\">{\"@context\":\"https:\\\/\\\/schema.org\",\"@graph\":[{\"@type\":\"WebPage\",\"@id\":\"https:\\\/\\\/www.kermesgps.com\\\/esp\\\/inizio\\\/aggiornamenti\\\/passi-aggiornamento\\\/aggiornatore-4\\\/aiuto-download\\\/\",\"url\":\"https:\\\/\\\/www.kermesgps.com\\\/esp\\\/inizio\\\/aggiornamenti\\\/passi-aggiornamento\\\/aggiornatore-4\\\/aiuto-download\\\/\",\"name\":\"Aiuto per il download - Kermes GPS\",\"isPartOf\":{\"@id\":\"https:\\\/\\\/www.kermesgps.com\\\/esp\\\/#website\"},\"datePublished\":\"2022-06-23T11:14:14+00:00\",\"dateModified\":\"2022-06-23T14:02:42+00:00\",\"breadcrumb\":{\"@id\":\"https:\\\/\\\/www.kermesgps.com\\\/esp\\\/inizio\\\/aggiornamenti\\\/passi-aggiornamento\\\/aggiornatore-4\\\/aiuto-download\\\/#breadcrumb\"},\"inLanguage\":\"es\",\"potentialAction\":[{\"@type\":\"ReadAction\",\"target\":[\"https:\\\/\\\/www.kermesgps.com\\\/esp\\\/inizio\\\/aggiornamenti\\\/passi-aggiornamento\\\/aggiornatore-4\\\/aiuto-download\\\/\"]}]},{\"@type\":\"BreadcrumbList\",\"@id\":\"https:\\\/\\\/www.kermesgps.com\\\/esp\\\/inizio\\\/aggiornamenti\\\/passi-aggiornamento\\\/aggiornatore-4\\\/aiuto-download\\\/#breadcrumb\",\"itemListElement\":[{\"@type\":\"ListItem\",\"position\":1,\"name\":\"Portada\",\"item\":\"https:\\\/\\\/www.kermesgps.com\\\/esp\\\/\"},{\"@type\":\"ListItem\",\"position\":2,\"name\":\"Inizio\",\"item\":\"https:\\\/\\\/www.kermesgps.com\\\/esp\\\/inizio\\\/\"},{\"@type\":\"ListItem\",\"position\":3,\"name\":\"Aggiornamenti\",\"item\":\"https:\\\/\\\/www.kermesgps.com\\\/esp\\\/inizio\\\/aggiornamenti\\\/\"},{\"@type\":\"ListItem\",\"position\":4,\"name\":\"Passi per l&#8217;aggiornamento Kermes Plus IV\",\"item\":\"https:\\\/\\\/www.kermesgps.com\\\/esp\\\/inizio\\\/aggiornamenti\\\/passi-aggiornamento\\\/\"},{\"@type\":\"ListItem\",\"position\":5,\"name\":\"Aggiornatore Kermes Plus IV\",\"item\":\"https:\\\/\\\/www.kermesgps.com\\\/esp\\\/inizio\\\/aggiornamenti\\\/passi-aggiornamento\\\/aggiornatore-4\\\/\"},{\"@type\":\"ListItem\",\"position\":6,\"name\":\"Aiuto per il download\"}]},{\"@type\":\"WebSite\",\"@id\":\"https:\\\/\\\/www.kermesgps.com\\\/esp\\\/#website\",\"url\":\"https:\\\/\\\/www.kermesgps.com\\\/esp\\\/\",\"name\":\"Kermes GPS\",\"description\":\"Avisadores de radar mediante GPS\",\"publisher\":{\"@id\":\"https:\\\/\\\/www.kermesgps.com\\\/esp\\\/#organization\"},\"alternateName\":\"Kermes GPS\",\"potentialAction\":[{\"@type\":\"SearchAction\",\"target\":{\"@type\":\"EntryPoint\",\"urlTemplate\":\"https:\\\/\\\/www.kermesgps.com\\\/esp\\\/?s={search_term_string}\"},\"query-input\":{\"@type\":\"PropertyValueSpecification\",\"valueRequired\":true,\"valueName\":\"search_term_string\"}}],\"inLanguage\":\"es\"},{\"@type\":\"Organization\",\"@id\":\"https:\\\/\\\/www.kermesgps.com\\\/esp\\\/#organization\",\"name\":\"Kermes GPS\",\"url\":\"https:\\\/\\\/www.kermesgps.com\\\/esp\\\/\",\"logo\":{\"@type\":\"ImageObject\",\"inLanguage\":\"es\",\"@id\":\"https:\\\/\\\/www.kermesgps.com\\\/esp\\\/#\\\/schema\\\/logo\\\/image\\\/\",\"url\":\"https:\\\/\\\/www.kermesgps.com\\\/esp\\\/wp-content\\\/uploads\\\/2022\\\/06\\\/Logo-Nuevo-WFinder-30.png\",\"contentUrl\":\"https:\\\/\\\/www.kermesgps.com\\\/esp\\\/wp-content\\\/uploads\\\/2022\\\/06\\\/Logo-Nuevo-WFinder-30.png\",\"width\":625,\"height\":214,\"caption\":\"Kermes GPS\"},\"image\":{\"@id\":\"https:\\\/\\\/www.kermesgps.com\\\/esp\\\/#\\\/schema\\\/logo\\\/image\\\/\"},\"sameAs\":[\"https:\\\/\\\/www.kermesgps.com\\\/esp\\\/actualizaciones\\\/kp4\\\/\",\"https:\\\/\\\/www.tiktok.com\\\/@wfinderpro\"]}]}<\/script>\n<!-- \/ Yoast SEO plugin. -->","yoast_head_json":{"title":"Aiuto per il download - Kermes GPS","robots":{"index":"index","follow":"follow","max-snippet":"max-snippet:-1","max-image-preview":"max-image-preview:large","max-video-preview":"max-video-preview:-1"},"canonical":"https:\/\/www.kermesgps.com\/esp\/inizio\/aggiornamenti\/passi-aggiornamento\/aggiornatore-4\/aiuto-download\/","og_locale":"es_ES","og_type":"article","og_title":"Aiuto per il download - Kermes GPS","og_description":"[vc_row][vc_column][vc_column_text] QUALCHE PROBLEMA CON IL DOWNLOAD? &nbsp; Le soluzioni pi\u00f9 comuni e pi\u00f9 rapide sono disponibili qui. Selezionate dalle schede il riferimento pi\u00f9 preciso al vostro problema.. [\/vc_column_text][\/vc_column][\/vc_row][vc_row][vc_column][vc_empty_space][\/vc_column][\/vc_row][vc_row][vc_column][vc_tta_tabs style=\u00bbmodern\u00bb color=\u00bbturquoise\u00bb alignment=\u00bbcenter\u00bb active_section=\u00bb1&#8243;][vc_tta_section title=\u00bbMcAfee Antivirus\u00bb tab_id=\u00bb1653488925141-f5a6a57d-640e\u00bb][vc_column_text]Quando provo a scaricare, McAfee Anti-Virus mi mostra la seguente schermata di errore: Fate attenzione quando scaricate questo file. Secondo i [&hellip;]","og_url":"https:\/\/www.kermesgps.com\/esp\/inizio\/aggiornamenti\/passi-aggiornamento\/aggiornatore-4\/aiuto-download\/","og_site_name":"Kermes GPS","article_modified_time":"2022-06-23T14:02:42+00:00","og_image":[{"width":300,"height":86,"url":"https:\/\/www.kermesgps.com\/esp\/wp-content\/uploads\/2019\/01\/Logo-portada-negro.webp","type":"image\/webp"}],"twitter_card":"summary_large_image","twitter_misc":{"Tiempo de lectura":"3 minutos"},"schema":{"@context":"https:\/\/schema.org","@graph":[{"@type":"WebPage","@id":"https:\/\/www.kermesgps.com\/esp\/inizio\/aggiornamenti\/passi-aggiornamento\/aggiornatore-4\/aiuto-download\/","url":"https:\/\/www.kermesgps.com\/esp\/inizio\/aggiornamenti\/passi-aggiornamento\/aggiornatore-4\/aiuto-download\/","name":"Aiuto per il download - Kermes GPS","isPartOf":{"@id":"https:\/\/www.kermesgps.com\/esp\/#website"},"datePublished":"2022-06-23T11:14:14+00:00","dateModified":"2022-06-23T14:02:42+00:00","breadcrumb":{"@id":"https:\/\/www.kermesgps.com\/esp\/inizio\/aggiornamenti\/passi-aggiornamento\/aggiornatore-4\/aiuto-download\/#breadcrumb"},"inLanguage":"es","potentialAction":[{"@type":"ReadAction","target":["https:\/\/www.kermesgps.com\/esp\/inizio\/aggiornamenti\/passi-aggiornamento\/aggiornatore-4\/aiuto-download\/"]}]},{"@type":"BreadcrumbList","@id":"https:\/\/www.kermesgps.com\/esp\/inizio\/aggiornamenti\/passi-aggiornamento\/aggiornatore-4\/aiuto-download\/#breadcrumb","itemListElement":[{"@type":"ListItem","position":1,"name":"Portada","item":"https:\/\/www.kermesgps.com\/esp\/"},{"@type":"ListItem","position":2,"name":"Inizio","item":"https:\/\/www.kermesgps.com\/esp\/inizio\/"},{"@type":"ListItem","position":3,"name":"Aggiornamenti","item":"https:\/\/www.kermesgps.com\/esp\/inizio\/aggiornamenti\/"},{"@type":"ListItem","position":4,"name":"Passi per l&#8217;aggiornamento Kermes Plus IV","item":"https:\/\/www.kermesgps.com\/esp\/inizio\/aggiornamenti\/passi-aggiornamento\/"},{"@type":"ListItem","position":5,"name":"Aggiornatore Kermes Plus IV","item":"https:\/\/www.kermesgps.com\/esp\/inizio\/aggiornamenti\/passi-aggiornamento\/aggiornatore-4\/"},{"@type":"ListItem","position":6,"name":"Aiuto per il download"}]},{"@type":"WebSite","@id":"https:\/\/www.kermesgps.com\/esp\/#website","url":"https:\/\/www.kermesgps.com\/esp\/","name":"Kermes GPS","description":"Avisadores de radar mediante GPS","publisher":{"@id":"https:\/\/www.kermesgps.com\/esp\/#organization"},"alternateName":"Kermes GPS","potentialAction":[{"@type":"SearchAction","target":{"@type":"EntryPoint","urlTemplate":"https:\/\/www.kermesgps.com\/esp\/?s={search_term_string}"},"query-input":{"@type":"PropertyValueSpecification","valueRequired":true,"valueName":"search_term_string"}}],"inLanguage":"es"},{"@type":"Organization","@id":"https:\/\/www.kermesgps.com\/esp\/#organization","name":"Kermes GPS","url":"https:\/\/www.kermesgps.com\/esp\/","logo":{"@type":"ImageObject","inLanguage":"es","@id":"https:\/\/www.kermesgps.com\/esp\/#\/schema\/logo\/image\/","url":"https:\/\/www.kermesgps.com\/esp\/wp-content\/uploads\/2022\/06\/Logo-Nuevo-WFinder-30.png","contentUrl":"https:\/\/www.kermesgps.com\/esp\/wp-content\/uploads\/2022\/06\/Logo-Nuevo-WFinder-30.png","width":625,"height":214,"caption":"Kermes GPS"},"image":{"@id":"https:\/\/www.kermesgps.com\/esp\/#\/schema\/logo\/image\/"},"sameAs":["https:\/\/www.kermesgps.com\/esp\/actualizaciones\/kp4\/","https:\/\/www.tiktok.com\/@wfinderpro"]}]}},"_links":{"self":[{"href":"https:\/\/www.kermesgps.com\/esp\/wp-json\/wp\/v2\/pages\/3983","targetHints":{"allow":["GET"]}}],"collection":[{"href":"https:\/\/www.kermesgps.com\/esp\/wp-json\/wp\/v2\/pages"}],"about":[{"href":"https:\/\/www.kermesgps.com\/esp\/wp-json\/wp\/v2\/types\/page"}],"author":[{"embeddable":true,"href":"https:\/\/www.kermesgps.com\/esp\/wp-json\/wp\/v2\/users\/2"}],"replies":[{"embeddable":true,"href":"https:\/\/www.kermesgps.com\/esp\/wp-json\/wp\/v2\/comments?post=3983"}],"version-history":[{"count":0,"href":"https:\/\/www.kermesgps.com\/esp\/wp-json\/wp\/v2\/pages\/3983\/revisions"}],"up":[{"embeddable":true,"href":"https:\/\/www.kermesgps.com\/esp\/wp-json\/wp\/v2\/pages\/3976"}],"wp:attachment":[{"href":"https:\/\/www.kermesgps.com\/esp\/wp-json\/wp\/v2\/media?parent=3983"}],"curies":[{"name":"wp","href":"https:\/\/api.w.org\/{rel}","templated":true}]}}