{"id":4028,"date":"2022-06-23T18:40:22","date_gmt":"2022-06-23T16:40:22","guid":{"rendered":"https:\/\/www.kermesgps.com\/esp\/?page_id=4028"},"modified":"2023-10-11T11:11:06","modified_gmt":"2023-10-11T09:11:06","slug":"driver-plus-iii","status":"publish","type":"page","link":"https:\/\/www.kermesgps.com\/esp\/actualizaciones-kermes\/kpiii\/driver-plus-iii\/","title":{"rendered":"Driver para versiones Plus III"},"content":{"rendered":"<div class=\"wpb-content-wrapper\"><p>[vc_row][vc_column][vc_column_text]<\/p>\n<h2 style=\"text-align: center;\"><b>\u00a0INSTALACI\u00d3N DEL DRIVER<\/b><\/h2>\n<p>&nbsp;<\/p>\n<p style=\"text-align: center;\">Antes de conectar el cable necesita instalar el driver para que su ordenador reconozca el dispositivo.<\/p>\n<p>[\/vc_column_text][\/vc_column][\/vc_row][vc_row][vc_column][vc_empty_space][\/vc_column][\/vc_row][vc_row][vc_column width=\u00bb1\/4&#8243;][\/vc_column][vc_column width=\u00bb1\/2&#8243;][vc_message message_box_color=\u00bbpink\u00bb icon_fontawesome=\u00bbfas fa-exclamation-triangle\u00bb]<\/p>\n<p style=\"text-align: center;\">No conecte todav\u00eda el cable de actualizaci\u00f3n<\/p>\n<p>[\/vc_message][\/vc_column][vc_column width=\u00bb1\/4&#8243;][\/vc_column][\/vc_row][vc_row][vc_column][vc_empty_space][vc_column_text]<\/p>\n<p style=\"text-align: center;\"><strong>Seleccione<\/strong> su sistema operativo, y dentro de la pesta\u00f1a encontrar\u00e1 las opciones disponibles. Pulse sobre la opci\u00f3n para <strong>descargar<\/strong> e <strong>instalar<\/strong> el driver correspondiente.<\/p>\n<p>[\/vc_column_text][vc_empty_space][\/vc_column][\/vc_row][vc_row][vc_column][vc_tta_tabs][vc_tta_section title=\u00bbWindows\u00bb tab_id=\u00bb1653488925141-f5a6a57d-640e\u00bb][vc_column_text]Driver v\u00e1lido para:<\/p>\n<ul>\n<li>Windows <strong>11<\/strong><\/li>\n<li>Windows <strong>10<\/strong><\/li>\n<li>Windows <strong>8.1 \/R.T. 8.1<\/strong><\/li>\n<li>Windows <strong>7<\/strong><\/li>\n<li>Windows <strong>Vista<\/strong><\/li>\n<li>Windows <strong>XP<\/strong> &amp; <strong>2000<\/strong><\/li>\n<li>Windows <strong>98<\/strong> &amp; <strong>Me<\/strong><\/li>\n<\/ul>\n<p>[\/vc_column_text][vc_empty_space][vc_btn title=\u00bbDriver Windows\u00bb style=\u00bboutline\u00bb color=\u00bbturquoise\u00bb align=\u00bbleft\u00bb i_icon_fontawesome=\u00bbfas fa-microchip\u00bb add_icon=\u00bbtrue\u00bb link=\u00bburl:https%3A%2F%2Fwww.kermesgps.com%2Fesp%2Fdescargas%2FUSB%20Kermes.exe|title:Driver%20para%20Windows\u00bb][\/vc_tta_section][vc_tta_section title=\u00bbMac\u00bb tab_id=\u00bb1653487519134-0af8ae96-a59a\u00bb][vc_column_text]Dado que nuestros dispositivos est\u00e1n dise\u00f1ados para PC, los usuarios de Macintosh tienen disponibles dos recomendaciones:<\/p>\n<ul>\n<li><b>Opci\u00f3n de pago <\/b>(externo a nosotros) como <a href=\"https:\/\/www.parallels.com\/es\/products\/desktop\/?gclid=CjwKCAjw8r_XBRBkEiwAjWGLlLY4h0qdPolHTkrUkwnM8t0BT9559sysersE4IF1e8jUXYWm2uMSZhoCtOQQAvD_BwE\" target=\"_blank\" rel=\"noopener\"><b>Parallels Desktop para Mac<\/b><\/a>, con el que podr\u00e1 actualizar nuestros dispositivos de manera sencilla.<\/li>\n<\/ul>\n<p>[\/vc_column_text][vc_empty_space][vc_btn title=\u00bbParallels\u00ae Desktop\u00bb style=\u00bboutline\u00bb color=\u00bbturquoise\u00bb align=\u00bbleft\u00bb i_icon_fontawesome=\u00bbfas fa-microchip\u00bb add_icon=\u00bbtrue\u00bb link=\u00bburl:https%3A%2F%2Fwww.parallels.com%2Fes%2Fproducts%2Fdesktop%2F%3Fgclid%3DCjwKCAjw8r_XBRBkEiwAjWGLlLY4h0qdPolHTkrUkwnM8t0BT9559sysersE4IF1e8jUXYWm2uMSZhoCtOQQAvD_BwE|title:Descargar%20Parallels|target:_blank\u00bb][vc_column_text]<\/p>\n<ul>\n<li><strong>Opci\u00f3n gratuita<\/strong>. Pueden usar el sistema <a href=\"https:\/\/www.virtualbox.org\/wiki\/Downloads\" target=\"_blank\" rel=\"noopener\"><strong>VBOX<\/strong><\/a>, aplicaci\u00f3n que permite virtualizar cualquier sistema operaivo Windows (REQUIERE DISPONER DE UN DISCO DE WINDOWS). Debe descargar VirtualBox x.x.xx platform packages, elegir <strong>OS X\u00a0hosts<\/strong> y disponer de un disco de Windows.<\/li>\n<\/ul>\n<p>[\/vc_column_text][vc_empty_space][vc_btn title=\u00bbVirtualBox\u00bb style=\u00bboutline\u00bb color=\u00bbturquoise\u00bb align=\u00bbleft\u00bb i_icon_fontawesome=\u00bbfas fa-microchip\u00bb add_icon=\u00bbtrue\u00bb link=\u00bburl:https%3A%2F%2Fwww.virtualbox.org%2Fwiki%2FDownloads|title:Descargar%20VirtualBox|target:_blank\u00bb][vc_btn title=\u00bbManual de instalaci\u00f3n VirtualBox\u00bb style=\u00bboutline\u00bb color=\u00bbwarning\u00bb align=\u00bbleft\u00bb i_icon_fontawesome=\u00bbfas fa-microchip\u00bb add_icon=\u00bbtrue\u00bb link=\u00bburl:https%3A%2F%2Fwww.kermesgps.com%2Fesp%2Fasistencia%2Fmanual-virtual-box%2F|title:Manual%20orientativo%20de%20instalaci%C3%B3n%20de%20Oracle%20VBox|target:_blank\u00bb][\/vc_tta_section][\/vc_tta_tabs][\/vc_column][\/vc_row][vc_row][vc_column width=\u00bb1\/4&#8243;][\/vc_column][vc_column width=\u00bb1\/2&#8243;][vc_empty_space][vc_message message_box_color=\u00bbvista_blue\u00bb icon_fontawesome=\u00bbfas fa-check-circle\u00bb]Una vez instalado el driver puede continuar a la descarga del actualizador[\/vc_message][\/vc_column][vc_column width=\u00bb1\/4&#8243;][\/vc_column][\/vc_row][vc_row][vc_column][vc_empty_space][vc_btn title=\u00bbAhora contin\u00fae aqu\u00ed para descargar actualizador para versiones Plus III\u00bb style=\u00bboutline\u00bb color=\u00bbturquoise\u00bb size=\u00bblg\u00bb align=\u00bbcenter\u00bb i_icon_fontawesome=\u00bbfas fa-microchip\u00bb add_icon=\u00bbtrue\u00bb link=\u00bburl:https%3A%2F%2Fwww.kermesgps.com%2Fesp%2Factualizaciones%2Factualizacion-kermes-plus-iii%2F|title:Descargar%20actualizador%20para%20versiones%20Plus%20III\u00bb][\/vc_column][\/vc_row]<\/p>\n<\/div>","protected":false},"excerpt":{"rendered":"<p>[vc_row][vc_column][vc_column_text] \u00a0INSTALACI\u00d3N DEL DRIVER &nbsp; Antes de conectar el cable necesita instalar el driver para que su ordenador reconozca el dispositivo. [\/vc_column_text][\/vc_column][\/vc_row][vc_row][vc_column][vc_empty_space][\/vc_column][\/vc_row][vc_row][vc_column width=\u00bb1\/4&#8243;][\/vc_column][vc_column width=\u00bb1\/2&#8243;][vc_message message_box_color=\u00bbpink\u00bb icon_fontawesome=\u00bbfas fa-exclamation-triangle\u00bb] No conecte todav\u00eda el cable de actualizaci\u00f3n [\/vc_message][\/vc_column][vc_column width=\u00bb1\/4&#8243;][\/vc_column][\/vc_row][vc_row][vc_column][vc_empty_space][vc_column_text] Seleccione su sistema operativo, y dentro de la pesta\u00f1a encontrar\u00e1 las opciones disponibles. Pulse sobre la opci\u00f3n para descargar [&hellip;]<\/p>\n","protected":false},"author":2,"featured_media":0,"parent":4022,"menu_order":0,"comment_status":"closed","ping_status":"closed","template":"","meta":{"footnotes":""},"class_list":["post-4028","page","type-page","status-publish","hentry"],"yoast_head":"<!-- This site is optimized with the Yoast SEO plugin v27.5 - https:\/\/yoast.com\/product\/yoast-seo-wordpress\/ -->\n<title>Driver para versiones Plus III - Kermes GPS<\/title>\n<meta name=\"robots\" content=\"index, follow, max-snippet:-1, max-image-preview:large, max-video-preview:-1\" \/>\n<link rel=\"canonical\" href=\"https:\/\/www.kermesgps.com\/esp\/actualizaciones-kermes\/kpiii\/driver-plus-iii\/\" \/>\n<meta property=\"og:locale\" content=\"es_ES\" \/>\n<meta property=\"og:type\" content=\"article\" \/>\n<meta property=\"og:title\" content=\"Driver para versiones Plus III - Kermes GPS\" \/>\n<meta property=\"og:description\" content=\"[vc_row][vc_column][vc_column_text] \u00a0INSTALACI\u00d3N DEL DRIVER &nbsp; Antes de conectar el cable necesita instalar el driver para que su ordenador reconozca el dispositivo. [\/vc_column_text][\/vc_column][\/vc_row][vc_row][vc_column][vc_empty_space][\/vc_column][\/vc_row][vc_row][vc_column width=\u00bb1\/4&#8243;][\/vc_column][vc_column width=\u00bb1\/2&#8243;][vc_message message_box_color=\u00bbpink\u00bb icon_fontawesome=\u00bbfas fa-exclamation-triangle\u00bb] No conecte todav\u00eda el cable de actualizaci\u00f3n [\/vc_message][\/vc_column][vc_column width=\u00bb1\/4&#8243;][\/vc_column][\/vc_row][vc_row][vc_column][vc_empty_space][vc_column_text] Seleccione su sistema operativo, y dentro de la pesta\u00f1a encontrar\u00e1 las opciones disponibles. Pulse sobre la opci\u00f3n para descargar [&hellip;]\" \/>\n<meta property=\"og:url\" content=\"https:\/\/www.kermesgps.com\/esp\/actualizaciones-kermes\/kpiii\/driver-plus-iii\/\" \/>\n<meta property=\"og:site_name\" content=\"Kermes GPS\" \/>\n<meta property=\"article:modified_time\" content=\"2023-10-11T09:11:06+00:00\" \/>\n<meta property=\"og:image\" content=\"https:\/\/www.kermesgps.com\/esp\/wp-content\/uploads\/2019\/01\/Logo-portada-negro.webp\" \/>\n\t<meta property=\"og:image:width\" content=\"300\" \/>\n\t<meta property=\"og:image:height\" content=\"86\" \/>\n\t<meta property=\"og:image:type\" content=\"image\/webp\" \/>\n<meta name=\"twitter:card\" content=\"summary_large_image\" \/>\n<meta name=\"twitter:label1\" content=\"Tiempo de lectura\" \/>\n\t<meta name=\"twitter:data1\" content=\"2 minutos\" \/>\n<script type=\"application\/ld+json\" class=\"yoast-schema-graph\">{\"@context\":\"https:\\\/\\\/schema.org\",\"@graph\":[{\"@type\":\"WebPage\",\"@id\":\"https:\\\/\\\/www.kermesgps.com\\\/esp\\\/actualizaciones-kermes\\\/kpiii\\\/driver-plus-iii\\\/\",\"url\":\"https:\\\/\\\/www.kermesgps.com\\\/esp\\\/actualizaciones-kermes\\\/kpiii\\\/driver-plus-iii\\\/\",\"name\":\"Driver para versiones Plus III - Kermes GPS\",\"isPartOf\":{\"@id\":\"https:\\\/\\\/www.kermesgps.com\\\/esp\\\/#website\"},\"datePublished\":\"2022-06-23T16:40:22+00:00\",\"dateModified\":\"2023-10-11T09:11:06+00:00\",\"breadcrumb\":{\"@id\":\"https:\\\/\\\/www.kermesgps.com\\\/esp\\\/actualizaciones-kermes\\\/kpiii\\\/driver-plus-iii\\\/#breadcrumb\"},\"inLanguage\":\"es\",\"potentialAction\":[{\"@type\":\"ReadAction\",\"target\":[\"https:\\\/\\\/www.kermesgps.com\\\/esp\\\/actualizaciones-kermes\\\/kpiii\\\/driver-plus-iii\\\/\"]}]},{\"@type\":\"BreadcrumbList\",\"@id\":\"https:\\\/\\\/www.kermesgps.com\\\/esp\\\/actualizaciones-kermes\\\/kpiii\\\/driver-plus-iii\\\/#breadcrumb\",\"itemListElement\":[{\"@type\":\"ListItem\",\"position\":1,\"name\":\"Portada\",\"item\":\"https:\\\/\\\/www.kermesgps.com\\\/esp\\\/\"},{\"@type\":\"ListItem\",\"position\":2,\"name\":\"Actualizaciones\",\"item\":\"https:\\\/\\\/www.kermesgps.com\\\/esp\\\/actualizaciones-kermes\\\/\"},{\"@type\":\"ListItem\",\"position\":3,\"name\":\"Pasos para actualizar versiones Plus III\",\"item\":\"https:\\\/\\\/www.kermesgps.com\\\/esp\\\/actualizaciones-kermes\\\/kpiii\\\/\"},{\"@type\":\"ListItem\",\"position\":4,\"name\":\"Driver para versiones Plus III\"}]},{\"@type\":\"WebSite\",\"@id\":\"https:\\\/\\\/www.kermesgps.com\\\/esp\\\/#website\",\"url\":\"https:\\\/\\\/www.kermesgps.com\\\/esp\\\/\",\"name\":\"Kermes GPS\",\"description\":\"Avisadores de radar mediante GPS\",\"publisher\":{\"@id\":\"https:\\\/\\\/www.kermesgps.com\\\/esp\\\/#organization\"},\"alternateName\":\"Kermes GPS\",\"potentialAction\":[{\"@type\":\"SearchAction\",\"target\":{\"@type\":\"EntryPoint\",\"urlTemplate\":\"https:\\\/\\\/www.kermesgps.com\\\/esp\\\/?s={search_term_string}\"},\"query-input\":{\"@type\":\"PropertyValueSpecification\",\"valueRequired\":true,\"valueName\":\"search_term_string\"}}],\"inLanguage\":\"es\"},{\"@type\":\"Organization\",\"@id\":\"https:\\\/\\\/www.kermesgps.com\\\/esp\\\/#organization\",\"name\":\"Kermes GPS\",\"url\":\"https:\\\/\\\/www.kermesgps.com\\\/esp\\\/\",\"logo\":{\"@type\":\"ImageObject\",\"inLanguage\":\"es\",\"@id\":\"https:\\\/\\\/www.kermesgps.com\\\/esp\\\/#\\\/schema\\\/logo\\\/image\\\/\",\"url\":\"https:\\\/\\\/www.kermesgps.com\\\/esp\\\/wp-content\\\/uploads\\\/2022\\\/06\\\/Logo-Nuevo-WFinder-30.png\",\"contentUrl\":\"https:\\\/\\\/www.kermesgps.com\\\/esp\\\/wp-content\\\/uploads\\\/2022\\\/06\\\/Logo-Nuevo-WFinder-30.png\",\"width\":625,\"height\":214,\"caption\":\"Kermes GPS\"},\"image\":{\"@id\":\"https:\\\/\\\/www.kermesgps.com\\\/esp\\\/#\\\/schema\\\/logo\\\/image\\\/\"},\"sameAs\":[\"https:\\\/\\\/www.kermesgps.com\\\/esp\\\/actualizaciones\\\/kp4\\\/\",\"https:\\\/\\\/www.tiktok.com\\\/@wfinderpro\"]}]}<\/script>\n<!-- \/ Yoast SEO plugin. -->","yoast_head_json":{"title":"Driver para versiones Plus III - Kermes GPS","robots":{"index":"index","follow":"follow","max-snippet":"max-snippet:-1","max-image-preview":"max-image-preview:large","max-video-preview":"max-video-preview:-1"},"canonical":"https:\/\/www.kermesgps.com\/esp\/actualizaciones-kermes\/kpiii\/driver-plus-iii\/","og_locale":"es_ES","og_type":"article","og_title":"Driver para versiones Plus III - Kermes GPS","og_description":"[vc_row][vc_column][vc_column_text] \u00a0INSTALACI\u00d3N DEL DRIVER &nbsp; Antes de conectar el cable necesita instalar el driver para que su ordenador reconozca el dispositivo. [\/vc_column_text][\/vc_column][\/vc_row][vc_row][vc_column][vc_empty_space][\/vc_column][\/vc_row][vc_row][vc_column width=\u00bb1\/4&#8243;][\/vc_column][vc_column width=\u00bb1\/2&#8243;][vc_message message_box_color=\u00bbpink\u00bb icon_fontawesome=\u00bbfas fa-exclamation-triangle\u00bb] No conecte todav\u00eda el cable de actualizaci\u00f3n [\/vc_message][\/vc_column][vc_column width=\u00bb1\/4&#8243;][\/vc_column][\/vc_row][vc_row][vc_column][vc_empty_space][vc_column_text] Seleccione su sistema operativo, y dentro de la pesta\u00f1a encontrar\u00e1 las opciones disponibles. Pulse sobre la opci\u00f3n para descargar [&hellip;]","og_url":"https:\/\/www.kermesgps.com\/esp\/actualizaciones-kermes\/kpiii\/driver-plus-iii\/","og_site_name":"Kermes GPS","article_modified_time":"2023-10-11T09:11:06+00:00","og_image":[{"width":300,"height":86,"url":"https:\/\/www.kermesgps.com\/esp\/wp-content\/uploads\/2019\/01\/Logo-portada-negro.webp","type":"image\/webp"}],"twitter_card":"summary_large_image","twitter_misc":{"Tiempo de lectura":"2 minutos"},"schema":{"@context":"https:\/\/schema.org","@graph":[{"@type":"WebPage","@id":"https:\/\/www.kermesgps.com\/esp\/actualizaciones-kermes\/kpiii\/driver-plus-iii\/","url":"https:\/\/www.kermesgps.com\/esp\/actualizaciones-kermes\/kpiii\/driver-plus-iii\/","name":"Driver para versiones Plus III - Kermes GPS","isPartOf":{"@id":"https:\/\/www.kermesgps.com\/esp\/#website"},"datePublished":"2022-06-23T16:40:22+00:00","dateModified":"2023-10-11T09:11:06+00:00","breadcrumb":{"@id":"https:\/\/www.kermesgps.com\/esp\/actualizaciones-kermes\/kpiii\/driver-plus-iii\/#breadcrumb"},"inLanguage":"es","potentialAction":[{"@type":"ReadAction","target":["https:\/\/www.kermesgps.com\/esp\/actualizaciones-kermes\/kpiii\/driver-plus-iii\/"]}]},{"@type":"BreadcrumbList","@id":"https:\/\/www.kermesgps.com\/esp\/actualizaciones-kermes\/kpiii\/driver-plus-iii\/#breadcrumb","itemListElement":[{"@type":"ListItem","position":1,"name":"Portada","item":"https:\/\/www.kermesgps.com\/esp\/"},{"@type":"ListItem","position":2,"name":"Actualizaciones","item":"https:\/\/www.kermesgps.com\/esp\/actualizaciones-kermes\/"},{"@type":"ListItem","position":3,"name":"Pasos para actualizar versiones Plus III","item":"https:\/\/www.kermesgps.com\/esp\/actualizaciones-kermes\/kpiii\/"},{"@type":"ListItem","position":4,"name":"Driver para versiones Plus III"}]},{"@type":"WebSite","@id":"https:\/\/www.kermesgps.com\/esp\/#website","url":"https:\/\/www.kermesgps.com\/esp\/","name":"Kermes GPS","description":"Avisadores de radar mediante GPS","publisher":{"@id":"https:\/\/www.kermesgps.com\/esp\/#organization"},"alternateName":"Kermes GPS","potentialAction":[{"@type":"SearchAction","target":{"@type":"EntryPoint","urlTemplate":"https:\/\/www.kermesgps.com\/esp\/?s={search_term_string}"},"query-input":{"@type":"PropertyValueSpecification","valueRequired":true,"valueName":"search_term_string"}}],"inLanguage":"es"},{"@type":"Organization","@id":"https:\/\/www.kermesgps.com\/esp\/#organization","name":"Kermes GPS","url":"https:\/\/www.kermesgps.com\/esp\/","logo":{"@type":"ImageObject","inLanguage":"es","@id":"https:\/\/www.kermesgps.com\/esp\/#\/schema\/logo\/image\/","url":"https:\/\/www.kermesgps.com\/esp\/wp-content\/uploads\/2022\/06\/Logo-Nuevo-WFinder-30.png","contentUrl":"https:\/\/www.kermesgps.com\/esp\/wp-content\/uploads\/2022\/06\/Logo-Nuevo-WFinder-30.png","width":625,"height":214,"caption":"Kermes GPS"},"image":{"@id":"https:\/\/www.kermesgps.com\/esp\/#\/schema\/logo\/image\/"},"sameAs":["https:\/\/www.kermesgps.com\/esp\/actualizaciones\/kp4\/","https:\/\/www.tiktok.com\/@wfinderpro"]}]}},"_links":{"self":[{"href":"https:\/\/www.kermesgps.com\/esp\/wp-json\/wp\/v2\/pages\/4028","targetHints":{"allow":["GET"]}}],"collection":[{"href":"https:\/\/www.kermesgps.com\/esp\/wp-json\/wp\/v2\/pages"}],"about":[{"href":"https:\/\/www.kermesgps.com\/esp\/wp-json\/wp\/v2\/types\/page"}],"author":[{"embeddable":true,"href":"https:\/\/www.kermesgps.com\/esp\/wp-json\/wp\/v2\/users\/2"}],"replies":[{"embeddable":true,"href":"https:\/\/www.kermesgps.com\/esp\/wp-json\/wp\/v2\/comments?post=4028"}],"version-history":[{"count":0,"href":"https:\/\/www.kermesgps.com\/esp\/wp-json\/wp\/v2\/pages\/4028\/revisions"}],"up":[{"embeddable":true,"href":"https:\/\/www.kermesgps.com\/esp\/wp-json\/wp\/v2\/pages\/4022"}],"wp:attachment":[{"href":"https:\/\/www.kermesgps.com\/esp\/wp-json\/wp\/v2\/media?parent=4028"}],"curies":[{"name":"wp","href":"https:\/\/api.w.org\/{rel}","templated":true}]}}