{"id":4035,"date":"2022-06-23T19:02:03","date_gmt":"2022-06-23T17:02:03","guid":{"rendered":"https:\/\/www.kermesgps.com\/esp\/?page_id=4035"},"modified":"2023-10-05T13:10:00","modified_gmt":"2023-10-05T11:10:00","slug":"manual-virtual-box","status":"publish","type":"page","link":"https:\/\/www.kermesgps.com\/esp\/asistencia\/manual-virtual-box\/","title":{"rendered":"Manual Virtual Box"},"content":{"rendered":"<div class=\"wpb-content-wrapper\"><p>[vc_row][vc_column][vc_column_text]<\/p>\n<p style=\"text-align: center;\">Virtualbox es un programa de virtualizaci\u00f3n capaz de instalar en nuestro ordenador\u00a0cualquier sistema operativo de forma \u201cvirtual\u201d.<\/p>\n<p>[\/vc_column_text][vc_empty_space][\/vc_column][\/vc_row][vc_row][vc_column][vc_column_text]<\/p>\n<h1 style=\"text-align: center;\">Instalaci\u00f3n<\/h1>\n<p>[\/vc_column_text][vc_empty_space][\/vc_column][\/vc_row][vc_row][vc_column][vc_column_text]<\/p>\n<p style=\"text-align: center;\">En primer lugar instalaremos VirtualBox en nuestro sistema que, en este caso, corresponde a Windows. <strong>Ejecutaremos el lanzador del programa<\/strong> y se nos abrir\u00e1 la primera pantalla tal y como aparece a continuaci\u00f3n:<\/p>\n<p>[\/vc_column_text][vc_empty_space][\/vc_column][\/vc_row][vc_row][vc_column][vc_single_image image=\u00bb4057&#8243; img_size=\u00bblarge\u00bb alignment=\u00bbcenter\u00bb][\/vc_column][\/vc_row][vc_row][vc_column][vc_column_text]<\/p>\n<p style=\"text-align: center;\">Nos dar\u00e1 la bienvenida y nos informar\u00e1 de que si continuamos se instalara virtualbox en nuestro sistema.<\/p>\n<p style=\"text-align: center;\">Pulsamos en \u201c<strong>next<\/strong>\u201d y en la siguiente pantalla deberemos<strong> elegir<\/strong> los <strong>componentes<\/strong> y la ruta donde lo instaremos:<\/p>\n<p>[\/vc_column_text][vc_empty_space][\/vc_column][\/vc_row][vc_row][vc_column][vc_single_image image=\u00bb4055&#8243; img_size=\u00bblarge\u00bb alignment=\u00bbcenter\u00bb][\/vc_column][\/vc_row][vc_row][vc_column][vc_column_text]<\/p>\n<p style=\"text-align: center;\">Seleccionaremos los<strong> accesos directos<\/strong> que queramos configurar:<\/p>\n<p>[\/vc_column_text][vc_empty_space][\/vc_column][\/vc_row][vc_row][vc_column][vc_single_image image=\u00bb4054&#8243; img_size=\u00bblarge\u00bb alignment=\u00bbcenter\u00bb][\/vc_column][\/vc_row][vc_row][vc_column][vc_column_text]<\/p>\n<p style=\"text-align: center;\">En la siguiente pantalla se nos advertir\u00e1 de que se van a copiar los archivos, se reiniciar\u00e1n las tarjetas de red y se instalara el programa.<\/p>\n<p style=\"text-align: center;\">Pulsamos en <strong>install<\/strong> y esperaremos el final de la instalaci\u00f3n:<\/p>\n<p>[\/vc_column_text][vc_empty_space][\/vc_column][\/vc_row][vc_row][vc_column][vc_single_image image=\u00bb4051&#8243; img_size=\u00bblarge\u00bb alignment=\u00bbcenter\u00bb][\/vc_column][\/vc_row][vc_row][vc_column][vc_column_text]<\/p>\n<p style=\"text-align: center;\">Una ventana como esta nos indica como va la instalaci\u00f3n, teniendo que esperar a que finalice:<\/p>\n<p>[\/vc_column_text][vc_empty_space][\/vc_column][\/vc_row][vc_row][vc_column][vc_single_image image=\u00bb4049&#8243; img_size=\u00bblarge\u00bb alignment=\u00bbcenter\u00bb][\/vc_column][\/vc_row][vc_row][vc_column][vc_column_text]<\/p>\n<p style=\"text-align: center;\">Esta es la ventana que nos avisara que el programa se ha instalado correctamente en nuestro sistema y que ya esta listo para ser usado:<\/p>\n<p>[\/vc_column_text][vc_empty_space][\/vc_column][\/vc_row][vc_row][vc_column][vc_single_image image=\u00bb4047&#8243; img_size=\u00bblarge\u00bb alignment=\u00bbcenter\u00bb][\/vc_column][\/vc_row][vc_row][vc_column][vc_message message_box_color=\u00bbalert-info\u00bb icon_fontawesome=\u00bbfab fa-windows\u00bb]<\/p>\n<h2 style=\"text-align: center;\">Instalaci\u00f3n de un sistema operativo<\/h2>\n<p>[\/vc_message][\/vc_column][\/vc_row][vc_row][vc_column][vc_column_text]<\/p>\n<p style=\"text-align: center;\">El uso del programa es sencillo porque tiene un asistente que nos guiara en la instalaci\u00f3n de nuestro sistema virtual:<\/p>\n<p>[\/vc_column_text][vc_empty_space][\/vc_column][\/vc_row][vc_row][vc_column][vc_single_image image=\u00bb4045&#8243; img_size=\u00bblarge\u00bb alignment=\u00bbcenter\u00bb][\/vc_column][\/vc_row][vc_row][vc_column][vc_column_text]<\/p>\n<p style=\"text-align: center;\">Para empezar pulsaremos en \u00ab<strong>nueva<\/strong>\u00bb y se nos abrir\u00e1 el asistente que nos guiara en la instalaci\u00f3n.\u00a0Ahora tendremos que dar un<strong> nombre al sistema<\/strong> que vamos a instalar y el <strong>sistema operativo<\/strong> que es y pulsamos en siguiente para continuar:<\/p>\n<p>[\/vc_column_text][vc_empty_space][\/vc_column][\/vc_row][vc_row][vc_column][vc_single_image image=\u00bb4044&#8243; img_size=\u00bblarge\u00bb alignment=\u00bbcenter\u00bb][\/vc_column][\/vc_row][vc_row][vc_column][vc_column_text]<\/p>\n<p style=\"text-align: center;\">En la siguiente pantalla nos pedir\u00e1 que <strong>asignemos<\/strong> la cantidad de <strong>memoria RAM<\/strong> que se asignara a la maquina virtual.\u00a0En nuestro caso dejamos el tama\u00f1o predefinido:<\/p>\n<p>[\/vc_column_text][vc_empty_space][\/vc_column][\/vc_row][vc_row][vc_column][vc_single_image image=\u00bb4042&#8243; img_size=\u00bblarge\u00bb alignment=\u00bbcenter\u00bb][\/vc_column][\/vc_row][vc_row][vc_column][vc_column_text]<\/p>\n<p style=\"text-align: center;\">Seguimos con el asistente y ahora debemos <strong>crear<\/strong> el <strong>disco duro virtual<\/strong> (o utilizar uno ya existente):<\/p>\n<p>[\/vc_column_text][vc_empty_space][\/vc_column][\/vc_row][vc_row][vc_column][vc_single_image image=\u00bb4040&#8243; img_size=\u00bblarge\u00bb alignment=\u00bbcenter\u00bb][\/vc_column][\/vc_row][vc_row][vc_column][vc_column_text]<\/p>\n<p style=\"text-align: center;\">Al pulsar en nuevo entraremos en un asistente que nos guiara los pasos como en la imagen que se muestra a continuaci\u00f3n:<\/p>\n<p>[\/vc_column_text][vc_empty_space][\/vc_column][\/vc_row][vc_row][vc_column][vc_single_image image=\u00bb4038&#8243; img_size=\u00bblarge\u00bb alignment=\u00bbcenter\u00bb][\/vc_column][\/vc_row][vc_row][vc_column][vc_column_text]<\/p>\n<p style=\"text-align: center;\">Una vez completado el asistente ya s\u00f3lo quedar\u00e1 <strong>guardar los cambios<\/strong> para volver a la pantalla anterior con los cambios hechos. Pulsamos en <strong>siguiente<\/strong> para continuar. Ya tendremos todo preparado en la siguiente pantalla pulsaremos en terminar.<\/p>\n<p style=\"text-align: center;\">Ya hemos creado nuestra maquina virtual, esta ser\u00e1 la pantalla que nos mostrar\u00e1:<\/p>\n<p>[\/vc_column_text][vc_empty_space][\/vc_column][\/vc_row][vc_row][vc_column][vc_single_image image=\u00bb4037&#8243; img_size=\u00bblarge\u00bb alignment=\u00bbcenter\u00bb][\/vc_column][\/vc_row][vc_row][vc_column][vc_message icon_fontawesome=\u00bbfab fa-windows\u00bb]<\/p>\n<h2 style=\"text-align: center;\">INSTALAR WINDOWS 7\/8.1\/10\/11 EN NUESTRA MAQUINA VIRTUAL<\/h2>\n<p>[\/vc_message][\/vc_column][\/vc_row][vc_row][vc_column][vc_column_text]<\/p>\n<p style=\"text-align: center;\">Vamos a configurar nuestra unidad dvd, donde pondremos el dvd del Windows a instalar. Para ello abrimos el men\u00fa de configuraci\u00f3n de la m\u00e1quina virtual y nos desplazamos hasta el men\u00fa que aparece en la pantalla:<\/p>\n<p>[\/vc_column_text][vc_empty_space][\/vc_column][\/vc_row][vc_row][vc_column][vc_single_image image=\u00bb4036&#8243; img_size=\u00bblarge\u00bb alignment=\u00bbcenter\u00bb][\/vc_column][\/vc_row][vc_row][vc_column][vc_column_text]<\/p>\n<p style=\"text-align: center;\">En la pantalla que se nos abre seleccionaremos la letra de la unidad donde hemos cargado el disco o buscaremos una imagen ISO del mismo.<\/p>\n<p style=\"text-align: center;\">Guardamos los cambios y la m\u00e1quina virtual estar\u00e1 lista.<\/p>\n<p style=\"text-align: center;\">Ahora pulsamos en iniciar y seguiremos el asistente de instalaci\u00f3n del sistema operativo como si se tratase de un ordenador f\u00edsico.<\/p>\n<p>[\/vc_column_text][vc_empty_space][\/vc_column][\/vc_row][vc_row][vc_column][vc_message message_box_color=\u00bbdanger\u00bb]<\/p>\n<p style=\"text-align: center;\">No damos soporte a programas externos a nuestra empresa, disculpe las molestias.<\/p>\n<p>[\/vc_message][\/vc_column][\/vc_row]<\/p>\n<\/div>","protected":false},"excerpt":{"rendered":"<p>[vc_row][vc_column][vc_column_text] Virtualbox es un programa de virtualizaci\u00f3n capaz de instalar en nuestro ordenador\u00a0cualquier sistema operativo de forma \u201cvirtual\u201d. [\/vc_column_text][vc_empty_space][\/vc_column][\/vc_row][vc_row][vc_column][vc_column_text] Instalaci\u00f3n [\/vc_column_text][vc_empty_space][\/vc_column][\/vc_row][vc_row][vc_column][vc_column_text] En primer lugar instalaremos VirtualBox en nuestro sistema que, en este caso, corresponde a Windows. Ejecutaremos el lanzador del programa y se nos abrir\u00e1 la primera pantalla tal y como aparece a continuaci\u00f3n: [\/vc_column_text][vc_empty_space][\/vc_column][\/vc_row][vc_row][vc_column][vc_single_image [&hellip;]<\/p>\n","protected":false},"author":2,"featured_media":0,"parent":3280,"menu_order":0,"comment_status":"closed","ping_status":"closed","template":"","meta":{"footnotes":""},"class_list":["post-4035","page","type-page","status-publish","hentry"],"yoast_head":"<!-- This site is optimized with the Yoast SEO plugin v27.5 - https:\/\/yoast.com\/product\/yoast-seo-wordpress\/ -->\n<title>Manual Virtual Box - Kermes GPS<\/title>\n<meta name=\"robots\" content=\"noindex, nofollow\" \/>\n<meta property=\"og:locale\" content=\"es_ES\" \/>\n<meta property=\"og:type\" content=\"article\" \/>\n<meta property=\"og:title\" content=\"Manual Virtual Box - Kermes GPS\" \/>\n<meta property=\"og:description\" content=\"[vc_row][vc_column][vc_column_text] Virtualbox es un programa de virtualizaci\u00f3n capaz de instalar en nuestro ordenador\u00a0cualquier sistema operativo de forma \u201cvirtual\u201d. [\/vc_column_text][vc_empty_space][\/vc_column][\/vc_row][vc_row][vc_column][vc_column_text] Instalaci\u00f3n [\/vc_column_text][vc_empty_space][\/vc_column][\/vc_row][vc_row][vc_column][vc_column_text] En primer lugar instalaremos VirtualBox en nuestro sistema que, en este caso, corresponde a Windows. Ejecutaremos el lanzador del programa y se nos abrir\u00e1 la primera pantalla tal y como aparece a continuaci\u00f3n: [\/vc_column_text][vc_empty_space][\/vc_column][\/vc_row][vc_row][vc_column][vc_single_image [&hellip;]\" \/>\n<meta property=\"og:url\" content=\"https:\/\/www.kermesgps.com\/esp\/asistencia\/manual-virtual-box\/\" \/>\n<meta property=\"og:site_name\" content=\"Kermes GPS\" \/>\n<meta property=\"article:modified_time\" content=\"2023-10-05T11:10:00+00:00\" \/>\n<meta property=\"og:image\" content=\"https:\/\/www.kermesgps.com\/esp\/wp-content\/uploads\/2019\/01\/Logo-portada-negro.webp\" \/>\n\t<meta property=\"og:image:width\" content=\"300\" \/>\n\t<meta property=\"og:image:height\" content=\"86\" \/>\n\t<meta property=\"og:image:type\" content=\"image\/webp\" \/>\n<meta name=\"twitter:card\" content=\"summary_large_image\" \/>\n<meta name=\"twitter:label1\" content=\"Tiempo de lectura\" \/>\n\t<meta name=\"twitter:data1\" content=\"3 minutos\" \/>\n<script type=\"application\/ld+json\" class=\"yoast-schema-graph\">{\"@context\":\"https:\\\/\\\/schema.org\",\"@graph\":[{\"@type\":\"WebPage\",\"@id\":\"https:\\\/\\\/www.kermesgps.com\\\/esp\\\/asistencia\\\/manual-virtual-box\\\/\",\"url\":\"https:\\\/\\\/www.kermesgps.com\\\/esp\\\/asistencia\\\/manual-virtual-box\\\/\",\"name\":\"Manual Virtual Box - Kermes GPS\",\"isPartOf\":{\"@id\":\"https:\\\/\\\/www.kermesgps.com\\\/esp\\\/#website\"},\"datePublished\":\"2022-06-23T17:02:03+00:00\",\"dateModified\":\"2023-10-05T11:10:00+00:00\",\"breadcrumb\":{\"@id\":\"https:\\\/\\\/www.kermesgps.com\\\/esp\\\/asistencia\\\/manual-virtual-box\\\/#breadcrumb\"},\"inLanguage\":\"es\",\"potentialAction\":[{\"@type\":\"ReadAction\",\"target\":[\"https:\\\/\\\/www.kermesgps.com\\\/esp\\\/asistencia\\\/manual-virtual-box\\\/\"]}]},{\"@type\":\"BreadcrumbList\",\"@id\":\"https:\\\/\\\/www.kermesgps.com\\\/esp\\\/asistencia\\\/manual-virtual-box\\\/#breadcrumb\",\"itemListElement\":[{\"@type\":\"ListItem\",\"position\":1,\"name\":\"Portada\",\"item\":\"https:\\\/\\\/www.kermesgps.com\\\/esp\\\/\"},{\"@type\":\"ListItem\",\"position\":2,\"name\":\"Asistencia\",\"item\":\"https:\\\/\\\/www.kermesgps.com\\\/esp\\\/asistencia\\\/\"},{\"@type\":\"ListItem\",\"position\":3,\"name\":\"Manual Virtual Box\"}]},{\"@type\":\"WebSite\",\"@id\":\"https:\\\/\\\/www.kermesgps.com\\\/esp\\\/#website\",\"url\":\"https:\\\/\\\/www.kermesgps.com\\\/esp\\\/\",\"name\":\"Kermes GPS\",\"description\":\"Avisadores de radar mediante GPS\",\"publisher\":{\"@id\":\"https:\\\/\\\/www.kermesgps.com\\\/esp\\\/#organization\"},\"alternateName\":\"Kermes GPS\",\"potentialAction\":[{\"@type\":\"SearchAction\",\"target\":{\"@type\":\"EntryPoint\",\"urlTemplate\":\"https:\\\/\\\/www.kermesgps.com\\\/esp\\\/?s={search_term_string}\"},\"query-input\":{\"@type\":\"PropertyValueSpecification\",\"valueRequired\":true,\"valueName\":\"search_term_string\"}}],\"inLanguage\":\"es\"},{\"@type\":\"Organization\",\"@id\":\"https:\\\/\\\/www.kermesgps.com\\\/esp\\\/#organization\",\"name\":\"Kermes GPS\",\"url\":\"https:\\\/\\\/www.kermesgps.com\\\/esp\\\/\",\"logo\":{\"@type\":\"ImageObject\",\"inLanguage\":\"es\",\"@id\":\"https:\\\/\\\/www.kermesgps.com\\\/esp\\\/#\\\/schema\\\/logo\\\/image\\\/\",\"url\":\"https:\\\/\\\/www.kermesgps.com\\\/esp\\\/wp-content\\\/uploads\\\/2022\\\/06\\\/Logo-Nuevo-WFinder-30.png\",\"contentUrl\":\"https:\\\/\\\/www.kermesgps.com\\\/esp\\\/wp-content\\\/uploads\\\/2022\\\/06\\\/Logo-Nuevo-WFinder-30.png\",\"width\":625,\"height\":214,\"caption\":\"Kermes GPS\"},\"image\":{\"@id\":\"https:\\\/\\\/www.kermesgps.com\\\/esp\\\/#\\\/schema\\\/logo\\\/image\\\/\"},\"sameAs\":[\"https:\\\/\\\/www.kermesgps.com\\\/esp\\\/actualizaciones\\\/kp4\\\/\",\"https:\\\/\\\/www.tiktok.com\\\/@wfinderpro\"]}]}<\/script>\n<!-- \/ Yoast SEO plugin. -->","yoast_head_json":{"title":"Manual Virtual Box - Kermes GPS","robots":{"index":"noindex","follow":"nofollow"},"og_locale":"es_ES","og_type":"article","og_title":"Manual Virtual Box - Kermes GPS","og_description":"[vc_row][vc_column][vc_column_text] Virtualbox es un programa de virtualizaci\u00f3n capaz de instalar en nuestro ordenador\u00a0cualquier sistema operativo de forma \u201cvirtual\u201d. [\/vc_column_text][vc_empty_space][\/vc_column][\/vc_row][vc_row][vc_column][vc_column_text] Instalaci\u00f3n [\/vc_column_text][vc_empty_space][\/vc_column][\/vc_row][vc_row][vc_column][vc_column_text] En primer lugar instalaremos VirtualBox en nuestro sistema que, en este caso, corresponde a Windows. Ejecutaremos el lanzador del programa y se nos abrir\u00e1 la primera pantalla tal y como aparece a continuaci\u00f3n: [\/vc_column_text][vc_empty_space][\/vc_column][\/vc_row][vc_row][vc_column][vc_single_image [&hellip;]","og_url":"https:\/\/www.kermesgps.com\/esp\/asistencia\/manual-virtual-box\/","og_site_name":"Kermes GPS","article_modified_time":"2023-10-05T11:10:00+00:00","og_image":[{"width":300,"height":86,"url":"https:\/\/www.kermesgps.com\/esp\/wp-content\/uploads\/2019\/01\/Logo-portada-negro.webp","type":"image\/webp"}],"twitter_card":"summary_large_image","twitter_misc":{"Tiempo de lectura":"3 minutos"},"schema":{"@context":"https:\/\/schema.org","@graph":[{"@type":"WebPage","@id":"https:\/\/www.kermesgps.com\/esp\/asistencia\/manual-virtual-box\/","url":"https:\/\/www.kermesgps.com\/esp\/asistencia\/manual-virtual-box\/","name":"Manual Virtual Box - Kermes GPS","isPartOf":{"@id":"https:\/\/www.kermesgps.com\/esp\/#website"},"datePublished":"2022-06-23T17:02:03+00:00","dateModified":"2023-10-05T11:10:00+00:00","breadcrumb":{"@id":"https:\/\/www.kermesgps.com\/esp\/asistencia\/manual-virtual-box\/#breadcrumb"},"inLanguage":"es","potentialAction":[{"@type":"ReadAction","target":["https:\/\/www.kermesgps.com\/esp\/asistencia\/manual-virtual-box\/"]}]},{"@type":"BreadcrumbList","@id":"https:\/\/www.kermesgps.com\/esp\/asistencia\/manual-virtual-box\/#breadcrumb","itemListElement":[{"@type":"ListItem","position":1,"name":"Portada","item":"https:\/\/www.kermesgps.com\/esp\/"},{"@type":"ListItem","position":2,"name":"Asistencia","item":"https:\/\/www.kermesgps.com\/esp\/asistencia\/"},{"@type":"ListItem","position":3,"name":"Manual Virtual Box"}]},{"@type":"WebSite","@id":"https:\/\/www.kermesgps.com\/esp\/#website","url":"https:\/\/www.kermesgps.com\/esp\/","name":"Kermes GPS","description":"Avisadores de radar mediante GPS","publisher":{"@id":"https:\/\/www.kermesgps.com\/esp\/#organization"},"alternateName":"Kermes GPS","potentialAction":[{"@type":"SearchAction","target":{"@type":"EntryPoint","urlTemplate":"https:\/\/www.kermesgps.com\/esp\/?s={search_term_string}"},"query-input":{"@type":"PropertyValueSpecification","valueRequired":true,"valueName":"search_term_string"}}],"inLanguage":"es"},{"@type":"Organization","@id":"https:\/\/www.kermesgps.com\/esp\/#organization","name":"Kermes GPS","url":"https:\/\/www.kermesgps.com\/esp\/","logo":{"@type":"ImageObject","inLanguage":"es","@id":"https:\/\/www.kermesgps.com\/esp\/#\/schema\/logo\/image\/","url":"https:\/\/www.kermesgps.com\/esp\/wp-content\/uploads\/2022\/06\/Logo-Nuevo-WFinder-30.png","contentUrl":"https:\/\/www.kermesgps.com\/esp\/wp-content\/uploads\/2022\/06\/Logo-Nuevo-WFinder-30.png","width":625,"height":214,"caption":"Kermes GPS"},"image":{"@id":"https:\/\/www.kermesgps.com\/esp\/#\/schema\/logo\/image\/"},"sameAs":["https:\/\/www.kermesgps.com\/esp\/actualizaciones\/kp4\/","https:\/\/www.tiktok.com\/@wfinderpro"]}]}},"_links":{"self":[{"href":"https:\/\/www.kermesgps.com\/esp\/wp-json\/wp\/v2\/pages\/4035","targetHints":{"allow":["GET"]}}],"collection":[{"href":"https:\/\/www.kermesgps.com\/esp\/wp-json\/wp\/v2\/pages"}],"about":[{"href":"https:\/\/www.kermesgps.com\/esp\/wp-json\/wp\/v2\/types\/page"}],"author":[{"embeddable":true,"href":"https:\/\/www.kermesgps.com\/esp\/wp-json\/wp\/v2\/users\/2"}],"replies":[{"embeddable":true,"href":"https:\/\/www.kermesgps.com\/esp\/wp-json\/wp\/v2\/comments?post=4035"}],"version-history":[{"count":0,"href":"https:\/\/www.kermesgps.com\/esp\/wp-json\/wp\/v2\/pages\/4035\/revisions"}],"up":[{"embeddable":true,"href":"https:\/\/www.kermesgps.com\/esp\/wp-json\/wp\/v2\/pages\/3280"}],"wp:attachment":[{"href":"https:\/\/www.kermesgps.com\/esp\/wp-json\/wp\/v2\/media?parent=4035"}],"curies":[{"name":"wp","href":"https:\/\/api.w.org\/{rel}","templated":true}]}}