{"id":4169,"date":"2022-07-04T17:27:56","date_gmt":"2022-07-04T15:27:56","guid":{"rendered":"https:\/\/www.kermesgps.com\/esp\/?page_id=4169"},"modified":"2026-04-27T12:18:31","modified_gmt":"2026-04-27T10:18:31","slug":"ayuda-k3","status":"publish","type":"page","link":"https:\/\/www.kermesgps.com\/esp\/actualizaciones-kermes\/actualizador-k3\/ayuda-k3\/","title":{"rendered":"Ayuda para la descarga K3"},"content":{"rendered":"<div class=\"wpb-content-wrapper\"><p>[vc_row][vc_column][vc_column_text]<\/p>\n<h2 style=\"text-align: center;\"><b>\u00a0\u00bfALG\u00daN PROBLEMA CON LA DESCARGA?<\/b><\/h2>\n<p>&nbsp;<\/p>\n<p style=\"text-align: center;\">Aqu\u00ed dispone de las soluciones m\u00e1s habituales y r\u00e1pidas.<\/p>\n<p style=\"text-align: center;\">Seleccione en las pesta\u00f1as la referencia m\u00e1s precisa a su problema.<\/p>\n<p>[\/vc_column_text][\/vc_column][\/vc_row][vc_row][vc_column][vc_empty_space][\/vc_column][\/vc_row][vc_row][vc_column][vc_tta_tabs style=\u00bbmodern\u00bb color=\u00bbturquoise\u00bb alignment=\u00bbcenter\u00bb active_section=\u00bb1&#8243;][vc_tta_section title=\u00bbMcAfee Antivirus\u00bb tab_id=\u00bb1653488925141-f5a6a57d-640e\u00bb][vc_column_text]Al intentar realizar la descarga, el antivirus McAfee me muestra la siguiente pantalla de error.<\/p>\n<p><img loading=\"lazy\" decoding=\"async\" class=\"alignnone wp-image-3600 size-full\" src=\"https:\/\/www.kermesgps.com\/esp\/wp-content\/uploads\/2022\/05\/McAfee.png\" alt=\"\" width=\"562\" height=\"269\" srcset=\"https:\/\/www.kermesgps.com\/esp\/wp-content\/uploads\/2022\/05\/McAfee.png 562w, https:\/\/www.kermesgps.com\/esp\/wp-content\/uploads\/2022\/05\/McAfee-300x144.png 300w\" sizes=\"auto, (max-width: 562px) 100vw, 562px\" \/><\/p>\n<p>Y otra ventana que puede aparecer es la siguiente:<\/p>\n<p><img loading=\"lazy\" decoding=\"async\" class=\"aligncenter size-full wp-image-5325\" src=\"https:\/\/www.kermesgps.com\/esp\/wp-content\/uploads\/2024\/04\/McAfee_error.webp\" alt=\"\" width=\"1047\" height=\"711\" srcset=\"https:\/\/www.kermesgps.com\/esp\/wp-content\/uploads\/2024\/04\/McAfee_error.webp 1047w, https:\/\/www.kermesgps.com\/esp\/wp-content\/uploads\/2024\/04\/McAfee_error-300x204.webp 300w, https:\/\/www.kermesgps.com\/esp\/wp-content\/uploads\/2024\/04\/McAfee_error-1024x695.webp 1024w, https:\/\/www.kermesgps.com\/esp\/wp-content\/uploads\/2024\/04\/McAfee_error-768x522.webp 768w\" sizes=\"auto, (max-width: 1047px) 100vw, 1047px\" \/>[\/vc_column_text][vc_empty_space][vc_message color=\u00bbsuccess\u00bb message_box_color=\u00bbsuccess\u00bb icon_fontawesome=\u00bbfas fa-check\u00bb]Pala la primera imagen solo pulse en \u00abContinuar\u00bb y finalizar\u00e1 la descarga. Su antivirus detiene, por seguridad, cualquier ejecutable desde internet, pero la descarga en este caso es totalmente segura.<\/p>\n<p>Para la segunda imagen, debe pulsar en \u00abver archivos en cuarentena\u00bb y restaurar nuestro archivo de actualizaci\u00f3n.[\/vc_message][\/vc_tta_section][vc_tta_section title=\u00bbTor Browser\u00bb tab_id=\u00bb1653487519134-0af8ae96-a59a\u00bb][vc_column_text]Si usa el navegador Tor es posible que le aparezca el siguiente mensaje:<\/p>\n<p><img loading=\"lazy\" decoding=\"async\" class=\"alignnone wp-image-3601 size-full\" src=\"https:\/\/www.kermesgps.com\/esp\/wp-content\/uploads\/2022\/05\/Thor-e1653494468913.png\" alt=\"\" width=\"562\" height=\"219\" srcset=\"https:\/\/www.kermesgps.com\/esp\/wp-content\/uploads\/2022\/05\/Thor-e1653494468913.png 562w, https:\/\/www.kermesgps.com\/esp\/wp-content\/uploads\/2022\/05\/Thor-e1653494468913-300x117.png 300w\" sizes=\"auto, (max-width: 562px) 100vw, 562px\" \/>[\/vc_column_text][vc_empty_space][vc_message color=\u00bbsuccess\u00bb message_box_color=\u00bbsuccess\u00bb icon_fontawesome=\u00bbfas fa-check\u00bb]Puede hacer click en \u00abDescargar archivo\u00bb para realizar la descarga.[\/vc_message][\/vc_tta_section][vc_tta_section title=\u00bbMicrosoft Edge\u00bb tab_id=\u00bb1653487519144-7f24d4a3-30e8&#8243;][vc_column_text]Puede ocurrir que el navegador Edge detenga la primera vez la descarga, dado que es un archivo .exe y por seguridad siempre detiene este tipo de descargas.<\/p>\n<p><strong>KERMES K3.sfx.exe Se bloque\u00f3 porque este tipo de archivo puede da\u00f1ar el dispositivo<\/strong>.<\/p>\n<p>Normalmente pulsando en \u00abM\u00e1s informaci\u00f3n\u00bb permite \u00abdescargar de todos modos\u00bb y se realiza normalmente.<\/p>\n<p>Si no es as\u00ed, intente dirigirse a la configuraci\u00f3n del navegador, en la barra de b\u00fasqueda izquierda busca Smartscreen de Microsoft Defender y desact\u00edvelo.<\/p>\n<ul>\n<li>Seguridad de Windows (Tambien llamada Windows Defender), despues vaya a Control de aplicaciones y explorador, luego a Configuraci\u00f3n de protecci\u00f3n basada en reputaci\u00f3n. Ah\u00ed desactive Bloqueo de aplicaciones potencialmente no deseadas y SmartScreen para Microsoft Edge.<\/li>\n<\/ul>\n<p>[\/vc_column_text][vc_empty_space][vc_single_image image=\u00bb3883&#8243; img_size=\u00bblarge\u00bb][\/vc_tta_section][vc_tta_section title=\u00bbMozilla Firefox\u00bb tab_id=\u00bb1653488586452-4a384203-70a1&#8243;][vc_column_text]Si Mozilla Firefox le muestra el aviso que tiene en la imagen, simplemente debe pulsar sobre \u00ab<strong>Permitir descarga<\/strong>\u00bb y se realizar\u00e1 inmediatamente. Este aviso viene dado al ser un .exe que por seguiridad se detiene, no porque se detecte ning\u00fan archivo malicioso.<b><br \/>\n<\/b>[\/vc_column_text][vc_empty_space][vc_single_image image=\u00bb4185&#8243; img_size=\u00bblarge\u00bb][\/vc_tta_section][vc_tta_section title=\u00bbGoogle Chrome\u00bb tab_id=\u00bb1653488766498-0a1e6606-82e5&#8243;][vc_column_text]En desarrollo.<\/p>\n<p>Si aparece alg\u00fan problema contacte con nosotros en el bot\u00f3n mas abajo.[\/vc_column_text][vc_empty_space][\/vc_tta_section][\/vc_tta_tabs][\/vc_column][\/vc_row][vc_row][vc_column width=\u00bb1\/2&#8243;][vc_empty_space][vc_btn title=\u00bbDescargar actualizador para Kermes K3&#8243; style=\u00bboutline\u00bb color=\u00bbturquoise\u00bb size=\u00bblg\u00bb align=\u00bbcenter\u00bb i_icon_fontawesome=\u00bbfas fa-file-archive\u00bb add_icon=\u00bbtrue\u00bb link=\u00bburl:https%3A%2F%2Fwww.kermesgps.com%2Fesp%2Factualizaciones%2Factualizador-k3%2F|title:Descargar%20archivo%20comprimido\u00bb][\/vc_column][vc_column width=\u00bb1\/2&#8243;][vc_empty_space][vc_btn title=\u00bbDescargar actualizador para Eclipse DSP\u00bb style=\u00bboutline\u00bb color=\u00bbturquoise\u00bb size=\u00bblg\u00bb align=\u00bbcenter\u00bb i_icon_fontawesome=\u00bb\u00bb css=\u00bb\u00bb add_icon=\u00bbtrue\u00bb link=\u00bburl:https%3A%2F%2Fwww.kermesgps.com%2Fesp%2Fdescargas%2FEclipse%20DPS%2FActualizar%20Eclipse%20DSP.rar|title:Descargar%20archivo%20comprimido\u00bb][vc_empty_space][\/vc_column][\/vc_row][vc_row][vc_column][vc_column_text]<\/p>\n<p style=\"text-align: center;\">Si no ha podido solucionar su problema, p\u00f3ngase en contacto con nosotros mediante el formulario de asistencia t\u00e9cnica.<\/p>\n<p>[\/vc_column_text][vc_empty_space][vc_btn title=\u00bbSolicitar asistencia\u00bb style=\u00bboutline\u00bb color=\u00bbturquoise\u00bb size=\u00bblg\u00bb align=\u00bbcenter\u00bb i_icon_fontawesome=\u00bbfas fa-life-ring\u00bb add_icon=\u00bbtrue\u00bb link=\u00bburl:https%3A%2F%2Fwww.kermesgps.com%2Fesp%2Fasistencia%2Fsupport%2F|title:Descargar%20archivo%20comprimido\u00bb][\/vc_column][\/vc_row]<\/p>\n<\/div>","protected":false},"excerpt":{"rendered":"<p>[vc_row][vc_column][vc_column_text] \u00a0\u00bfALG\u00daN PROBLEMA CON LA DESCARGA? &nbsp; Aqu\u00ed dispone de las soluciones m\u00e1s habituales y r\u00e1pidas. Seleccione en las pesta\u00f1as la referencia m\u00e1s precisa a su problema. [\/vc_column_text][\/vc_column][\/vc_row][vc_row][vc_column][vc_empty_space][\/vc_column][\/vc_row][vc_row][vc_column][vc_tta_tabs style=\u00bbmodern\u00bb color=\u00bbturquoise\u00bb alignment=\u00bbcenter\u00bb active_section=\u00bb1&#8243;][vc_tta_section title=\u00bbMcAfee Antivirus\u00bb tab_id=\u00bb1653488925141-f5a6a57d-640e\u00bb][vc_column_text]Al intentar realizar la descarga, el antivirus McAfee me muestra la siguiente pantalla de error. Y otra ventana que puede aparecer [&hellip;]<\/p>\n","protected":false},"author":2,"featured_media":0,"parent":4159,"menu_order":0,"comment_status":"closed","ping_status":"closed","template":"","meta":{"footnotes":""},"class_list":["post-4169","page","type-page","status-publish","hentry"],"yoast_head":"<!-- This site is optimized with the Yoast SEO plugin v27.5 - https:\/\/yoast.com\/product\/yoast-seo-wordpress\/ -->\n<title>Ayuda para la descarga K3 - Kermes GPS<\/title>\n<meta name=\"robots\" content=\"index, follow, max-snippet:-1, max-image-preview:large, max-video-preview:-1\" \/>\n<link rel=\"canonical\" href=\"https:\/\/www.kermesgps.com\/esp\/actualizaciones-kermes\/actualizador-k3\/ayuda-k3\/\" \/>\n<meta property=\"og:locale\" content=\"es_ES\" \/>\n<meta property=\"og:type\" content=\"article\" \/>\n<meta property=\"og:title\" content=\"Ayuda para la descarga K3 - Kermes GPS\" \/>\n<meta property=\"og:description\" content=\"[vc_row][vc_column][vc_column_text] \u00a0\u00bfALG\u00daN PROBLEMA CON LA DESCARGA? &nbsp; Aqu\u00ed dispone de las soluciones m\u00e1s habituales y r\u00e1pidas. Seleccione en las pesta\u00f1as la referencia m\u00e1s precisa a su problema. [\/vc_column_text][\/vc_column][\/vc_row][vc_row][vc_column][vc_empty_space][\/vc_column][\/vc_row][vc_row][vc_column][vc_tta_tabs style=\u00bbmodern\u00bb color=\u00bbturquoise\u00bb alignment=\u00bbcenter\u00bb active_section=\u00bb1&#8243;][vc_tta_section title=\u00bbMcAfee Antivirus\u00bb tab_id=\u00bb1653488925141-f5a6a57d-640e\u00bb][vc_column_text]Al intentar realizar la descarga, el antivirus McAfee me muestra la siguiente pantalla de error. Y otra ventana que puede aparecer [&hellip;]\" \/>\n<meta property=\"og:url\" content=\"https:\/\/www.kermesgps.com\/esp\/actualizaciones-kermes\/actualizador-k3\/ayuda-k3\/\" \/>\n<meta property=\"og:site_name\" content=\"Kermes GPS\" \/>\n<meta property=\"article:modified_time\" content=\"2026-04-27T10:18:31+00:00\" \/>\n<meta property=\"og:image\" content=\"https:\/\/www.kermesgps.com\/esp\/wp-content\/uploads\/2022\/05\/McAfee.png\" \/>\n\t<meta property=\"og:image:width\" content=\"562\" \/>\n\t<meta property=\"og:image:height\" content=\"269\" \/>\n\t<meta property=\"og:image:type\" content=\"image\/png\" \/>\n<meta name=\"twitter:card\" content=\"summary_large_image\" \/>\n<meta name=\"twitter:label1\" content=\"Tiempo de lectura\" \/>\n\t<meta name=\"twitter:data1\" content=\"3 minutos\" \/>\n<script type=\"application\/ld+json\" class=\"yoast-schema-graph\">{\"@context\":\"https:\\\/\\\/schema.org\",\"@graph\":[{\"@type\":\"WebPage\",\"@id\":\"https:\\\/\\\/www.kermesgps.com\\\/esp\\\/actualizaciones-kermes\\\/actualizador-k3\\\/ayuda-k3\\\/\",\"url\":\"https:\\\/\\\/www.kermesgps.com\\\/esp\\\/actualizaciones-kermes\\\/actualizador-k3\\\/ayuda-k3\\\/\",\"name\":\"Ayuda para la descarga K3 - Kermes GPS\",\"isPartOf\":{\"@id\":\"https:\\\/\\\/www.kermesgps.com\\\/esp\\\/#website\"},\"primaryImageOfPage\":{\"@id\":\"https:\\\/\\\/www.kermesgps.com\\\/esp\\\/actualizaciones-kermes\\\/actualizador-k3\\\/ayuda-k3\\\/#primaryimage\"},\"image\":{\"@id\":\"https:\\\/\\\/www.kermesgps.com\\\/esp\\\/actualizaciones-kermes\\\/actualizador-k3\\\/ayuda-k3\\\/#primaryimage\"},\"thumbnailUrl\":\"https:\\\/\\\/www.kermesgps.com\\\/esp\\\/wp-content\\\/uploads\\\/2022\\\/05\\\/McAfee.png\",\"datePublished\":\"2022-07-04T15:27:56+00:00\",\"dateModified\":\"2026-04-27T10:18:31+00:00\",\"breadcrumb\":{\"@id\":\"https:\\\/\\\/www.kermesgps.com\\\/esp\\\/actualizaciones-kermes\\\/actualizador-k3\\\/ayuda-k3\\\/#breadcrumb\"},\"inLanguage\":\"es\",\"potentialAction\":[{\"@type\":\"ReadAction\",\"target\":[\"https:\\\/\\\/www.kermesgps.com\\\/esp\\\/actualizaciones-kermes\\\/actualizador-k3\\\/ayuda-k3\\\/\"]}]},{\"@type\":\"ImageObject\",\"inLanguage\":\"es\",\"@id\":\"https:\\\/\\\/www.kermesgps.com\\\/esp\\\/actualizaciones-kermes\\\/actualizador-k3\\\/ayuda-k3\\\/#primaryimage\",\"url\":\"https:\\\/\\\/www.kermesgps.com\\\/esp\\\/wp-content\\\/uploads\\\/2022\\\/05\\\/McAfee.png\",\"contentUrl\":\"https:\\\/\\\/www.kermesgps.com\\\/esp\\\/wp-content\\\/uploads\\\/2022\\\/05\\\/McAfee.png\",\"width\":562,\"height\":269},{\"@type\":\"BreadcrumbList\",\"@id\":\"https:\\\/\\\/www.kermesgps.com\\\/esp\\\/actualizaciones-kermes\\\/actualizador-k3\\\/ayuda-k3\\\/#breadcrumb\",\"itemListElement\":[{\"@type\":\"ListItem\",\"position\":1,\"name\":\"Portada\",\"item\":\"https:\\\/\\\/www.kermesgps.com\\\/esp\\\/\"},{\"@type\":\"ListItem\",\"position\":2,\"name\":\"Actualizaciones\",\"item\":\"https:\\\/\\\/www.kermesgps.com\\\/esp\\\/actualizaciones-kermes\\\/\"},{\"@type\":\"ListItem\",\"position\":3,\"name\":\"Actualizador Kermes K3\\\/Eclipse DSP\",\"item\":\"https:\\\/\\\/www.kermesgps.com\\\/esp\\\/actualizaciones-kermes\\\/actualizador-k3\\\/\"},{\"@type\":\"ListItem\",\"position\":4,\"name\":\"Ayuda para la descarga K3\"}]},{\"@type\":\"WebSite\",\"@id\":\"https:\\\/\\\/www.kermesgps.com\\\/esp\\\/#website\",\"url\":\"https:\\\/\\\/www.kermesgps.com\\\/esp\\\/\",\"name\":\"Kermes GPS\",\"description\":\"Avisadores de radar mediante GPS\",\"publisher\":{\"@id\":\"https:\\\/\\\/www.kermesgps.com\\\/esp\\\/#organization\"},\"alternateName\":\"Kermes GPS\",\"potentialAction\":[{\"@type\":\"SearchAction\",\"target\":{\"@type\":\"EntryPoint\",\"urlTemplate\":\"https:\\\/\\\/www.kermesgps.com\\\/esp\\\/?s={search_term_string}\"},\"query-input\":{\"@type\":\"PropertyValueSpecification\",\"valueRequired\":true,\"valueName\":\"search_term_string\"}}],\"inLanguage\":\"es\"},{\"@type\":\"Organization\",\"@id\":\"https:\\\/\\\/www.kermesgps.com\\\/esp\\\/#organization\",\"name\":\"Kermes GPS\",\"url\":\"https:\\\/\\\/www.kermesgps.com\\\/esp\\\/\",\"logo\":{\"@type\":\"ImageObject\",\"inLanguage\":\"es\",\"@id\":\"https:\\\/\\\/www.kermesgps.com\\\/esp\\\/#\\\/schema\\\/logo\\\/image\\\/\",\"url\":\"https:\\\/\\\/www.kermesgps.com\\\/esp\\\/wp-content\\\/uploads\\\/2022\\\/06\\\/Logo-Nuevo-WFinder-30.png\",\"contentUrl\":\"https:\\\/\\\/www.kermesgps.com\\\/esp\\\/wp-content\\\/uploads\\\/2022\\\/06\\\/Logo-Nuevo-WFinder-30.png\",\"width\":625,\"height\":214,\"caption\":\"Kermes GPS\"},\"image\":{\"@id\":\"https:\\\/\\\/www.kermesgps.com\\\/esp\\\/#\\\/schema\\\/logo\\\/image\\\/\"},\"sameAs\":[\"https:\\\/\\\/www.kermesgps.com\\\/esp\\\/actualizaciones\\\/kp4\\\/\",\"https:\\\/\\\/www.tiktok.com\\\/@wfinderpro\"]}]}<\/script>\n<!-- \/ Yoast SEO plugin. -->","yoast_head_json":{"title":"Ayuda para la descarga K3 - Kermes GPS","robots":{"index":"index","follow":"follow","max-snippet":"max-snippet:-1","max-image-preview":"max-image-preview:large","max-video-preview":"max-video-preview:-1"},"canonical":"https:\/\/www.kermesgps.com\/esp\/actualizaciones-kermes\/actualizador-k3\/ayuda-k3\/","og_locale":"es_ES","og_type":"article","og_title":"Ayuda para la descarga K3 - Kermes GPS","og_description":"[vc_row][vc_column][vc_column_text] \u00a0\u00bfALG\u00daN PROBLEMA CON LA DESCARGA? &nbsp; Aqu\u00ed dispone de las soluciones m\u00e1s habituales y r\u00e1pidas. Seleccione en las pesta\u00f1as la referencia m\u00e1s precisa a su problema. [\/vc_column_text][\/vc_column][\/vc_row][vc_row][vc_column][vc_empty_space][\/vc_column][\/vc_row][vc_row][vc_column][vc_tta_tabs style=\u00bbmodern\u00bb color=\u00bbturquoise\u00bb alignment=\u00bbcenter\u00bb active_section=\u00bb1&#8243;][vc_tta_section title=\u00bbMcAfee Antivirus\u00bb tab_id=\u00bb1653488925141-f5a6a57d-640e\u00bb][vc_column_text]Al intentar realizar la descarga, el antivirus McAfee me muestra la siguiente pantalla de error. Y otra ventana que puede aparecer [&hellip;]","og_url":"https:\/\/www.kermesgps.com\/esp\/actualizaciones-kermes\/actualizador-k3\/ayuda-k3\/","og_site_name":"Kermes GPS","article_modified_time":"2026-04-27T10:18:31+00:00","og_image":[{"width":562,"height":269,"url":"https:\/\/www.kermesgps.com\/esp\/wp-content\/uploads\/2022\/05\/McAfee.png","type":"image\/png"}],"twitter_card":"summary_large_image","twitter_misc":{"Tiempo de lectura":"3 minutos"},"schema":{"@context":"https:\/\/schema.org","@graph":[{"@type":"WebPage","@id":"https:\/\/www.kermesgps.com\/esp\/actualizaciones-kermes\/actualizador-k3\/ayuda-k3\/","url":"https:\/\/www.kermesgps.com\/esp\/actualizaciones-kermes\/actualizador-k3\/ayuda-k3\/","name":"Ayuda para la descarga K3 - Kermes GPS","isPartOf":{"@id":"https:\/\/www.kermesgps.com\/esp\/#website"},"primaryImageOfPage":{"@id":"https:\/\/www.kermesgps.com\/esp\/actualizaciones-kermes\/actualizador-k3\/ayuda-k3\/#primaryimage"},"image":{"@id":"https:\/\/www.kermesgps.com\/esp\/actualizaciones-kermes\/actualizador-k3\/ayuda-k3\/#primaryimage"},"thumbnailUrl":"https:\/\/www.kermesgps.com\/esp\/wp-content\/uploads\/2022\/05\/McAfee.png","datePublished":"2022-07-04T15:27:56+00:00","dateModified":"2026-04-27T10:18:31+00:00","breadcrumb":{"@id":"https:\/\/www.kermesgps.com\/esp\/actualizaciones-kermes\/actualizador-k3\/ayuda-k3\/#breadcrumb"},"inLanguage":"es","potentialAction":[{"@type":"ReadAction","target":["https:\/\/www.kermesgps.com\/esp\/actualizaciones-kermes\/actualizador-k3\/ayuda-k3\/"]}]},{"@type":"ImageObject","inLanguage":"es","@id":"https:\/\/www.kermesgps.com\/esp\/actualizaciones-kermes\/actualizador-k3\/ayuda-k3\/#primaryimage","url":"https:\/\/www.kermesgps.com\/esp\/wp-content\/uploads\/2022\/05\/McAfee.png","contentUrl":"https:\/\/www.kermesgps.com\/esp\/wp-content\/uploads\/2022\/05\/McAfee.png","width":562,"height":269},{"@type":"BreadcrumbList","@id":"https:\/\/www.kermesgps.com\/esp\/actualizaciones-kermes\/actualizador-k3\/ayuda-k3\/#breadcrumb","itemListElement":[{"@type":"ListItem","position":1,"name":"Portada","item":"https:\/\/www.kermesgps.com\/esp\/"},{"@type":"ListItem","position":2,"name":"Actualizaciones","item":"https:\/\/www.kermesgps.com\/esp\/actualizaciones-kermes\/"},{"@type":"ListItem","position":3,"name":"Actualizador Kermes K3\/Eclipse DSP","item":"https:\/\/www.kermesgps.com\/esp\/actualizaciones-kermes\/actualizador-k3\/"},{"@type":"ListItem","position":4,"name":"Ayuda para la descarga K3"}]},{"@type":"WebSite","@id":"https:\/\/www.kermesgps.com\/esp\/#website","url":"https:\/\/www.kermesgps.com\/esp\/","name":"Kermes GPS","description":"Avisadores de radar mediante GPS","publisher":{"@id":"https:\/\/www.kermesgps.com\/esp\/#organization"},"alternateName":"Kermes GPS","potentialAction":[{"@type":"SearchAction","target":{"@type":"EntryPoint","urlTemplate":"https:\/\/www.kermesgps.com\/esp\/?s={search_term_string}"},"query-input":{"@type":"PropertyValueSpecification","valueRequired":true,"valueName":"search_term_string"}}],"inLanguage":"es"},{"@type":"Organization","@id":"https:\/\/www.kermesgps.com\/esp\/#organization","name":"Kermes GPS","url":"https:\/\/www.kermesgps.com\/esp\/","logo":{"@type":"ImageObject","inLanguage":"es","@id":"https:\/\/www.kermesgps.com\/esp\/#\/schema\/logo\/image\/","url":"https:\/\/www.kermesgps.com\/esp\/wp-content\/uploads\/2022\/06\/Logo-Nuevo-WFinder-30.png","contentUrl":"https:\/\/www.kermesgps.com\/esp\/wp-content\/uploads\/2022\/06\/Logo-Nuevo-WFinder-30.png","width":625,"height":214,"caption":"Kermes GPS"},"image":{"@id":"https:\/\/www.kermesgps.com\/esp\/#\/schema\/logo\/image\/"},"sameAs":["https:\/\/www.kermesgps.com\/esp\/actualizaciones\/kp4\/","https:\/\/www.tiktok.com\/@wfinderpro"]}]}},"_links":{"self":[{"href":"https:\/\/www.kermesgps.com\/esp\/wp-json\/wp\/v2\/pages\/4169","targetHints":{"allow":["GET"]}}],"collection":[{"href":"https:\/\/www.kermesgps.com\/esp\/wp-json\/wp\/v2\/pages"}],"about":[{"href":"https:\/\/www.kermesgps.com\/esp\/wp-json\/wp\/v2\/types\/page"}],"author":[{"embeddable":true,"href":"https:\/\/www.kermesgps.com\/esp\/wp-json\/wp\/v2\/users\/2"}],"replies":[{"embeddable":true,"href":"https:\/\/www.kermesgps.com\/esp\/wp-json\/wp\/v2\/comments?post=4169"}],"version-history":[{"count":1,"href":"https:\/\/www.kermesgps.com\/esp\/wp-json\/wp\/v2\/pages\/4169\/revisions"}],"predecessor-version":[{"id":5822,"href":"https:\/\/www.kermesgps.com\/esp\/wp-json\/wp\/v2\/pages\/4169\/revisions\/5822"}],"up":[{"embeddable":true,"href":"https:\/\/www.kermesgps.com\/esp\/wp-json\/wp\/v2\/pages\/4159"}],"wp:attachment":[{"href":"https:\/\/www.kermesgps.com\/esp\/wp-json\/wp\/v2\/media?parent=4169"}],"curies":[{"name":"wp","href":"https:\/\/api.w.org\/{rel}","templated":true}]}}