{"id":4226,"date":"2022-07-06T10:09:55","date_gmt":"2022-07-06T08:09:55","guid":{"rendered":"https:\/\/www.kermesgps.com\/esp\/?page_id=4226"},"modified":"2024-04-09T16:58:28","modified_gmt":"2024-04-09T14:58:28","slug":"driver-smartpro","status":"publish","type":"page","link":"https:\/\/www.kermesgps.com\/esp\/actualizaciones-kermes\/pasos-smartpro\/driver-smartpro\/","title":{"rendered":"Driver para Kermes Smart Pro"},"content":{"rendered":"<div class=\"wpb-content-wrapper\"><p>[vc_row][vc_column][vc_column_text]<\/p>\n<h2 style=\"text-align: center;\"><b>\u00a0INSTALACI\u00d3N DEL DRIVER<\/b><\/h2>\n<p>&nbsp;<\/p>\n<p style=\"text-align: center;\">Antes de conectar el cable necesita instalar el driver para que su ordenador reconozca el dispositivo.<\/p>\n<p>[\/vc_column_text][\/vc_column][\/vc_row][vc_row][vc_column][vc_empty_space][\/vc_column][\/vc_row][vc_row][vc_column width=\u00bb1\/4&#8243;][\/vc_column][vc_column width=\u00bb1\/2&#8243;][vc_message message_box_color=\u00bbpink\u00bb icon_fontawesome=\u00bbfas fa-exclamation-triangle\u00bb]<\/p>\n<p style=\"text-align: center;\">No conecte todav\u00eda el cable de actualizaci\u00f3n<\/p>\n<p>[\/vc_message][\/vc_column][vc_column width=\u00bb1\/4&#8243;][\/vc_column][\/vc_row][vc_row][vc_column][vc_empty_space][vc_column_text]<\/p>\n<p style=\"text-align: center;\"><strong>Seleccione<\/strong> su sistema operativo, y dentro de la pesta\u00f1a encontrar\u00e1 las opciones disponibles. Pulse sobre la opci\u00f3n para <strong>descargar<\/strong> e <strong>instalar<\/strong> el driver correspondiente.<\/p>\n<p>[\/vc_column_text][vc_empty_space][\/vc_column][\/vc_row][vc_row][vc_column][vc_tta_tabs][vc_tta_section title=\u00bbWindows 11&#8243; tab_id=\u00bb1653488925141-f5a6a57d-640e\u00bb][vc_column_text]Windows 11 solo est\u00e1 desarrollado en versiones 64 bits.[\/vc_column_text][vc_empty_space][vc_btn title=\u00bbWindows 11&#8243; style=\u00bboutline\u00bb color=\u00bbturquoise\u00bb align=\u00bbleft\u00bb i_icon_fontawesome=\u00bbfas fa-microchip\u00bb add_icon=\u00bbtrue\u00bb link=\u00bburl:https%3A%2F%2Fwww.kermesgps.com%2Fesp%2Fdescargas%2FUSB%20Kermes.exe|title:Driver%20para%20Windows%2011&#8243;][\/vc_tta_section][vc_tta_section title=\u00bbWindows 10&#8243; tab_id=\u00bb1653487519134-0af8ae96-a59a\u00bb][vc_column_text]Para saber que versi\u00f3n de Windows 10 tiene, siga los siguientes pasos:<\/p>\n<ol>\n<li>Pulse a la vez la tecla de Windows y la \u00abX\u00bb.<\/li>\n<li>El el desplegable que aparece pulse sobre \u00abSistema\u00bb.<\/li>\n<li>En los datos que aparecen en la pantalla, dentro del apartado \u00abSistema\u00bb encontrar\u00e1 la l\u00ednea que indica \u00abTipo de sistema\u00bb.<\/li>\n<li>Seguido aparecer\u00e1, en el caso de ser un sistema de 64 bits (como ejemplo),\u00a0 \u00abSistema operativo de 64 bits, procesador x64\u00bb.<\/li>\n<\/ol>\n<p>[\/vc_column_text][vc_empty_space][vc_btn title=\u00bbWindows 10 64 bits\u00bb style=\u00bboutline\u00bb color=\u00bbturquoise\u00bb align=\u00bbleft\u00bb i_icon_fontawesome=\u00bbfas fa-microchip\u00bb add_icon=\u00bbtrue\u00bb link=\u00bburl:https%3A%2F%2Fwww.kermesgps.com%2Fesp%2Fdescargas%2FDK%2Fwin10%2Fdkp4-win10_x64-setup.exe|title:Driver%20Kermes%20Plus%20IV%20Win%2010%2064%20bits\u00bb][vc_btn title=\u00bbWindows 10 32 bits\u00bb style=\u00bboutline\u00bb color=\u00bbturquoise\u00bb align=\u00bbleft\u00bb i_icon_fontawesome=\u00bbfas fa-microchip\u00bb add_icon=\u00bbtrue\u00bb link=\u00bburl:https%3A%2F%2Fwww.kermesgps.com%2Fesp%2Fdescargas%2FDK%2Fwin10%2Fdkp4-win10_x86-setup.exe|title:Driver%20Kermes%20Plus%20IV%20Win%2010%2032%20bits\u00bb][\/vc_tta_section][vc_tta_section title=\u00bbWindows 8.1 \/ RT 8.1&#8243; tab_id=\u00bb1653487519144-7f24d4a3-30e8&#8243;][vc_column_text]Para saber que versi\u00f3n de Windows 8 tiene, siga los siguientes pasos:<\/p>\n<ol>\n<li>Deslice el\u00a0punteo r\u00e1pidamente desde\u00a0al borde derecho de la pantalla, pulse\u00a0<b>Configuraci\u00f3n<\/b>\u00a0y despu\u00e9s pulse\u00a0<b>Cambiar configuraci\u00f3n de PC<\/b>.<br \/>\n(Si usa un rat\u00f3n, se\u00f1ale el extremo inferior derecho de la pantalla, mueva el puntero del rat\u00f3n hacia arriba, haga clic en\u00a0<b>Configuraci\u00f3n<\/b>\u00a0y, a continuaci\u00f3n, haga clic en\u00a0<b>Cambiar configuraci\u00f3n de PC<\/b>).<\/li>\n<li>Pulse o haga clic en\u00a0<b>PC<\/b>\u00a0y dispositivos y despu\u00e9s pulse o haga clic en Informaci\u00f3n de PC.<\/li>\n<li>En \u00ab<strong>Edici\u00f3n de<\/strong> <b>Windows<\/b>\u00bb\u00a0encontrar\u00e1 la versi\u00f3n y la edici\u00f3n de Windows que ejecuta su PC.<\/li>\n<li>Busque en\u00a0<b>PC<\/b>\u00a0<b>Tipo de sistema<\/b>\u00a0para ver si est\u00e1 ejecutando una versi\u00f3n de Windows de 32\u00a0bits o de 64\u00a0bits.<\/li>\n<\/ol>\n<p>[\/vc_column_text][vc_empty_space][vc_btn title=\u00bbWindows 8 64 bits\u00bb style=\u00bboutline\u00bb color=\u00bbturquoise\u00bb align=\u00bbleft\u00bb i_icon_fontawesome=\u00bbfas fa-microchip\u00bb add_icon=\u00bbtrue\u00bb link=\u00bburl:https%3A%2F%2Fwww.kermesgps.com%2Fesp%2Fdescargas%2FDK%2Fwin8%2Fdkp4-win8_x64-setup.exe|title:Driver%20Kermes%20Plus%20IV%20Win%208%2064%20bits\u00bb][vc_btn title=\u00bbWindows 8 32 bits\u00bb style=\u00bboutline\u00bb color=\u00bbturquoise\u00bb align=\u00bbleft\u00bb i_icon_fontawesome=\u00bbfas fa-microchip\u00bb add_icon=\u00bbtrue\u00bb link=\u00bburl:https%3A%2F%2Fwww.kermesgps.com%2Fesp%2Fdescargas%2FDK%2Fwin8%2Fdkp4-win8_x86-setup.exe|title:Driver%20Kermes%20Plus%20IV%20Win%208%2032%20bits\u00bb][\/vc_tta_section][vc_tta_section title=\u00bbWindows 7&#8243; tab_id=\u00bb1653488586452-4a384203-70a1&#8243;][vc_column_text]Para saber que versi\u00f3n de Windows 7 tiene, siga los siguientes pasos:<\/p>\n<ol>\n<li style=\"list-style-type: none;\">\n<ol>\n<li>Haga clic en el bot\u00f3n\u00a0<strong>Inicio,<\/strong> clic con el bot\u00f3n derecho en\u00a0<b>Equipo<\/b>, y \u00a0a continuaci\u00f3n haga clic en\u00a0<b>Propiedades<\/b>.<\/li>\n<li>\u00a0En los datos que aparecen en la pantalla, dentro del apartado \u00abSistema\u00bb encontrar\u00e1 la l\u00ednea que le indica \u00abTipo de sistema\u00bb.<\/li>\n<li>Seguido aparecer\u00e1, en el caso de ser un sistema de 64 bits como ejemplo \u00a0\u00abSistema operativo de\u00a064 bits, procesador de x64\u00bb<b>.<\/b><\/li>\n<\/ol>\n<\/li>\n<\/ol>\n<p>[\/vc_column_text][vc_empty_space][vc_btn title=\u00bbWindows 7 64 bits\u00bb style=\u00bboutline\u00bb color=\u00bbturquoise\u00bb align=\u00bbleft\u00bb i_icon_fontawesome=\u00bbfas fa-microchip\u00bb add_icon=\u00bbtrue\u00bb link=\u00bburl:https%3A%2F%2Fwww.kermesgps.com%2Fesp%2Fdescargas%2FDK%2Fwin7%2Fdkp4-win7_x64-setup.exe|title:Driver%20Kermes%20Plus%20IV%20Win%207%2064%20bits\u00bb][vc_btn title=\u00bbWindows 7 32 bits\u00bb style=\u00bboutline\u00bb color=\u00bbturquoise\u00bb align=\u00bbleft\u00bb i_icon_fontawesome=\u00bbfas fa-microchip\u00bb add_icon=\u00bbtrue\u00bb link=\u00bburl:https%3A%2F%2Fwww.kermesgps.com%2Fesp%2Fdescargas%2FDK%2Fwin7%2Fdkp4-vista_x86-setup.exe|title:Driver%20Kermes%20Plus%20IV%20Win%207%2032%20bits\u00bb][\/vc_tta_section][vc_tta_section title=\u00bbWindows Vista\u00bb tab_id=\u00bb1653488766498-0a1e6606-82e5&#8243;][vc_column_text]Para saber que versi\u00f3n de Windows Vista tiene, siga los siguientes pasos:<\/p>\n<ol>\n<li style=\"list-style-type: none;\">\n<ol>\n<li>Haga clic en el bot\u00f3n\u00a0<strong>Inicio<\/strong>, clic con el bot\u00f3n derecho en <b>Equipo<\/b>, y \u00a0a continuaci\u00f3n, haga clic en\u00a0<b>Propiedades<\/b>.<\/li>\n<li>En los datos que aparecen en la pantalla, dentro del apartado \u00abSistema\u00bb encontrar\u00e1 la l\u00ednea que le indica \u00abTipo de sistema\u00bb.<\/li>\n<li>Seguido aparecer\u00e1, en el caso de ser un sistema de 64 bits como ejemplo \u00a0\u00abSistema operativo de\u00a064 bits, procesador de x64\u00bb<b>.<\/b><\/li>\n<li>En la parte inferior de esta p\u00e1gina puede acceder a la descarga de la actualizaci\u00f3n<b>.<\/b><\/li>\n<\/ol>\n<\/li>\n<\/ol>\n<p>[\/vc_column_text][vc_empty_space][vc_btn title=\u00bbWindows Vista 64 bits\u00bb style=\u00bboutline\u00bb color=\u00bbturquoise\u00bb align=\u00bbleft\u00bb i_icon_fontawesome=\u00bbfas fa-microchip\u00bb add_icon=\u00bbtrue\u00bb link=\u00bburl:https%3A%2F%2Fwww.kermesgps.com%2Fesp%2Fdescargas%2FDK%2Fvista%2Fdkp4-vista_x64-setup.exe|title:Driver%20Kermes%20Plus%20IV%20Win%20Vista%2064%20bits\u00bb][vc_btn title=\u00bbWindows Vista 32 bits\u00bb style=\u00bboutline\u00bb color=\u00bbturquoise\u00bb align=\u00bbleft\u00bb i_icon_fontawesome=\u00bbfas fa-microchip\u00bb add_icon=\u00bbtrue\u00bb link=\u00bburl:https%3A%2F%2Fwww.kermesgps.com%2Fesp%2Fdescargas%2FDK%2Fvista%2Fdkp4-vista_x86-setup.exe|title:Driver%20Kermes%20Plus%20IV%20Win%20Vista%2032%20bits\u00bb][\/vc_tta_section][vc_tta_section title=\u00bbXP, 2000, 98 &amp; Me\u00bb tab_id=\u00bb1653489028538-81b0cd8e-2e0e\u00bb][vc_column_text]Seleccione su sistema operativo y pulse sobre el bot\u00f3n correspondiente.[\/vc_column_text][vc_empty_space][vc_btn title=\u00bbWindows XP &amp; 2000&#8243; style=\u00bboutline\u00bb color=\u00bbturquoise\u00bb align=\u00bbleft\u00bb i_icon_fontawesome=\u00bbfas fa-microchip\u00bb add_icon=\u00bbtrue\u00bb link=\u00bburl:https%3A%2F%2Fwww.kermesgps.com%2Fesp%2Fdescargas%2FDK%2F2000_xp%2Fdkp4-win2k_xp-setup.exe|title:Driver%20Kermes%20Plus%20IV%20Win%202000_xp\u00bb][vc_btn title=\u00bbWindows 98 &amp; Me\u00bb style=\u00bboutline\u00bb color=\u00bbturquoise\u00bb align=\u00bbleft\u00bb i_icon_fontawesome=\u00bbfas fa-microchip\u00bb add_icon=\u00bbtrue\u00bb link=\u00bburl:https%3A%2F%2Fwww.kermesgps.com%2Fesp%2Fdescargas%2FDK%2Fwin98_me%2Fdkp4-win98_me-setup.exe|title:Driver%20Kermes%20Plus%20IV%20win98_me\u00bb][\/vc_tta_section][vc_tta_section title=\u00bbMac\u00bb tab_id=\u00bb1657037586206-34c30637-02f1&#8243;][vc_column_text]<\/p>\n<div class=\"wpb_text_column wpb_content_element \">\n<div class=\"wpb_wrapper\">\n<p>Dado que nuestros dispositivos est\u00e1n dise\u00f1ados para PC, los usuarios de Macintosh tienen disponibles dos recomendaciones:<\/p>\n<ul>\n<li><b>Opci\u00f3n de pago <\/b>(externo a nosotros) como <a href=\"https:\/\/www.parallels.com\/es\/products\/desktop\/?gclid=CjwKCAjw8r_XBRBkEiwAjWGLlLY4h0qdPolHTkrUkwnM8t0BT9559sysersE4IF1e8jUXYWm2uMSZhoCtOQQAvD_BwE\" target=\"_blank\" rel=\"noopener\"><b>Parallels Desktop para Mac<\/b><\/a>, con el que podr\u00e1 actualizar nuestros dispositivos de manera sencilla.<\/li>\n<\/ul>\n<\/div>\n<\/div>\n<p>[\/vc_column_text][vc_empty_space][vc_btn title=\u00bbParallels\u00ae Desktop\u00bb style=\u00bboutline\u00bb color=\u00bbturquoise\u00bb link=\u00bburl:https%3A%2F%2Fwww.parallels.com%2Fes%2Fpd%2Fgeneral%2F%3Fgclid%3DCjwKCAjwwo-WBhAMEiwAV4dybYMXpdCmbozoE7g9JjH6p4L9YQcO5lV6EmSOLD3N6qxYdK9MtjjHwxoCy-4QAvD_BwE|title:Descargar%20Parallels|target:_blank\u00bb][vc_column_text]<\/p>\n<div class=\"wpb_text_column wpb_content_element \">\n<div class=\"wpb_wrapper\">\n<ul>\n<li><strong>Opci\u00f3n gratuita<\/strong>. Pueden usar el sistema <a href=\"https:\/\/www.virtualbox.org\/wiki\/Downloads\" target=\"_blank\" rel=\"noopener\"><strong>VBOX<\/strong><\/a>, aplicaci\u00f3n que permite virtualizar cualquier sistema operaivo Windows (REQUIERE DISPONER DE UN DISCO DE WINDOWS). Debe descargar VirtualBox x.x.xx platform packages, elegir <strong>OS X\u00a0hosts<\/strong> y disponer de un disco de Windows.<\/li>\n<\/ul>\n<\/div>\n<\/div>\n<p>[\/vc_column_text][vc_empty_space][vc_btn title=\u00bbVirtualBox\u00bb style=\u00bboutline\u00bb color=\u00bbturquoise\u00bb link=\u00bburl:https%3A%2F%2Fwww.virtualbox.org%2Fwiki%2FDownloads|title:Descargar%20VirtualBox|target:_blank\u00bb][vc_empty_space][vc_btn title=\u00bbManual de instalaci\u00f3n VirtualBox\u00bb style=\u00bboutline\u00bb color=\u00bbwarning\u00bb link=\u00bburl:https%3A%2F%2Fwww.kermesgps.com%2Fesp%2Factualizaciones%2Factualizador-k3%2Fayuda-k3%2F|title:Manual%20orientativo%20de%20instalaci%C3%B3n%20de%20Oracle%20VBox|target:_blank\u00bb][\/vc_tta_section][\/vc_tta_tabs][\/vc_column][\/vc_row][vc_row][vc_column width=\u00bb1\/4&#8243;][\/vc_column][vc_column width=\u00bb1\/2&#8243;][vc_empty_space][vc_message message_box_color=\u00bbvista_blue\u00bb icon_fontawesome=\u00bbfas fa-check-circle\u00bb]Una vez instalado el driver puede continuar a la descarga del actualizador[\/vc_message][\/vc_column][vc_column width=\u00bb1\/4&#8243;][\/vc_column][\/vc_row][vc_row][vc_column][vc_empty_space][vc_btn title=\u00bbAhora contin\u00fae aqu\u00ed para descargar la actualizaci\u00f3n de Kermes Smart Pro\u00bb style=\u00bboutline\u00bb color=\u00bbturquoise\u00bb size=\u00bblg\u00bb align=\u00bbcenter\u00bb i_icon_fontawesome=\u00bbfas fa-microchip\u00bb add_icon=\u00bbtrue\u00bb link=\u00bburl:https%3A%2F%2Fwww.kermesgps.com%2Fesp%2Factualizaciones%2Factualizacion-smartpro%2F|title:Descargar%20actualizaci%C3%B3n%20Kermes%20Smart%20Pro\u00bb][\/vc_column][\/vc_row]<\/p>\n<\/div>","protected":false},"excerpt":{"rendered":"<p>[vc_row][vc_column][vc_column_text] \u00a0INSTALACI\u00d3N DEL DRIVER &nbsp; Antes de conectar el cable necesita instalar el driver para que su ordenador reconozca el dispositivo. [\/vc_column_text][\/vc_column][\/vc_row][vc_row][vc_column][vc_empty_space][\/vc_column][\/vc_row][vc_row][vc_column width=\u00bb1\/4&#8243;][\/vc_column][vc_column width=\u00bb1\/2&#8243;][vc_message message_box_color=\u00bbpink\u00bb icon_fontawesome=\u00bbfas fa-exclamation-triangle\u00bb] No conecte todav\u00eda el cable de actualizaci\u00f3n [\/vc_message][\/vc_column][vc_column width=\u00bb1\/4&#8243;][\/vc_column][\/vc_row][vc_row][vc_column][vc_empty_space][vc_column_text] Seleccione su sistema operativo, y dentro de la pesta\u00f1a encontrar\u00e1 las opciones disponibles. Pulse sobre la opci\u00f3n para descargar [&hellip;]<\/p>\n","protected":false},"author":2,"featured_media":0,"parent":4223,"menu_order":0,"comment_status":"closed","ping_status":"closed","template":"","meta":{"footnotes":""},"class_list":["post-4226","page","type-page","status-publish","hentry"],"yoast_head":"<!-- This site is optimized with the Yoast SEO plugin v27.5 - https:\/\/yoast.com\/product\/yoast-seo-wordpress\/ -->\n<title>Driver para Kermes Smart Pro - Kermes GPS<\/title>\n<meta name=\"robots\" content=\"index, follow, max-snippet:-1, max-image-preview:large, max-video-preview:-1\" \/>\n<link rel=\"canonical\" href=\"https:\/\/www.kermesgps.com\/esp\/actualizaciones-kermes\/pasos-smartpro\/driver-smartpro\/\" \/>\n<meta property=\"og:locale\" content=\"es_ES\" \/>\n<meta property=\"og:type\" content=\"article\" \/>\n<meta property=\"og:title\" content=\"Driver para Kermes Smart Pro - Kermes GPS\" \/>\n<meta property=\"og:description\" content=\"[vc_row][vc_column][vc_column_text] \u00a0INSTALACI\u00d3N DEL DRIVER &nbsp; Antes de conectar el cable necesita instalar el driver para que su ordenador reconozca el dispositivo. [\/vc_column_text][\/vc_column][\/vc_row][vc_row][vc_column][vc_empty_space][\/vc_column][\/vc_row][vc_row][vc_column width=\u00bb1\/4&#8243;][\/vc_column][vc_column width=\u00bb1\/2&#8243;][vc_message message_box_color=\u00bbpink\u00bb icon_fontawesome=\u00bbfas fa-exclamation-triangle\u00bb] No conecte todav\u00eda el cable de actualizaci\u00f3n [\/vc_message][\/vc_column][vc_column width=\u00bb1\/4&#8243;][\/vc_column][\/vc_row][vc_row][vc_column][vc_empty_space][vc_column_text] Seleccione su sistema operativo, y dentro de la pesta\u00f1a encontrar\u00e1 las opciones disponibles. Pulse sobre la opci\u00f3n para descargar [&hellip;]\" \/>\n<meta property=\"og:url\" content=\"https:\/\/www.kermesgps.com\/esp\/actualizaciones-kermes\/pasos-smartpro\/driver-smartpro\/\" \/>\n<meta property=\"og:site_name\" content=\"Kermes GPS\" \/>\n<meta property=\"article:modified_time\" content=\"2024-04-09T14:58:28+00:00\" \/>\n<meta property=\"og:image\" content=\"https:\/\/www.kermesgps.com\/esp\/wp-content\/uploads\/2019\/01\/Logo-portada-negro.webp\" \/>\n\t<meta property=\"og:image:width\" content=\"300\" \/>\n\t<meta property=\"og:image:height\" content=\"86\" \/>\n\t<meta property=\"og:image:type\" content=\"image\/webp\" \/>\n<meta name=\"twitter:card\" content=\"summary_large_image\" \/>\n<meta name=\"twitter:label1\" content=\"Tiempo de lectura\" \/>\n\t<meta name=\"twitter:data1\" content=\"4 minutos\" \/>\n<script type=\"application\/ld+json\" class=\"yoast-schema-graph\">{\"@context\":\"https:\\\/\\\/schema.org\",\"@graph\":[{\"@type\":\"WebPage\",\"@id\":\"https:\\\/\\\/www.kermesgps.com\\\/esp\\\/actualizaciones-kermes\\\/pasos-smartpro\\\/driver-smartpro\\\/\",\"url\":\"https:\\\/\\\/www.kermesgps.com\\\/esp\\\/actualizaciones-kermes\\\/pasos-smartpro\\\/driver-smartpro\\\/\",\"name\":\"Driver para Kermes Smart Pro - Kermes GPS\",\"isPartOf\":{\"@id\":\"https:\\\/\\\/www.kermesgps.com\\\/esp\\\/#website\"},\"datePublished\":\"2022-07-06T08:09:55+00:00\",\"dateModified\":\"2024-04-09T14:58:28+00:00\",\"breadcrumb\":{\"@id\":\"https:\\\/\\\/www.kermesgps.com\\\/esp\\\/actualizaciones-kermes\\\/pasos-smartpro\\\/driver-smartpro\\\/#breadcrumb\"},\"inLanguage\":\"es\",\"potentialAction\":[{\"@type\":\"ReadAction\",\"target\":[\"https:\\\/\\\/www.kermesgps.com\\\/esp\\\/actualizaciones-kermes\\\/pasos-smartpro\\\/driver-smartpro\\\/\"]}]},{\"@type\":\"BreadcrumbList\",\"@id\":\"https:\\\/\\\/www.kermesgps.com\\\/esp\\\/actualizaciones-kermes\\\/pasos-smartpro\\\/driver-smartpro\\\/#breadcrumb\",\"itemListElement\":[{\"@type\":\"ListItem\",\"position\":1,\"name\":\"Portada\",\"item\":\"https:\\\/\\\/www.kermesgps.com\\\/esp\\\/\"},{\"@type\":\"ListItem\",\"position\":2,\"name\":\"Actualizaciones\",\"item\":\"https:\\\/\\\/www.kermesgps.com\\\/esp\\\/actualizaciones-kermes\\\/\"},{\"@type\":\"ListItem\",\"position\":3,\"name\":\"Pasos para actualizar Kermes Smart Pro\",\"item\":\"https:\\\/\\\/www.kermesgps.com\\\/esp\\\/actualizaciones-kermes\\\/pasos-smartpro\\\/\"},{\"@type\":\"ListItem\",\"position\":4,\"name\":\"Driver para Kermes Smart Pro\"}]},{\"@type\":\"WebSite\",\"@id\":\"https:\\\/\\\/www.kermesgps.com\\\/esp\\\/#website\",\"url\":\"https:\\\/\\\/www.kermesgps.com\\\/esp\\\/\",\"name\":\"Kermes GPS\",\"description\":\"Avisadores de radar mediante GPS\",\"publisher\":{\"@id\":\"https:\\\/\\\/www.kermesgps.com\\\/esp\\\/#organization\"},\"alternateName\":\"Kermes GPS\",\"potentialAction\":[{\"@type\":\"SearchAction\",\"target\":{\"@type\":\"EntryPoint\",\"urlTemplate\":\"https:\\\/\\\/www.kermesgps.com\\\/esp\\\/?s={search_term_string}\"},\"query-input\":{\"@type\":\"PropertyValueSpecification\",\"valueRequired\":true,\"valueName\":\"search_term_string\"}}],\"inLanguage\":\"es\"},{\"@type\":\"Organization\",\"@id\":\"https:\\\/\\\/www.kermesgps.com\\\/esp\\\/#organization\",\"name\":\"Kermes GPS\",\"url\":\"https:\\\/\\\/www.kermesgps.com\\\/esp\\\/\",\"logo\":{\"@type\":\"ImageObject\",\"inLanguage\":\"es\",\"@id\":\"https:\\\/\\\/www.kermesgps.com\\\/esp\\\/#\\\/schema\\\/logo\\\/image\\\/\",\"url\":\"https:\\\/\\\/www.kermesgps.com\\\/esp\\\/wp-content\\\/uploads\\\/2022\\\/06\\\/Logo-Nuevo-WFinder-30.png\",\"contentUrl\":\"https:\\\/\\\/www.kermesgps.com\\\/esp\\\/wp-content\\\/uploads\\\/2022\\\/06\\\/Logo-Nuevo-WFinder-30.png\",\"width\":625,\"height\":214,\"caption\":\"Kermes GPS\"},\"image\":{\"@id\":\"https:\\\/\\\/www.kermesgps.com\\\/esp\\\/#\\\/schema\\\/logo\\\/image\\\/\"},\"sameAs\":[\"https:\\\/\\\/www.kermesgps.com\\\/esp\\\/actualizaciones\\\/kp4\\\/\",\"https:\\\/\\\/www.tiktok.com\\\/@wfinderpro\"]}]}<\/script>\n<!-- \/ Yoast SEO plugin. -->","yoast_head_json":{"title":"Driver para Kermes Smart Pro - Kermes GPS","robots":{"index":"index","follow":"follow","max-snippet":"max-snippet:-1","max-image-preview":"max-image-preview:large","max-video-preview":"max-video-preview:-1"},"canonical":"https:\/\/www.kermesgps.com\/esp\/actualizaciones-kermes\/pasos-smartpro\/driver-smartpro\/","og_locale":"es_ES","og_type":"article","og_title":"Driver para Kermes Smart Pro - Kermes GPS","og_description":"[vc_row][vc_column][vc_column_text] \u00a0INSTALACI\u00d3N DEL DRIVER &nbsp; Antes de conectar el cable necesita instalar el driver para que su ordenador reconozca el dispositivo. [\/vc_column_text][\/vc_column][\/vc_row][vc_row][vc_column][vc_empty_space][\/vc_column][\/vc_row][vc_row][vc_column width=\u00bb1\/4&#8243;][\/vc_column][vc_column width=\u00bb1\/2&#8243;][vc_message message_box_color=\u00bbpink\u00bb icon_fontawesome=\u00bbfas fa-exclamation-triangle\u00bb] No conecte todav\u00eda el cable de actualizaci\u00f3n [\/vc_message][\/vc_column][vc_column width=\u00bb1\/4&#8243;][\/vc_column][\/vc_row][vc_row][vc_column][vc_empty_space][vc_column_text] Seleccione su sistema operativo, y dentro de la pesta\u00f1a encontrar\u00e1 las opciones disponibles. Pulse sobre la opci\u00f3n para descargar [&hellip;]","og_url":"https:\/\/www.kermesgps.com\/esp\/actualizaciones-kermes\/pasos-smartpro\/driver-smartpro\/","og_site_name":"Kermes GPS","article_modified_time":"2024-04-09T14:58:28+00:00","og_image":[{"width":300,"height":86,"url":"https:\/\/www.kermesgps.com\/esp\/wp-content\/uploads\/2019\/01\/Logo-portada-negro.webp","type":"image\/webp"}],"twitter_card":"summary_large_image","twitter_misc":{"Tiempo de lectura":"4 minutos"},"schema":{"@context":"https:\/\/schema.org","@graph":[{"@type":"WebPage","@id":"https:\/\/www.kermesgps.com\/esp\/actualizaciones-kermes\/pasos-smartpro\/driver-smartpro\/","url":"https:\/\/www.kermesgps.com\/esp\/actualizaciones-kermes\/pasos-smartpro\/driver-smartpro\/","name":"Driver para Kermes Smart Pro - Kermes GPS","isPartOf":{"@id":"https:\/\/www.kermesgps.com\/esp\/#website"},"datePublished":"2022-07-06T08:09:55+00:00","dateModified":"2024-04-09T14:58:28+00:00","breadcrumb":{"@id":"https:\/\/www.kermesgps.com\/esp\/actualizaciones-kermes\/pasos-smartpro\/driver-smartpro\/#breadcrumb"},"inLanguage":"es","potentialAction":[{"@type":"ReadAction","target":["https:\/\/www.kermesgps.com\/esp\/actualizaciones-kermes\/pasos-smartpro\/driver-smartpro\/"]}]},{"@type":"BreadcrumbList","@id":"https:\/\/www.kermesgps.com\/esp\/actualizaciones-kermes\/pasos-smartpro\/driver-smartpro\/#breadcrumb","itemListElement":[{"@type":"ListItem","position":1,"name":"Portada","item":"https:\/\/www.kermesgps.com\/esp\/"},{"@type":"ListItem","position":2,"name":"Actualizaciones","item":"https:\/\/www.kermesgps.com\/esp\/actualizaciones-kermes\/"},{"@type":"ListItem","position":3,"name":"Pasos para actualizar Kermes Smart Pro","item":"https:\/\/www.kermesgps.com\/esp\/actualizaciones-kermes\/pasos-smartpro\/"},{"@type":"ListItem","position":4,"name":"Driver para Kermes Smart Pro"}]},{"@type":"WebSite","@id":"https:\/\/www.kermesgps.com\/esp\/#website","url":"https:\/\/www.kermesgps.com\/esp\/","name":"Kermes GPS","description":"Avisadores de radar mediante GPS","publisher":{"@id":"https:\/\/www.kermesgps.com\/esp\/#organization"},"alternateName":"Kermes GPS","potentialAction":[{"@type":"SearchAction","target":{"@type":"EntryPoint","urlTemplate":"https:\/\/www.kermesgps.com\/esp\/?s={search_term_string}"},"query-input":{"@type":"PropertyValueSpecification","valueRequired":true,"valueName":"search_term_string"}}],"inLanguage":"es"},{"@type":"Organization","@id":"https:\/\/www.kermesgps.com\/esp\/#organization","name":"Kermes GPS","url":"https:\/\/www.kermesgps.com\/esp\/","logo":{"@type":"ImageObject","inLanguage":"es","@id":"https:\/\/www.kermesgps.com\/esp\/#\/schema\/logo\/image\/","url":"https:\/\/www.kermesgps.com\/esp\/wp-content\/uploads\/2022\/06\/Logo-Nuevo-WFinder-30.png","contentUrl":"https:\/\/www.kermesgps.com\/esp\/wp-content\/uploads\/2022\/06\/Logo-Nuevo-WFinder-30.png","width":625,"height":214,"caption":"Kermes GPS"},"image":{"@id":"https:\/\/www.kermesgps.com\/esp\/#\/schema\/logo\/image\/"},"sameAs":["https:\/\/www.kermesgps.com\/esp\/actualizaciones\/kp4\/","https:\/\/www.tiktok.com\/@wfinderpro"]}]}},"_links":{"self":[{"href":"https:\/\/www.kermesgps.com\/esp\/wp-json\/wp\/v2\/pages\/4226","targetHints":{"allow":["GET"]}}],"collection":[{"href":"https:\/\/www.kermesgps.com\/esp\/wp-json\/wp\/v2\/pages"}],"about":[{"href":"https:\/\/www.kermesgps.com\/esp\/wp-json\/wp\/v2\/types\/page"}],"author":[{"embeddable":true,"href":"https:\/\/www.kermesgps.com\/esp\/wp-json\/wp\/v2\/users\/2"}],"replies":[{"embeddable":true,"href":"https:\/\/www.kermesgps.com\/esp\/wp-json\/wp\/v2\/comments?post=4226"}],"version-history":[{"count":0,"href":"https:\/\/www.kermesgps.com\/esp\/wp-json\/wp\/v2\/pages\/4226\/revisions"}],"up":[{"embeddable":true,"href":"https:\/\/www.kermesgps.com\/esp\/wp-json\/wp\/v2\/pages\/4223"}],"wp:attachment":[{"href":"https:\/\/www.kermesgps.com\/esp\/wp-json\/wp\/v2\/media?parent=4226"}],"curies":[{"name":"wp","href":"https:\/\/api.w.org\/{rel}","templated":true}]}}