{"id":4259,"date":"2022-07-06T11:20:50","date_gmt":"2022-07-06T09:20:50","guid":{"rendered":"https:\/\/www.kermesgps.com\/esp\/?page_id=4259"},"modified":"2022-07-06T12:08:17","modified_gmt":"2022-07-06T10:08:17","slug":"passos-kermesiv","status":"publish","type":"page","link":"https:\/\/www.kermesgps.com\/esp\/actualizacoes\/passos-kermesiv\/","title":{"rendered":"Passos para actualizar o Kermes Plus IV"},"content":{"rendered":"<div class=\"wpb-content-wrapper\"><p>[vc_row][vc_column][vc_empty_space][\/vc_column][\/vc_row][vc_row][vc_column][vc_message message_box_color=\u00bbturquoise\u00bb icon_fontawesome=\u00bbfas fa-power-off\u00bb]<\/p>\n<p style=\"text-align: center;\">Se <strong>nunca actualizou<\/strong> antes ou pretende actualizar num <strong>novo computador<\/strong>, por favor v\u00e1 para os primeiros passos.<\/p>\n<p>[\/vc_message][\/vc_column][\/vc_row][vc_row][vc_column][vc_btn title=\u00bbPrimeiros passos\u00bb style=\u00bboutline\u00bb shape=\u00bbround\u00bb color=\u00bbwarning\u00bb align=\u00bbcenter\u00bb i_icon_fontawesome=\u00bbfas fa-list-ol\u00bb add_icon=\u00bbtrue\u00bb link=\u00bburl:https%3A%2F%2Fwww.kermesgps.com%2Fesp%2Factualizacoes%2Fpassos-kermesiv%2Fdriver-plusiv-pt%2F|title:Primeros%20pasos\u00bb][\/vc_column][\/vc_row][vc_row][vc_column][vc_message message_box_color=\u00bbturquoise\u00bb icon_fontawesome=\u00bbfas fa-download\u00bb]<\/p>\n<p style=\"text-align: center;\">Se j\u00e1 tiver o <strong>controlador instalado<\/strong> ou tiver apagado o actualizador por engano, pode aceder ao descarregamento directamente daqui.<\/p>\n<p>[\/vc_message][\/vc_column][\/vc_row][vc_row][vc_column][vc_btn title=\u00bbDescarregar actualizador\u00bb style=\u00bboutline\u00bb shape=\u00bbround\u00bb color=\u00bbjuicy-pink\u00bb align=\u00bbcenter\u00bb i_icon_fontawesome=\u00bbfas fa-microchip\u00bb add_icon=\u00bbtrue\u00bb link=\u00bburl:https%3A%2F%2Fwww.kermesgps.com%2Fesp%2Factualizacoes%2Fpassos-kermesiv%2Fupgrader-plusiv%2F|title:Descarregar%20actualizador%20para%20Kermes%20Plus%20IV\u00bb][\/vc_column][\/vc_row][vc_row][vc_column][vc_column_text]<\/p>\n<p style=\"text-align: center;\"><strong>Uma vez executadas estas etapas, N\u00c3O \u00c9 NECESS\u00c1RIO DESCARREGAR AS PR\u00d3PRIAS.<\/strong><\/p>\n<p>[\/vc_column_text][\/vc_column][\/vc_row]<\/p>\n<\/div>","protected":false},"excerpt":{"rendered":"<p>[vc_row][vc_column][vc_empty_space][\/vc_column][\/vc_row][vc_row][vc_column][vc_message message_box_color=\u00bbturquoise\u00bb icon_fontawesome=\u00bbfas fa-power-off\u00bb] Se nunca actualizou antes ou pretende actualizar num novo computador, por favor v\u00e1 para os primeiros passos. [\/vc_message][\/vc_column][\/vc_row][vc_row][vc_column][vc_btn title=\u00bbPrimeiros passos\u00bb style=\u00bboutline\u00bb shape=\u00bbround\u00bb color=\u00bbwarning\u00bb align=\u00bbcenter\u00bb i_icon_fontawesome=\u00bbfas fa-list-ol\u00bb add_icon=\u00bbtrue\u00bb link=\u00bburl:https%3A%2F%2Fwww.kermesgps.com%2Fesp%2Factualizacoes%2Fpassos-kermesiv%2Fdriver-plusiv-pt%2F|title:Primeros%20pasos\u00bb][\/vc_column][\/vc_row][vc_row][vc_column][vc_message message_box_color=\u00bbturquoise\u00bb icon_fontawesome=\u00bbfas fa-download\u00bb] Se j\u00e1 tiver o controlador instalado ou tiver apagado o actualizador por engano, pode aceder ao descarregamento directamente daqui. [\/vc_message][\/vc_column][\/vc_row][vc_row][vc_column][vc_btn [&hellip;]<\/p>\n","protected":false},"author":2,"featured_media":0,"parent":4252,"menu_order":0,"comment_status":"closed","ping_status":"closed","template":"","meta":{"footnotes":""},"class_list":["post-4259","page","type-page","status-publish","hentry"],"yoast_head":"<!-- This site is optimized with the Yoast SEO plugin v27.5 - https:\/\/yoast.com\/product\/yoast-seo-wordpress\/ -->\n<title>Passos para actualizar o Kermes Plus IV - Kermes GPS<\/title>\n<meta name=\"robots\" content=\"index, follow, max-snippet:-1, max-image-preview:large, max-video-preview:-1\" \/>\n<link rel=\"canonical\" href=\"https:\/\/www.kermesgps.com\/esp\/actualizacoes\/passos-kermesiv\/\" \/>\n<meta property=\"og:locale\" content=\"es_ES\" \/>\n<meta property=\"og:type\" content=\"article\" \/>\n<meta property=\"og:title\" content=\"Passos para actualizar o Kermes Plus IV - Kermes GPS\" \/>\n<meta property=\"og:description\" content=\"[vc_row][vc_column][vc_empty_space][\/vc_column][\/vc_row][vc_row][vc_column][vc_message message_box_color=\u00bbturquoise\u00bb icon_fontawesome=\u00bbfas fa-power-off\u00bb] Se nunca actualizou antes ou pretende actualizar num novo computador, por favor v\u00e1 para os primeiros passos. [\/vc_message][\/vc_column][\/vc_row][vc_row][vc_column][vc_btn title=\u00bbPrimeiros passos\u00bb style=\u00bboutline\u00bb shape=\u00bbround\u00bb color=\u00bbwarning\u00bb align=\u00bbcenter\u00bb i_icon_fontawesome=\u00bbfas fa-list-ol\u00bb add_icon=\u00bbtrue\u00bb link=\u00bburl:https%3A%2F%2Fwww.kermesgps.com%2Fesp%2Factualizacoes%2Fpassos-kermesiv%2Fdriver-plusiv-pt%2F|title:Primeros%20pasos\u00bb][\/vc_column][\/vc_row][vc_row][vc_column][vc_message message_box_color=\u00bbturquoise\u00bb icon_fontawesome=\u00bbfas fa-download\u00bb] Se j\u00e1 tiver o controlador instalado ou tiver apagado o actualizador por engano, pode aceder ao descarregamento directamente daqui. [\/vc_message][\/vc_column][\/vc_row][vc_row][vc_column][vc_btn [&hellip;]\" \/>\n<meta property=\"og:url\" content=\"https:\/\/www.kermesgps.com\/esp\/actualizacoes\/passos-kermesiv\/\" \/>\n<meta property=\"og:site_name\" content=\"Kermes GPS\" \/>\n<meta property=\"article:modified_time\" content=\"2022-07-06T10:08:17+00:00\" \/>\n<meta property=\"og:image\" content=\"https:\/\/www.kermesgps.com\/esp\/wp-content\/uploads\/2019\/01\/Logo-portada-negro.webp\" \/>\n\t<meta property=\"og:image:width\" content=\"300\" \/>\n\t<meta property=\"og:image:height\" content=\"86\" \/>\n\t<meta property=\"og:image:type\" content=\"image\/webp\" \/>\n<meta name=\"twitter:card\" content=\"summary_large_image\" \/>\n<meta name=\"twitter:label1\" content=\"Tiempo de lectura\" \/>\n\t<meta name=\"twitter:data1\" content=\"1 minuto\" \/>\n<script type=\"application\/ld+json\" class=\"yoast-schema-graph\">{\"@context\":\"https:\\\/\\\/schema.org\",\"@graph\":[{\"@type\":\"WebPage\",\"@id\":\"https:\\\/\\\/www.kermesgps.com\\\/esp\\\/actualizacoes\\\/passos-kermesiv\\\/\",\"url\":\"https:\\\/\\\/www.kermesgps.com\\\/esp\\\/actualizacoes\\\/passos-kermesiv\\\/\",\"name\":\"Passos para actualizar o Kermes Plus IV - Kermes GPS\",\"isPartOf\":{\"@id\":\"https:\\\/\\\/www.kermesgps.com\\\/esp\\\/#website\"},\"datePublished\":\"2022-07-06T09:20:50+00:00\",\"dateModified\":\"2022-07-06T10:08:17+00:00\",\"breadcrumb\":{\"@id\":\"https:\\\/\\\/www.kermesgps.com\\\/esp\\\/actualizacoes\\\/passos-kermesiv\\\/#breadcrumb\"},\"inLanguage\":\"es\",\"potentialAction\":[{\"@type\":\"ReadAction\",\"target\":[\"https:\\\/\\\/www.kermesgps.com\\\/esp\\\/actualizacoes\\\/passos-kermesiv\\\/\"]}]},{\"@type\":\"BreadcrumbList\",\"@id\":\"https:\\\/\\\/www.kermesgps.com\\\/esp\\\/actualizacoes\\\/passos-kermesiv\\\/#breadcrumb\",\"itemListElement\":[{\"@type\":\"ListItem\",\"position\":1,\"name\":\"Portada\",\"item\":\"https:\\\/\\\/www.kermesgps.com\\\/esp\\\/\"},{\"@type\":\"ListItem\",\"position\":2,\"name\":\"Actualiza\u00e7\u00f5es\",\"item\":\"https:\\\/\\\/www.kermesgps.com\\\/esp\\\/actualizacoes\\\/\"},{\"@type\":\"ListItem\",\"position\":3,\"name\":\"Passos para actualizar o Kermes Plus IV\"}]},{\"@type\":\"WebSite\",\"@id\":\"https:\\\/\\\/www.kermesgps.com\\\/esp\\\/#website\",\"url\":\"https:\\\/\\\/www.kermesgps.com\\\/esp\\\/\",\"name\":\"Kermes GPS\",\"description\":\"Avisadores de radar mediante GPS\",\"publisher\":{\"@id\":\"https:\\\/\\\/www.kermesgps.com\\\/esp\\\/#organization\"},\"alternateName\":\"Kermes GPS\",\"potentialAction\":[{\"@type\":\"SearchAction\",\"target\":{\"@type\":\"EntryPoint\",\"urlTemplate\":\"https:\\\/\\\/www.kermesgps.com\\\/esp\\\/?s={search_term_string}\"},\"query-input\":{\"@type\":\"PropertyValueSpecification\",\"valueRequired\":true,\"valueName\":\"search_term_string\"}}],\"inLanguage\":\"es\"},{\"@type\":\"Organization\",\"@id\":\"https:\\\/\\\/www.kermesgps.com\\\/esp\\\/#organization\",\"name\":\"Kermes GPS\",\"url\":\"https:\\\/\\\/www.kermesgps.com\\\/esp\\\/\",\"logo\":{\"@type\":\"ImageObject\",\"inLanguage\":\"es\",\"@id\":\"https:\\\/\\\/www.kermesgps.com\\\/esp\\\/#\\\/schema\\\/logo\\\/image\\\/\",\"url\":\"https:\\\/\\\/www.kermesgps.com\\\/esp\\\/wp-content\\\/uploads\\\/2022\\\/06\\\/Logo-Nuevo-WFinder-30.png\",\"contentUrl\":\"https:\\\/\\\/www.kermesgps.com\\\/esp\\\/wp-content\\\/uploads\\\/2022\\\/06\\\/Logo-Nuevo-WFinder-30.png\",\"width\":625,\"height\":214,\"caption\":\"Kermes GPS\"},\"image\":{\"@id\":\"https:\\\/\\\/www.kermesgps.com\\\/esp\\\/#\\\/schema\\\/logo\\\/image\\\/\"},\"sameAs\":[\"https:\\\/\\\/www.kermesgps.com\\\/esp\\\/actualizaciones\\\/kp4\\\/\",\"https:\\\/\\\/www.tiktok.com\\\/@wfinderpro\"]}]}<\/script>\n<!-- \/ Yoast SEO plugin. -->","yoast_head_json":{"title":"Passos para actualizar o Kermes Plus IV - Kermes GPS","robots":{"index":"index","follow":"follow","max-snippet":"max-snippet:-1","max-image-preview":"max-image-preview:large","max-video-preview":"max-video-preview:-1"},"canonical":"https:\/\/www.kermesgps.com\/esp\/actualizacoes\/passos-kermesiv\/","og_locale":"es_ES","og_type":"article","og_title":"Passos para actualizar o Kermes Plus IV - Kermes GPS","og_description":"[vc_row][vc_column][vc_empty_space][\/vc_column][\/vc_row][vc_row][vc_column][vc_message message_box_color=\u00bbturquoise\u00bb icon_fontawesome=\u00bbfas fa-power-off\u00bb] Se nunca actualizou antes ou pretende actualizar num novo computador, por favor v\u00e1 para os primeiros passos. [\/vc_message][\/vc_column][\/vc_row][vc_row][vc_column][vc_btn title=\u00bbPrimeiros passos\u00bb style=\u00bboutline\u00bb shape=\u00bbround\u00bb color=\u00bbwarning\u00bb align=\u00bbcenter\u00bb i_icon_fontawesome=\u00bbfas fa-list-ol\u00bb add_icon=\u00bbtrue\u00bb link=\u00bburl:https%3A%2F%2Fwww.kermesgps.com%2Fesp%2Factualizacoes%2Fpassos-kermesiv%2Fdriver-plusiv-pt%2F|title:Primeros%20pasos\u00bb][\/vc_column][\/vc_row][vc_row][vc_column][vc_message message_box_color=\u00bbturquoise\u00bb icon_fontawesome=\u00bbfas fa-download\u00bb] Se j\u00e1 tiver o controlador instalado ou tiver apagado o actualizador por engano, pode aceder ao descarregamento directamente daqui. [\/vc_message][\/vc_column][\/vc_row][vc_row][vc_column][vc_btn [&hellip;]","og_url":"https:\/\/www.kermesgps.com\/esp\/actualizacoes\/passos-kermesiv\/","og_site_name":"Kermes GPS","article_modified_time":"2022-07-06T10:08:17+00:00","og_image":[{"width":300,"height":86,"url":"https:\/\/www.kermesgps.com\/esp\/wp-content\/uploads\/2019\/01\/Logo-portada-negro.webp","type":"image\/webp"}],"twitter_card":"summary_large_image","twitter_misc":{"Tiempo de lectura":"1 minuto"},"schema":{"@context":"https:\/\/schema.org","@graph":[{"@type":"WebPage","@id":"https:\/\/www.kermesgps.com\/esp\/actualizacoes\/passos-kermesiv\/","url":"https:\/\/www.kermesgps.com\/esp\/actualizacoes\/passos-kermesiv\/","name":"Passos para actualizar o Kermes Plus IV - Kermes GPS","isPartOf":{"@id":"https:\/\/www.kermesgps.com\/esp\/#website"},"datePublished":"2022-07-06T09:20:50+00:00","dateModified":"2022-07-06T10:08:17+00:00","breadcrumb":{"@id":"https:\/\/www.kermesgps.com\/esp\/actualizacoes\/passos-kermesiv\/#breadcrumb"},"inLanguage":"es","potentialAction":[{"@type":"ReadAction","target":["https:\/\/www.kermesgps.com\/esp\/actualizacoes\/passos-kermesiv\/"]}]},{"@type":"BreadcrumbList","@id":"https:\/\/www.kermesgps.com\/esp\/actualizacoes\/passos-kermesiv\/#breadcrumb","itemListElement":[{"@type":"ListItem","position":1,"name":"Portada","item":"https:\/\/www.kermesgps.com\/esp\/"},{"@type":"ListItem","position":2,"name":"Actualiza\u00e7\u00f5es","item":"https:\/\/www.kermesgps.com\/esp\/actualizacoes\/"},{"@type":"ListItem","position":3,"name":"Passos para actualizar o Kermes Plus IV"}]},{"@type":"WebSite","@id":"https:\/\/www.kermesgps.com\/esp\/#website","url":"https:\/\/www.kermesgps.com\/esp\/","name":"Kermes GPS","description":"Avisadores de radar mediante GPS","publisher":{"@id":"https:\/\/www.kermesgps.com\/esp\/#organization"},"alternateName":"Kermes GPS","potentialAction":[{"@type":"SearchAction","target":{"@type":"EntryPoint","urlTemplate":"https:\/\/www.kermesgps.com\/esp\/?s={search_term_string}"},"query-input":{"@type":"PropertyValueSpecification","valueRequired":true,"valueName":"search_term_string"}}],"inLanguage":"es"},{"@type":"Organization","@id":"https:\/\/www.kermesgps.com\/esp\/#organization","name":"Kermes GPS","url":"https:\/\/www.kermesgps.com\/esp\/","logo":{"@type":"ImageObject","inLanguage":"es","@id":"https:\/\/www.kermesgps.com\/esp\/#\/schema\/logo\/image\/","url":"https:\/\/www.kermesgps.com\/esp\/wp-content\/uploads\/2022\/06\/Logo-Nuevo-WFinder-30.png","contentUrl":"https:\/\/www.kermesgps.com\/esp\/wp-content\/uploads\/2022\/06\/Logo-Nuevo-WFinder-30.png","width":625,"height":214,"caption":"Kermes GPS"},"image":{"@id":"https:\/\/www.kermesgps.com\/esp\/#\/schema\/logo\/image\/"},"sameAs":["https:\/\/www.kermesgps.com\/esp\/actualizaciones\/kp4\/","https:\/\/www.tiktok.com\/@wfinderpro"]}]}},"_links":{"self":[{"href":"https:\/\/www.kermesgps.com\/esp\/wp-json\/wp\/v2\/pages\/4259","targetHints":{"allow":["GET"]}}],"collection":[{"href":"https:\/\/www.kermesgps.com\/esp\/wp-json\/wp\/v2\/pages"}],"about":[{"href":"https:\/\/www.kermesgps.com\/esp\/wp-json\/wp\/v2\/types\/page"}],"author":[{"embeddable":true,"href":"https:\/\/www.kermesgps.com\/esp\/wp-json\/wp\/v2\/users\/2"}],"replies":[{"embeddable":true,"href":"https:\/\/www.kermesgps.com\/esp\/wp-json\/wp\/v2\/comments?post=4259"}],"version-history":[{"count":0,"href":"https:\/\/www.kermesgps.com\/esp\/wp-json\/wp\/v2\/pages\/4259\/revisions"}],"up":[{"embeddable":true,"href":"https:\/\/www.kermesgps.com\/esp\/wp-json\/wp\/v2\/pages\/4252"}],"wp:attachment":[{"href":"https:\/\/www.kermesgps.com\/esp\/wp-json\/wp\/v2\/media?parent=4259"}],"curies":[{"name":"wp","href":"https:\/\/api.w.org\/{rel}","templated":true}]}}