{"id":4265,"date":"2022-07-06T11:34:41","date_gmt":"2022-07-06T09:34:41","guid":{"rendered":"https:\/\/www.kermesgps.com\/esp\/?page_id=4265"},"modified":"2022-07-06T12:00:36","modified_gmt":"2022-07-06T10:00:36","slug":"driver-plusiv-pt","status":"publish","type":"page","link":"https:\/\/www.kermesgps.com\/esp\/actualizacoes\/passos-kermesiv\/driver-plusiv-pt\/","title":{"rendered":"Driver para Kermes Plus IV"},"content":{"rendered":"<div class=\"wpb-content-wrapper\"><p>[vc_row][vc_column][vc_column_text]<\/p>\n<h2 style=\"text-align: center;\"><b> INSTALA\u00c7\u00c3O DO DRIVER<\/b><\/h2>\n<p>&nbsp;<\/p>\n<p style=\"text-align: center;\">Antes de ligar o cabo \u00e9 necess\u00e1rio instalar o driver para que o seu computador reconhe\u00e7a o dispositivo.<\/p>\n<p>[\/vc_column_text][\/vc_column][\/vc_row][vc_row][vc_column][vc_empty_space][\/vc_column][\/vc_row][vc_row][vc_column width=\u00bb1\/4&#8243;][\/vc_column][vc_column width=\u00bb1\/2&#8243;][vc_message message_box_color=\u00bbpink\u00bb icon_fontawesome=\u00bbfas fa-exclamation-triangle\u00bb]<\/p>\n<p style=\"text-align: center;\">N\u00e3o ligar ainda o cabo de actualiza\u00e7\u00e3o<\/p>\n<p>[\/vc_message][\/vc_column][vc_column width=\u00bb1\/4&#8243;][\/vc_column][\/vc_row][vc_row][vc_column][vc_empty_space][vc_column_text]<\/p>\n<p style=\"text-align: center;\">Seleccione o seu sistema operativo, e dentro do separador encontrar\u00e1 as op\u00e7\u00f5es dispon\u00edveis. Clique na op\u00e7\u00e3o para descarregar e instalar o driver correspondente.<\/p>\n<p>[\/vc_column_text][vc_empty_space][\/vc_column][\/vc_row][vc_row][vc_column][vc_tta_tabs][vc_tta_section title=\u00bbWindows 11&#8243; tab_id=\u00bb1653488925141-f5a6a57d-640e\u00bb][vc_column_text]Windows 11 s\u00f3 \u00e9 desenvolvido em vers\u00f5es de 64 bits.[\/vc_column_text][vc_empty_space][vc_btn title=\u00bbWindows 11&#8243; style=\u00bboutline\u00bb color=\u00bbturquoise\u00bb align=\u00bbleft\u00bb i_icon_fontawesome=\u00bbfas fa-microchip\u00bb add_icon=\u00bbtrue\u00bb link=\u00bburl:https%3A%2F%2Fwww.kermesgps.com%2Fesp%2Fdescargas%2FUSB%20Kermes.exe|title:Driver%20para%20Windows%2011&#8243;][\/vc_tta_section][vc_tta_section title=\u00bbWindows 10&#8243; tab_id=\u00bb1653487519134-0af8ae96-a59a\u00bb][vc_column_text]Para descobrir que vers\u00e3o do Windows 10 tem, siga estes passos:<\/p>\n<ol>\n<li>Pressionar a tecla Windows <img loading=\"lazy\" decoding=\"async\" src=\"https:\/\/www.kermesgps.com\/eu\/esp\/images\/kermes\/logos\/iniwin10.png\" alt=\"iniwin10\" width=\"21\" height=\"15\" \/><b>\u00a0<\/b><i>\u00a0<\/i> e a tecla \u00abX\u00bb ao mesmo tempo.<\/li>\n<li>Clicar em \u00abSistema\u00bb no menu pendente.<\/li>\n<li>Nos dados apresentados no ecr\u00e3, em \u00abSistema\u00bb encontrar\u00e1 a linha que indica \u00abTipo de sistema\u00bb.<\/li>\n<li>Isto ser\u00e1 seguido de, no caso de um sistema de 64 bits (como exemplo), \u00absistema operativo de 64 bits, processador x64\u00bb.<\/li>\n<\/ol>\n<p>[\/vc_column_text][vc_empty_space][vc_btn title=\u00bbWindows 10 64 bits\u00bb style=\u00bboutline\u00bb color=\u00bbturquoise\u00bb align=\u00bbleft\u00bb i_icon_fontawesome=\u00bbfas fa-microchip\u00bb add_icon=\u00bbtrue\u00bb link=\u00bburl:https%3A%2F%2Fwww.kermesgps.com%2Fesp%2Fdescargas%2FDK%2Fwin10%2Fdkp4-win10_x64-setup.exe|title:Driver%20Kermes%20Plus%20IV%20Win%2010%2064%20bits\u00bb][vc_btn title=\u00bbWindows 10 32 bits\u00bb style=\u00bboutline\u00bb color=\u00bbturquoise\u00bb align=\u00bbleft\u00bb i_icon_fontawesome=\u00bbfas fa-microchip\u00bb add_icon=\u00bbtrue\u00bb link=\u00bburl:https%3A%2F%2Fwww.kermesgps.com%2Fesp%2Fdescargas%2FDK%2Fwin10%2Fdkp4-win10_x86-setup.exe|title:Driver%20Kermes%20Plus%20IV%20Win%2010%2032%20bits\u00bb][\/vc_tta_section][vc_tta_section title=\u00bbWindows 8.1 \/ RT 8.1&#8243; tab_id=\u00bb1653487519144-7f24d4a3-30e8&#8243;][vc_column_text]Para descobrir que vers\u00e3o do Windows 8 tem, siga estes passos:<\/p>\n<ol>\n<li>Desviar rapidamente da margem direita do ecr\u00e3, tocar em Defini\u00e7\u00f5es, e depois em Alterar as Defini\u00e7\u00f5es do PC.<br \/>\n(Se estiver a utilizar um rato, aponte para o canto inferior direito do ecr\u00e3, mova o ponteiro do rato para cima, clique em <strong>Settings<\/strong>, e depois clique em <strong>Change PC Settings<\/strong>).<\/li>\n<li>Clique ou toque em <strong>PC<\/strong> e Dispositivos e depois clique ou toque em Informa\u00e7\u00e3o de PC.<\/li>\n<li>Em \u00ab<strong>Windows Edition<\/strong>\u00bb encontrar\u00e1 a vers\u00e3o e edi\u00e7\u00e3o do Windows a correr no seu PC.<\/li>\n<li>Veja em <strong>Tipo de Sistema PC<\/strong> para ver se est\u00e1 a correr uma vers\u00e3o 32-bit ou 64-bit do Windows.<\/li>\n<\/ol>\n<p>[\/vc_column_text][vc_empty_space][vc_btn title=\u00bbWindows 8 64 bits\u00bb style=\u00bboutline\u00bb color=\u00bbturquoise\u00bb align=\u00bbleft\u00bb i_icon_fontawesome=\u00bbfas fa-microchip\u00bb add_icon=\u00bbtrue\u00bb link=\u00bburl:https%3A%2F%2Fwww.kermesgps.com%2Fesp%2Fdescargas%2FDK%2Fwin8%2Fdkp4-win8_x64-setup.exe|title:Driver%20Kermes%20Plus%20IV%20Win%208%2064%20bits\u00bb][vc_btn title=\u00bbWindows 8 32 bits\u00bb style=\u00bboutline\u00bb color=\u00bbturquoise\u00bb align=\u00bbleft\u00bb i_icon_fontawesome=\u00bbfas fa-microchip\u00bb add_icon=\u00bbtrue\u00bb link=\u00bburl:https%3A%2F%2Fwww.kermesgps.com%2Fesp%2Fdescargas%2FDK%2Fwin8%2Fdkp4-win8_x86-setup.exe|title:Driver%20Kermes%20Plus%20IV%20Win%208%2032%20bits\u00bb][\/vc_tta_section][vc_tta_section title=\u00bbWindows 7&#8243; tab_id=\u00bb1653488586452-4a384203-70a1&#8243;][vc_column_text]Para descobrir que vers\u00e3o do Windows 7 tem, siga os passos abaixo:<\/p>\n<ol>\n<li style=\"list-style-type: none;\">\n<ol>\n<li>Clique no bot\u00e3o<strong> Iniciar <\/strong><img loading=\"lazy\" decoding=\"async\" src=\"https:\/\/www.kermesgps.com\/eu\/esp\/images\/kermes\/logos\/iniwin7.png\" alt=\"iniwin7\" width=\"15\" height=\"15\" \/>, clique com o bot\u00e3o direito do rato em <strong>Computador<\/strong>, e depois clique em <strong>Propriedades<\/strong>.<\/li>\n<li>Nos dados apresentados no ecr\u00e3, em \u00abSistema\u00bb encontrar\u00e1 a linha que indica \u00abTipo de sistema\u00bb.<\/li>\n<li>Isto ser\u00e1 seguido de, no caso de um sistema de 64 bits, \u00ab64-bit operating system, x64 processor\u00bb como exemplo.<\/li>\n<\/ol>\n<\/li>\n<\/ol>\n<p>[\/vc_column_text][vc_empty_space][vc_btn title=\u00bbWindows 7 64 bits\u00bb style=\u00bboutline\u00bb color=\u00bbturquoise\u00bb align=\u00bbleft\u00bb i_icon_fontawesome=\u00bbfas fa-microchip\u00bb add_icon=\u00bbtrue\u00bb link=\u00bburl:https%3A%2F%2Fwww.kermesgps.com%2Fesp%2Fdescargas%2FDK%2Fwin7%2Fdkp4-win7_x64-setup.exe|title:Driver%20Kermes%20Plus%20IV%20Win%207%2064%20bits\u00bb][vc_btn title=\u00bbWindows 7 32 bits\u00bb style=\u00bboutline\u00bb color=\u00bbturquoise\u00bb align=\u00bbleft\u00bb i_icon_fontawesome=\u00bbfas fa-microchip\u00bb add_icon=\u00bbtrue\u00bb link=\u00bburl:https%3A%2F%2Fwww.kermesgps.com%2Fesp%2Fdescargas%2FDK%2Fwin7%2Fdkp4-vista_x86-setup.exe|title:Driver%20Kermes%20Plus%20IV%20Win%207%2032%20bits\u00bb][\/vc_tta_section][vc_tta_section title=\u00bbWindows Vista\u00bb tab_id=\u00bb1653488766498-0a1e6606-82e5&#8243;][vc_column_text]Para descobrir que vers\u00e3o do Windows Vista tem, siga estes passos:<\/p>\n<ol>\n<li style=\"list-style-type: none;\">\n<ol>\n<li>Clique no bot\u00e3o <strong>Iniciar <\/strong><img loading=\"lazy\" decoding=\"async\" src=\"https:\/\/www.kermesgps.com\/eu\/esp\/images\/kermes\/logos\/iniwin7.png\" alt=\"iniwin7\" width=\"15\" height=\"15\" \/>, clique com o bot\u00e3o direito do rato em <strong>Computador<\/strong>, e depois clique em <strong>Propriedades<\/strong>.<\/li>\n<li>Nos dados apresentados no ecr\u00e3, em \u00abSistema\u00bb encontrar\u00e1 a linha que indica \u00abTipo de sistema\u00bb.<\/li>\n<li>Isto ser\u00e1 seguido de, no caso de um sistema de 64 bits, \u00ab64-bit operating system, x64 processor\u00bb como exemplo.<\/li>\n<li>Pode descarregar a actualiza\u00e7\u00e3o na parte inferior desta p\u00e1gina.<\/li>\n<\/ol>\n<\/li>\n<\/ol>\n<p>[\/vc_column_text][vc_empty_space][vc_btn title=\u00bbWindows Vista 64 bits\u00bb style=\u00bboutline\u00bb color=\u00bbturquoise\u00bb align=\u00bbleft\u00bb i_icon_fontawesome=\u00bbfas fa-microchip\u00bb add_icon=\u00bbtrue\u00bb link=\u00bburl:https%3A%2F%2Fwww.kermesgps.com%2Fesp%2Fdescargas%2FDK%2Fvista%2Fdkp4-vista_x64-setup.exe|title:Driver%20Kermes%20Plus%20IV%20Win%20Vista%2064%20bits\u00bb][vc_btn title=\u00bbWindows Vista 32 bits\u00bb style=\u00bboutline\u00bb color=\u00bbturquoise\u00bb align=\u00bbleft\u00bb i_icon_fontawesome=\u00bbfas fa-microchip\u00bb add_icon=\u00bbtrue\u00bb link=\u00bburl:https%3A%2F%2Fwww.kermesgps.com%2Fesp%2Fdescargas%2FDK%2Fvista%2Fdkp4-vista_x86-setup.exe|title:Driver%20Kermes%20Plus%20IV%20Win%20Vista%2032%20bits\u00bb][\/vc_tta_section][vc_tta_section title=\u00bbXP, 2000, 98 &amp; Me\u00bb tab_id=\u00bb1653489028538-81b0cd8e-2e0e\u00bb][vc_column_text]Seleccione o seu sistema operativo e clique no bot\u00e3o correspondente.[\/vc_column_text][vc_empty_space][vc_btn title=\u00bbWindows XP &amp; 2000&#8243; style=\u00bboutline\u00bb color=\u00bbturquoise\u00bb align=\u00bbleft\u00bb i_icon_fontawesome=\u00bbfas fa-microchip\u00bb add_icon=\u00bbtrue\u00bb link=\u00bburl:https%3A%2F%2Fwww.kermesgps.com%2Fesp%2Fdescargas%2FDK%2F2000_xp%2Fdkp4-win2k_xp-setup.exe|title:Driver%20Kermes%20Plus%20IV%20Win%202000_xp\u00bb][vc_btn title=\u00bbWindows 98 &amp; Me\u00bb style=\u00bboutline\u00bb color=\u00bbturquoise\u00bb align=\u00bbleft\u00bb i_icon_fontawesome=\u00bbfas fa-microchip\u00bb add_icon=\u00bbtrue\u00bb link=\u00bburl:https%3A%2F%2Fwww.kermesgps.com%2Fesp%2Fdescargas%2FDK%2Fwin98_me%2Fdkp4-win98_me-setup.exe|title:Driver%20Kermes%20Plus%20IV%20win98_me\u00bb][\/vc_tta_section][vc_tta_section title=\u00bbMac\u00bb tab_id=\u00bb1657037586206-34c30637-02f1&#8243;][vc_column_text]<\/p>\n<div class=\"wpb_text_column wpb_content_element \">\n<div class=\"wpb_wrapper\">\n<p>Uma vez que os nossos dispositivos s\u00e3o concebidos para PCs, est\u00e3o dispon\u00edveis duas recomenda\u00e7\u00f5es para os utilizadores de Macintosh:<\/p>\n<ul>\n<li>Op\u00e7\u00e3o paga (externa a n\u00f3s) como o <a href=\"https:\/\/www.parallels.com\/br\/\" target=\"_blank\" rel=\"noopener\"><b>Parallels Desktop para Mac<\/b><\/a>, com o qual pode facilmente actualizar os nossos dispositivos.<\/li>\n<\/ul>\n<\/div>\n<\/div>\n<p>[\/vc_column_text][vc_empty_space][vc_btn title=\u00bbParallels\u00ae Desktop\u00bb style=\u00bboutline\u00bb color=\u00bbturquoise\u00bb link=\u00bburl:https%3A%2F%2Fwww.parallels.com%2Fbr%2F|title:Descarregar%20Parallels|target:_blank\u00bb][vc_column_text]<\/p>\n<div class=\"wpb_text_column wpb_content_element \">\n<div class=\"wpb_wrapper\">\n<ul>\n<li><strong>Op\u00e7\u00e3o livre<\/strong>. Pode utilizar o sistema <a href=\"https:\/\/www.virtualbox.org\/wiki\/Downloads\" target=\"_blank\" rel=\"noopener\"><strong>VBOX<\/strong><\/a>, uma aplica\u00e7\u00e3o que lhe permite virtualizar qualquer sistema operativo Windows (SOLICITA UM DISCO WINDOWS). Deve descarregar pacotes de plataforma VirtualBox x.x.xx, escolher hosts <strong>OS X<\/strong> e ter um disco Windows.<\/li>\n<\/ul>\n<\/div>\n<\/div>\n<p>[\/vc_column_text][vc_empty_space][vc_btn title=\u00bbVirtualBox\u00bb style=\u00bboutline\u00bb color=\u00bbturquoise\u00bb link=\u00bburl:https%3A%2F%2Fwww.virtualbox.org%2Fwiki%2FDownloads|title:Descargar%20VirtualBox|target:_blank\u00bb][\/vc_tta_section][\/vc_tta_tabs][\/vc_column][\/vc_row][vc_row][vc_column width=\u00bb1\/4&#8243;][\/vc_column][vc_column width=\u00bb1\/2&#8243;][vc_empty_space][vc_message message_box_color=\u00bbvista_blue\u00bb icon_fontawesome=\u00bbfas fa-check-circle\u00bb]Uma vez instalado o controlador, pode continuar a descarregar o actualizador.[\/vc_message][\/vc_column][vc_column width=\u00bb1\/4&#8243;][\/vc_column][\/vc_row][vc_row][vc_column][vc_empty_space][vc_btn title=\u00bbAgora continue aqui para descarregar o Kermes Plus IV Updater.\u00bb style=\u00bboutline\u00bb color=\u00bbturquoise\u00bb size=\u00bblg\u00bb align=\u00bbcenter\u00bb i_icon_fontawesome=\u00bbfas fa-microchip\u00bb add_icon=\u00bbtrue\u00bb link=\u00bburl:https%3A%2F%2Fwww.kermesgps.com%2Fesp%2Factualizacoes%2Fpassos-kermesiv%2Fupgrader-plusiv%2F|title:Descarregar%20actualizador%20para%20Kermes%20Plus%20IV\u00bb][\/vc_column][\/vc_row]<\/p>\n<\/div>","protected":false},"excerpt":{"rendered":"<p>[vc_row][vc_column][vc_column_text] INSTALA\u00c7\u00c3O DO DRIVER &nbsp; Antes de ligar o cabo \u00e9 necess\u00e1rio instalar o driver para que o seu computador reconhe\u00e7a o dispositivo. [\/vc_column_text][\/vc_column][\/vc_row][vc_row][vc_column][vc_empty_space][\/vc_column][\/vc_row][vc_row][vc_column width=\u00bb1\/4&#8243;][\/vc_column][vc_column width=\u00bb1\/2&#8243;][vc_message message_box_color=\u00bbpink\u00bb icon_fontawesome=\u00bbfas fa-exclamation-triangle\u00bb] N\u00e3o ligar ainda o cabo de actualiza\u00e7\u00e3o [\/vc_message][\/vc_column][vc_column width=\u00bb1\/4&#8243;][\/vc_column][\/vc_row][vc_row][vc_column][vc_empty_space][vc_column_text] Seleccione o seu sistema operativo, e dentro do separador encontrar\u00e1 as op\u00e7\u00f5es dispon\u00edveis. Clique na op\u00e7\u00e3o para [&hellip;]<\/p>\n","protected":false},"author":2,"featured_media":0,"parent":4259,"menu_order":0,"comment_status":"closed","ping_status":"closed","template":"","meta":{"footnotes":""},"class_list":["post-4265","page","type-page","status-publish","hentry"],"yoast_head":"<!-- This site is optimized with the Yoast SEO plugin v27.5 - https:\/\/yoast.com\/product\/yoast-seo-wordpress\/ -->\n<title>Driver para Kermes Plus IV - Kermes GPS<\/title>\n<meta name=\"robots\" content=\"index, follow, max-snippet:-1, max-image-preview:large, max-video-preview:-1\" \/>\n<link rel=\"canonical\" href=\"https:\/\/www.kermesgps.com\/esp\/actualizacoes\/passos-kermesiv\/driver-plusiv-pt\/\" \/>\n<meta property=\"og:locale\" content=\"es_ES\" \/>\n<meta property=\"og:type\" content=\"article\" \/>\n<meta property=\"og:title\" content=\"Driver para Kermes Plus IV - Kermes GPS\" \/>\n<meta property=\"og:description\" content=\"[vc_row][vc_column][vc_column_text] INSTALA\u00c7\u00c3O DO DRIVER &nbsp; Antes de ligar o cabo \u00e9 necess\u00e1rio instalar o driver para que o seu computador reconhe\u00e7a o dispositivo. [\/vc_column_text][\/vc_column][\/vc_row][vc_row][vc_column][vc_empty_space][\/vc_column][\/vc_row][vc_row][vc_column width=\u00bb1\/4&#8243;][\/vc_column][vc_column width=\u00bb1\/2&#8243;][vc_message message_box_color=\u00bbpink\u00bb icon_fontawesome=\u00bbfas fa-exclamation-triangle\u00bb] N\u00e3o ligar ainda o cabo de actualiza\u00e7\u00e3o [\/vc_message][\/vc_column][vc_column width=\u00bb1\/4&#8243;][\/vc_column][\/vc_row][vc_row][vc_column][vc_empty_space][vc_column_text] Seleccione o seu sistema operativo, e dentro do separador encontrar\u00e1 as op\u00e7\u00f5es dispon\u00edveis. Clique na op\u00e7\u00e3o para [&hellip;]\" \/>\n<meta property=\"og:url\" content=\"https:\/\/www.kermesgps.com\/esp\/actualizacoes\/passos-kermesiv\/driver-plusiv-pt\/\" \/>\n<meta property=\"og:site_name\" content=\"Kermes GPS\" \/>\n<meta property=\"article:modified_time\" content=\"2022-07-06T10:00:36+00:00\" \/>\n<meta property=\"og:image\" content=\"https:\/\/www.kermesgps.com\/eu\/esp\/images\/kermes\/logos\/iniwin10.png\" \/>\n<meta name=\"twitter:card\" content=\"summary_large_image\" \/>\n<meta name=\"twitter:label1\" content=\"Tiempo de lectura\" \/>\n\t<meta name=\"twitter:data1\" content=\"7 minutos\" \/>\n<script type=\"application\/ld+json\" class=\"yoast-schema-graph\">{\"@context\":\"https:\\\/\\\/schema.org\",\"@graph\":[{\"@type\":\"WebPage\",\"@id\":\"https:\\\/\\\/www.kermesgps.com\\\/esp\\\/actualizacoes\\\/passos-kermesiv\\\/driver-plusiv-pt\\\/\",\"url\":\"https:\\\/\\\/www.kermesgps.com\\\/esp\\\/actualizacoes\\\/passos-kermesiv\\\/driver-plusiv-pt\\\/\",\"name\":\"Driver para Kermes Plus IV - Kermes GPS\",\"isPartOf\":{\"@id\":\"https:\\\/\\\/www.kermesgps.com\\\/esp\\\/#website\"},\"primaryImageOfPage\":{\"@id\":\"https:\\\/\\\/www.kermesgps.com\\\/esp\\\/actualizacoes\\\/passos-kermesiv\\\/driver-plusiv-pt\\\/#primaryimage\"},\"image\":{\"@id\":\"https:\\\/\\\/www.kermesgps.com\\\/esp\\\/actualizacoes\\\/passos-kermesiv\\\/driver-plusiv-pt\\\/#primaryimage\"},\"thumbnailUrl\":\"https:\\\/\\\/www.kermesgps.com\\\/eu\\\/esp\\\/images\\\/kermes\\\/logos\\\/iniwin10.png\",\"datePublished\":\"2022-07-06T09:34:41+00:00\",\"dateModified\":\"2022-07-06T10:00:36+00:00\",\"breadcrumb\":{\"@id\":\"https:\\\/\\\/www.kermesgps.com\\\/esp\\\/actualizacoes\\\/passos-kermesiv\\\/driver-plusiv-pt\\\/#breadcrumb\"},\"inLanguage\":\"es\",\"potentialAction\":[{\"@type\":\"ReadAction\",\"target\":[\"https:\\\/\\\/www.kermesgps.com\\\/esp\\\/actualizacoes\\\/passos-kermesiv\\\/driver-plusiv-pt\\\/\"]}]},{\"@type\":\"ImageObject\",\"inLanguage\":\"es\",\"@id\":\"https:\\\/\\\/www.kermesgps.com\\\/esp\\\/actualizacoes\\\/passos-kermesiv\\\/driver-plusiv-pt\\\/#primaryimage\",\"url\":\"https:\\\/\\\/www.kermesgps.com\\\/eu\\\/esp\\\/images\\\/kermes\\\/logos\\\/iniwin10.png\",\"contentUrl\":\"https:\\\/\\\/www.kermesgps.com\\\/eu\\\/esp\\\/images\\\/kermes\\\/logos\\\/iniwin10.png\"},{\"@type\":\"BreadcrumbList\",\"@id\":\"https:\\\/\\\/www.kermesgps.com\\\/esp\\\/actualizacoes\\\/passos-kermesiv\\\/driver-plusiv-pt\\\/#breadcrumb\",\"itemListElement\":[{\"@type\":\"ListItem\",\"position\":1,\"name\":\"Portada\",\"item\":\"https:\\\/\\\/www.kermesgps.com\\\/esp\\\/\"},{\"@type\":\"ListItem\",\"position\":2,\"name\":\"Actualiza\u00e7\u00f5es\",\"item\":\"https:\\\/\\\/www.kermesgps.com\\\/esp\\\/actualizacoes\\\/\"},{\"@type\":\"ListItem\",\"position\":3,\"name\":\"Passos para actualizar o Kermes Plus IV\",\"item\":\"https:\\\/\\\/www.kermesgps.com\\\/esp\\\/actualizacoes\\\/passos-kermesiv\\\/\"},{\"@type\":\"ListItem\",\"position\":4,\"name\":\"Driver para Kermes Plus IV\"}]},{\"@type\":\"WebSite\",\"@id\":\"https:\\\/\\\/www.kermesgps.com\\\/esp\\\/#website\",\"url\":\"https:\\\/\\\/www.kermesgps.com\\\/esp\\\/\",\"name\":\"Kermes GPS\",\"description\":\"Avisadores de radar mediante GPS\",\"publisher\":{\"@id\":\"https:\\\/\\\/www.kermesgps.com\\\/esp\\\/#organization\"},\"alternateName\":\"Kermes GPS\",\"potentialAction\":[{\"@type\":\"SearchAction\",\"target\":{\"@type\":\"EntryPoint\",\"urlTemplate\":\"https:\\\/\\\/www.kermesgps.com\\\/esp\\\/?s={search_term_string}\"},\"query-input\":{\"@type\":\"PropertyValueSpecification\",\"valueRequired\":true,\"valueName\":\"search_term_string\"}}],\"inLanguage\":\"es\"},{\"@type\":\"Organization\",\"@id\":\"https:\\\/\\\/www.kermesgps.com\\\/esp\\\/#organization\",\"name\":\"Kermes GPS\",\"url\":\"https:\\\/\\\/www.kermesgps.com\\\/esp\\\/\",\"logo\":{\"@type\":\"ImageObject\",\"inLanguage\":\"es\",\"@id\":\"https:\\\/\\\/www.kermesgps.com\\\/esp\\\/#\\\/schema\\\/logo\\\/image\\\/\",\"url\":\"https:\\\/\\\/www.kermesgps.com\\\/esp\\\/wp-content\\\/uploads\\\/2022\\\/06\\\/Logo-Nuevo-WFinder-30.png\",\"contentUrl\":\"https:\\\/\\\/www.kermesgps.com\\\/esp\\\/wp-content\\\/uploads\\\/2022\\\/06\\\/Logo-Nuevo-WFinder-30.png\",\"width\":625,\"height\":214,\"caption\":\"Kermes GPS\"},\"image\":{\"@id\":\"https:\\\/\\\/www.kermesgps.com\\\/esp\\\/#\\\/schema\\\/logo\\\/image\\\/\"},\"sameAs\":[\"https:\\\/\\\/www.kermesgps.com\\\/esp\\\/actualizaciones\\\/kp4\\\/\",\"https:\\\/\\\/www.tiktok.com\\\/@wfinderpro\"]}]}<\/script>\n<!-- \/ Yoast SEO plugin. -->","yoast_head_json":{"title":"Driver para Kermes Plus IV - Kermes GPS","robots":{"index":"index","follow":"follow","max-snippet":"max-snippet:-1","max-image-preview":"max-image-preview:large","max-video-preview":"max-video-preview:-1"},"canonical":"https:\/\/www.kermesgps.com\/esp\/actualizacoes\/passos-kermesiv\/driver-plusiv-pt\/","og_locale":"es_ES","og_type":"article","og_title":"Driver para Kermes Plus IV - Kermes GPS","og_description":"[vc_row][vc_column][vc_column_text] INSTALA\u00c7\u00c3O DO DRIVER &nbsp; Antes de ligar o cabo \u00e9 necess\u00e1rio instalar o driver para que o seu computador reconhe\u00e7a o dispositivo. [\/vc_column_text][\/vc_column][\/vc_row][vc_row][vc_column][vc_empty_space][\/vc_column][\/vc_row][vc_row][vc_column width=\u00bb1\/4&#8243;][\/vc_column][vc_column width=\u00bb1\/2&#8243;][vc_message message_box_color=\u00bbpink\u00bb icon_fontawesome=\u00bbfas fa-exclamation-triangle\u00bb] N\u00e3o ligar ainda o cabo de actualiza\u00e7\u00e3o [\/vc_message][\/vc_column][vc_column width=\u00bb1\/4&#8243;][\/vc_column][\/vc_row][vc_row][vc_column][vc_empty_space][vc_column_text] Seleccione o seu sistema operativo, e dentro do separador encontrar\u00e1 as op\u00e7\u00f5es dispon\u00edveis. Clique na op\u00e7\u00e3o para [&hellip;]","og_url":"https:\/\/www.kermesgps.com\/esp\/actualizacoes\/passos-kermesiv\/driver-plusiv-pt\/","og_site_name":"Kermes GPS","article_modified_time":"2022-07-06T10:00:36+00:00","og_image":[{"url":"https:\/\/www.kermesgps.com\/eu\/esp\/images\/kermes\/logos\/iniwin10.png","type":"","width":"","height":""}],"twitter_card":"summary_large_image","twitter_misc":{"Tiempo de lectura":"7 minutos"},"schema":{"@context":"https:\/\/schema.org","@graph":[{"@type":"WebPage","@id":"https:\/\/www.kermesgps.com\/esp\/actualizacoes\/passos-kermesiv\/driver-plusiv-pt\/","url":"https:\/\/www.kermesgps.com\/esp\/actualizacoes\/passos-kermesiv\/driver-plusiv-pt\/","name":"Driver para Kermes Plus IV - Kermes GPS","isPartOf":{"@id":"https:\/\/www.kermesgps.com\/esp\/#website"},"primaryImageOfPage":{"@id":"https:\/\/www.kermesgps.com\/esp\/actualizacoes\/passos-kermesiv\/driver-plusiv-pt\/#primaryimage"},"image":{"@id":"https:\/\/www.kermesgps.com\/esp\/actualizacoes\/passos-kermesiv\/driver-plusiv-pt\/#primaryimage"},"thumbnailUrl":"https:\/\/www.kermesgps.com\/eu\/esp\/images\/kermes\/logos\/iniwin10.png","datePublished":"2022-07-06T09:34:41+00:00","dateModified":"2022-07-06T10:00:36+00:00","breadcrumb":{"@id":"https:\/\/www.kermesgps.com\/esp\/actualizacoes\/passos-kermesiv\/driver-plusiv-pt\/#breadcrumb"},"inLanguage":"es","potentialAction":[{"@type":"ReadAction","target":["https:\/\/www.kermesgps.com\/esp\/actualizacoes\/passos-kermesiv\/driver-plusiv-pt\/"]}]},{"@type":"ImageObject","inLanguage":"es","@id":"https:\/\/www.kermesgps.com\/esp\/actualizacoes\/passos-kermesiv\/driver-plusiv-pt\/#primaryimage","url":"https:\/\/www.kermesgps.com\/eu\/esp\/images\/kermes\/logos\/iniwin10.png","contentUrl":"https:\/\/www.kermesgps.com\/eu\/esp\/images\/kermes\/logos\/iniwin10.png"},{"@type":"BreadcrumbList","@id":"https:\/\/www.kermesgps.com\/esp\/actualizacoes\/passos-kermesiv\/driver-plusiv-pt\/#breadcrumb","itemListElement":[{"@type":"ListItem","position":1,"name":"Portada","item":"https:\/\/www.kermesgps.com\/esp\/"},{"@type":"ListItem","position":2,"name":"Actualiza\u00e7\u00f5es","item":"https:\/\/www.kermesgps.com\/esp\/actualizacoes\/"},{"@type":"ListItem","position":3,"name":"Passos para actualizar o Kermes Plus IV","item":"https:\/\/www.kermesgps.com\/esp\/actualizacoes\/passos-kermesiv\/"},{"@type":"ListItem","position":4,"name":"Driver para Kermes Plus IV"}]},{"@type":"WebSite","@id":"https:\/\/www.kermesgps.com\/esp\/#website","url":"https:\/\/www.kermesgps.com\/esp\/","name":"Kermes GPS","description":"Avisadores de radar mediante GPS","publisher":{"@id":"https:\/\/www.kermesgps.com\/esp\/#organization"},"alternateName":"Kermes GPS","potentialAction":[{"@type":"SearchAction","target":{"@type":"EntryPoint","urlTemplate":"https:\/\/www.kermesgps.com\/esp\/?s={search_term_string}"},"query-input":{"@type":"PropertyValueSpecification","valueRequired":true,"valueName":"search_term_string"}}],"inLanguage":"es"},{"@type":"Organization","@id":"https:\/\/www.kermesgps.com\/esp\/#organization","name":"Kermes GPS","url":"https:\/\/www.kermesgps.com\/esp\/","logo":{"@type":"ImageObject","inLanguage":"es","@id":"https:\/\/www.kermesgps.com\/esp\/#\/schema\/logo\/image\/","url":"https:\/\/www.kermesgps.com\/esp\/wp-content\/uploads\/2022\/06\/Logo-Nuevo-WFinder-30.png","contentUrl":"https:\/\/www.kermesgps.com\/esp\/wp-content\/uploads\/2022\/06\/Logo-Nuevo-WFinder-30.png","width":625,"height":214,"caption":"Kermes GPS"},"image":{"@id":"https:\/\/www.kermesgps.com\/esp\/#\/schema\/logo\/image\/"},"sameAs":["https:\/\/www.kermesgps.com\/esp\/actualizaciones\/kp4\/","https:\/\/www.tiktok.com\/@wfinderpro"]}]}},"_links":{"self":[{"href":"https:\/\/www.kermesgps.com\/esp\/wp-json\/wp\/v2\/pages\/4265","targetHints":{"allow":["GET"]}}],"collection":[{"href":"https:\/\/www.kermesgps.com\/esp\/wp-json\/wp\/v2\/pages"}],"about":[{"href":"https:\/\/www.kermesgps.com\/esp\/wp-json\/wp\/v2\/types\/page"}],"author":[{"embeddable":true,"href":"https:\/\/www.kermesgps.com\/esp\/wp-json\/wp\/v2\/users\/2"}],"replies":[{"embeddable":true,"href":"https:\/\/www.kermesgps.com\/esp\/wp-json\/wp\/v2\/comments?post=4265"}],"version-history":[{"count":0,"href":"https:\/\/www.kermesgps.com\/esp\/wp-json\/wp\/v2\/pages\/4265\/revisions"}],"up":[{"embeddable":true,"href":"https:\/\/www.kermesgps.com\/esp\/wp-json\/wp\/v2\/pages\/4259"}],"wp:attachment":[{"href":"https:\/\/www.kermesgps.com\/esp\/wp-json\/wp\/v2\/media?parent=4265"}],"curies":[{"name":"wp","href":"https:\/\/api.w.org\/{rel}","templated":true}]}}