{"id":4272,"date":"2022-07-06T11:58:45","date_gmt":"2022-07-06T09:58:45","guid":{"rendered":"https:\/\/www.kermesgps.com\/esp\/?page_id=4272"},"modified":"2023-02-10T10:09:29","modified_gmt":"2023-02-10T08:09:29","slug":"upgrader-plusiv","status":"publish","type":"page","link":"https:\/\/www.kermesgps.com\/esp\/actualizacoes\/passos-kermesiv\/upgrader-plusiv\/","title":{"rendered":"Kermes Plus IV Upgrader"},"content":{"rendered":"<div class=\"wpb-content-wrapper\"><p>[vc_row][vc_column][vc_message message_box_color=\u00bbpink\u00bb icon_fontawesome=\u00bbfas fa-exclamation-triangle\u00bb]<\/p>\n<p style=\"text-align: center;\">Antes de come\u00e7ar a actualizar o seu <strong>KERMES PLUS IV<\/strong>, leia atentamente as seguintes instru\u00e7\u00f5es<\/p>\n<p>[\/vc_message][vc_empty_space][\/vc_column][\/vc_row][vc_row][vc_column][vc_column_text]<\/p>\n<h2 style=\"text-align: center;\">INSTALA\u00c7\u00c3O DO PROGRAMA DE ACTUALIZA\u00c7\u00c3O<\/h2>\n<p>[\/vc_column_text][vc_empty_space][vc_message message_box_color=\u00bbturquoise\u00bb]O programa de actualiza\u00e7\u00e3o <strong>DEVE APENAS SER INSTALADO e n\u00e3o apagado<\/strong>. Sempre que precisar de actualizar o seu Kermes Plus IV, ter\u00e1 de executar o programa de actualiza\u00e7\u00e3o, que j\u00e1 ter\u00e1 no seu computador, e este actualizar\u00e1 automaticamente o seu dispositivo com a \u00faltima vers\u00e3o dispon\u00edvel da base de dados.[\/vc_message][vc_column_text]<\/p>\n<ul>\n<li>Para a instala\u00e7\u00e3o, <strong>descarregar<\/strong> o ficheiro comprimido \u00abKERMES PLUS IV\u00bb (constitu\u00eddo pelos ficheiros \u00abKERMESPLUS.exe\u00bb e \u00abKERMESPLUS.exe.config\u00bb ) para o disco r\u00edgido do seu computador, a partir do link localizado clicando no bot\u00e3o \u00ab<strong>Descarregar actualizador para Kermes Plus IV<\/strong>\u00ab.<\/li>\n<\/ul>\n<p>&nbsp;<\/p>\n<ul>\n<li>Pode descarreg\u00e1-los directamente para o ambiente de trabalho do seu PC ou criar uma pasta num direct\u00f3rio \u00e0 sua escolha e colocar ambos os ficheiros no mesmo. O pr\u00e9-requisito para o correcto funcionamento do programa de actualiza\u00e7\u00e3o \u00e9 que ambos os ficheiros se encontrem no mesmo direct\u00f3rio ou pasta. Pode descarregar o programa para o descomprimir clicando <span style=\"color: #ff6600;\"><a style=\"color: #ff6600;\" href=\"https:\/\/www.win-rar.com\/download.html?&amp;L=6\" target=\"_blank\" rel=\"noopener\">AQUI<\/a><\/span> e executar o ficheiro com ele (seleccionar \u00abdownload recomendado\u00bb).<\/li>\n<\/ul>\n<p><strong>\u00a0<\/strong>[\/vc_column_text][\/vc_column][\/vc_row][vc_row][vc_column][vc_empty_space][vc_btn title=\u00bbDescarregar actualizador para Kermes Plus IV\u00bb style=\u00bboutline\u00bb color=\u00bbturquoise\u00bb size=\u00bblg\u00bb align=\u00bbcenter\u00bb i_icon_fontawesome=\u00bbfas fa-file-archive\u00bb add_icon=\u00bbtrue\u00bb link=\u00bburl:%23|title:Descarregar%20ficheiro%20comprimido\u00bb][vc_empty_space][\/vc_column][\/vc_row][vc_row][vc_column][vc_column_text]<\/p>\n<ul>\n<li>Para actualizar o seu Kermes Plus IV, deve primeiro certificar-se de que instalou previamente o <a href=\"https:\/\/www.kermesgps.com\/esp\/actualizacoes\/passos-kermesiv\/driver-plusiv-pt\/\"><span style=\"color: #ff6600;\">driver correspondente<\/span><\/a> ao seu sistema operativo. Em seguida, ligar o cabo ao equipamento, inserindo <strong>primeiro<\/strong> a tomada na campainha, <strong>depois<\/strong> a tomada USB (n\u00e3o esquecer que a utiliza\u00e7\u00e3o de outro cabo pode danificar o equipamento e anular a garantia).<\/li>\n<\/ul>\n<p>&nbsp;<\/p>\n<ul>\n<li>Uma vez ligado, a mensagem \u00ab<strong>PC<\/strong>\u00bb aparecer\u00e1 no ecr\u00e3 do seu Kermes Plus IV e ouvir\u00e1 a mensagem \u00ab<strong>modo de actualiza\u00e7\u00e3o da base de dados<\/strong>\u00ab. Neste ponto, pode correr o ficheiro \u00abKERMESPLUS.exe\u00bb para abrir o programa de actualiza\u00e7\u00e3o. Cada vez que abrir este programa, este ligar-se-\u00e1 aos nossos servidores e quando clicar no bot\u00e3o \u00abUpdate\u00bb, descarregar\u00e1 a \u00faltima actualiza\u00e7\u00e3o dispon\u00edvel.<\/li>\n<\/ul>\n<p>&nbsp;<\/p>\n<ul>\n<li>Neste momento, o seu antiv\u00edrus ou firewall pode pedir permiss\u00e3o para executar o programa ou para que o programa se ligue \u00e0 Internet. Deve autorizar a sua utiliza\u00e7\u00e3o a fim de concluir o processo.<\/li>\n<\/ul>\n<p>&nbsp;<\/p>\n<ul>\n<li>Tanto no ecr\u00e3 do seu Kermes Plus IV como no fundo do programa de actualiza\u00e7\u00e3o, pode seguir o processo de actualiza\u00e7\u00e3o. Uma vez completada, a mensagem \u00abPC\u00bb reaparecer\u00e1 no ecr\u00e3 do seu Kermes Plus IV e voltar\u00e1 a ouvir a mensagem \u00abmodo de actualiza\u00e7\u00e3o da base de dados\u00bb. Al\u00e9m disso, no final do programa de actualiza\u00e7\u00e3o ver\u00e1 a mensagem \u00abA actualiza\u00e7\u00e3o do dispositivo foi conclu\u00edda com \u00eaxito\u00bb.<\/li>\n<\/ul>\n<p>&nbsp;<\/p>\n<ul>\n<li>Pode agora <strong>desligar<\/strong> o seu Kermes Plus IV e desfrutar de uma nova actualiza\u00e7\u00e3o.<\/li>\n<\/ul>\n<p>[\/vc_column_text][\/vc_column][\/vc_row][vc_row][vc_column][vc_empty_space][vc_message color=\u00bbsuccess\u00bb message_box_color=\u00bbsuccess\u00bb icon_fontawesome=\u00bbfas fa-check\u00bb]Para saber se est\u00e1 actualizado, os 4 n\u00fameros que aparecem no ecr\u00e3 quando se liga o dispositivo de aviso, durante alguns segundos, devem coincidir com os n\u00fameros indicados em \u00abVers\u00e3o dispon\u00edvel da base de dados\u00bb, que se pode ver no topo deste s\u00edtio web.[\/vc_message][\/vc_column][\/vc_row][vc_row][vc_column width=\u00bb1\/4&#8243;][\/vc_column][vc_column width=\u00bb1\/2&#8243;][vc_message color=\u00bbdanger\u00bb message_box_color=\u00bbdanger\u00bb icon_fontawesome=\u00bbfas fa-times\u00bb]Problemas com o download? N\u00f3s ajud\u00e1-lo-emos.[\/vc_message][vc_btn title=\u00bbSolu\u00e7\u00e3o para descarregar problemas\u00bb style=\u00bboutline\u00bb color=\u00bbturquoise\u00bb size=\u00bblg\u00bb align=\u00bbcenter\u00bb i_icon_fontawesome=\u00bbfas fa-life-ring\u00bb add_icon=\u00bbtrue\u00bb link=\u00bburl:https%3A%2F%2Fwww.kermesgps.com%2Fesp%2Factualizacoes%2Fpassos-kermesiv%2Fupgrader-plusiv%2Fajuda-descarregar%2F|title:Ajuda%20para%20descarregar\u00bb][\/vc_column][vc_column width=\u00bb1\/4&#8243;][\/vc_column][\/vc_row]<\/p>\n<\/div>","protected":false},"excerpt":{"rendered":"<p>[vc_row][vc_column][vc_message message_box_color=\u00bbpink\u00bb icon_fontawesome=\u00bbfas fa-exclamation-triangle\u00bb] Antes de come\u00e7ar a actualizar o seu KERMES PLUS IV, leia atentamente as seguintes instru\u00e7\u00f5es [\/vc_message][vc_empty_space][\/vc_column][\/vc_row][vc_row][vc_column][vc_column_text] INSTALA\u00c7\u00c3O DO PROGRAMA DE ACTUALIZA\u00c7\u00c3O [\/vc_column_text][vc_empty_space][vc_message message_box_color=\u00bbturquoise\u00bb]O programa de actualiza\u00e7\u00e3o DEVE APENAS SER INSTALADO e n\u00e3o apagado. Sempre que precisar de actualizar o seu Kermes Plus IV, ter\u00e1 de executar o programa de actualiza\u00e7\u00e3o, que [&hellip;]<\/p>\n","protected":false},"author":2,"featured_media":0,"parent":4259,"menu_order":0,"comment_status":"closed","ping_status":"closed","template":"","meta":{"footnotes":""},"class_list":["post-4272","page","type-page","status-publish","hentry"],"yoast_head":"<!-- This site is optimized with the Yoast SEO plugin v27.5 - https:\/\/yoast.com\/product\/yoast-seo-wordpress\/ -->\n<title>Kermes Plus IV Upgrader - Kermes GPS<\/title>\n<meta name=\"robots\" content=\"index, follow, max-snippet:-1, max-image-preview:large, max-video-preview:-1\" \/>\n<link rel=\"canonical\" href=\"https:\/\/www.kermesgps.com\/esp\/actualizacoes\/passos-kermesiv\/upgrader-plusiv\/\" \/>\n<meta property=\"og:locale\" content=\"es_ES\" \/>\n<meta property=\"og:type\" content=\"article\" \/>\n<meta property=\"og:title\" content=\"Kermes Plus IV Upgrader - Kermes GPS\" \/>\n<meta property=\"og:description\" content=\"[vc_row][vc_column][vc_message message_box_color=\u00bbpink\u00bb icon_fontawesome=\u00bbfas fa-exclamation-triangle\u00bb] Antes de come\u00e7ar a actualizar o seu KERMES PLUS IV, leia atentamente as seguintes instru\u00e7\u00f5es [\/vc_message][vc_empty_space][\/vc_column][\/vc_row][vc_row][vc_column][vc_column_text] INSTALA\u00c7\u00c3O DO PROGRAMA DE ACTUALIZA\u00c7\u00c3O [\/vc_column_text][vc_empty_space][vc_message message_box_color=\u00bbturquoise\u00bb]O programa de actualiza\u00e7\u00e3o DEVE APENAS SER INSTALADO e n\u00e3o apagado. Sempre que precisar de actualizar o seu Kermes Plus IV, ter\u00e1 de executar o programa de actualiza\u00e7\u00e3o, que [&hellip;]\" \/>\n<meta property=\"og:url\" content=\"https:\/\/www.kermesgps.com\/esp\/actualizacoes\/passos-kermesiv\/upgrader-plusiv\/\" \/>\n<meta property=\"og:site_name\" content=\"Kermes GPS\" \/>\n<meta property=\"article:modified_time\" content=\"2023-02-10T08:09:29+00:00\" \/>\n<meta property=\"og:image\" content=\"https:\/\/www.kermesgps.com\/esp\/wp-content\/uploads\/2019\/01\/Logo-portada-negro.webp\" \/>\n\t<meta property=\"og:image:width\" content=\"300\" \/>\n\t<meta property=\"og:image:height\" content=\"86\" \/>\n\t<meta property=\"og:image:type\" content=\"image\/webp\" \/>\n<meta name=\"twitter:card\" content=\"summary_large_image\" \/>\n<meta name=\"twitter:label1\" content=\"Tiempo de lectura\" \/>\n\t<meta name=\"twitter:data1\" content=\"4 minutos\" \/>\n<script type=\"application\/ld+json\" class=\"yoast-schema-graph\">{\"@context\":\"https:\\\/\\\/schema.org\",\"@graph\":[{\"@type\":\"WebPage\",\"@id\":\"https:\\\/\\\/www.kermesgps.com\\\/esp\\\/actualizacoes\\\/passos-kermesiv\\\/upgrader-plusiv\\\/\",\"url\":\"https:\\\/\\\/www.kermesgps.com\\\/esp\\\/actualizacoes\\\/passos-kermesiv\\\/upgrader-plusiv\\\/\",\"name\":\"Kermes Plus IV Upgrader - Kermes GPS\",\"isPartOf\":{\"@id\":\"https:\\\/\\\/www.kermesgps.com\\\/esp\\\/#website\"},\"datePublished\":\"2022-07-06T09:58:45+00:00\",\"dateModified\":\"2023-02-10T08:09:29+00:00\",\"breadcrumb\":{\"@id\":\"https:\\\/\\\/www.kermesgps.com\\\/esp\\\/actualizacoes\\\/passos-kermesiv\\\/upgrader-plusiv\\\/#breadcrumb\"},\"inLanguage\":\"es\",\"potentialAction\":[{\"@type\":\"ReadAction\",\"target\":[\"https:\\\/\\\/www.kermesgps.com\\\/esp\\\/actualizacoes\\\/passos-kermesiv\\\/upgrader-plusiv\\\/\"]}]},{\"@type\":\"BreadcrumbList\",\"@id\":\"https:\\\/\\\/www.kermesgps.com\\\/esp\\\/actualizacoes\\\/passos-kermesiv\\\/upgrader-plusiv\\\/#breadcrumb\",\"itemListElement\":[{\"@type\":\"ListItem\",\"position\":1,\"name\":\"Portada\",\"item\":\"https:\\\/\\\/www.kermesgps.com\\\/esp\\\/\"},{\"@type\":\"ListItem\",\"position\":2,\"name\":\"Actualiza\u00e7\u00f5es\",\"item\":\"https:\\\/\\\/www.kermesgps.com\\\/esp\\\/actualizacoes\\\/\"},{\"@type\":\"ListItem\",\"position\":3,\"name\":\"Passos para actualizar o Kermes Plus IV\",\"item\":\"https:\\\/\\\/www.kermesgps.com\\\/esp\\\/actualizacoes\\\/passos-kermesiv\\\/\"},{\"@type\":\"ListItem\",\"position\":4,\"name\":\"Kermes Plus IV Upgrader\"}]},{\"@type\":\"WebSite\",\"@id\":\"https:\\\/\\\/www.kermesgps.com\\\/esp\\\/#website\",\"url\":\"https:\\\/\\\/www.kermesgps.com\\\/esp\\\/\",\"name\":\"Kermes GPS\",\"description\":\"Avisadores de radar mediante GPS\",\"publisher\":{\"@id\":\"https:\\\/\\\/www.kermesgps.com\\\/esp\\\/#organization\"},\"alternateName\":\"Kermes GPS\",\"potentialAction\":[{\"@type\":\"SearchAction\",\"target\":{\"@type\":\"EntryPoint\",\"urlTemplate\":\"https:\\\/\\\/www.kermesgps.com\\\/esp\\\/?s={search_term_string}\"},\"query-input\":{\"@type\":\"PropertyValueSpecification\",\"valueRequired\":true,\"valueName\":\"search_term_string\"}}],\"inLanguage\":\"es\"},{\"@type\":\"Organization\",\"@id\":\"https:\\\/\\\/www.kermesgps.com\\\/esp\\\/#organization\",\"name\":\"Kermes GPS\",\"url\":\"https:\\\/\\\/www.kermesgps.com\\\/esp\\\/\",\"logo\":{\"@type\":\"ImageObject\",\"inLanguage\":\"es\",\"@id\":\"https:\\\/\\\/www.kermesgps.com\\\/esp\\\/#\\\/schema\\\/logo\\\/image\\\/\",\"url\":\"https:\\\/\\\/www.kermesgps.com\\\/esp\\\/wp-content\\\/uploads\\\/2022\\\/06\\\/Logo-Nuevo-WFinder-30.png\",\"contentUrl\":\"https:\\\/\\\/www.kermesgps.com\\\/esp\\\/wp-content\\\/uploads\\\/2022\\\/06\\\/Logo-Nuevo-WFinder-30.png\",\"width\":625,\"height\":214,\"caption\":\"Kermes GPS\"},\"image\":{\"@id\":\"https:\\\/\\\/www.kermesgps.com\\\/esp\\\/#\\\/schema\\\/logo\\\/image\\\/\"},\"sameAs\":[\"https:\\\/\\\/www.kermesgps.com\\\/esp\\\/actualizaciones\\\/kp4\\\/\",\"https:\\\/\\\/www.tiktok.com\\\/@wfinderpro\"]}]}<\/script>\n<!-- \/ Yoast SEO plugin. -->","yoast_head_json":{"title":"Kermes Plus IV Upgrader - Kermes GPS","robots":{"index":"index","follow":"follow","max-snippet":"max-snippet:-1","max-image-preview":"max-image-preview:large","max-video-preview":"max-video-preview:-1"},"canonical":"https:\/\/www.kermesgps.com\/esp\/actualizacoes\/passos-kermesiv\/upgrader-plusiv\/","og_locale":"es_ES","og_type":"article","og_title":"Kermes Plus IV Upgrader - Kermes GPS","og_description":"[vc_row][vc_column][vc_message message_box_color=\u00bbpink\u00bb icon_fontawesome=\u00bbfas fa-exclamation-triangle\u00bb] Antes de come\u00e7ar a actualizar o seu KERMES PLUS IV, leia atentamente as seguintes instru\u00e7\u00f5es [\/vc_message][vc_empty_space][\/vc_column][\/vc_row][vc_row][vc_column][vc_column_text] INSTALA\u00c7\u00c3O DO PROGRAMA DE ACTUALIZA\u00c7\u00c3O [\/vc_column_text][vc_empty_space][vc_message message_box_color=\u00bbturquoise\u00bb]O programa de actualiza\u00e7\u00e3o DEVE APENAS SER INSTALADO e n\u00e3o apagado. Sempre que precisar de actualizar o seu Kermes Plus IV, ter\u00e1 de executar o programa de actualiza\u00e7\u00e3o, que [&hellip;]","og_url":"https:\/\/www.kermesgps.com\/esp\/actualizacoes\/passos-kermesiv\/upgrader-plusiv\/","og_site_name":"Kermes GPS","article_modified_time":"2023-02-10T08:09:29+00:00","og_image":[{"width":300,"height":86,"url":"https:\/\/www.kermesgps.com\/esp\/wp-content\/uploads\/2019\/01\/Logo-portada-negro.webp","type":"image\/webp"}],"twitter_card":"summary_large_image","twitter_misc":{"Tiempo de lectura":"4 minutos"},"schema":{"@context":"https:\/\/schema.org","@graph":[{"@type":"WebPage","@id":"https:\/\/www.kermesgps.com\/esp\/actualizacoes\/passos-kermesiv\/upgrader-plusiv\/","url":"https:\/\/www.kermesgps.com\/esp\/actualizacoes\/passos-kermesiv\/upgrader-plusiv\/","name":"Kermes Plus IV Upgrader - Kermes GPS","isPartOf":{"@id":"https:\/\/www.kermesgps.com\/esp\/#website"},"datePublished":"2022-07-06T09:58:45+00:00","dateModified":"2023-02-10T08:09:29+00:00","breadcrumb":{"@id":"https:\/\/www.kermesgps.com\/esp\/actualizacoes\/passos-kermesiv\/upgrader-plusiv\/#breadcrumb"},"inLanguage":"es","potentialAction":[{"@type":"ReadAction","target":["https:\/\/www.kermesgps.com\/esp\/actualizacoes\/passos-kermesiv\/upgrader-plusiv\/"]}]},{"@type":"BreadcrumbList","@id":"https:\/\/www.kermesgps.com\/esp\/actualizacoes\/passos-kermesiv\/upgrader-plusiv\/#breadcrumb","itemListElement":[{"@type":"ListItem","position":1,"name":"Portada","item":"https:\/\/www.kermesgps.com\/esp\/"},{"@type":"ListItem","position":2,"name":"Actualiza\u00e7\u00f5es","item":"https:\/\/www.kermesgps.com\/esp\/actualizacoes\/"},{"@type":"ListItem","position":3,"name":"Passos para actualizar o Kermes Plus IV","item":"https:\/\/www.kermesgps.com\/esp\/actualizacoes\/passos-kermesiv\/"},{"@type":"ListItem","position":4,"name":"Kermes Plus IV Upgrader"}]},{"@type":"WebSite","@id":"https:\/\/www.kermesgps.com\/esp\/#website","url":"https:\/\/www.kermesgps.com\/esp\/","name":"Kermes GPS","description":"Avisadores de radar mediante GPS","publisher":{"@id":"https:\/\/www.kermesgps.com\/esp\/#organization"},"alternateName":"Kermes GPS","potentialAction":[{"@type":"SearchAction","target":{"@type":"EntryPoint","urlTemplate":"https:\/\/www.kermesgps.com\/esp\/?s={search_term_string}"},"query-input":{"@type":"PropertyValueSpecification","valueRequired":true,"valueName":"search_term_string"}}],"inLanguage":"es"},{"@type":"Organization","@id":"https:\/\/www.kermesgps.com\/esp\/#organization","name":"Kermes GPS","url":"https:\/\/www.kermesgps.com\/esp\/","logo":{"@type":"ImageObject","inLanguage":"es","@id":"https:\/\/www.kermesgps.com\/esp\/#\/schema\/logo\/image\/","url":"https:\/\/www.kermesgps.com\/esp\/wp-content\/uploads\/2022\/06\/Logo-Nuevo-WFinder-30.png","contentUrl":"https:\/\/www.kermesgps.com\/esp\/wp-content\/uploads\/2022\/06\/Logo-Nuevo-WFinder-30.png","width":625,"height":214,"caption":"Kermes GPS"},"image":{"@id":"https:\/\/www.kermesgps.com\/esp\/#\/schema\/logo\/image\/"},"sameAs":["https:\/\/www.kermesgps.com\/esp\/actualizaciones\/kp4\/","https:\/\/www.tiktok.com\/@wfinderpro"]}]}},"_links":{"self":[{"href":"https:\/\/www.kermesgps.com\/esp\/wp-json\/wp\/v2\/pages\/4272","targetHints":{"allow":["GET"]}}],"collection":[{"href":"https:\/\/www.kermesgps.com\/esp\/wp-json\/wp\/v2\/pages"}],"about":[{"href":"https:\/\/www.kermesgps.com\/esp\/wp-json\/wp\/v2\/types\/page"}],"author":[{"embeddable":true,"href":"https:\/\/www.kermesgps.com\/esp\/wp-json\/wp\/v2\/users\/2"}],"replies":[{"embeddable":true,"href":"https:\/\/www.kermesgps.com\/esp\/wp-json\/wp\/v2\/comments?post=4272"}],"version-history":[{"count":0,"href":"https:\/\/www.kermesgps.com\/esp\/wp-json\/wp\/v2\/pages\/4272\/revisions"}],"up":[{"embeddable":true,"href":"https:\/\/www.kermesgps.com\/esp\/wp-json\/wp\/v2\/pages\/4259"}],"wp:attachment":[{"href":"https:\/\/www.kermesgps.com\/esp\/wp-json\/wp\/v2\/media?parent=4272"}],"curies":[{"name":"wp","href":"https:\/\/api.w.org\/{rel}","templated":true}]}}