{"id":4282,"date":"2022-07-06T12:43:02","date_gmt":"2022-07-06T10:43:02","guid":{"rendered":"https:\/\/www.kermesgps.com\/esp\/?page_id=4282"},"modified":"2022-07-06T13:12:49","modified_gmt":"2022-07-06T11:12:49","slug":"ajuda-descarregar","status":"publish","type":"page","link":"https:\/\/www.kermesgps.com\/esp\/actualizacoes\/passos-kermesiv\/upgrader-plusiv\/ajuda-descarregar\/","title":{"rendered":"Ajuda para descarregar"},"content":{"rendered":"<div class=\"wpb-content-wrapper\"><p>[vc_row][vc_column][vc_column_text]<\/p>\n<h2 style=\"text-align: center;\">ALGUM PROBLEMA COM O DOWNLOAD?<\/h2>\n<p>&nbsp;<\/p>\n<p style=\"text-align: center;\">As solu\u00e7\u00f5es mais comuns e mais r\u00e1pidas est\u00e3o dispon\u00edveis aqui.<\/p>\n<p style=\"text-align: center;\">Seleccione a partir dos separadores a refer\u00eancia mais precisa ao seu problema.<\/p>\n<p>[\/vc_column_text][\/vc_column][\/vc_row][vc_row][vc_column][vc_empty_space][\/vc_column][\/vc_row][vc_row][vc_column][vc_tta_tabs style=\u00bbmodern\u00bb color=\u00bbturquoise\u00bb alignment=\u00bbcenter\u00bb active_section=\u00bb1&#8243;][vc_tta_section title=\u00bbMcAfee Antivirus\u00bb tab_id=\u00bb1653488925141-f5a6a57d-640e\u00bb][vc_column_text]Ao tentar descarregar, o McAfee Anti-Virus exibe um aviso.<\/p>\n<p>\u00abPor favor, tenha cuidado ao descarregar este ficheiro.\u00bb[\/vc_column_text][vc_empty_space][vc_message color=\u00bbsuccess\u00bb message_box_color=\u00bbsuccess\u00bb icon_fontawesome=\u00bbfas fa-check\u00bb]Basta clicar em \u00abContinuar\u00bb e o download terminar\u00e1. O seu antiv\u00edrus ir\u00e1 parar, por raz\u00f5es de seguran\u00e7a, qualquer execut\u00e1vel da Internet, mas o download neste caso \u00e9 totalmente seguro.[\/vc_message][\/vc_tta_section][vc_tta_section title=\u00bbTor Browser\u00bb tab_id=\u00bb1653487519134-0af8ae96-a59a\u00bb][vc_column_text]Se utilizar o navegador Tor, poder\u00e1 receber a seguinte mensagem:<\/p>\n<p>Descarregar um tipo de ficheiro externo?<\/p>\n<p>O Tor Browser n\u00e3o pode exibir este tipo de ficheiro.[\/vc_column_text][vc_empty_space][vc_message color=\u00bbsuccess\u00bb message_box_color=\u00bbsuccess\u00bb icon_fontawesome=\u00bbfas fa-check\u00bb]Pode clicar em \u00abDescarregar ficheiro\u00bb para descarregar.[\/vc_message][\/vc_tta_section][vc_tta_section title=\u00bbMicrosoft Edge\u00bb tab_id=\u00bb1653487519144-7f24d4a3-30e8&#8243;][vc_column_text]Pode acontecer que o browser Edge pare o download pela primeira vez, uma vez que \u00e9 um ficheiro .exe e, por raz\u00f5es de seguran\u00e7a, p\u00e1ra sempre este tipo de download.<\/p>\n<p><strong>UPDATE KERMES PLUS IV.exe Foi bloqueado porque este tipo de ficheiro pode danificar o dispositivo.<\/strong><\/p>\n<p>Normalmente, ao clicar em \u00abMais informa\u00e7\u00f5es\u00bb pode \u00abdescarregar de qualquer maneira\u00bb e \u00e9 feito normalmente.<\/p>\n<p>Se n\u00e3o, tente ir \u00e0s defini\u00e7\u00f5es do seu navegador, na barra de pesquisa \u00e0 esquerda procure o Microsoft Defender Smartscreen e desactive-o.<\/p>\n<ul>\n<li>Windows Security (tamb\u00e9m chamado Windows Defender), depois ir para Application and Browser Control, depois para Reputation-based Protection Settings. A\u00ed se desmarcam as aplica\u00e7\u00f5es potencialmente indesej\u00e1veis Block e SmartScreen para Microsoft Edge.<\/li>\n<\/ul>\n<p>[\/vc_column_text][vc_empty_space][\/vc_tta_section][vc_tta_section title=\u00bbMozilla Firefox\u00bb tab_id=\u00bb1653488586452-4a384203-70a1&#8243;][vc_column_text]Se Mozilla Firefox lhe mostrar o aviso mostrado na imagem, basta clicar em \u00ab<strong>Permitir o descarregamento<\/strong>\u00bb e este ser\u00e1 descarregado imediatamente. Este aviso \u00e9 dado porque se trata de um .exe que \u00e9 parado por raz\u00f5es de seguran\u00e7a, e n\u00e3o porque qualquer ficheiro malicioso \u00e9 detectado.[\/vc_column_text][vc_empty_space][\/vc_tta_section][vc_tta_section title=\u00bbGoogle Chrome\u00bb tab_id=\u00bb1653488766498-0a1e6606-82e5&#8243;][vc_column_text]Em desenvolvimento.<\/p>\n<p>Se encontrar algum problema, por favor contacte-nos clicando no bot\u00e3o abaixo.[\/vc_column_text][vc_empty_space][\/vc_tta_section][\/vc_tta_tabs][\/vc_column][\/vc_row][vc_row][vc_column][vc_empty_space][vc_btn title=\u00bbDescarregar actualizador para Kermes Plus IV\u00bb style=\u00bboutline\u00bb color=\u00bbturquoise\u00bb size=\u00bblg\u00bb align=\u00bbcenter\u00bb i_icon_fontawesome=\u00bbfas fa-file-archive\u00bb add_icon=\u00bbtrue\u00bb link=\u00bburl:https%3A%2F%2Fwww.kermesgps.com%2Fesp%2Fdescargas%2FKIV%2FACTUALIZAR%20KERMES%20PLUS%20IV.exe|title:Descarregar%20actualizador%20para%20Kermes%20Plus%20IV\u00bb][\/vc_column][\/vc_row][vc_row][vc_column][vc_column_text]<\/p>\n<p style=\"text-align: center;\">Caso n\u00e3o tenha conseguido resolver o seu problema, por favor contacte-nos utilizando o formul\u00e1rio de apoio.<\/p>\n<p>[\/vc_column_text][vc_empty_space][vc_btn title=\u00bbPedir assist\u00eancia\u00bb style=\u00bboutline\u00bb color=\u00bbturquoise\u00bb size=\u00bblg\u00bb align=\u00bbcenter\u00bb i_icon_fontawesome=\u00bbfas fa-life-ring\u00bb add_icon=\u00bbtrue\u00bb link=\u00bburl:https%3A%2F%2Fwww.kermesgps.com%2Fesp%2Fassistencia%2F|title:Pedir%20assist%C3%AAncia\u00bb][\/vc_column][\/vc_row]<\/p>\n<\/div>","protected":false},"excerpt":{"rendered":"<p>[vc_row][vc_column][vc_column_text] ALGUM PROBLEMA COM O DOWNLOAD? &nbsp; As solu\u00e7\u00f5es mais comuns e mais r\u00e1pidas est\u00e3o dispon\u00edveis aqui. Seleccione a partir dos separadores a refer\u00eancia mais precisa ao seu problema. [\/vc_column_text][\/vc_column][\/vc_row][vc_row][vc_column][vc_empty_space][\/vc_column][\/vc_row][vc_row][vc_column][vc_tta_tabs style=\u00bbmodern\u00bb color=\u00bbturquoise\u00bb alignment=\u00bbcenter\u00bb active_section=\u00bb1&#8243;][vc_tta_section title=\u00bbMcAfee Antivirus\u00bb tab_id=\u00bb1653488925141-f5a6a57d-640e\u00bb][vc_column_text]Ao tentar descarregar, o McAfee Anti-Virus exibe um aviso. \u00abPor favor, tenha cuidado ao descarregar este ficheiro.\u00bb[\/vc_column_text][vc_empty_space][vc_message color=\u00bbsuccess\u00bb message_box_color=\u00bbsuccess\u00bb [&hellip;]<\/p>\n","protected":false},"author":2,"featured_media":0,"parent":4272,"menu_order":0,"comment_status":"closed","ping_status":"closed","template":"","meta":{"footnotes":""},"class_list":["post-4282","page","type-page","status-publish","hentry"],"yoast_head":"<!-- This site is optimized with the Yoast SEO plugin v27.5 - https:\/\/yoast.com\/product\/yoast-seo-wordpress\/ -->\n<title>Ajuda para descarregar - Kermes GPS<\/title>\n<meta name=\"robots\" content=\"index, follow, max-snippet:-1, max-image-preview:large, max-video-preview:-1\" \/>\n<link rel=\"canonical\" href=\"https:\/\/www.kermesgps.com\/esp\/actualizacoes\/passos-kermesiv\/upgrader-plusiv\/ajuda-descarregar\/\" \/>\n<meta property=\"og:locale\" content=\"es_ES\" \/>\n<meta property=\"og:type\" content=\"article\" \/>\n<meta property=\"og:title\" content=\"Ajuda para descarregar - Kermes GPS\" \/>\n<meta property=\"og:description\" content=\"[vc_row][vc_column][vc_column_text] ALGUM PROBLEMA COM O DOWNLOAD? &nbsp; As solu\u00e7\u00f5es mais comuns e mais r\u00e1pidas est\u00e3o dispon\u00edveis aqui. Seleccione a partir dos separadores a refer\u00eancia mais precisa ao seu problema. [\/vc_column_text][\/vc_column][\/vc_row][vc_row][vc_column][vc_empty_space][\/vc_column][\/vc_row][vc_row][vc_column][vc_tta_tabs style=\u00bbmodern\u00bb color=\u00bbturquoise\u00bb alignment=\u00bbcenter\u00bb active_section=\u00bb1&#8243;][vc_tta_section title=\u00bbMcAfee Antivirus\u00bb tab_id=\u00bb1653488925141-f5a6a57d-640e\u00bb][vc_column_text]Ao tentar descarregar, o McAfee Anti-Virus exibe um aviso. \u00abPor favor, tenha cuidado ao descarregar este ficheiro.\u00bb[\/vc_column_text][vc_empty_space][vc_message color=\u00bbsuccess\u00bb message_box_color=\u00bbsuccess\u00bb [&hellip;]\" \/>\n<meta property=\"og:url\" content=\"https:\/\/www.kermesgps.com\/esp\/actualizacoes\/passos-kermesiv\/upgrader-plusiv\/ajuda-descarregar\/\" \/>\n<meta property=\"og:site_name\" content=\"Kermes GPS\" \/>\n<meta property=\"article:modified_time\" content=\"2022-07-06T11:12:49+00:00\" \/>\n<meta property=\"og:image\" content=\"https:\/\/www.kermesgps.com\/esp\/wp-content\/uploads\/2019\/01\/Logo-portada-negro.webp\" \/>\n\t<meta property=\"og:image:width\" content=\"300\" \/>\n\t<meta property=\"og:image:height\" content=\"86\" \/>\n\t<meta property=\"og:image:type\" content=\"image\/webp\" \/>\n<meta name=\"twitter:card\" content=\"summary_large_image\" \/>\n<meta name=\"twitter:label1\" content=\"Tiempo de lectura\" \/>\n\t<meta name=\"twitter:data1\" content=\"3 minutos\" \/>\n<script type=\"application\/ld+json\" class=\"yoast-schema-graph\">{\"@context\":\"https:\\\/\\\/schema.org\",\"@graph\":[{\"@type\":\"WebPage\",\"@id\":\"https:\\\/\\\/www.kermesgps.com\\\/esp\\\/actualizacoes\\\/passos-kermesiv\\\/upgrader-plusiv\\\/ajuda-descarregar\\\/\",\"url\":\"https:\\\/\\\/www.kermesgps.com\\\/esp\\\/actualizacoes\\\/passos-kermesiv\\\/upgrader-plusiv\\\/ajuda-descarregar\\\/\",\"name\":\"Ajuda para descarregar - Kermes GPS\",\"isPartOf\":{\"@id\":\"https:\\\/\\\/www.kermesgps.com\\\/esp\\\/#website\"},\"datePublished\":\"2022-07-06T10:43:02+00:00\",\"dateModified\":\"2022-07-06T11:12:49+00:00\",\"breadcrumb\":{\"@id\":\"https:\\\/\\\/www.kermesgps.com\\\/esp\\\/actualizacoes\\\/passos-kermesiv\\\/upgrader-plusiv\\\/ajuda-descarregar\\\/#breadcrumb\"},\"inLanguage\":\"es\",\"potentialAction\":[{\"@type\":\"ReadAction\",\"target\":[\"https:\\\/\\\/www.kermesgps.com\\\/esp\\\/actualizacoes\\\/passos-kermesiv\\\/upgrader-plusiv\\\/ajuda-descarregar\\\/\"]}]},{\"@type\":\"BreadcrumbList\",\"@id\":\"https:\\\/\\\/www.kermesgps.com\\\/esp\\\/actualizacoes\\\/passos-kermesiv\\\/upgrader-plusiv\\\/ajuda-descarregar\\\/#breadcrumb\",\"itemListElement\":[{\"@type\":\"ListItem\",\"position\":1,\"name\":\"Portada\",\"item\":\"https:\\\/\\\/www.kermesgps.com\\\/esp\\\/\"},{\"@type\":\"ListItem\",\"position\":2,\"name\":\"Actualiza\u00e7\u00f5es\",\"item\":\"https:\\\/\\\/www.kermesgps.com\\\/esp\\\/actualizacoes\\\/\"},{\"@type\":\"ListItem\",\"position\":3,\"name\":\"Passos para actualizar o Kermes Plus IV\",\"item\":\"https:\\\/\\\/www.kermesgps.com\\\/esp\\\/actualizacoes\\\/passos-kermesiv\\\/\"},{\"@type\":\"ListItem\",\"position\":4,\"name\":\"Kermes Plus IV Upgrader\",\"item\":\"https:\\\/\\\/www.kermesgps.com\\\/esp\\\/actualizacoes\\\/passos-kermesiv\\\/upgrader-plusiv\\\/\"},{\"@type\":\"ListItem\",\"position\":5,\"name\":\"Ajuda para descarregar\"}]},{\"@type\":\"WebSite\",\"@id\":\"https:\\\/\\\/www.kermesgps.com\\\/esp\\\/#website\",\"url\":\"https:\\\/\\\/www.kermesgps.com\\\/esp\\\/\",\"name\":\"Kermes GPS\",\"description\":\"Avisadores de radar mediante GPS\",\"publisher\":{\"@id\":\"https:\\\/\\\/www.kermesgps.com\\\/esp\\\/#organization\"},\"alternateName\":\"Kermes GPS\",\"potentialAction\":[{\"@type\":\"SearchAction\",\"target\":{\"@type\":\"EntryPoint\",\"urlTemplate\":\"https:\\\/\\\/www.kermesgps.com\\\/esp\\\/?s={search_term_string}\"},\"query-input\":{\"@type\":\"PropertyValueSpecification\",\"valueRequired\":true,\"valueName\":\"search_term_string\"}}],\"inLanguage\":\"es\"},{\"@type\":\"Organization\",\"@id\":\"https:\\\/\\\/www.kermesgps.com\\\/esp\\\/#organization\",\"name\":\"Kermes GPS\",\"url\":\"https:\\\/\\\/www.kermesgps.com\\\/esp\\\/\",\"logo\":{\"@type\":\"ImageObject\",\"inLanguage\":\"es\",\"@id\":\"https:\\\/\\\/www.kermesgps.com\\\/esp\\\/#\\\/schema\\\/logo\\\/image\\\/\",\"url\":\"https:\\\/\\\/www.kermesgps.com\\\/esp\\\/wp-content\\\/uploads\\\/2022\\\/06\\\/Logo-Nuevo-WFinder-30.png\",\"contentUrl\":\"https:\\\/\\\/www.kermesgps.com\\\/esp\\\/wp-content\\\/uploads\\\/2022\\\/06\\\/Logo-Nuevo-WFinder-30.png\",\"width\":625,\"height\":214,\"caption\":\"Kermes GPS\"},\"image\":{\"@id\":\"https:\\\/\\\/www.kermesgps.com\\\/esp\\\/#\\\/schema\\\/logo\\\/image\\\/\"},\"sameAs\":[\"https:\\\/\\\/www.kermesgps.com\\\/esp\\\/actualizaciones\\\/kp4\\\/\",\"https:\\\/\\\/www.tiktok.com\\\/@wfinderpro\"]}]}<\/script>\n<!-- \/ Yoast SEO plugin. -->","yoast_head_json":{"title":"Ajuda para descarregar - Kermes GPS","robots":{"index":"index","follow":"follow","max-snippet":"max-snippet:-1","max-image-preview":"max-image-preview:large","max-video-preview":"max-video-preview:-1"},"canonical":"https:\/\/www.kermesgps.com\/esp\/actualizacoes\/passos-kermesiv\/upgrader-plusiv\/ajuda-descarregar\/","og_locale":"es_ES","og_type":"article","og_title":"Ajuda para descarregar - Kermes GPS","og_description":"[vc_row][vc_column][vc_column_text] ALGUM PROBLEMA COM O DOWNLOAD? &nbsp; As solu\u00e7\u00f5es mais comuns e mais r\u00e1pidas est\u00e3o dispon\u00edveis aqui. Seleccione a partir dos separadores a refer\u00eancia mais precisa ao seu problema. [\/vc_column_text][\/vc_column][\/vc_row][vc_row][vc_column][vc_empty_space][\/vc_column][\/vc_row][vc_row][vc_column][vc_tta_tabs style=\u00bbmodern\u00bb color=\u00bbturquoise\u00bb alignment=\u00bbcenter\u00bb active_section=\u00bb1&#8243;][vc_tta_section title=\u00bbMcAfee Antivirus\u00bb tab_id=\u00bb1653488925141-f5a6a57d-640e\u00bb][vc_column_text]Ao tentar descarregar, o McAfee Anti-Virus exibe um aviso. \u00abPor favor, tenha cuidado ao descarregar este ficheiro.\u00bb[\/vc_column_text][vc_empty_space][vc_message color=\u00bbsuccess\u00bb message_box_color=\u00bbsuccess\u00bb [&hellip;]","og_url":"https:\/\/www.kermesgps.com\/esp\/actualizacoes\/passos-kermesiv\/upgrader-plusiv\/ajuda-descarregar\/","og_site_name":"Kermes GPS","article_modified_time":"2022-07-06T11:12:49+00:00","og_image":[{"width":300,"height":86,"url":"https:\/\/www.kermesgps.com\/esp\/wp-content\/uploads\/2019\/01\/Logo-portada-negro.webp","type":"image\/webp"}],"twitter_card":"summary_large_image","twitter_misc":{"Tiempo de lectura":"3 minutos"},"schema":{"@context":"https:\/\/schema.org","@graph":[{"@type":"WebPage","@id":"https:\/\/www.kermesgps.com\/esp\/actualizacoes\/passos-kermesiv\/upgrader-plusiv\/ajuda-descarregar\/","url":"https:\/\/www.kermesgps.com\/esp\/actualizacoes\/passos-kermesiv\/upgrader-plusiv\/ajuda-descarregar\/","name":"Ajuda para descarregar - Kermes GPS","isPartOf":{"@id":"https:\/\/www.kermesgps.com\/esp\/#website"},"datePublished":"2022-07-06T10:43:02+00:00","dateModified":"2022-07-06T11:12:49+00:00","breadcrumb":{"@id":"https:\/\/www.kermesgps.com\/esp\/actualizacoes\/passos-kermesiv\/upgrader-plusiv\/ajuda-descarregar\/#breadcrumb"},"inLanguage":"es","potentialAction":[{"@type":"ReadAction","target":["https:\/\/www.kermesgps.com\/esp\/actualizacoes\/passos-kermesiv\/upgrader-plusiv\/ajuda-descarregar\/"]}]},{"@type":"BreadcrumbList","@id":"https:\/\/www.kermesgps.com\/esp\/actualizacoes\/passos-kermesiv\/upgrader-plusiv\/ajuda-descarregar\/#breadcrumb","itemListElement":[{"@type":"ListItem","position":1,"name":"Portada","item":"https:\/\/www.kermesgps.com\/esp\/"},{"@type":"ListItem","position":2,"name":"Actualiza\u00e7\u00f5es","item":"https:\/\/www.kermesgps.com\/esp\/actualizacoes\/"},{"@type":"ListItem","position":3,"name":"Passos para actualizar o Kermes Plus IV","item":"https:\/\/www.kermesgps.com\/esp\/actualizacoes\/passos-kermesiv\/"},{"@type":"ListItem","position":4,"name":"Kermes Plus IV Upgrader","item":"https:\/\/www.kermesgps.com\/esp\/actualizacoes\/passos-kermesiv\/upgrader-plusiv\/"},{"@type":"ListItem","position":5,"name":"Ajuda para descarregar"}]},{"@type":"WebSite","@id":"https:\/\/www.kermesgps.com\/esp\/#website","url":"https:\/\/www.kermesgps.com\/esp\/","name":"Kermes GPS","description":"Avisadores de radar mediante GPS","publisher":{"@id":"https:\/\/www.kermesgps.com\/esp\/#organization"},"alternateName":"Kermes GPS","potentialAction":[{"@type":"SearchAction","target":{"@type":"EntryPoint","urlTemplate":"https:\/\/www.kermesgps.com\/esp\/?s={search_term_string}"},"query-input":{"@type":"PropertyValueSpecification","valueRequired":true,"valueName":"search_term_string"}}],"inLanguage":"es"},{"@type":"Organization","@id":"https:\/\/www.kermesgps.com\/esp\/#organization","name":"Kermes GPS","url":"https:\/\/www.kermesgps.com\/esp\/","logo":{"@type":"ImageObject","inLanguage":"es","@id":"https:\/\/www.kermesgps.com\/esp\/#\/schema\/logo\/image\/","url":"https:\/\/www.kermesgps.com\/esp\/wp-content\/uploads\/2022\/06\/Logo-Nuevo-WFinder-30.png","contentUrl":"https:\/\/www.kermesgps.com\/esp\/wp-content\/uploads\/2022\/06\/Logo-Nuevo-WFinder-30.png","width":625,"height":214,"caption":"Kermes GPS"},"image":{"@id":"https:\/\/www.kermesgps.com\/esp\/#\/schema\/logo\/image\/"},"sameAs":["https:\/\/www.kermesgps.com\/esp\/actualizaciones\/kp4\/","https:\/\/www.tiktok.com\/@wfinderpro"]}]}},"_links":{"self":[{"href":"https:\/\/www.kermesgps.com\/esp\/wp-json\/wp\/v2\/pages\/4282","targetHints":{"allow":["GET"]}}],"collection":[{"href":"https:\/\/www.kermesgps.com\/esp\/wp-json\/wp\/v2\/pages"}],"about":[{"href":"https:\/\/www.kermesgps.com\/esp\/wp-json\/wp\/v2\/types\/page"}],"author":[{"embeddable":true,"href":"https:\/\/www.kermesgps.com\/esp\/wp-json\/wp\/v2\/users\/2"}],"replies":[{"embeddable":true,"href":"https:\/\/www.kermesgps.com\/esp\/wp-json\/wp\/v2\/comments?post=4282"}],"version-history":[{"count":0,"href":"https:\/\/www.kermesgps.com\/esp\/wp-json\/wp\/v2\/pages\/4282\/revisions"}],"up":[{"embeddable":true,"href":"https:\/\/www.kermesgps.com\/esp\/wp-json\/wp\/v2\/pages\/4272"}],"wp:attachment":[{"href":"https:\/\/www.kermesgps.com\/esp\/wp-json\/wp\/v2\/media?parent=4282"}],"curies":[{"name":"wp","href":"https:\/\/api.w.org\/{rel}","templated":true}]}}