{"id":4293,"date":"2022-07-06T13:09:49","date_gmt":"2022-07-06T11:09:49","guid":{"rendered":"https:\/\/www.kermesgps.com\/esp\/?page_id=4293"},"modified":"2022-10-04T09:36:29","modified_gmt":"2022-10-04T07:36:29","slug":"assistencia","status":"publish","type":"page","link":"https:\/\/www.kermesgps.com\/esp\/assistencia\/","title":{"rendered":"Assist\u00eancia"},"content":{"rendered":"<div class=\"wpb-content-wrapper\"><p>[vc_row][vc_column][vc_empty_space][vc_column_text]<\/p>\n<h2 style=\"text-align: center;\"><span style=\"color: #008000; font-family: 'andale mono', monospace;\">Resolu\u00e7\u00e3o de incidentes comuns<\/span><\/h2>\n<p>[\/vc_column_text][vc_empty_space][vc_column_text]<\/p>\n<p style=\"text-align: center;\"><span style=\"font-family: 'andale mono', monospace;\">Seleccione o seu modelo a partir dos seguintes separadores<\/span><\/p>\n<p>[\/vc_column_text][vc_empty_space][\/vc_column][\/vc_row][vc_row][vc_column][vc_tta_tabs][vc_tta_section title=\u00bbKermes Plus IV\u00bb tab_id=\u00bb1653044494733-5ee85922-8317&#8243;][vc_toggle title=\u00bb\u00abKERMES PLUS deixou de funcionar\u00ab (Updater)\u00bb]<span style=\"font-family: 'andale mono', monospace;\">O programa deixou de funcionar correctamente por causa de um problema. O Windows fechar\u00e1 o programa e notific\u00e1-lo-\u00e1 se houver uma solu\u00e7\u00e3o.<\/span><\/p>\n<p><span style=\"font-family: 'andale mono', monospace;\">Para solucionar este problema, basta con seguir unos sencillos pasos:<\/span><\/p>\n<p><span style=\"font-family: 'andale mono', monospace;\">1- Certifique-se de que descarregou os dois ficheiros \u00abKERMES PLUS .exe\u00bb e \u00abKERMES PLUS.exe.config\u00bb na mesma pasta.<\/span><br \/>\n<span style=\"font-family: 'andale mono', monospace;\">2- Se apenas descarregou o KERMES PLUS.exe, pode descarregar o KERMES PLUS.exe.config na mesma pasta e efectuar a actualiza\u00e7\u00e3o.<\/span><br \/>\n<span style=\"font-family: 'andale mono', monospace;\">3- Actualize o seu Kermes Plus IV como de costume. Lembrem-se que este ficheiro s\u00f3 precisa de ser descarregado da primeira vez, pois a sua utiliza\u00e7\u00e3o ir\u00e1 descarregar a vers\u00e3o mais recente da base de dados.<\/span>[\/vc_toggle][vc_toggle title=\u00bb\u00abDispositivo USB N\u00c3O \u00e9 reconhecido\u00ab\u00bb]<span style=\"font-family: 'andale mono', monospace;\">Tente ligar APENAS o cabo USB para Kermes Plus IV (sem ligar a campainha). Se se apanha a falha onde o USB n\u00e3o \u00e9 reconhecido, h\u00e1 um problema com o cabo e este precisa de ser verificado.<\/span><\/p>\n<p><span style=\"font-family: 'andale mono', monospace;\">Se o cabo n\u00e3o falhou, \u00e9 poss\u00edvel que n\u00e3o tenha o condutor instalado ou este n\u00e3o esteja instalado correctamente. Tente reinstalar o condutor, seleccionando o correcto para o seu sistema operativo.<\/span>[\/vc_toggle][vc_toggle title=\u00bb\u00abIncapaz de executar o programa de actualiza\u00e7\u00e3o\u00ab.\u00bb]<span style=\"font-family: 'andale mono', monospace;\">Se o ficheiro de actualiza\u00e7\u00e3o abrir no Word ou qualquer outro programa quando o descarregar, poder\u00e1 n\u00e3o ter um programa instalado para descomprimir o ficheiro.\u00a0Nesse caso, pode utilizar o descompressor WinRar.<\/span>[\/vc_toggle][vc_toggle title=\u00bbA barra de progresso vai a meio caminho e recebo um erro.\u00bb]<span style=\"font-family: 'andale mono', monospace;\">\u00c9 muito prov\u00e1vel que o seu antiv\u00edrus esteja a parar o processo. Pode desactiv\u00e1-lo durante a actualiza\u00e7\u00e3o, e activ\u00e1-lo novamente quando terminar (n\u00e3o h\u00e1 risco na utiliza\u00e7\u00e3o do nosso ficheiro de actualiza\u00e7\u00e3o).<\/span>[\/vc_toggle][vc_toggle title=\u00bbA \u00abinicializa\u00e7\u00e3o do sistema\u00ab aparece e n\u00e3o avan\u00e7a.\u00bb]<span style=\"font-family: 'andale mono', monospace;\">Ao iniciar a actualiza\u00e7\u00e3o, verificar na janela do programa que a mensagem \u00abInicializa\u00e7\u00e3o do sistema\u00bb aparece e que ap\u00f3s 30 segundos n\u00e3o avan\u00e7a. Neste caso, desligar o USB e lig\u00e1-lo novamente dentro de 1 segundo, e a actualiza\u00e7\u00e3o deve continuar.<\/span>[\/vc_toggle][vc_toggle title=\u00bbOs LEDs do visor s\u00e3o demasiado brilhantes\u00bb]<span style=\"font-family: 'andale mono', monospace;\">Se depois de actualizar o dispositivo de aviso ambos os LEDs (verde e vermelho) estiverem demasiado brilhantes, deve repetir o processo de actualiza\u00e7\u00e3o, pois ocorreu um erro durante o descarregamento.<\/span>[\/vc_toggle][vc_toggle title=\u00bbCongestionamento da rede\u00bb]<span style=\"font-family: 'andale mono', monospace;\">Ocasionalmente pode ver a mensagem \u00abCongestionamento da rede\u00bb. Se for este o caso, estamos a realizar trabalhos de manuten\u00e7\u00e3o nos servidores, por isso, por favor, tente novamente ap\u00f3s alguns minutos.<\/span>[\/vc_toggle][\/vc_tta_section][vc_tta_section title=\u00bbKermes K3&#8243; tab_id=\u00bb1653044547258-4ba2e452-e267&#8243;][vc_toggle title=\u00bbN\u00e3o reconhece o dispositivo\u00bb]<span style=\"font-family: 'andale mono', monospace;\">Se o dispositivo n\u00e3o for reconhecido, reinstale o driver correspondente ao seu sistema operativo (com o cabo desligado e reiniciando o computador). Isto pode ocorrer com uma actualiza\u00e7\u00e3o do Windows.<\/span>[\/vc_toggle][vc_toggle title=\u00bbCongestionamento da rede\u00bb]<span style=\"font-family: 'andale mono', monospace;\">Ocasionalmente pode ver a mensagem \u00abCongestionamento da rede\u00bb. Se for este o caso, estamos a realizar trabalhos de manuten\u00e7\u00e3o nos servidores, por isso, por favor, tente novamente ap\u00f3s alguns minutos.<\/span>[\/vc_toggle][\/vc_tta_section][\/vc_tta_tabs][\/vc_column][\/vc_row][vc_row][vc_column][vc_empty_space][vc_column_text]<\/p>\n<p style=\"text-align: center;\">Se n\u00e3o conseguir encontrar a solu\u00e7\u00e3o para o seu problema, clique no bot\u00e3o para se registar, e um t\u00e9cnico ir\u00e1 ajud\u00e1-lo com a solu\u00e7\u00e3o.<\/p>\n<p>[\/vc_column_text][vc_empty_space][vc_btn title=\u00bbPedir Assist\u00eancia\u00bb color=\u00bbwarning\u00bb align=\u00bbcenter\u00bb i_icon_fontawesome=\u00bbfas fa-life-ring\u00bb add_icon=\u00bbtrue\u00bb link=\u00bburl:https%3A%2F%2Fwww.kermesgps.com%2Fesp%2Finizio%2Fassistenza%2Fmodulo-assistencia%2F|title:Support\u00bb][\/vc_column][\/vc_row]<\/p>\n<\/div>","protected":false},"excerpt":{"rendered":"<p>[vc_row][vc_column][vc_empty_space][vc_column_text] Resolu\u00e7\u00e3o de incidentes comuns [\/vc_column_text][vc_empty_space][vc_column_text] Seleccione o seu modelo a partir dos seguintes separadores [\/vc_column_text][vc_empty_space][\/vc_column][\/vc_row][vc_row][vc_column][vc_tta_tabs][vc_tta_section title=\u00bbKermes Plus IV\u00bb tab_id=\u00bb1653044494733-5ee85922-8317&#8243;][vc_toggle title=\u00bb\u00abKERMES PLUS deixou de funcionar\u00ab (Updater)\u00bb]O programa deixou de funcionar correctamente por causa de um problema. O Windows fechar\u00e1 o programa e notific\u00e1-lo-\u00e1 se houver uma solu\u00e7\u00e3o. Para solucionar este problema, basta con seguir unos [&hellip;]<\/p>\n","protected":false},"author":2,"featured_media":0,"parent":0,"menu_order":0,"comment_status":"closed","ping_status":"closed","template":"","meta":{"footnotes":""},"class_list":["post-4293","page","type-page","status-publish","hentry"],"yoast_head":"<!-- This site is optimized with the Yoast SEO plugin v27.5 - https:\/\/yoast.com\/product\/yoast-seo-wordpress\/ -->\n<title>Assist\u00eancia - Kermes GPS<\/title>\n<meta name=\"robots\" content=\"index, follow, max-snippet:-1, max-image-preview:large, max-video-preview:-1\" \/>\n<link rel=\"canonical\" href=\"https:\/\/www.kermesgps.com\/esp\/assistencia\/\" \/>\n<meta property=\"og:locale\" content=\"es_ES\" \/>\n<meta property=\"og:type\" content=\"article\" \/>\n<meta property=\"og:title\" content=\"Assist\u00eancia - Kermes GPS\" \/>\n<meta property=\"og:description\" content=\"[vc_row][vc_column][vc_empty_space][vc_column_text] Resolu\u00e7\u00e3o de incidentes comuns [\/vc_column_text][vc_empty_space][vc_column_text] Seleccione o seu modelo a partir dos seguintes separadores [\/vc_column_text][vc_empty_space][\/vc_column][\/vc_row][vc_row][vc_column][vc_tta_tabs][vc_tta_section title=\u00bbKermes Plus IV\u00bb tab_id=\u00bb1653044494733-5ee85922-8317&#8243;][vc_toggle title=\u00bb\u00abKERMES PLUS deixou de funcionar\u00ab (Updater)\u00bb]O programa deixou de funcionar correctamente por causa de um problema. O Windows fechar\u00e1 o programa e notific\u00e1-lo-\u00e1 se houver uma solu\u00e7\u00e3o. Para solucionar este problema, basta con seguir unos [&hellip;]\" \/>\n<meta property=\"og:url\" content=\"https:\/\/www.kermesgps.com\/esp\/assistencia\/\" \/>\n<meta property=\"og:site_name\" content=\"Kermes GPS\" \/>\n<meta property=\"article:modified_time\" content=\"2022-10-04T07:36:29+00:00\" \/>\n<meta property=\"og:image\" content=\"https:\/\/www.kermesgps.com\/esp\/wp-content\/uploads\/2019\/01\/Logo-portada-negro.webp\" \/>\n\t<meta property=\"og:image:width\" content=\"300\" \/>\n\t<meta property=\"og:image:height\" content=\"86\" \/>\n\t<meta property=\"og:image:type\" content=\"image\/webp\" \/>\n<meta name=\"twitter:card\" content=\"summary_large_image\" \/>\n<meta name=\"twitter:label1\" content=\"Tiempo de lectura\" \/>\n\t<meta name=\"twitter:data1\" content=\"4 minutos\" \/>\n<script type=\"application\/ld+json\" class=\"yoast-schema-graph\">{\"@context\":\"https:\\\/\\\/schema.org\",\"@graph\":[{\"@type\":\"WebPage\",\"@id\":\"https:\\\/\\\/www.kermesgps.com\\\/esp\\\/assistencia\\\/\",\"url\":\"https:\\\/\\\/www.kermesgps.com\\\/esp\\\/assistencia\\\/\",\"name\":\"Assist\u00eancia - Kermes GPS\",\"isPartOf\":{\"@id\":\"https:\\\/\\\/www.kermesgps.com\\\/esp\\\/#website\"},\"datePublished\":\"2022-07-06T11:09:49+00:00\",\"dateModified\":\"2022-10-04T07:36:29+00:00\",\"breadcrumb\":{\"@id\":\"https:\\\/\\\/www.kermesgps.com\\\/esp\\\/assistencia\\\/#breadcrumb\"},\"inLanguage\":\"es\",\"potentialAction\":[{\"@type\":\"ReadAction\",\"target\":[\"https:\\\/\\\/www.kermesgps.com\\\/esp\\\/assistencia\\\/\"]}]},{\"@type\":\"BreadcrumbList\",\"@id\":\"https:\\\/\\\/www.kermesgps.com\\\/esp\\\/assistencia\\\/#breadcrumb\",\"itemListElement\":[{\"@type\":\"ListItem\",\"position\":1,\"name\":\"Portada\",\"item\":\"https:\\\/\\\/www.kermesgps.com\\\/esp\\\/\"},{\"@type\":\"ListItem\",\"position\":2,\"name\":\"Assist\u00eancia\"}]},{\"@type\":\"WebSite\",\"@id\":\"https:\\\/\\\/www.kermesgps.com\\\/esp\\\/#website\",\"url\":\"https:\\\/\\\/www.kermesgps.com\\\/esp\\\/\",\"name\":\"Kermes GPS\",\"description\":\"Avisadores de radar mediante GPS\",\"publisher\":{\"@id\":\"https:\\\/\\\/www.kermesgps.com\\\/esp\\\/#organization\"},\"alternateName\":\"Kermes GPS\",\"potentialAction\":[{\"@type\":\"SearchAction\",\"target\":{\"@type\":\"EntryPoint\",\"urlTemplate\":\"https:\\\/\\\/www.kermesgps.com\\\/esp\\\/?s={search_term_string}\"},\"query-input\":{\"@type\":\"PropertyValueSpecification\",\"valueRequired\":true,\"valueName\":\"search_term_string\"}}],\"inLanguage\":\"es\"},{\"@type\":\"Organization\",\"@id\":\"https:\\\/\\\/www.kermesgps.com\\\/esp\\\/#organization\",\"name\":\"Kermes GPS\",\"url\":\"https:\\\/\\\/www.kermesgps.com\\\/esp\\\/\",\"logo\":{\"@type\":\"ImageObject\",\"inLanguage\":\"es\",\"@id\":\"https:\\\/\\\/www.kermesgps.com\\\/esp\\\/#\\\/schema\\\/logo\\\/image\\\/\",\"url\":\"https:\\\/\\\/www.kermesgps.com\\\/esp\\\/wp-content\\\/uploads\\\/2022\\\/06\\\/Logo-Nuevo-WFinder-30.png\",\"contentUrl\":\"https:\\\/\\\/www.kermesgps.com\\\/esp\\\/wp-content\\\/uploads\\\/2022\\\/06\\\/Logo-Nuevo-WFinder-30.png\",\"width\":625,\"height\":214,\"caption\":\"Kermes GPS\"},\"image\":{\"@id\":\"https:\\\/\\\/www.kermesgps.com\\\/esp\\\/#\\\/schema\\\/logo\\\/image\\\/\"},\"sameAs\":[\"https:\\\/\\\/www.kermesgps.com\\\/esp\\\/actualizaciones\\\/kp4\\\/\",\"https:\\\/\\\/www.tiktok.com\\\/@wfinderpro\"]}]}<\/script>\n<!-- \/ Yoast SEO plugin. -->","yoast_head_json":{"title":"Assist\u00eancia - Kermes GPS","robots":{"index":"index","follow":"follow","max-snippet":"max-snippet:-1","max-image-preview":"max-image-preview:large","max-video-preview":"max-video-preview:-1"},"canonical":"https:\/\/www.kermesgps.com\/esp\/assistencia\/","og_locale":"es_ES","og_type":"article","og_title":"Assist\u00eancia - Kermes GPS","og_description":"[vc_row][vc_column][vc_empty_space][vc_column_text] Resolu\u00e7\u00e3o de incidentes comuns [\/vc_column_text][vc_empty_space][vc_column_text] Seleccione o seu modelo a partir dos seguintes separadores [\/vc_column_text][vc_empty_space][\/vc_column][\/vc_row][vc_row][vc_column][vc_tta_tabs][vc_tta_section title=\u00bbKermes Plus IV\u00bb tab_id=\u00bb1653044494733-5ee85922-8317&#8243;][vc_toggle title=\u00bb\u00abKERMES PLUS deixou de funcionar\u00ab (Updater)\u00bb]O programa deixou de funcionar correctamente por causa de um problema. O Windows fechar\u00e1 o programa e notific\u00e1-lo-\u00e1 se houver uma solu\u00e7\u00e3o. Para solucionar este problema, basta con seguir unos [&hellip;]","og_url":"https:\/\/www.kermesgps.com\/esp\/assistencia\/","og_site_name":"Kermes GPS","article_modified_time":"2022-10-04T07:36:29+00:00","og_image":[{"width":300,"height":86,"url":"https:\/\/www.kermesgps.com\/esp\/wp-content\/uploads\/2019\/01\/Logo-portada-negro.webp","type":"image\/webp"}],"twitter_card":"summary_large_image","twitter_misc":{"Tiempo de lectura":"4 minutos"},"schema":{"@context":"https:\/\/schema.org","@graph":[{"@type":"WebPage","@id":"https:\/\/www.kermesgps.com\/esp\/assistencia\/","url":"https:\/\/www.kermesgps.com\/esp\/assistencia\/","name":"Assist\u00eancia - Kermes GPS","isPartOf":{"@id":"https:\/\/www.kermesgps.com\/esp\/#website"},"datePublished":"2022-07-06T11:09:49+00:00","dateModified":"2022-10-04T07:36:29+00:00","breadcrumb":{"@id":"https:\/\/www.kermesgps.com\/esp\/assistencia\/#breadcrumb"},"inLanguage":"es","potentialAction":[{"@type":"ReadAction","target":["https:\/\/www.kermesgps.com\/esp\/assistencia\/"]}]},{"@type":"BreadcrumbList","@id":"https:\/\/www.kermesgps.com\/esp\/assistencia\/#breadcrumb","itemListElement":[{"@type":"ListItem","position":1,"name":"Portada","item":"https:\/\/www.kermesgps.com\/esp\/"},{"@type":"ListItem","position":2,"name":"Assist\u00eancia"}]},{"@type":"WebSite","@id":"https:\/\/www.kermesgps.com\/esp\/#website","url":"https:\/\/www.kermesgps.com\/esp\/","name":"Kermes GPS","description":"Avisadores de radar mediante GPS","publisher":{"@id":"https:\/\/www.kermesgps.com\/esp\/#organization"},"alternateName":"Kermes GPS","potentialAction":[{"@type":"SearchAction","target":{"@type":"EntryPoint","urlTemplate":"https:\/\/www.kermesgps.com\/esp\/?s={search_term_string}"},"query-input":{"@type":"PropertyValueSpecification","valueRequired":true,"valueName":"search_term_string"}}],"inLanguage":"es"},{"@type":"Organization","@id":"https:\/\/www.kermesgps.com\/esp\/#organization","name":"Kermes GPS","url":"https:\/\/www.kermesgps.com\/esp\/","logo":{"@type":"ImageObject","inLanguage":"es","@id":"https:\/\/www.kermesgps.com\/esp\/#\/schema\/logo\/image\/","url":"https:\/\/www.kermesgps.com\/esp\/wp-content\/uploads\/2022\/06\/Logo-Nuevo-WFinder-30.png","contentUrl":"https:\/\/www.kermesgps.com\/esp\/wp-content\/uploads\/2022\/06\/Logo-Nuevo-WFinder-30.png","width":625,"height":214,"caption":"Kermes GPS"},"image":{"@id":"https:\/\/www.kermesgps.com\/esp\/#\/schema\/logo\/image\/"},"sameAs":["https:\/\/www.kermesgps.com\/esp\/actualizaciones\/kp4\/","https:\/\/www.tiktok.com\/@wfinderpro"]}]}},"_links":{"self":[{"href":"https:\/\/www.kermesgps.com\/esp\/wp-json\/wp\/v2\/pages\/4293","targetHints":{"allow":["GET"]}}],"collection":[{"href":"https:\/\/www.kermesgps.com\/esp\/wp-json\/wp\/v2\/pages"}],"about":[{"href":"https:\/\/www.kermesgps.com\/esp\/wp-json\/wp\/v2\/types\/page"}],"author":[{"embeddable":true,"href":"https:\/\/www.kermesgps.com\/esp\/wp-json\/wp\/v2\/users\/2"}],"replies":[{"embeddable":true,"href":"https:\/\/www.kermesgps.com\/esp\/wp-json\/wp\/v2\/comments?post=4293"}],"version-history":[{"count":0,"href":"https:\/\/www.kermesgps.com\/esp\/wp-json\/wp\/v2\/pages\/4293\/revisions"}],"wp:attachment":[{"href":"https:\/\/www.kermesgps.com\/esp\/wp-json\/wp\/v2\/media?parent=4293"}],"curies":[{"name":"wp","href":"https:\/\/api.w.org\/{rel}","templated":true}]}}