{"id":4312,"date":"2022-07-06T16:47:07","date_gmt":"2022-07-06T14:47:07","guid":{"rendered":"https:\/\/www.kermesgps.com\/esp\/?page_id=4312"},"modified":"2022-07-07T16:45:45","modified_gmt":"2022-07-07T14:45:45","slug":"kermes-plus-iv-pt","status":"publish","type":"page","link":"https:\/\/www.kermesgps.com\/esp\/kermes-plus-iv-pt\/","title":{"rendered":"Kermes Plus IV PT"},"content":{"rendered":"<div class=\"wpb-content-wrapper\"><p>[vc_row][vc_column]\n\t\t\t\t<p class=\"rs-p-wp-fix\"><\/p>\n\t\t\t\t<sr7-module data-alias=\"kermes-plus-iv-it-1\" data-id=\"45\" id=\"SR7_45_1\" class=\"rs-ov-hidden\" data-version=\"6.7.54\">\n\t\t\t\t\t<sr7-adjuster><\/sr7-adjuster>\n\t\t\t\t\t<sr7-content>\n\t\t\t\t\t\t<sr7-slide id=\"SR7_45_1-86\" data-key=\"86\">\n\t\t\t\t\t\t\t<sr7-txt id=\"SR7_45_1-86-3\" class=\"sr7-layer\">Fiabilidade<br\/>\nPoder e  \nEfici\u00eancia.\nTudo em um<\/sr7-txt>\n\t\t\t\t\t\t\t<sr7-txt id=\"SR7_45_1-86-4\" class=\"sr7-layer\">O dispositivo de aviso Kermes Plus IV \u00e9 o resultado dos nossos conhecimentos neste tipo de sistema, com mais de 16 anos de experi\u00eancia na nossa base de dados exclusiva. A grande variedade de avisos dispon\u00edveis inovou a ind\u00fastria, e somos tamb\u00e9m pioneiros neste tipo de sistema.<\/sr7-txt>\n\t\t\t\t\t\t\t<sr7-txt id=\"SR7_45_1-86-5\" class=\"sr7-layer\">Descobrir mais<i class=\"fa-angle-right\" style=\"margin-left:2px;\"><\/i><\/sr7-txt>\n\t\t\t\t\t\t<\/sr7-slide>\n\t\t\t\t\t\t<sr7-slide id=\"SR7_45_1-87\" data-key=\"87\">\n\t\t\t\t\t\t\t<sr7-txt id=\"SR7_45_1-87-3\" class=\"sr7-layer\">Descubra uma<br\/>\nnova sensa\u00e7\u00e3o.<\/sr7-txt>\n\t\t\t\t\t\t\t<sr7-txt id=\"SR7_45_1-87-4\" class=\"sr7-layer\">Concentre-se na condu\u00e7\u00e3o e deixe o nosso Kermes Plus IV avis\u00e1-lo de quaisquer san\u00e7\u00f5es enquanto conduz, bem como de alertas espec\u00edficos de seguran\u00e7a rodovi\u00e1ria. Tudo com alertas de voz claros e concisos para que n\u00e3o tire os olhos da estrada.<\/sr7-txt>\n\t\t\t\t\t\t\t<sr7-txt id=\"SR7_45_1-87-5\" class=\"sr7-layer\">Informa\u00e7\u00e3o<i class=\"fa-angle-right\" style=\"margin-left:2px;\"><\/i><\/sr7-txt>\n\t\t\t\t\t\t<\/sr7-slide>\n\t\t\t\t\t\t<sr7-slide id=\"SR7_45_1-88\" data-key=\"88\">\n\t\t\t\t\t\t\t<sr7-txt id=\"SR7_45_1-88-3\" class=\"sr7-layer\">Com o maior<br\/>n\u00famero de avisos<\/sr7-txt>\n\t\t\t\t\t\t\t<sr7-txt id=\"SR7_45_1-88-4\" class=\"sr7-layer\">Ambos os sistemas de penaliza\u00e7\u00e3o, diferenciando o tipo de estrada, velocidade e direc\u00e7\u00e3o, e sistemas de seguran\u00e7a rodovi\u00e1ria, que indicam o tipo de perigo poss\u00edvel que se est\u00e1 a aproximar, de modo a evitar assustos desnecess\u00e1rios enquanto conduz.<\/sr7-txt>\n\t\t\t\t\t\t\t<sr7-txt id=\"SR7_45_1-88-5\" class=\"sr7-layer\">Mostre-mos<i class=\"fa-angle-right\" style=\"margin-left:2px;\"><\/i><\/sr7-txt>\n\t\t\t\t\t\t<\/sr7-slide>\n\t\t\t\t\t\t<sr7-slide id=\"SR7_45_1-133\" data-key=\"133\">\n\t\t\t\t\t\t<\/sr7-slide>\n\t\t\t\t\t<\/sr7-content>\n\t\t\t\t\t<image_lists style=\"display:none\">\n\t\t\t\t\t\t<img data-src=\"\/\/www.kermesgps.com\/esp\/wp-content\/uploads\/2022\/05\/KERMES-IV-ALTA-CALIDAD-e1653554155890.webp\" data-libid=\"3625\" data-lib=\"medialibrary\" alt=\"Kermes Plus IV hd\" title=\"Kermes Plus IV hd\" width=\"0\" height=\"0\" data-dbsrc=\"Ly93d3cua2VybWVzZ3BzLmNvbS9lc3Avd3AtY29udGVudC91cGxvYWRzLzIwMjIvMDUvS0VSTUVTLUlWLUFMVEEtQ0FMSURBRC1lMTY1MzU1NDE1NTg5MC53ZWJw\"\/>\n\t\t\t\t\t\t<img data-src=\"\/\/www.kermesgps.com\/esp\/wp-content\/uploads\/2022\/05\/vm.webp\" data-libid=\"4317\" data-lib=\"medialibrary\" title=\"vm\" width=\"0\" height=\"0\" data-dbsrc=\"Ly93d3cua2VybWVzZ3BzLmNvbS9lc3Avd3AtY29udGVudC91cGxvYWRzLzIwMjIvMDUvdm0ud2VicA==\"\/>\n\t\t\t\t\t<\/image_lists>\n\t\t\t\t<\/sr7-module>\n\t\t\t\t<script>\n\t\t\t\t\twindow.SR7 ??={};SR7.PMH ??={}; SR7.PMH[\"SR7_45_1\"] = {cn:100,state:false,fn: function() { if (window._tpt!==undefined && window._tpt.prepareModuleHeight !== undefined) {  _tpt.prepareModuleHeight({id:\"SR7_45_1\",el:[868,868,768,960,720],type:'standard',shdw:'0',gh:[868,868,768,960,720],gw:[1240,1240,1024,778,480],vpt:['-200px&#039;,&#039;-200px&#039;,&#039;-200px&#039;,&#039;-200px&#039;,&#039;-200px'],size:{fullWidth:true, fullHeight:true},fho:'',mh:'0',onh:0,onw:0,bg:{color:'{\"orig\":\"transparent\",\"type\":\"solid\",\"string\":\"transparent\"}'},plType:'-1',plColor:'#333333'});   SR7.PMH[\"SR7_45_1\"].state=true;} else if(SR7.PMH[\"SR7_45_1\"].cn-->0)\tsetTimeout( SR7.PMH[\"SR7_45_1\"].fn,19);}};SR7.PMH[\"SR7_45_1\" ].fn();\n\t\t\t\t<\/script>\n[\/vc_column][\/vc_row][vc_row full_width=\u00bbstretch_row\u00bb el_class=\u00bbhome1-wcs\u00bb css=\u00bb.vc_custom_1540975848221{background-color: #ffffff !important;}\u00bb][vc_column][vc_column_text]<\/p>\n<h3 class=\"home3-sec-title\"><span class=\"ttwrap\">De que me avisa?<\/span><\/h3>\n<p>[\/vc_column_text][vc_column_text]<\/p>\n<div class=\"email-desc text-center margin-bottom-41\">Somos a empresa espanhola mais experiente em sistemas de aviso de radar.<\/div>\n<p>[\/vc_column_text][vc_row_inner][vc_column_inner width=\u00bb1\/3&#8243;][vc_column_text]<\/p>\n<div class=\"wcs-desc\">\n<div class=\"num\">1.<\/div>\n<div class=\"content-wrap\">\n<div class=\"desc-title\"><a href=\"#\">Sistemas FIXOS e M\u00d3VEIS<\/a><\/div>\n<div class=\"desc-line\">Fixos, M\u00f3veis, Radar de velocidade m\u00e9dia, Sem\u00e1foros controlados, Uso de cintos de seguran\u00e7a, Circula\u00e7\u00e3o restrita&#8230;<\/div>\n<\/div>\n<\/div>\n<div class=\"wcs-desc\">\n<div class=\"num\">2.<\/div>\n<div class=\"content-wrap\">\n<div class=\"desc-title\"><a href=\"#\">Velocidade M\u00c1XIMA<\/a><\/div>\n<div class=\"desc-line\">O seu Kermes Plus IV indicar\u00e1 a velocidade m\u00e1xima permitida da estrada, e o excesso em caso de ultrapassagem da mesma.<\/div>\n<\/div>\n<\/div>\n<p>[\/vc_column_text][\/vc_column_inner][vc_column_inner el_class=\u00bbcol-image\u00bb width=\u00bb1\/3&#8243;][vc_single_image image=\u00bb3119&#8243; img_size=\u00bbfull\u00bb alignment=\u00bbcenter\u00bb onclick=\u00bbcustom_link\u00bb link=\u00bbhttps:\/\/ripara.7uptheme.net\/product\/wheel-svn-1020\/\u00bb el_class=\u00bbhvr-wobble-horizontal\u00bb][\/vc_column_inner][vc_column_inner width=\u00bb1\/3&#8243;][vc_column_text]<\/p>\n<div class=\"wcs-desc\">\n<div class=\"num\">3.<\/div>\n<div class=\"content-wrap\">\n<div class=\"desc-title\"><a href=\"#\">SEGURAN\u00c7A rodovi\u00e1ria<\/a><\/div>\n<div class=\"desc-line\">Kermes Plus IV avisa-o antecipadamente de poss\u00edveis perigos na estrada, com avisos espec\u00edficos e simples.<\/div>\n<\/div>\n<\/div>\n<div class=\"wcs-desc\">\n<div class=\"num\">4.<\/div>\n<div class=\"content-wrap\">\n<div class=\"desc-title\"><a href=\"#\">Personaliz\u00e1vel<\/a><\/div>\n<div class=\"desc-line\">Seleccione no menu os tipos de alertas que deseja receber, escolhendo entre v\u00e1rios modos.<\/div>\n<\/div>\n<\/div>\n<p>[\/vc_column_text][\/vc_column_inner][\/vc_row_inner][\/vc_column][\/vc_row][vc_row full_width=\u00bbstretch_row\u00bb content_placement=\u00bbmiddle\u00bb el_class=\u00bbhome1-team parallax\u00bb css=\u00bb.vc_custom_1653558886038{background-image: url(https:\/\/www.kermesgps.com\/esp\/wp-content\/uploads\/2022\/05\/carretera.webp?id=3627) !important;}\u00bb][vc_column][vc_column_text]<\/p>\n<h3 class=\"home3-sec-title\"><span class=\"ttwrap\">Radares<br \/>\n<\/span><\/h3>\n<p>[\/vc_column_text][vc_column_text]<\/p>\n<p style=\"text-align: center;\"><span style=\"color: #ffffff;\">O seu Kermes Plus IV modifica as dist\u00e2ncias de aviso em fun\u00e7\u00e3o do tipo de estrada e da velocidade. O aviso numa auto-estrada n\u00e3o \u00e9 o mesmo que um aviso numa estrada da cidade. Al\u00e9m disso, ter\u00e1 sempre tempo suficiente para poder corrigir a sua condu\u00e7\u00e3o se necess\u00e1rio, sem quaisquer surpresas.<\/span><\/p>\n<p style=\"text-align: center;\"><span style=\"color: #ffffff;\">Adverte sobre todos os tipos de controlos sancionat\u00f3rios, tais como radares fixos, poss\u00edveis radares m\u00f3veis, zonas de ac\u00e7\u00e3o, c\u00e2maras fotogr\u00e1ficas vermelhas ou de sem\u00e1foro, zonas de circula\u00e7\u00e3o restrita, radares de sec\u00e7\u00e3o, c\u00e2maras de cintos de seguran\u00e7a e de telem\u00f3veis&#8230;<\/span><\/p>\n<p style=\"text-align: center;\"><span style=\"color: #ffffff;\">Tudo isto indica sempre a velocidade m\u00e1xima da estrada e avisa-o caso a exceda, para que possa ajust\u00e1-la \u00e0 velocidade permitida. Da mesma forma, apenas receber\u00e1 o aviso no sentido do tr\u00e1fego em que o dispositivo penaliza, reduzindo ao m\u00ednimo os avisos desnecess\u00e1rios e aumentando a concentra\u00e7\u00e3o.<\/span><\/p>\n<p>[\/vc_column_text][\/vc_column][\/vc_row][vc_row full_width=\u00bbstretch_row\u00bb el_class=\u00bbhome1-wcs\u00bb css=\u00bb.vc_custom_1540975848221{background-color: #ffffff !important;}\u00bb][vc_column][vc_column_text]<\/p>\n<h3 class=\"home3-sec-title\"><span class=\"ttwrap\">Totalmente program\u00e1vel<\/span><\/h3>\n<p>[\/vc_column_text][vc_column_text]<\/p>\n<div class=\"email-desc text-center margin-bottom-41\">Somos a empresa espanhola mais experiente em sistemas de aviso de radar<\/div>\n<p>[\/vc_column_text][vc_row_inner][vc_column_inner width=\u00bb1\/3&#8243;][vc_column_text]<\/p>\n<div class=\"wcs-desc\">\n<div class=\"num\">1.<\/div>\n<div class=\"content-wrap\">\n<div class=\"desc-title\"><a href=\"#\"><strong><span style=\"color: #ff9900;\">A<span class=\"VIiyi\" lang=\"pt\"><span class=\"JLqJ4b ChMk0b\" data-language-for-alternatives=\"pt\" data-language-to-translate-into=\"es\" data-phrase-index=\"0\" data-number-of-phrases=\"1\"><span class=\"Q4iAWc\">visos de Velocidade<\/span><\/span><\/span><\/span><\/strong><\/a><\/div>\n<div class=\"desc-line\">Utilizar informa\u00e7\u00e3o GPS, por exemplo, para aviso m\u00ednimo ou limitador de velocidade.<\/div>\n<\/div>\n<\/div>\n<div class=\"wcs-desc\">\n<div class=\"num\">2.<\/div>\n<div class=\"content-wrap\">\n<div class=\"desc-title\"><a href=\"#\"><span style=\"color: #ff9900;\"><strong>Programa\u00e7\u00e3o de Igni\u00e7\u00e3o<\/strong><\/span><\/a><\/div>\n<div class=\"desc-line\"><span class=\"VIiyi\" lang=\"pt\"><span class=\"JLqJ4b ChMk0b\" data-language-for-alternatives=\"pt\" data-language-to-translate-into=\"es\" data-phrase-index=\"0\" data-number-of-phrases=\"1\"><span class=\"Q4iAWc\">Programa\u00e7\u00e3o f\u00e1cil de ligar: Bem-vindo por voz, tons ou inicializa\u00e7\u00e3o silenciosa<\/span><\/span><\/span>.<\/div>\n<\/div>\n<\/div>\n<p>[\/vc_column_text][\/vc_column_inner][vc_column_inner width=\u00bb1\/3&#8243;][vc_column_text]<\/p>\n<div class=\"wcs-desc\">\n<div class=\"num\">3.<\/div>\n<div class=\"content-wrap\">\n<div class=\"desc-title\"><a href=\"#\"><strong><span style=\"color: #ff9900;\">Modos de condu\u00e7\u00e3o<\/span><\/strong><\/a><\/div>\n<div class=\"desc-line\">Com tr\u00eas tipos: sistemas de san\u00e7\u00e3o completos, fixos e m\u00f3veis ou apenas controlos fixos&#8230; a escolha \u00e9 sua.<\/div>\n<\/div>\n<\/div>\n<div class=\"wcs-desc\">\n<div class=\"num\">4.<\/div>\n<div class=\"content-wrap\">\n<div class=\"desc-title\"><a href=\"#\"><span style=\"color: #ff9900;\"><strong>Limitador de velocidade<\/strong><\/span><\/a><\/div>\n<div class=\"desc-line\">Seleccione-a e o seu Kermes Plus IV avis\u00e1-lo-\u00e1 se exceder esta velocidade, dizendo-lhe para abrandar.<\/div>\n<\/div>\n<\/div>\n<p>[\/vc_column_text][\/vc_column_inner][vc_column_inner width=\u00bb1\/3&#8243;][vc_column_text]<\/p>\n<div class=\"wcs-desc\">\n<div class=\"num\">5.<\/div>\n<div class=\"content-wrap\">\n<div class=\"desc-title\"><a href=\"#\"><span style=\"color: #ff9900;\"><strong>Computador de bordo 1<\/strong><\/span><\/a><\/div>\n<div class=\"desc-line\">Coordenadas, velocidade m\u00e1xima, velocidade m\u00e9dia, tens\u00e3o, od\u00f3metro&#8230; quando o ve\u00edculo est\u00e1 parado.<\/div>\n<\/div>\n<\/div>\n<div class=\"wcs-desc\">\n<div class=\"num\">6.<\/div>\n<div class=\"content-wrap\">\n<div class=\"desc-title\"><a href=\"#\"><span style=\"color: #ff9900;\"><strong>Computador de bordo 2<\/strong><\/span><\/a><\/div>\n<div class=\"desc-line\">Veloc\u00edmetro, b\u00fassola, alt\u00edmetro, volt\u00edmetro, posi\u00e7\u00f5es do utilizador&#8230;<\/div>\n<\/div>\n<\/div>\n<p>[\/vc_column_text][\/vc_column_inner][\/vc_row_inner][\/vc_column][\/vc_row][vc_row full_width=\u00bbstretch_row\u00bb parallax=\u00bbcontent-moving\u00bb el_class=\u00bbhome1-team parallax\u00bb css=\u00bb.vc_custom_1653577248918{background: #f2f2f2 url(https:\/\/www.kermesgps.com\/esp\/wp-content\/uploads\/2022\/05\/bad_road.webp?id=3630);background-position: center;background-repeat: no-repeat !important;background-size: cover !important;}\u00bb][vc_column][vc_column_text]<\/p>\n<h3 class=\"home3-sec-title\"><span class=\"ttwrap\">Seguran\u00e7a rodovi\u00e1ria<\/span><\/h3>\n<p>[\/vc_column_text][vc_column_text]<\/p>\n<div class=\"email-desc text-center margin-bottom-41\"><span style=\"color: #ffffff;\">N\u00e3o s\u00f3 o advertir\u00e1 sobre os controlos sancionat\u00f3rios&#8230;<\/span><\/div>\n<p>[\/vc_column_text][vc_column_text]<\/p>\n<p style=\"text-align: center;\"><span style=\"color: #ffffff;\">Se desejar, o seu Kermes Plus IV avis\u00e1-lo-\u00e1 dos poss\u00edveis perigos que poder\u00e1 encontrar na sua rota, especificando de forma concisa o tipo de tipo que se aproxima, permitindo-lhe assim antecipar a sua reac\u00e7\u00e3o com anteced\u00eancia e evitar situa\u00e7\u00f5es perigosas.<\/span><\/p>\n<p style=\"text-align: center;\"><span style=\"color: #ffffff;\">Kermes Plus IV, gra\u00e7as ao maior n\u00famero de avisos no mercado actual, indicar\u00e1, tanto em estradas principais como secund\u00e1rias, se se est\u00e1 a aproximar de uma zona de perigo, tais como curvas perigosas (incluindo as n\u00e3o marcadas), tro\u00e7os com tend\u00eancia para acidentes, cruzamentos perigosos onde a visibilidade \u00e9 muito baixa, estreitamento da estrada que pode aumentar o perigo da estrada, bem como uma s\u00e9rie de avisos que receber\u00e1 para que em nenhum momento tenha de tirar os olhos da estrada. Isto \u00e9 tamb\u00e9m apenas na direc\u00e7\u00e3o da estrada perigosa ou, no caso de rotundas, nas entradas que o exijam.<\/span><\/p>\n<p style=\"text-align: center;\"><span style=\"color: #ffffff;\">Kermes Plus IV tamb\u00e9m pode ser utilizado em cami\u00f5es, uma vez que se adapta a tens\u00f5es de alimenta\u00e7\u00e3o de 12 V e 24 V sem necessidade de um adaptador (redutor de tens\u00e3o).<\/span><\/p>\n<p>[\/vc_column_text][\/vc_column][\/vc_row][vc_row full_width=\u00bbstretch_row\u00bb parallax=\u00bbcontent-moving\u00bb el_class=\u00bbhome1-email\u00bb css=\u00bb.vc_custom_1653577427997{background-color: #ffffff !important;}\u00bb][vc_column][vc_column_text]<\/p>\n<h3 class=\"home3-sec-title\"><span class=\"ttwrap\">Actualiza\u00e7\u00f5es Gratuitas<\/span><\/h3>\n<p>[\/vc_column_text][vc_column_text]<\/p>\n<p style=\"text-align: center;\"><span style=\"color: #000000;\">Todas as nossas actualiza\u00e7\u00f5es s\u00e3o <strong>GRATUITAS<\/strong>, poderosas, exclusivas, de qualidade e recomendadas por profissionais da ind\u00fastria.<\/span><\/p>\n<p>[\/vc_column_text][vc_empty_space][vc_column_text]<\/p>\n<h1 style=\"text-align: center;\"><span style=\"color: #000000;\"><strong><span style=\"font-family: andale mono, monospace;\">16 ANOS DE ACTUALIZA\u00c7\u00d5ES<\/span><\/strong><\/span><\/h1>\n<p style=\"text-align: center;\">prove-o<\/p>\n<p>[\/vc_column_text][\/vc_column][\/vc_row]<\/p>\n<\/div>","protected":false},"excerpt":{"rendered":"<p>[vc_row][vc_column][\/vc_column][\/vc_row][vc_row full_width=\u00bbstretch_row\u00bb el_class=\u00bbhome1-wcs\u00bb css=\u00bb.vc_custom_1540975848221{background-color: #ffffff !important;}\u00bb][vc_column][vc_column_text] De que me avisa? [\/vc_column_text][vc_column_text] Somos a empresa espanhola mais experiente em sistemas de aviso de radar. [\/vc_column_text][vc_row_inner][vc_column_inner width=\u00bb1\/3&#8243;][vc_column_text] 1. Sistemas FIXOS e M\u00d3VEIS Fixos, M\u00f3veis, Radar de velocidade m\u00e9dia, Sem\u00e1foros controlados, Uso de cintos de seguran\u00e7a, Circula\u00e7\u00e3o restrita&#8230; 2. Velocidade M\u00c1XIMA O seu Kermes Plus IV indicar\u00e1 a [&hellip;]<\/p>\n","protected":false},"author":2,"featured_media":0,"parent":0,"menu_order":0,"comment_status":"closed","ping_status":"closed","template":"visual-template.php","meta":{"footnotes":""},"class_list":["post-4312","page","type-page","status-publish","hentry"],"yoast_head":"<!-- This site is optimized with the Yoast SEO plugin v27.5 - https:\/\/yoast.com\/product\/yoast-seo-wordpress\/ -->\n<title>Kermes Plus IV PT - Kermes GPS<\/title>\n<meta name=\"robots\" content=\"index, follow, max-snippet:-1, max-image-preview:large, max-video-preview:-1\" \/>\n<link rel=\"canonical\" href=\"https:\/\/www.kermesgps.com\/esp\/kermes-plus-iv-pt\/\" \/>\n<meta property=\"og:locale\" content=\"es_ES\" \/>\n<meta property=\"og:type\" content=\"article\" \/>\n<meta property=\"og:title\" content=\"Kermes Plus IV PT - Kermes GPS\" \/>\n<meta property=\"og:description\" content=\"[vc_row][vc_column][\/vc_column][\/vc_row][vc_row full_width=\u00bbstretch_row\u00bb el_class=\u00bbhome1-wcs\u00bb css=\u00bb.vc_custom_1540975848221{background-color: #ffffff !important;}\u00bb][vc_column][vc_column_text] De que me avisa? [\/vc_column_text][vc_column_text] Somos a empresa espanhola mais experiente em sistemas de aviso de radar. [\/vc_column_text][vc_row_inner][vc_column_inner width=\u00bb1\/3&#8243;][vc_column_text] 1. Sistemas FIXOS e M\u00d3VEIS Fixos, M\u00f3veis, Radar de velocidade m\u00e9dia, Sem\u00e1foros controlados, Uso de cintos de seguran\u00e7a, Circula\u00e7\u00e3o restrita&#8230; 2. Velocidade M\u00c1XIMA O seu Kermes Plus IV indicar\u00e1 a [&hellip;]\" \/>\n<meta property=\"og:url\" content=\"https:\/\/www.kermesgps.com\/esp\/kermes-plus-iv-pt\/\" \/>\n<meta property=\"og:site_name\" content=\"Kermes GPS\" \/>\n<meta property=\"article:modified_time\" content=\"2022-07-07T14:45:45+00:00\" \/>\n<meta property=\"og:image\" content=\"https:\/\/www.kermesgps.com\/esp\/wp-content\/uploads\/2019\/01\/Logo-portada-negro.webp\" \/>\n\t<meta property=\"og:image:width\" content=\"300\" \/>\n\t<meta property=\"og:image:height\" content=\"86\" \/>\n\t<meta property=\"og:image:type\" content=\"image\/webp\" \/>\n<meta name=\"twitter:card\" content=\"summary_large_image\" \/>\n<meta name=\"twitter:label1\" content=\"Tiempo de lectura\" \/>\n\t<meta name=\"twitter:data1\" content=\"5 minutos\" \/>\n<script type=\"application\/ld+json\" class=\"yoast-schema-graph\">{\"@context\":\"https:\\\/\\\/schema.org\",\"@graph\":[{\"@type\":\"WebPage\",\"@id\":\"https:\\\/\\\/www.kermesgps.com\\\/esp\\\/kermes-plus-iv-pt\\\/\",\"url\":\"https:\\\/\\\/www.kermesgps.com\\\/esp\\\/kermes-plus-iv-pt\\\/\",\"name\":\"Kermes Plus IV PT - Kermes GPS\",\"isPartOf\":{\"@id\":\"https:\\\/\\\/www.kermesgps.com\\\/esp\\\/#website\"},\"datePublished\":\"2022-07-06T14:47:07+00:00\",\"dateModified\":\"2022-07-07T14:45:45+00:00\",\"breadcrumb\":{\"@id\":\"https:\\\/\\\/www.kermesgps.com\\\/esp\\\/kermes-plus-iv-pt\\\/#breadcrumb\"},\"inLanguage\":\"es\",\"potentialAction\":[{\"@type\":\"ReadAction\",\"target\":[\"https:\\\/\\\/www.kermesgps.com\\\/esp\\\/kermes-plus-iv-pt\\\/\"]}]},{\"@type\":\"BreadcrumbList\",\"@id\":\"https:\\\/\\\/www.kermesgps.com\\\/esp\\\/kermes-plus-iv-pt\\\/#breadcrumb\",\"itemListElement\":[{\"@type\":\"ListItem\",\"position\":1,\"name\":\"Portada\",\"item\":\"https:\\\/\\\/www.kermesgps.com\\\/esp\\\/\"},{\"@type\":\"ListItem\",\"position\":2,\"name\":\"Kermes Plus IV PT\"}]},{\"@type\":\"WebSite\",\"@id\":\"https:\\\/\\\/www.kermesgps.com\\\/esp\\\/#website\",\"url\":\"https:\\\/\\\/www.kermesgps.com\\\/esp\\\/\",\"name\":\"Kermes GPS\",\"description\":\"Avisadores de radar mediante GPS\",\"publisher\":{\"@id\":\"https:\\\/\\\/www.kermesgps.com\\\/esp\\\/#organization\"},\"alternateName\":\"Kermes GPS\",\"potentialAction\":[{\"@type\":\"SearchAction\",\"target\":{\"@type\":\"EntryPoint\",\"urlTemplate\":\"https:\\\/\\\/www.kermesgps.com\\\/esp\\\/?s={search_term_string}\"},\"query-input\":{\"@type\":\"PropertyValueSpecification\",\"valueRequired\":true,\"valueName\":\"search_term_string\"}}],\"inLanguage\":\"es\"},{\"@type\":\"Organization\",\"@id\":\"https:\\\/\\\/www.kermesgps.com\\\/esp\\\/#organization\",\"name\":\"Kermes GPS\",\"url\":\"https:\\\/\\\/www.kermesgps.com\\\/esp\\\/\",\"logo\":{\"@type\":\"ImageObject\",\"inLanguage\":\"es\",\"@id\":\"https:\\\/\\\/www.kermesgps.com\\\/esp\\\/#\\\/schema\\\/logo\\\/image\\\/\",\"url\":\"https:\\\/\\\/www.kermesgps.com\\\/esp\\\/wp-content\\\/uploads\\\/2022\\\/06\\\/Logo-Nuevo-WFinder-30.png\",\"contentUrl\":\"https:\\\/\\\/www.kermesgps.com\\\/esp\\\/wp-content\\\/uploads\\\/2022\\\/06\\\/Logo-Nuevo-WFinder-30.png\",\"width\":625,\"height\":214,\"caption\":\"Kermes GPS\"},\"image\":{\"@id\":\"https:\\\/\\\/www.kermesgps.com\\\/esp\\\/#\\\/schema\\\/logo\\\/image\\\/\"},\"sameAs\":[\"https:\\\/\\\/www.kermesgps.com\\\/esp\\\/actualizaciones\\\/kp4\\\/\",\"https:\\\/\\\/www.tiktok.com\\\/@wfinderpro\"]}]}<\/script>\n<!-- \/ Yoast SEO plugin. -->","yoast_head_json":{"title":"Kermes Plus IV PT - Kermes GPS","robots":{"index":"index","follow":"follow","max-snippet":"max-snippet:-1","max-image-preview":"max-image-preview:large","max-video-preview":"max-video-preview:-1"},"canonical":"https:\/\/www.kermesgps.com\/esp\/kermes-plus-iv-pt\/","og_locale":"es_ES","og_type":"article","og_title":"Kermes Plus IV PT - Kermes GPS","og_description":"[vc_row][vc_column][\/vc_column][\/vc_row][vc_row full_width=\u00bbstretch_row\u00bb el_class=\u00bbhome1-wcs\u00bb css=\u00bb.vc_custom_1540975848221{background-color: #ffffff !important;}\u00bb][vc_column][vc_column_text] De que me avisa? [\/vc_column_text][vc_column_text] Somos a empresa espanhola mais experiente em sistemas de aviso de radar. [\/vc_column_text][vc_row_inner][vc_column_inner width=\u00bb1\/3&#8243;][vc_column_text] 1. Sistemas FIXOS e M\u00d3VEIS Fixos, M\u00f3veis, Radar de velocidade m\u00e9dia, Sem\u00e1foros controlados, Uso de cintos de seguran\u00e7a, Circula\u00e7\u00e3o restrita&#8230; 2. Velocidade M\u00c1XIMA O seu Kermes Plus IV indicar\u00e1 a [&hellip;]","og_url":"https:\/\/www.kermesgps.com\/esp\/kermes-plus-iv-pt\/","og_site_name":"Kermes GPS","article_modified_time":"2022-07-07T14:45:45+00:00","og_image":[{"width":300,"height":86,"url":"https:\/\/www.kermesgps.com\/esp\/wp-content\/uploads\/2019\/01\/Logo-portada-negro.webp","type":"image\/webp"}],"twitter_card":"summary_large_image","twitter_misc":{"Tiempo de lectura":"5 minutos"},"schema":{"@context":"https:\/\/schema.org","@graph":[{"@type":"WebPage","@id":"https:\/\/www.kermesgps.com\/esp\/kermes-plus-iv-pt\/","url":"https:\/\/www.kermesgps.com\/esp\/kermes-plus-iv-pt\/","name":"Kermes Plus IV PT - Kermes GPS","isPartOf":{"@id":"https:\/\/www.kermesgps.com\/esp\/#website"},"datePublished":"2022-07-06T14:47:07+00:00","dateModified":"2022-07-07T14:45:45+00:00","breadcrumb":{"@id":"https:\/\/www.kermesgps.com\/esp\/kermes-plus-iv-pt\/#breadcrumb"},"inLanguage":"es","potentialAction":[{"@type":"ReadAction","target":["https:\/\/www.kermesgps.com\/esp\/kermes-plus-iv-pt\/"]}]},{"@type":"BreadcrumbList","@id":"https:\/\/www.kermesgps.com\/esp\/kermes-plus-iv-pt\/#breadcrumb","itemListElement":[{"@type":"ListItem","position":1,"name":"Portada","item":"https:\/\/www.kermesgps.com\/esp\/"},{"@type":"ListItem","position":2,"name":"Kermes Plus IV PT"}]},{"@type":"WebSite","@id":"https:\/\/www.kermesgps.com\/esp\/#website","url":"https:\/\/www.kermesgps.com\/esp\/","name":"Kermes GPS","description":"Avisadores de radar mediante GPS","publisher":{"@id":"https:\/\/www.kermesgps.com\/esp\/#organization"},"alternateName":"Kermes GPS","potentialAction":[{"@type":"SearchAction","target":{"@type":"EntryPoint","urlTemplate":"https:\/\/www.kermesgps.com\/esp\/?s={search_term_string}"},"query-input":{"@type":"PropertyValueSpecification","valueRequired":true,"valueName":"search_term_string"}}],"inLanguage":"es"},{"@type":"Organization","@id":"https:\/\/www.kermesgps.com\/esp\/#organization","name":"Kermes GPS","url":"https:\/\/www.kermesgps.com\/esp\/","logo":{"@type":"ImageObject","inLanguage":"es","@id":"https:\/\/www.kermesgps.com\/esp\/#\/schema\/logo\/image\/","url":"https:\/\/www.kermesgps.com\/esp\/wp-content\/uploads\/2022\/06\/Logo-Nuevo-WFinder-30.png","contentUrl":"https:\/\/www.kermesgps.com\/esp\/wp-content\/uploads\/2022\/06\/Logo-Nuevo-WFinder-30.png","width":625,"height":214,"caption":"Kermes GPS"},"image":{"@id":"https:\/\/www.kermesgps.com\/esp\/#\/schema\/logo\/image\/"},"sameAs":["https:\/\/www.kermesgps.com\/esp\/actualizaciones\/kp4\/","https:\/\/www.tiktok.com\/@wfinderpro"]}]}},"_links":{"self":[{"href":"https:\/\/www.kermesgps.com\/esp\/wp-json\/wp\/v2\/pages\/4312","targetHints":{"allow":["GET"]}}],"collection":[{"href":"https:\/\/www.kermesgps.com\/esp\/wp-json\/wp\/v2\/pages"}],"about":[{"href":"https:\/\/www.kermesgps.com\/esp\/wp-json\/wp\/v2\/types\/page"}],"author":[{"embeddable":true,"href":"https:\/\/www.kermesgps.com\/esp\/wp-json\/wp\/v2\/users\/2"}],"replies":[{"embeddable":true,"href":"https:\/\/www.kermesgps.com\/esp\/wp-json\/wp\/v2\/comments?post=4312"}],"version-history":[{"count":0,"href":"https:\/\/www.kermesgps.com\/esp\/wp-json\/wp\/v2\/pages\/4312\/revisions"}],"wp:attachment":[{"href":"https:\/\/www.kermesgps.com\/esp\/wp-json\/wp\/v2\/media?parent=4312"}],"curies":[{"name":"wp","href":"https:\/\/api.w.org\/{rel}","templated":true}]}}