{"id":4328,"date":"2022-07-07T09:41:54","date_gmt":"2022-07-07T07:41:54","guid":{"rendered":"https:\/\/www.kermesgps.com\/esp\/?page_id=4328"},"modified":"2022-07-07T16:43:50","modified_gmt":"2022-07-07T14:43:50","slug":"kp4-fr","status":"publish","type":"page","link":"https:\/\/www.kermesgps.com\/esp\/kp4-fr\/","title":{"rendered":"Kermes Plus IV FR"},"content":{"rendered":"<div class=\"wpb-content-wrapper\"><p>[vc_row][vc_column]\n\t\t\t\t<p class=\"rs-p-wp-fix\"><\/p>\n\t\t\t\t<sr7-module data-alias=\"kermes-plus-iv-pt-1\" data-id=\"46\" id=\"SR7_46_1\" class=\"rs-ov-hidden\" data-version=\"6.7.54\">\n\t\t\t\t\t<sr7-adjuster><\/sr7-adjuster>\n\t\t\t\t\t<sr7-content>\n\t\t\t\t\t\t<sr7-slide id=\"SR7_46_1-89\" data-key=\"89\">\n\t\t\t\t\t\t\t<sr7-txt id=\"SR7_46_1-89-3\" class=\"sr7-layer\">Fiabilit\u00e9<br\/>\nPuissance et  \nl'efficacit\u00e9.\nTout en un<\/sr7-txt>\n\t\t\t\t\t\t\t<sr7-txt id=\"SR7_46_1-89-4\" class=\"sr7-layer\">Le syst\u00e8me d'avertissement de radars Kermes Plus IV est le r\u00e9sultat d'une exp\u00e9rience dans ce type de syst\u00e8me, avec plus de 16 ans de mises \u00e0 jour. La grande vari\u00e9t\u00e9 d'avertissements disponibles a innov\u00e9 le secteur, et nous sommes \u00e9galement les pionniers...<\/sr7-txt>\n\t\t\t\t\t\t\t<sr7-txt id=\"SR7_46_1-89-5\" class=\"sr7-layer\">Savoir plus<i class=\"fa-angle-right\" style=\"margin-left:2px;\"><\/i><\/sr7-txt>\n\t\t\t\t\t\t<\/sr7-slide>\n\t\t\t\t\t\t<sr7-slide id=\"SR7_46_1-90\" data-key=\"90\">\n\t\t\t\t\t\t\t<sr7-txt id=\"SR7_46_1-90-3\" class=\"sr7-layer\">D\u00e9couvrez une<br\/>\nnouvelle sensation.<\/sr7-txt>\n\t\t\t\t\t\t\t<sr7-txt id=\"SR7_46_1-90-4\" class=\"sr7-layer\">Concentrez-vous sur votre conduite et laissez notre Kermes Plus IV vous avertir, \u00e0 la fois des syst\u00e8mes de sanction que vous pouvez rencontrer en conduisant et des avertissements sp\u00e9cifiques de s\u00e9curit\u00e9 routi\u00e8re. Tout cela gr\u00e2ce \u00e0 des avertissements vocaux clairs et concis, vous \u00e9vitant ainsi de quitter la route des yeux.<\/sr7-txt>\n\t\t\t\t\t\t\t<sr7-txt id=\"SR7_46_1-90-5\" class=\"sr7-layer\">Information<i class=\"fa-angle-right\" style=\"margin-left:2px;\"><\/i><\/sr7-txt>\n\t\t\t\t\t\t<\/sr7-slide>\n\t\t\t\t\t\t<sr7-slide id=\"SR7_46_1-91\" data-key=\"91\">\n\t\t\t\t\t\t\t<sr7-txt id=\"SR7_46_1-91-3\" class=\"sr7-layer\">Avec le plus grand<br\/>nombre d'annonces vocales<\/sr7-txt>\n\t\t\t\t\t\t\t<sr7-txt id=\"SR7_46_1-91-4\" class=\"sr7-layer\">Il s'agit \u00e0 la fois de syst\u00e8mes de sanctions, diff\u00e9renciant le type de route, la vitesse et la direction, et de s\u00e9curit\u00e9 routi\u00e8re, indiquant le type de danger \u00e9ventuel qui s'approche, \u00e9vitant ainsi les frayeurs au volant.<\/sr7-txt>\n\t\t\t\t\t\t\t<sr7-txt id=\"SR7_46_1-91-5\" class=\"sr7-layer\">Montrez-moi plus<i class=\"fa-angle-right\" style=\"margin-left:2px;\"><\/i><\/sr7-txt>\n\t\t\t\t\t\t<\/sr7-slide>\n\t\t\t\t\t\t<sr7-slide id=\"SR7_46_1-134\" data-key=\"134\">\n\t\t\t\t\t\t<\/sr7-slide>\n\t\t\t\t\t<\/sr7-content>\n\t\t\t\t\t<image_lists style=\"display:none\">\n\t\t\t\t\t\t<img data-src=\"\/\/www.kermesgps.com\/esp\/wp-content\/uploads\/2022\/05\/KERMES-IV-ALTA-CALIDAD-e1653554155890.webp\" data-libid=\"3625\" data-lib=\"medialibrary\" alt=\"Kermes Plus IV hd\" title=\"Kermes Plus IV hd\" width=\"0\" height=\"0\" data-dbsrc=\"Ly93d3cua2VybWVzZ3BzLmNvbS9lc3Avd3AtY29udGVudC91cGxvYWRzLzIwMjIvMDUvS0VSTUVTLUlWLUFMVEEtQ0FMSURBRC1lMTY1MzU1NDE1NTg5MC53ZWJw\"\/>\n\t\t\t\t\t\t<img data-src=\"\/\/www.kermesgps.com\/esp\/wp-content\/uploads\/2022\/05\/panel.webp\" data-libid=\"4331\" data-lib=\"medialibrary\" title=\"panel\" width=\"0\" height=\"0\" data-dbsrc=\"Ly93d3cua2VybWVzZ3BzLmNvbS9lc3Avd3AtY29udGVudC91cGxvYWRzLzIwMjIvMDUvcGFuZWwud2VicA==\"\/>\n\t\t\t\t\t<\/image_lists>\n\t\t\t\t<\/sr7-module>\n\t\t\t\t<script>\n\t\t\t\t\twindow.SR7 ??={};SR7.PMH ??={}; SR7.PMH[\"SR7_46_1\"] = {cn:100,state:false,fn: function() { if (window._tpt!==undefined && window._tpt.prepareModuleHeight !== undefined) {  _tpt.prepareModuleHeight({id:\"SR7_46_1\",el:[868,868,768,960,720],type:'standard',shdw:'0',gh:[868,868,768,960,720],gw:[1240,1240,1024,778,480],vpt:['-200px&#039;,&#039;-200px&#039;,&#039;-200px&#039;,&#039;-200px&#039;,&#039;-200px'],size:{fullWidth:true, fullHeight:true},fho:'',mh:'0',onh:0,onw:0,bg:{color:'{\"orig\":\"transparent\",\"type\":\"solid\",\"string\":\"transparent\"}'},plType:'-1',plColor:'#333333'});   SR7.PMH[\"SR7_46_1\"].state=true;} else if(SR7.PMH[\"SR7_46_1\"].cn-->0)\tsetTimeout( SR7.PMH[\"SR7_46_1\"].fn,19);}};SR7.PMH[\"SR7_46_1\" ].fn();\n\t\t\t\t<\/script>\n[\/vc_column][\/vc_row][vc_row full_width=\u00bbstretch_row\u00bb el_class=\u00bbhome1-wcs\u00bb css=\u00bb.vc_custom_1540975848221{background-color: #ffffff !important;}\u00bb][vc_column][vc_column_text]<\/p>\n<h3 class=\"home3-sec-title\"><span class=\"ttwrap\"><span class=\"VIiyi\" lang=\"fr\"><span class=\"JLqJ4b ChMk0b\" data-language-for-alternatives=\"fr\" data-language-to-translate-into=\"es\" data-phrase-index=\"0\" data-number-of-phrases=\"1\"><span class=\"Q4iAWc\">De quoi me met-il en garde ?<\/span><\/span><\/span><\/span><\/h3>\n<p>[\/vc_column_text][vc_column_text]<\/p>\n<div class=\"email-desc text-center margin-bottom-41\">Nous sommes l&#8217;entreprise espagnole la plus exp\u00e9riment\u00e9e en mati\u00e8re de syst\u00e8mes d&#8217;avertissement radar<\/div>\n<p>[\/vc_column_text][vc_row_inner][vc_column_inner width=\u00bb1\/3&#8243;][vc_column_text]<\/p>\n<div class=\"wcs-desc\">\n<div class=\"num\">1.<\/div>\n<div class=\"content-wrap\">\n<div class=\"desc-title\"><a href=\"#\">Syst\u00e8mes FIXE et MOBILE<\/a><\/div>\n<div class=\"desc-line\">Radars, vitesse moyenne, feux de circulation contr\u00f4l\u00e9s, circulation restreinte, port de la ceinture de s\u00e9curit\u00e9&#8230;<\/div>\n<\/div>\n<\/div>\n<div class=\"wcs-desc\">\n<div class=\"num\">2.<\/div>\n<div class=\"content-wrap\">\n<div class=\"desc-title\"><a href=\"#\">Vitesse MAXIMALE<\/a><\/div>\n<div class=\"desc-line\">Votre Kermes Plus IV vous indique la vitesse maximale autoris\u00e9e sur la route, et la vitesse excessive en cas de d\u00e9passement.<\/div>\n<\/div>\n<\/div>\n<p>[\/vc_column_text][\/vc_column_inner][vc_column_inner el_class=\u00bbcol-image\u00bb width=\u00bb1\/3&#8243;][vc_single_image image=\u00bb3119&#8243; img_size=\u00bbfull\u00bb alignment=\u00bbcenter\u00bb onclick=\u00bbcustom_link\u00bb link=\u00bbhttps:\/\/ripara.7uptheme.net\/product\/wheel-svn-1020\/\u00bb el_class=\u00bbhvr-wobble-horizontal\u00bb][\/vc_column_inner][vc_column_inner width=\u00bb1\/3&#8243;][vc_column_text]<\/p>\n<div class=\"wcs-desc\">\n<div class=\"num\">3.<\/div>\n<div class=\"content-wrap\">\n<div class=\"desc-title\"><a href=\"#\">S\u00c9CURIT\u00c9 ROUTI\u00c8RE<\/a><\/div>\n<div class=\"desc-line\">Kermes Plus IV vous avertit \u00e0 l&#8217;avance des dangers possibles sur la route, par des avertissements sp\u00e9cifiques et simples.<\/div>\n<\/div>\n<\/div>\n<div class=\"wcs-desc\">\n<div class=\"num\">4.<\/div>\n<div class=\"content-wrap\">\n<div class=\"desc-title\"><a href=\"#\">Personnalisable<\/a><\/div>\n<div class=\"desc-line\">S\u00e9lectionnez dans le menu les types d&#8217;alertes que vous souhaitez recevoir, en choisissant parmi plusieurs modes.<\/div>\n<\/div>\n<\/div>\n<p>[\/vc_column_text][\/vc_column_inner][\/vc_row_inner][\/vc_column][\/vc_row][vc_row full_width=\u00bbstretch_row\u00bb content_placement=\u00bbmiddle\u00bb el_class=\u00bbhome1-team parallax\u00bb css=\u00bb.vc_custom_1653558886038{background-image: url(https:\/\/www.kermesgps.com\/esp\/wp-content\/uploads\/2022\/05\/carretera.webp?id=3627) !important;}\u00bb][vc_column][vc_column_text]<\/p>\n<h3 class=\"home3-sec-title\"><span class=\"ttwrap\">Radars<\/span><\/h3>\n<p>[\/vc_column_text][vc_column_text]<\/p>\n<p style=\"text-align: center;\"><span style=\"color: #ffffff;\">Votre <strong>Kermes Plus IV<\/strong> modifie les distances d&#8217;alerte en fonction du type de route et de la vitesse. Ce n&#8217;est pas la m\u00eame chose d&#8217;avertir sur une autoroute que sur une route urbaine. En outre, vous aurez toujours suffisamment de temps pour pouvoir corriger votre comportement au volant si n\u00e9cessaire, sans aucune surprise.<\/span><\/p>\n<p style=\"text-align: center;\"><span style=\"color: #ffffff;\">Kermes Plus IV est un <strong>localisateur de contr\u00f4les automatiques de sanction<\/strong> comme les <strong>radars<\/strong>, les <strong>cam\u00e9ras<\/strong>, les d\u00e9tecteurs de vitesse moyenne, les feux de signalisation, etc., et fournit un syst\u00e8me avanc\u00e9 de synth\u00e8se vocale qui alerte le conducteur avec des messages audio clairs.<\/span><\/p>\n<p style=\"text-align: center;\"><span style=\"color: #ffffff;\">Il pr\u00e9vient de l&#8217;approche des contr\u00f4les de vitesse fixes, en indiquant la vitesse maximale autoris\u00e9e et en suivant le conducteur, si n\u00e9cessaire, jusqu&#8217;\u00e0 ce que la vitesse limite soit atteinte.<\/span><\/p>\n<p style=\"text-align: center;\"><span style=\"color: #ffffff;\">Il signale \u00e9galement la pr\u00e9sence de contr\u00f4les de vitesse moyenne, en calculant la vitesse moyenne en temps r\u00e9el et en v\u00e9rifiant que les limites autoris\u00e9es ne sont pas d\u00e9pass\u00e9es.<\/span><\/p>\n<p style=\"text-align: center;\"><span style=\"color: #ffffff;\">Il avertit \u00e9galement le conducteur lorsqu&#8217;il approche de zones \u00e0 circulation restreinte contr\u00f4l\u00e9es par des cam\u00e9ras de surveillance. Il avertit \u00e9galement de la pr\u00e9sence d&#8217;intersections r\u00e9gul\u00e9es par des feux de circulation sous le contr\u00f4le de cam\u00e9ras automatiques.<\/span><\/p>\n<p>[\/vc_column_text][\/vc_column][\/vc_row][vc_row full_width=\u00bbstretch_row\u00bb el_class=\u00bbhome1-wcs\u00bb css=\u00bb.vc_custom_1540975848221{background-color: #ffffff !important;}\u00bb][vc_column][vc_column_text]<\/p>\n<h3 class=\"home3-sec-title\"><span class=\"ttwrap\">Totalement programmable<\/span><\/h3>\n<p>[\/vc_column_text][vc_column_text]<\/p>\n<div class=\"email-desc text-center margin-bottom-41\">Somos la empresa espa\u00f1ola con m\u00e1s experiencia en los sistemas de aviso de radares<\/div>\n<p>[\/vc_column_text][vc_row_inner][vc_column_inner width=\u00bb1\/3&#8243;][vc_column_text]<\/p>\n<div class=\"wcs-desc\">\n<div class=\"num\">1.<\/div>\n<div class=\"content-wrap\">\n<div class=\"desc-title\"><a href=\"#\"><strong><span style=\"color: #ff9900;\">Avertissements de Vitesse<\/span><\/strong><\/a><\/div>\n<div class=\"desc-line\">Utiliser les informations GPS, par exemple pour l&#8217;avertissement minimum ou le limiteur de vitesse.<\/div>\n<\/div>\n<\/div>\n<div class=\"wcs-desc\">\n<div class=\"num\">2.<\/div>\n<div class=\"content-wrap\">\n<div class=\"desc-title\"><a href=\"#\"><span style=\"color: #ff9900;\"><strong>Programmation d&#8217;allumage<\/strong><\/span><\/a><\/div>\n<div class=\"desc-line\">Programmation simple de l&#8217;allumage: message d&#8217;accueil vocal, tonalit\u00e9s ou allumage silencieux.<\/div>\n<\/div>\n<\/div>\n<p>[\/vc_column_text][\/vc_column_inner][vc_column_inner width=\u00bb1\/3&#8243;][vc_column_text]<\/p>\n<div class=\"wcs-desc\">\n<div class=\"num\">3.<\/div>\n<div class=\"content-wrap\">\n<div class=\"desc-title\"><a href=\"#\"><strong><span style=\"color: #ff9900;\">Modes de conduite<\/span><\/strong><\/a><\/div>\n<div class=\"desc-line\">Avec trois types : syst\u00e8mes de sanction complets, fixes et mobiles ou uniquement des contr\u00f4les fixes&#8230; le choix vous appartient.<\/div>\n<\/div>\n<\/div>\n<div class=\"wcs-desc\">\n<div class=\"num\">4.<\/div>\n<div class=\"content-wrap\">\n<div class=\"desc-title\"><a href=\"#\"><span style=\"color: #ff9900;\"><strong>Limiteur de vitesse<\/strong><\/span><\/a><\/div>\n<div class=\"desc-line\">S\u00e9lectionnez-la et votre Kermes Plus IV vous avertira si vous d\u00e9passez cette vitesse, en vous demandant de ralentir.<\/div>\n<\/div>\n<\/div>\n<p>[\/vc_column_text][\/vc_column_inner][vc_column_inner width=\u00bb1\/3&#8243;][vc_column_text]<\/p>\n<div class=\"wcs-desc\">\n<div class=\"num\">5.<\/div>\n<div class=\"content-wrap\">\n<div class=\"desc-title\"><a href=\"#\"><span style=\"color: #ff9900;\"><strong>Ordinateur de bord 1<\/strong><\/span><\/a><\/div>\n<div class=\"desc-line\">Coordonn\u00e9es, vitesse maximale, vitesse moyenne, tension, odom\u00e8tre&#8230; lorsque le v\u00e9hicule est \u00e0 l&#8217;arr\u00eat.<\/div>\n<\/div>\n<\/div>\n<div class=\"wcs-desc\">\n<div class=\"num\">6.<\/div>\n<div class=\"content-wrap\">\n<div class=\"desc-title\"><a href=\"#\"><span style=\"color: #ff9900;\"><strong>Ordinateur de bord 2<\/strong><\/span><\/a><\/div>\n<div class=\"desc-line\">Compteur de vitesse, boussole, altim\u00e8tre, voltm\u00e8tre, positions de l&#8217;utilisateur&#8230;<\/div>\n<\/div>\n<\/div>\n<p>[\/vc_column_text][\/vc_column_inner][\/vc_row_inner][\/vc_column][\/vc_row][vc_row full_width=\u00bbstretch_row\u00bb parallax=\u00bbcontent-moving\u00bb el_class=\u00bbhome1-team parallax\u00bb css=\u00bb.vc_custom_1653577248918{background: #f2f2f2 url(https:\/\/www.kermesgps.com\/esp\/wp-content\/uploads\/2022\/05\/bad_road.webp?id=3630);background-position: center;background-repeat: no-repeat !important;background-size: cover !important;}\u00bb][vc_column][vc_column_text]<\/p>\n<h3 class=\"home3-sec-title\"><span class=\"ttwrap\">S\u00e9curit\u00e9 routi\u00e8re<\/span><\/h3>\n<p>[\/vc_column_text][vc_column_text]<\/p>\n<div class=\"email-desc text-center margin-bottom-41\"><span style=\"color: #ffffff;\">No solo le avisar\u00e1 de controles sancionadores&#8230;<\/span><\/div>\n<p>[\/vc_column_text][vc_column_text]<\/p>\n<p style=\"text-align: center;\"><span style=\"color: #ffffff;\">Si vous le souhaitez, votre Kermes Plus IV vous avertit des \u00e9ventuels dangers que vous pouvez rencontrer sur votre parcours, en pr\u00e9cisant de mani\u00e8re concise de quel type vous vous approchez, vous permettant ainsi d&#8217;anticiper votre r\u00e9action et d&#8217;\u00e9viter les situations dangereuses.<\/span><\/p>\n<p style=\"text-align: center;\"><span style=\"color: #ffffff;\">Kermes Plus IV, gr\u00e2ce au plus grand nombre d&#8217;avertissements existant aujourd&#8217;hui sur le march\u00e9, vous indiquera, tant sur les routes principales que sur les routes secondaires, si vous approchez d&#8217;une zone dangereuse, telle que les virages dangereux (y compris ceux qui ne sont pas marqu\u00e9s), les sections accidentog\u00e8nes, les carrefours dangereux o\u00f9 la visibilit\u00e9 est tr\u00e8s r\u00e9duite, les r\u00e9tr\u00e9cissements de la route qui peuvent augmenter le danger de la route, ainsi qu&#8217;une s\u00e9rie d&#8217;avertissements que vous recevrez afin qu&#8217;\u00e0 aucun moment vous ne deviez quitter la route des yeux. De plus, cela ne se fait que dans le sens de la route dangereuse ou, dans le cas des ronds-points, aux entr\u00e9es qui le n\u00e9cessitent.<\/span><\/p>\n<p style=\"text-align: center;\"><span style=\"color: #ffffff;\">Kermes Plus IV peut \u00e9galement \u00eatre utilis\u00e9 sur les camions car il s&#8217;adapte aux tensions d&#8217;alimentation de 12 V et 24 V sans avoir besoin d&#8217;un adaptateur (r\u00e9ducteur de tension).<\/span><\/p>\n<p>[\/vc_column_text][\/vc_column][\/vc_row][vc_row full_width=\u00bbstretch_row\u00bb parallax=\u00bbcontent-moving\u00bb el_class=\u00bbhome1-email\u00bb css=\u00bb.vc_custom_1653577427997{background-color: #ffffff !important;}\u00bb][vc_column][vc_column_text]<\/p>\n<h3 class=\"home3-sec-title\"><span class=\"ttwrap\">Mises \u00e0 jour Gratuites<\/span><\/h3>\n<p>[\/vc_column_text][vc_column_text]<\/p>\n<p style=\"text-align: center;\"><span style=\"color: #000000;\">Todas nuestras actualizaciones son <strong>GRATUITAS<\/strong>, potentes, exclusivas, de calidad y recomendadas por los profesionales del sector.<\/span><\/p>\n<p>[\/vc_column_text][vc_empty_space][vc_column_text]<\/p>\n<h1 style=\"text-align: center;\"><span style=\"color: #000000;\"><strong><span style=\"font-family: andale mono, monospace;\">16 ANS DE MISES \u00c0 JOUR<\/span><\/strong><\/span><\/h1>\n<p style=\"text-align: center;\">Prouvez-le<\/p>\n<p>[\/vc_column_text][\/vc_column][\/vc_row]<\/p>\n<\/div>","protected":false},"excerpt":{"rendered":"<p>[vc_row][vc_column][\/vc_column][\/vc_row][vc_row full_width=\u00bbstretch_row\u00bb el_class=\u00bbhome1-wcs\u00bb css=\u00bb.vc_custom_1540975848221{background-color: #ffffff !important;}\u00bb][vc_column][vc_column_text] De quoi me met-il en garde ? [\/vc_column_text][vc_column_text] Nous sommes l&#8217;entreprise espagnole la plus exp\u00e9riment\u00e9e en mati\u00e8re de syst\u00e8mes d&#8217;avertissement radar [\/vc_column_text][vc_row_inner][vc_column_inner width=\u00bb1\/3&#8243;][vc_column_text] 1. Syst\u00e8mes FIXE et MOBILE Radars, vitesse moyenne, feux de circulation contr\u00f4l\u00e9s, circulation restreinte, port de la ceinture de s\u00e9curit\u00e9&#8230; 2. Vitesse MAXIMALE Votre Kermes Plus [&hellip;]<\/p>\n","protected":false},"author":2,"featured_media":0,"parent":0,"menu_order":0,"comment_status":"closed","ping_status":"closed","template":"visual-template.php","meta":{"footnotes":""},"class_list":["post-4328","page","type-page","status-publish","hentry"],"yoast_head":"<!-- This site is optimized with the Yoast SEO plugin v27.5 - https:\/\/yoast.com\/product\/yoast-seo-wordpress\/ -->\n<title>Kermes Plus IV FR - Kermes GPS<\/title>\n<meta name=\"robots\" content=\"index, follow, max-snippet:-1, max-image-preview:large, max-video-preview:-1\" \/>\n<link rel=\"canonical\" href=\"https:\/\/www.kermesgps.com\/esp\/kp4-fr\/\" \/>\n<meta property=\"og:locale\" content=\"es_ES\" \/>\n<meta property=\"og:type\" content=\"article\" \/>\n<meta property=\"og:title\" content=\"Kermes Plus IV FR - Kermes GPS\" \/>\n<meta property=\"og:description\" content=\"[vc_row][vc_column][\/vc_column][\/vc_row][vc_row full_width=\u00bbstretch_row\u00bb el_class=\u00bbhome1-wcs\u00bb css=\u00bb.vc_custom_1540975848221{background-color: #ffffff !important;}\u00bb][vc_column][vc_column_text] De quoi me met-il en garde ? [\/vc_column_text][vc_column_text] Nous sommes l&#8217;entreprise espagnole la plus exp\u00e9riment\u00e9e en mati\u00e8re de syst\u00e8mes d&#8217;avertissement radar [\/vc_column_text][vc_row_inner][vc_column_inner width=\u00bb1\/3&#8243;][vc_column_text] 1. Syst\u00e8mes FIXE et MOBILE Radars, vitesse moyenne, feux de circulation contr\u00f4l\u00e9s, circulation restreinte, port de la ceinture de s\u00e9curit\u00e9&#8230; 2. Vitesse MAXIMALE Votre Kermes Plus [&hellip;]\" \/>\n<meta property=\"og:url\" content=\"https:\/\/www.kermesgps.com\/esp\/kp4-fr\/\" \/>\n<meta property=\"og:site_name\" content=\"Kermes GPS\" \/>\n<meta property=\"article:modified_time\" content=\"2022-07-07T14:43:50+00:00\" \/>\n<meta property=\"og:image\" content=\"https:\/\/www.kermesgps.com\/esp\/wp-content\/uploads\/2019\/01\/Logo-portada-negro.webp\" \/>\n\t<meta property=\"og:image:width\" content=\"300\" \/>\n\t<meta property=\"og:image:height\" content=\"86\" \/>\n\t<meta property=\"og:image:type\" content=\"image\/webp\" \/>\n<meta name=\"twitter:card\" content=\"summary_large_image\" \/>\n<meta name=\"twitter:label1\" content=\"Tiempo de lectura\" \/>\n\t<meta name=\"twitter:data1\" content=\"5 minutos\" \/>\n<script type=\"application\/ld+json\" class=\"yoast-schema-graph\">{\"@context\":\"https:\\\/\\\/schema.org\",\"@graph\":[{\"@type\":\"WebPage\",\"@id\":\"https:\\\/\\\/www.kermesgps.com\\\/esp\\\/kp4-fr\\\/\",\"url\":\"https:\\\/\\\/www.kermesgps.com\\\/esp\\\/kp4-fr\\\/\",\"name\":\"Kermes Plus IV FR - Kermes GPS\",\"isPartOf\":{\"@id\":\"https:\\\/\\\/www.kermesgps.com\\\/esp\\\/#website\"},\"datePublished\":\"2022-07-07T07:41:54+00:00\",\"dateModified\":\"2022-07-07T14:43:50+00:00\",\"breadcrumb\":{\"@id\":\"https:\\\/\\\/www.kermesgps.com\\\/esp\\\/kp4-fr\\\/#breadcrumb\"},\"inLanguage\":\"es\",\"potentialAction\":[{\"@type\":\"ReadAction\",\"target\":[\"https:\\\/\\\/www.kermesgps.com\\\/esp\\\/kp4-fr\\\/\"]}]},{\"@type\":\"BreadcrumbList\",\"@id\":\"https:\\\/\\\/www.kermesgps.com\\\/esp\\\/kp4-fr\\\/#breadcrumb\",\"itemListElement\":[{\"@type\":\"ListItem\",\"position\":1,\"name\":\"Portada\",\"item\":\"https:\\\/\\\/www.kermesgps.com\\\/esp\\\/\"},{\"@type\":\"ListItem\",\"position\":2,\"name\":\"Kermes Plus IV FR\"}]},{\"@type\":\"WebSite\",\"@id\":\"https:\\\/\\\/www.kermesgps.com\\\/esp\\\/#website\",\"url\":\"https:\\\/\\\/www.kermesgps.com\\\/esp\\\/\",\"name\":\"Kermes GPS\",\"description\":\"Avisadores de radar mediante GPS\",\"publisher\":{\"@id\":\"https:\\\/\\\/www.kermesgps.com\\\/esp\\\/#organization\"},\"alternateName\":\"Kermes GPS\",\"potentialAction\":[{\"@type\":\"SearchAction\",\"target\":{\"@type\":\"EntryPoint\",\"urlTemplate\":\"https:\\\/\\\/www.kermesgps.com\\\/esp\\\/?s={search_term_string}\"},\"query-input\":{\"@type\":\"PropertyValueSpecification\",\"valueRequired\":true,\"valueName\":\"search_term_string\"}}],\"inLanguage\":\"es\"},{\"@type\":\"Organization\",\"@id\":\"https:\\\/\\\/www.kermesgps.com\\\/esp\\\/#organization\",\"name\":\"Kermes GPS\",\"url\":\"https:\\\/\\\/www.kermesgps.com\\\/esp\\\/\",\"logo\":{\"@type\":\"ImageObject\",\"inLanguage\":\"es\",\"@id\":\"https:\\\/\\\/www.kermesgps.com\\\/esp\\\/#\\\/schema\\\/logo\\\/image\\\/\",\"url\":\"https:\\\/\\\/www.kermesgps.com\\\/esp\\\/wp-content\\\/uploads\\\/2022\\\/06\\\/Logo-Nuevo-WFinder-30.png\",\"contentUrl\":\"https:\\\/\\\/www.kermesgps.com\\\/esp\\\/wp-content\\\/uploads\\\/2022\\\/06\\\/Logo-Nuevo-WFinder-30.png\",\"width\":625,\"height\":214,\"caption\":\"Kermes GPS\"},\"image\":{\"@id\":\"https:\\\/\\\/www.kermesgps.com\\\/esp\\\/#\\\/schema\\\/logo\\\/image\\\/\"},\"sameAs\":[\"https:\\\/\\\/www.kermesgps.com\\\/esp\\\/actualizaciones\\\/kp4\\\/\",\"https:\\\/\\\/www.tiktok.com\\\/@wfinderpro\"]}]}<\/script>\n<!-- \/ Yoast SEO plugin. -->","yoast_head_json":{"title":"Kermes Plus IV FR - Kermes GPS","robots":{"index":"index","follow":"follow","max-snippet":"max-snippet:-1","max-image-preview":"max-image-preview:large","max-video-preview":"max-video-preview:-1"},"canonical":"https:\/\/www.kermesgps.com\/esp\/kp4-fr\/","og_locale":"es_ES","og_type":"article","og_title":"Kermes Plus IV FR - Kermes GPS","og_description":"[vc_row][vc_column][\/vc_column][\/vc_row][vc_row full_width=\u00bbstretch_row\u00bb el_class=\u00bbhome1-wcs\u00bb css=\u00bb.vc_custom_1540975848221{background-color: #ffffff !important;}\u00bb][vc_column][vc_column_text] De quoi me met-il en garde ? [\/vc_column_text][vc_column_text] Nous sommes l&#8217;entreprise espagnole la plus exp\u00e9riment\u00e9e en mati\u00e8re de syst\u00e8mes d&#8217;avertissement radar [\/vc_column_text][vc_row_inner][vc_column_inner width=\u00bb1\/3&#8243;][vc_column_text] 1. Syst\u00e8mes FIXE et MOBILE Radars, vitesse moyenne, feux de circulation contr\u00f4l\u00e9s, circulation restreinte, port de la ceinture de s\u00e9curit\u00e9&#8230; 2. Vitesse MAXIMALE Votre Kermes Plus [&hellip;]","og_url":"https:\/\/www.kermesgps.com\/esp\/kp4-fr\/","og_site_name":"Kermes GPS","article_modified_time":"2022-07-07T14:43:50+00:00","og_image":[{"width":300,"height":86,"url":"https:\/\/www.kermesgps.com\/esp\/wp-content\/uploads\/2019\/01\/Logo-portada-negro.webp","type":"image\/webp"}],"twitter_card":"summary_large_image","twitter_misc":{"Tiempo de lectura":"5 minutos"},"schema":{"@context":"https:\/\/schema.org","@graph":[{"@type":"WebPage","@id":"https:\/\/www.kermesgps.com\/esp\/kp4-fr\/","url":"https:\/\/www.kermesgps.com\/esp\/kp4-fr\/","name":"Kermes Plus IV FR - Kermes GPS","isPartOf":{"@id":"https:\/\/www.kermesgps.com\/esp\/#website"},"datePublished":"2022-07-07T07:41:54+00:00","dateModified":"2022-07-07T14:43:50+00:00","breadcrumb":{"@id":"https:\/\/www.kermesgps.com\/esp\/kp4-fr\/#breadcrumb"},"inLanguage":"es","potentialAction":[{"@type":"ReadAction","target":["https:\/\/www.kermesgps.com\/esp\/kp4-fr\/"]}]},{"@type":"BreadcrumbList","@id":"https:\/\/www.kermesgps.com\/esp\/kp4-fr\/#breadcrumb","itemListElement":[{"@type":"ListItem","position":1,"name":"Portada","item":"https:\/\/www.kermesgps.com\/esp\/"},{"@type":"ListItem","position":2,"name":"Kermes Plus IV FR"}]},{"@type":"WebSite","@id":"https:\/\/www.kermesgps.com\/esp\/#website","url":"https:\/\/www.kermesgps.com\/esp\/","name":"Kermes GPS","description":"Avisadores de radar mediante GPS","publisher":{"@id":"https:\/\/www.kermesgps.com\/esp\/#organization"},"alternateName":"Kermes GPS","potentialAction":[{"@type":"SearchAction","target":{"@type":"EntryPoint","urlTemplate":"https:\/\/www.kermesgps.com\/esp\/?s={search_term_string}"},"query-input":{"@type":"PropertyValueSpecification","valueRequired":true,"valueName":"search_term_string"}}],"inLanguage":"es"},{"@type":"Organization","@id":"https:\/\/www.kermesgps.com\/esp\/#organization","name":"Kermes GPS","url":"https:\/\/www.kermesgps.com\/esp\/","logo":{"@type":"ImageObject","inLanguage":"es","@id":"https:\/\/www.kermesgps.com\/esp\/#\/schema\/logo\/image\/","url":"https:\/\/www.kermesgps.com\/esp\/wp-content\/uploads\/2022\/06\/Logo-Nuevo-WFinder-30.png","contentUrl":"https:\/\/www.kermesgps.com\/esp\/wp-content\/uploads\/2022\/06\/Logo-Nuevo-WFinder-30.png","width":625,"height":214,"caption":"Kermes GPS"},"image":{"@id":"https:\/\/www.kermesgps.com\/esp\/#\/schema\/logo\/image\/"},"sameAs":["https:\/\/www.kermesgps.com\/esp\/actualizaciones\/kp4\/","https:\/\/www.tiktok.com\/@wfinderpro"]}]}},"_links":{"self":[{"href":"https:\/\/www.kermesgps.com\/esp\/wp-json\/wp\/v2\/pages\/4328","targetHints":{"allow":["GET"]}}],"collection":[{"href":"https:\/\/www.kermesgps.com\/esp\/wp-json\/wp\/v2\/pages"}],"about":[{"href":"https:\/\/www.kermesgps.com\/esp\/wp-json\/wp\/v2\/types\/page"}],"author":[{"embeddable":true,"href":"https:\/\/www.kermesgps.com\/esp\/wp-json\/wp\/v2\/users\/2"}],"replies":[{"embeddable":true,"href":"https:\/\/www.kermesgps.com\/esp\/wp-json\/wp\/v2\/comments?post=4328"}],"version-history":[{"count":0,"href":"https:\/\/www.kermesgps.com\/esp\/wp-json\/wp\/v2\/pages\/4328\/revisions"}],"wp:attachment":[{"href":"https:\/\/www.kermesgps.com\/esp\/wp-json\/wp\/v2\/media?parent=4328"}],"curies":[{"name":"wp","href":"https:\/\/api.w.org\/{rel}","templated":true}]}}