{"id":4333,"date":"2022-07-07T10:18:55","date_gmt":"2022-07-07T08:18:55","guid":{"rendered":"https:\/\/www.kermesgps.com\/esp\/?page_id=4333"},"modified":"2022-12-15T12:33:50","modified_gmt":"2022-12-15T10:33:50","slug":"contactez","status":"publish","type":"page","link":"https:\/\/www.kermesgps.com\/esp\/debut\/contactez\/","title":{"rendered":"Contactez"},"content":{"rendered":"<div class=\"wpb-content-wrapper\"><p>[vc_row full_width=\u00bbstretch_row_content_no_spaces\u00bb][vc_column]<div class=\"wrap-bread-crumb   breadcrumb-element\">\r\n\t\t<div class=\"bread-crumb s7upf_1778149035\">\r\n\t\t\t\t\t<\/div>\r\n<\/div>\r\n[\/vc_column][\/vc_row][vc_row full_width=\u00bbstretch_row\u00bb css=\u00bb.vc_custom_1541560842032{background-color: #ffffff !important;}\u00bb el_class=\u00bbcontact-sec2&#8243;][vc_column][vc_row_inner][vc_column_inner width=\u00bb1\/3&#8243;][vc_column_text bb_tab_container=\u00bb\u00bb el_class=\u00bbcontact-sec-2-text\u00bb]<\/p>\n<div class=\"icon_mobile\" aria-hidden=\"true\"><\/div>\n<div class=\"content-wrap\">\n<h5 class=\"black text-uppercase\">t\u00e9l\u00e9phones<\/h5>\n<p class=\"desc\"><img loading=\"lazy\" decoding=\"async\" class=\"alignnone size-full wp-image-3160\" src=\"https:\/\/www.kermesgps.com\/esp\/wp-content\/uploads\/2022\/05\/pngwing.com_.png\" alt=\"\" width=\"20\" height=\"20\" \/> \u00a0 \u00a0\u00a0 <a href=\"tel:+86256456256\">(+34) 913 269 186<\/a><br \/>\n<img loading=\"lazy\" decoding=\"async\" class=\"alignnone wp-image-3159 size-full\" src=\"https:\/\/www.kermesgps.com\/esp\/wp-content\/uploads\/2022\/05\/whatsapp.png\" alt=\"Whatsapp\" width=\"19\" height=\"20\" \/><img loading=\"lazy\" decoding=\"async\" class=\"alignnone wp-image-3161 size-full\" src=\"https:\/\/www.kermesgps.com\/esp\/wp-content\/uploads\/2022\/05\/telegram.png\" alt=\"Telegram\" width=\"20\" height=\"20\" \/> <a href=\"tel:+84965478265\">(+34) 619 757 515<\/a><\/p>\n<p>(Op\u00e9rateurs en espagnol)<\/p>\n<\/div>\n<p>[\/vc_column_text][vc_empty_space][vc_column_text]<strong>Y a-t-il quelque chose que vous aimeriez ajouter ou modifier dans la base de donn\u00e9es ?<\/strong><br \/>\n[vc_btn title=\u00bbFournir des donn\u00e9es\u00bb style=\u00bboutline\u00bb shape=\u00bbround\u00bb color=\u00bbgreen\u00bb align=\u00bbcenter\u00bb i_icon_fontawesome=\u00bbfas fa-life-ring\u00bb add_icon=\u00bbtrue\u00bb link=\u00bburl:https%3A%2F%2Fwww.kermesgps.com%2Fesp%2Fdebut%2Fentree_donnees|title:Acc\u00e9der%20au%20formulaire\u00bb][\/vc_column_text][\/vc_column_inner][vc_column_inner width=\u00bb1\/3&#8243;][vc_column_text el_class=\u00bbcontact-sec-2-text second-col\u00bb]<\/p>\n<div class=\"icon_pin\" aria-hidden=\"true\"><\/div>\n<div class=\"content-wrap\">\n<h5 class=\"black text-uppercase\">Adresse<\/h5>\n<p class=\"desc\">Calle de la Confianza N\u00ba 5 Nave B01,<br \/>\nPol. Ind. Los Olivos &#8211; 28906 &#8211; Gefafe &#8211; Madrid<\/p>\n<\/div>\n<p>[\/vc_column_text][\/vc_column_inner][vc_column_inner width=\u00bb1\/3&#8243;][vc_column_text el_class=\u00bbcontact-sec-2-text col-last\u00bb]<\/p>\n<div class=\"icon_mail\" aria-hidden=\"true\"><\/div>\n<div class=\"content-wrap\">\n<h5 class=\"black text-uppercase\">Email<\/h5>\n<p><a href=\"mailto:Info@localhost\">info@kermesgps.com<\/a><\/p>\n<p>Pour une assistance technique, cliquez sur le bouton<br \/>\n[vc_btn title=\u00bbAssistance\u00bb style=\u00bboutline\u00bb shape=\u00bbround\u00bb color=\u00bbwarning\u00bb align=\u00bbcenter\u00bb i_icon_fontawesome=\u00bbfas fa-life-ring\u00bb add_icon=\u00bbtrue\u00bb link=\u00bburl:https%3A%2F%2Fwww.kermesgps.com%2Fesp%2Fassistance|title:Ir%20al%20formulario\u00bb]<\/p>\n<\/div>\n<p>[\/vc_column_text][\/vc_column_inner][\/vc_row_inner][\/vc_column][\/vc_row][vc_row full_width=\u00bbstretch_row\u00bb css=\u00bb.vc_custom_1541560854383{background-color: #ffffff !important;}\u00bb el_class=\u00bbcontact-sec3&#8243;][vc_column width=\u00bb1\/2&#8243;]\n<div class=\"wpcf7 no-js\" id=\"wpcf7-f4336-o1\" lang=\"en-US\" dir=\"ltr\" data-wpcf7-id=\"4336\">\n<div class=\"screen-reader-response\"><p role=\"status\" aria-live=\"polite\" aria-atomic=\"true\"><\/p> <ul><\/ul><\/div>\n<form action=\"\/esp\/wp-json\/wp\/v2\/pages\/4333#wpcf7-f4336-o1\" method=\"post\" class=\"wpcf7-form init\" aria-label=\"Contact form\" novalidate=\"novalidate\" data-status=\"init\">\n<fieldset class=\"hidden-fields-container\"><input type=\"hidden\" name=\"_wpcf7\" value=\"4336\" \/><input type=\"hidden\" name=\"_wpcf7_version\" value=\"6.1.5\" \/><input type=\"hidden\" name=\"_wpcf7_locale\" value=\"en_US\" \/><input type=\"hidden\" name=\"_wpcf7_unit_tag\" value=\"wpcf7-f4336-o1\" \/><input type=\"hidden\" name=\"_wpcf7_container_post\" value=\"0\" \/><input type=\"hidden\" name=\"_wpcf7_posted_data_hash\" value=\"\" \/>\n<\/fieldset>\n<h4 class=\"title-about color-title text-uppercase\">Prenez contact avec nous\n<\/h4>\n<div class=\"contact-desc\">\n\t<p>Si vous avez des questions, n'h\u00e9sitez pas \u00e0 nous envoyer un message.\n\t<\/p>\n\t<p><label> Votre nom ...<br \/>\n<span class=\"wpcf7-form-control-wrap\" data-name=\"your-name\"><input size=\"40\" maxlength=\"400\" class=\"wpcf7-form-control wpcf7-text wpcf7-validates-as-required\" aria-required=\"true\" aria-invalid=\"false\" value=\"\" type=\"text\" name=\"your-name\" \/><\/span> <\/label>\n\t<\/p>\n\t<p><label> Votre adresse e-mail...<br \/>\n<span class=\"wpcf7-form-control-wrap\" data-name=\"your-email\"><input size=\"40\" maxlength=\"400\" class=\"wpcf7-form-control wpcf7-email wpcf7-validates-as-required wpcf7-text wpcf7-validates-as-email\" aria-required=\"true\" aria-invalid=\"false\" value=\"\" type=\"email\" name=\"your-email\" \/><\/span> <\/label>\n\t<\/p>\n\t<p><label> Sujet (optionnel)<br \/>\n<span class=\"wpcf7-form-control-wrap\" data-name=\"your-subject\"><input size=\"40\" maxlength=\"400\" class=\"wpcf7-form-control wpcf7-text wpcf7-validates-as-required\" aria-required=\"true\" aria-invalid=\"false\" value=\"\" type=\"text\" name=\"your-subject\" \/><\/span> <\/label>\n\t<\/p>\n\t<p><label> Scrivi qui il tuo messaggio<br \/>\n<span class=\"wpcf7-form-control-wrap\" data-name=\"your-message\"><textarea cols=\"40\" rows=\"10\" maxlength=\"2000\" class=\"wpcf7-form-control wpcf7-textarea\" aria-invalid=\"false\" name=\"your-message\"><\/textarea><\/span> <\/label>\n\t<\/p>\n\t<p><input class=\"wpcf7-form-control wpcf7-submit has-spinner\" type=\"submit\" value=\"\u00c9crivez votre message ici\" \/>\n\t<\/p>\n<\/div><input type='hidden' class='wpcf7-pum' value='{\"closepopup\":false,\"closedelay\":0,\"openpopup\":false,\"openpopup_id\":0}' \/><div class=\"wpcf7-response-output\" aria-hidden=\"true\"><\/div>\n<\/form>\n<\/div>\n[\/vc_column][vc_column width=\u00bb1\/2&#8243;]    <div class=\"box-accordion box-accordion-style-1 \">\r\n        <h3 class=\"contact-accordition-title title24 fontosw text-uppercase fwe500 color-title\">FAQ<\/h3>        <div class=\"content-accordion toggle-tab detail-tabs tab-style3\">\r\n                            <div class=\"item-toggle-tab    active\">\r\n                    <h5 class=\" toggle-tab-title  title14 black000 fontosw font-bold text-uppercase\">\r\n                        PUIS-JE R\u00c9INITIALISER MON DISPOSITIF D&#039;ALERTE?                    <\/h5>\r\n                    <div class=\"toggle-tab-content\">\r\n                        El Kermes Plus IV puede resetearse a valores de f\u00e1brica. Con el avisador apagado, solo tiene que poner el selector  en modo \"MENU\" y mantener pulsador el bot\u00f3n \"FUNC\". Manteniendo el bot\u00f3n pulsado conecte la alimentaci\u00f3n, espere 1 segundo y suelte el bot\u00f3n. En la pantalla aparecer\u00e1 \"rESE\" y ya estar\u00e1 reseteado.                    <\/div>\r\n                <\/div>\r\n                            <div class=\"item-toggle-tab    \">\r\n                    <h5 class=\" toggle-tab-title  title14 black000 fontosw font-bold text-uppercase\">\r\n                        PUIS-JE METTRE \u00c0 NIVEAU AVEC LE MAC ?                    <\/h5>\r\n                    <div class=\"toggle-tab-content\">\r\n                        Le driver de mise \u00e0 jour est con\u00e7u pour les syst\u00e8mes PC. Pour effectuer la mise \u00e0 jour avec MAC, vous devez installer un \u00e9mulateur (gratuit ou payant). Consultez les informations de la section \"Premi\u00e8res \u00e9tapes\" de la mise \u00e0 niveau.                    <\/div>\r\n                <\/div>\r\n                            <div class=\"item-toggle-tab    \">\r\n                    <h5 class=\" toggle-tab-title  title14 black000 fontosw font-bold text-uppercase\">\r\n                        EST-IL PERSONNALISABLE ?                    <\/h5>\r\n                    <div class=\"toggle-tab-content\">\r\n                        Le Kermes Plus IV est enti\u00e8rement personnalisable et vous pouvez choisir les avertissements que vous souhaitez recevoir, y compris la vitesse \u00e0 laquelle vous conduisez.                    <\/div>\r\n                <\/div>\r\n                            <div class=\"item-toggle-tab    \">\r\n                    <h5 class=\" toggle-tab-title  title14 black000 fontosw font-bold text-uppercase\">\r\n                        C&#039;EST L\u00c9GAL ?                    <\/h5>\r\n                    <div class=\"toggle-tab-content\">\r\n                        Les syst\u00e8mes de d\u00e9tection des radars, y compris les syst\u00e8mes de report de position des radars par GPS, sont interdits sur tout le territoire fran\u00e7ais.                    <\/div>\r\n                <\/div>\r\n                            <div class=\"item-toggle-tab    \">\r\n                    <h5 class=\" toggle-tab-title  title14 black000 fontosw font-bold text-uppercase\">\r\n                        LIMITEUR DE VITESSE                    <\/h5>\r\n                    <div class=\"toggle-tab-content\">\r\n                        Vous pouvez facilement programmer votre Kermes Plus IV pour qu'il vous avertisse si vous d\u00e9passez la vitesse maximale que vous avez d\u00e9finie dans le menu.                    <\/div>\r\n                <\/div>\r\n                    <\/div>\r\n    <\/div>\r\n[\/vc_column][\/vc_row][vc_row full_width=\u00bbstretch_row_content_no_spaces\u00bb el_class=\u00bbcontact-sec4&#8243;][vc_column][vc_gmaps link=\u00bb#E-8_JTNDaWZyYW1lJTIwc3JjJTNEJTIyaHR0cHMlM0ElMkYlMkZ3d3cuZ29vZ2xlLmNvbSUyRm1hcHMlMkZlbWJlZCUzRnBiJTNEJTIxMW0xOCUyMTFtMTIlMjExbTMlMjExZDMwNDIuMDg0NDA5MjQxMjUyJTIxMmQtMy42Nzk1ODc1ODQ0MjY4OTMlMjEzZDQwLjMxODI4NDE2OTU0NDUyNiUyMTJtMyUyMTFmMCUyMTJmMCUyMTNmMCUyMTNtMiUyMTFpMTAyNCUyMTJpNzY4JTIxNGYxMy4xJTIxM20zJTIxMW0yJTIxMXMweGQ0MjIxNDQxYzkyNjQwZiUyNTNBMHhkMzdkODc4ZTdkMzFmYzUzJTIxMnNXRmluZGVyJTI1MjBQcm8lMjE1ZTAlMjEzbTIlMjExc2VzJTIxMnNlcyUyMTR2MTY1Mjk1MDgyMjQzMCUyMTVtMiUyMTFzZXMlMjEyc2VzJTIyJTIwd2lkdGglM0QlMjI2MDAlMjIlMjBoZWlnaHQlM0QlMjI0NTAlMjIlMjBzdHlsZSUzRCUyMmJvcmRlciUzQTAlM0IlMjIlMjBhbGxvd2Z1bGxzY3JlZW4lM0QlMjIlMjIlMjBsb2FkaW5nJTNEJTIybGF6eSUyMiUyMHJlZmVycmVycG9saWN5JTNEJTIybm8tcmVmZXJyZXItd2hlbi1kb3duZ3JhZGUlMjIlM0UlM0MlMkZpZnJhbWUlM0U=\u00bb][\/vc_column][\/vc_row]<\/p>\n<\/div>","protected":false},"excerpt":{"rendered":"<p>[vc_row full_width=\u00bbstretch_row_content_no_spaces\u00bb][vc_column][\/vc_column][\/vc_row][vc_row full_width=\u00bbstretch_row\u00bb css=\u00bb.vc_custom_1541560842032{background-color: #ffffff !important;}\u00bb el_class=\u00bbcontact-sec2&#8243;][vc_column][vc_row_inner][vc_column_inner width=\u00bb1\/3&#8243;][vc_column_text bb_tab_container=\u00bb\u00bb el_class=\u00bbcontact-sec-2-text\u00bb] t\u00e9l\u00e9phones \u00a0 \u00a0\u00a0 (+34) 913 269 186 (+34) 619 757 515 (Op\u00e9rateurs en espagnol) [\/vc_column_text][vc_empty_space][vc_column_text]Y a-t-il quelque chose que vous aimeriez ajouter ou modifier dans la base de donn\u00e9es ? [vc_btn title=\u00bbFournir des donn\u00e9es\u00bb style=\u00bboutline\u00bb shape=\u00bbround\u00bb color=\u00bbgreen\u00bb align=\u00bbcenter\u00bb i_icon_fontawesome=\u00bbfas fa-life-ring\u00bb add_icon=\u00bbtrue\u00bb link=\u00bburl:https%3A%2F%2Fwww.kermesgps.com%2Fesp%2Fdebut%2Fentree_donnees|title:Acc\u00e9der%20au%20formulaire\u00bb][\/vc_column_text][\/vc_column_inner][vc_column_inner width=\u00bb1\/3&#8243;][vc_column_text el_class=\u00bbcontact-sec-2-text second-col\u00bb] [&hellip;]<\/p>\n","protected":false},"author":2,"featured_media":0,"parent":3684,"menu_order":0,"comment_status":"closed","ping_status":"closed","template":"visual-template.php","meta":{"footnotes":""},"class_list":["post-4333","page","type-page","status-publish","hentry"],"yoast_head":"<!-- This site is optimized with the Yoast SEO plugin v27.5 - https:\/\/yoast.com\/product\/yoast-seo-wordpress\/ -->\n<title>Contactez - Kermes GPS<\/title>\n<meta name=\"robots\" content=\"index, follow, max-snippet:-1, max-image-preview:large, max-video-preview:-1\" \/>\n<link rel=\"canonical\" href=\"https:\/\/www.kermesgps.com\/esp\/debut\/contactez\/\" \/>\n<meta property=\"og:locale\" content=\"es_ES\" \/>\n<meta property=\"og:type\" content=\"article\" \/>\n<meta property=\"og:title\" content=\"Contactez - Kermes GPS\" \/>\n<meta property=\"og:description\" content=\"[vc_row full_width=\u00bbstretch_row_content_no_spaces\u00bb][vc_column][\/vc_column][\/vc_row][vc_row full_width=\u00bbstretch_row\u00bb css=\u00bb.vc_custom_1541560842032{background-color: #ffffff !important;}\u00bb el_class=\u00bbcontact-sec2&#8243;][vc_column][vc_row_inner][vc_column_inner width=\u00bb1\/3&#8243;][vc_column_text bb_tab_container=\u00bb\u00bb el_class=\u00bbcontact-sec-2-text\u00bb] t\u00e9l\u00e9phones \u00a0 \u00a0\u00a0 (+34) 913 269 186 (+34) 619 757 515 (Op\u00e9rateurs en espagnol) [\/vc_column_text][vc_empty_space][vc_column_text]Y a-t-il quelque chose que vous aimeriez ajouter ou modifier dans la base de donn\u00e9es ? [vc_btn title=\u00bbFournir des donn\u00e9es\u00bb style=\u00bboutline\u00bb shape=\u00bbround\u00bb color=\u00bbgreen\u00bb align=\u00bbcenter\u00bb i_icon_fontawesome=\u00bbfas fa-life-ring\u00bb add_icon=\u00bbtrue\u00bb link=\u00bburl:https%3A%2F%2Fwww.kermesgps.com%2Fesp%2Fdebut%2Fentree_donnees|title:Acc\u00e9der%20au%20formulaire\u00bb][\/vc_column_text][\/vc_column_inner][vc_column_inner width=\u00bb1\/3&#8243;][vc_column_text el_class=\u00bbcontact-sec-2-text second-col\u00bb] [&hellip;]\" \/>\n<meta property=\"og:url\" content=\"https:\/\/www.kermesgps.com\/esp\/debut\/contactez\/\" \/>\n<meta property=\"og:site_name\" content=\"Kermes GPS\" \/>\n<meta property=\"article:modified_time\" content=\"2022-12-15T10:33:50+00:00\" \/>\n<meta property=\"og:image\" content=\"https:\/\/www.kermesgps.com\/esp\/wp-content\/uploads\/2022\/05\/pngwing.com_.png\" \/>\n<meta name=\"twitter:card\" content=\"summary_large_image\" \/>\n<meta name=\"twitter:label1\" content=\"Tiempo de lectura\" \/>\n\t<meta name=\"twitter:data1\" content=\"3 minutos\" \/>\n<script type=\"application\/ld+json\" class=\"yoast-schema-graph\">{\"@context\":\"https:\\\/\\\/schema.org\",\"@graph\":[{\"@type\":\"WebPage\",\"@id\":\"https:\\\/\\\/www.kermesgps.com\\\/esp\\\/debut\\\/contactez\\\/\",\"url\":\"https:\\\/\\\/www.kermesgps.com\\\/esp\\\/debut\\\/contactez\\\/\",\"name\":\"Contactez - Kermes GPS\",\"isPartOf\":{\"@id\":\"https:\\\/\\\/www.kermesgps.com\\\/esp\\\/#website\"},\"primaryImageOfPage\":{\"@id\":\"https:\\\/\\\/www.kermesgps.com\\\/esp\\\/debut\\\/contactez\\\/#primaryimage\"},\"image\":{\"@id\":\"https:\\\/\\\/www.kermesgps.com\\\/esp\\\/debut\\\/contactez\\\/#primaryimage\"},\"thumbnailUrl\":\"https:\\\/\\\/www.kermesgps.com\\\/esp\\\/wp-content\\\/uploads\\\/2022\\\/05\\\/pngwing.com_.png\",\"datePublished\":\"2022-07-07T08:18:55+00:00\",\"dateModified\":\"2022-12-15T10:33:50+00:00\",\"breadcrumb\":{\"@id\":\"https:\\\/\\\/www.kermesgps.com\\\/esp\\\/debut\\\/contactez\\\/#breadcrumb\"},\"inLanguage\":\"es\",\"potentialAction\":[{\"@type\":\"ReadAction\",\"target\":[\"https:\\\/\\\/www.kermesgps.com\\\/esp\\\/debut\\\/contactez\\\/\"]}]},{\"@type\":\"ImageObject\",\"inLanguage\":\"es\",\"@id\":\"https:\\\/\\\/www.kermesgps.com\\\/esp\\\/debut\\\/contactez\\\/#primaryimage\",\"url\":\"https:\\\/\\\/www.kermesgps.com\\\/esp\\\/wp-content\\\/uploads\\\/2022\\\/05\\\/pngwing.com_.png\",\"contentUrl\":\"https:\\\/\\\/www.kermesgps.com\\\/esp\\\/wp-content\\\/uploads\\\/2022\\\/05\\\/pngwing.com_.png\",\"width\":20,\"height\":20},{\"@type\":\"BreadcrumbList\",\"@id\":\"https:\\\/\\\/www.kermesgps.com\\\/esp\\\/debut\\\/contactez\\\/#breadcrumb\",\"itemListElement\":[{\"@type\":\"ListItem\",\"position\":1,\"name\":\"Portada\",\"item\":\"https:\\\/\\\/www.kermesgps.com\\\/esp\\\/\"},{\"@type\":\"ListItem\",\"position\":2,\"name\":\"D\u00e9but\",\"item\":\"https:\\\/\\\/www.kermesgps.com\\\/esp\\\/debut\\\/\"},{\"@type\":\"ListItem\",\"position\":3,\"name\":\"Contactez\"}]},{\"@type\":\"WebSite\",\"@id\":\"https:\\\/\\\/www.kermesgps.com\\\/esp\\\/#website\",\"url\":\"https:\\\/\\\/www.kermesgps.com\\\/esp\\\/\",\"name\":\"Kermes GPS\",\"description\":\"Avisadores de radar mediante GPS\",\"publisher\":{\"@id\":\"https:\\\/\\\/www.kermesgps.com\\\/esp\\\/#organization\"},\"alternateName\":\"Kermes GPS\",\"potentialAction\":[{\"@type\":\"SearchAction\",\"target\":{\"@type\":\"EntryPoint\",\"urlTemplate\":\"https:\\\/\\\/www.kermesgps.com\\\/esp\\\/?s={search_term_string}\"},\"query-input\":{\"@type\":\"PropertyValueSpecification\",\"valueRequired\":true,\"valueName\":\"search_term_string\"}}],\"inLanguage\":\"es\"},{\"@type\":\"Organization\",\"@id\":\"https:\\\/\\\/www.kermesgps.com\\\/esp\\\/#organization\",\"name\":\"Kermes GPS\",\"url\":\"https:\\\/\\\/www.kermesgps.com\\\/esp\\\/\",\"logo\":{\"@type\":\"ImageObject\",\"inLanguage\":\"es\",\"@id\":\"https:\\\/\\\/www.kermesgps.com\\\/esp\\\/#\\\/schema\\\/logo\\\/image\\\/\",\"url\":\"https:\\\/\\\/www.kermesgps.com\\\/esp\\\/wp-content\\\/uploads\\\/2022\\\/06\\\/Logo-Nuevo-WFinder-30.png\",\"contentUrl\":\"https:\\\/\\\/www.kermesgps.com\\\/esp\\\/wp-content\\\/uploads\\\/2022\\\/06\\\/Logo-Nuevo-WFinder-30.png\",\"width\":625,\"height\":214,\"caption\":\"Kermes GPS\"},\"image\":{\"@id\":\"https:\\\/\\\/www.kermesgps.com\\\/esp\\\/#\\\/schema\\\/logo\\\/image\\\/\"},\"sameAs\":[\"https:\\\/\\\/www.kermesgps.com\\\/esp\\\/actualizaciones\\\/kp4\\\/\",\"https:\\\/\\\/www.tiktok.com\\\/@wfinderpro\"]}]}<\/script>\n<!-- \/ Yoast SEO plugin. -->","yoast_head_json":{"title":"Contactez - Kermes GPS","robots":{"index":"index","follow":"follow","max-snippet":"max-snippet:-1","max-image-preview":"max-image-preview:large","max-video-preview":"max-video-preview:-1"},"canonical":"https:\/\/www.kermesgps.com\/esp\/debut\/contactez\/","og_locale":"es_ES","og_type":"article","og_title":"Contactez - Kermes GPS","og_description":"[vc_row full_width=\u00bbstretch_row_content_no_spaces\u00bb][vc_column][\/vc_column][\/vc_row][vc_row full_width=\u00bbstretch_row\u00bb css=\u00bb.vc_custom_1541560842032{background-color: #ffffff !important;}\u00bb el_class=\u00bbcontact-sec2&#8243;][vc_column][vc_row_inner][vc_column_inner width=\u00bb1\/3&#8243;][vc_column_text bb_tab_container=\u00bb\u00bb el_class=\u00bbcontact-sec-2-text\u00bb] t\u00e9l\u00e9phones \u00a0 \u00a0\u00a0 (+34) 913 269 186 (+34) 619 757 515 (Op\u00e9rateurs en espagnol) [\/vc_column_text][vc_empty_space][vc_column_text]Y a-t-il quelque chose que vous aimeriez ajouter ou modifier dans la base de donn\u00e9es ? [vc_btn title=\u00bbFournir des donn\u00e9es\u00bb style=\u00bboutline\u00bb shape=\u00bbround\u00bb color=\u00bbgreen\u00bb align=\u00bbcenter\u00bb i_icon_fontawesome=\u00bbfas fa-life-ring\u00bb add_icon=\u00bbtrue\u00bb link=\u00bburl:https%3A%2F%2Fwww.kermesgps.com%2Fesp%2Fdebut%2Fentree_donnees|title:Acc\u00e9der%20au%20formulaire\u00bb][\/vc_column_text][\/vc_column_inner][vc_column_inner width=\u00bb1\/3&#8243;][vc_column_text el_class=\u00bbcontact-sec-2-text second-col\u00bb] [&hellip;]","og_url":"https:\/\/www.kermesgps.com\/esp\/debut\/contactez\/","og_site_name":"Kermes GPS","article_modified_time":"2022-12-15T10:33:50+00:00","og_image":[{"url":"https:\/\/www.kermesgps.com\/esp\/wp-content\/uploads\/2022\/05\/pngwing.com_.png","type":"","width":"","height":""}],"twitter_card":"summary_large_image","twitter_misc":{"Tiempo de lectura":"3 minutos"},"schema":{"@context":"https:\/\/schema.org","@graph":[{"@type":"WebPage","@id":"https:\/\/www.kermesgps.com\/esp\/debut\/contactez\/","url":"https:\/\/www.kermesgps.com\/esp\/debut\/contactez\/","name":"Contactez - Kermes GPS","isPartOf":{"@id":"https:\/\/www.kermesgps.com\/esp\/#website"},"primaryImageOfPage":{"@id":"https:\/\/www.kermesgps.com\/esp\/debut\/contactez\/#primaryimage"},"image":{"@id":"https:\/\/www.kermesgps.com\/esp\/debut\/contactez\/#primaryimage"},"thumbnailUrl":"https:\/\/www.kermesgps.com\/esp\/wp-content\/uploads\/2022\/05\/pngwing.com_.png","datePublished":"2022-07-07T08:18:55+00:00","dateModified":"2022-12-15T10:33:50+00:00","breadcrumb":{"@id":"https:\/\/www.kermesgps.com\/esp\/debut\/contactez\/#breadcrumb"},"inLanguage":"es","potentialAction":[{"@type":"ReadAction","target":["https:\/\/www.kermesgps.com\/esp\/debut\/contactez\/"]}]},{"@type":"ImageObject","inLanguage":"es","@id":"https:\/\/www.kermesgps.com\/esp\/debut\/contactez\/#primaryimage","url":"https:\/\/www.kermesgps.com\/esp\/wp-content\/uploads\/2022\/05\/pngwing.com_.png","contentUrl":"https:\/\/www.kermesgps.com\/esp\/wp-content\/uploads\/2022\/05\/pngwing.com_.png","width":20,"height":20},{"@type":"BreadcrumbList","@id":"https:\/\/www.kermesgps.com\/esp\/debut\/contactez\/#breadcrumb","itemListElement":[{"@type":"ListItem","position":1,"name":"Portada","item":"https:\/\/www.kermesgps.com\/esp\/"},{"@type":"ListItem","position":2,"name":"D\u00e9but","item":"https:\/\/www.kermesgps.com\/esp\/debut\/"},{"@type":"ListItem","position":3,"name":"Contactez"}]},{"@type":"WebSite","@id":"https:\/\/www.kermesgps.com\/esp\/#website","url":"https:\/\/www.kermesgps.com\/esp\/","name":"Kermes GPS","description":"Avisadores de radar mediante GPS","publisher":{"@id":"https:\/\/www.kermesgps.com\/esp\/#organization"},"alternateName":"Kermes GPS","potentialAction":[{"@type":"SearchAction","target":{"@type":"EntryPoint","urlTemplate":"https:\/\/www.kermesgps.com\/esp\/?s={search_term_string}"},"query-input":{"@type":"PropertyValueSpecification","valueRequired":true,"valueName":"search_term_string"}}],"inLanguage":"es"},{"@type":"Organization","@id":"https:\/\/www.kermesgps.com\/esp\/#organization","name":"Kermes GPS","url":"https:\/\/www.kermesgps.com\/esp\/","logo":{"@type":"ImageObject","inLanguage":"es","@id":"https:\/\/www.kermesgps.com\/esp\/#\/schema\/logo\/image\/","url":"https:\/\/www.kermesgps.com\/esp\/wp-content\/uploads\/2022\/06\/Logo-Nuevo-WFinder-30.png","contentUrl":"https:\/\/www.kermesgps.com\/esp\/wp-content\/uploads\/2022\/06\/Logo-Nuevo-WFinder-30.png","width":625,"height":214,"caption":"Kermes GPS"},"image":{"@id":"https:\/\/www.kermesgps.com\/esp\/#\/schema\/logo\/image\/"},"sameAs":["https:\/\/www.kermesgps.com\/esp\/actualizaciones\/kp4\/","https:\/\/www.tiktok.com\/@wfinderpro"]}]}},"_links":{"self":[{"href":"https:\/\/www.kermesgps.com\/esp\/wp-json\/wp\/v2\/pages\/4333","targetHints":{"allow":["GET"]}}],"collection":[{"href":"https:\/\/www.kermesgps.com\/esp\/wp-json\/wp\/v2\/pages"}],"about":[{"href":"https:\/\/www.kermesgps.com\/esp\/wp-json\/wp\/v2\/types\/page"}],"author":[{"embeddable":true,"href":"https:\/\/www.kermesgps.com\/esp\/wp-json\/wp\/v2\/users\/2"}],"replies":[{"embeddable":true,"href":"https:\/\/www.kermesgps.com\/esp\/wp-json\/wp\/v2\/comments?post=4333"}],"version-history":[{"count":0,"href":"https:\/\/www.kermesgps.com\/esp\/wp-json\/wp\/v2\/pages\/4333\/revisions"}],"up":[{"embeddable":true,"href":"https:\/\/www.kermesgps.com\/esp\/wp-json\/wp\/v2\/pages\/3684"}],"wp:attachment":[{"href":"https:\/\/www.kermesgps.com\/esp\/wp-json\/wp\/v2\/media?parent=4333"}],"curies":[{"name":"wp","href":"https:\/\/api.w.org\/{rel}","templated":true}]}}