{"id":4362,"date":"2022-07-07T17:14:17","date_gmt":"2022-07-07T15:14:17","guid":{"rendered":"https:\/\/www.kermesgps.com\/esp\/?page_id=4362"},"modified":"2022-10-04T09:35:32","modified_gmt":"2022-10-04T07:35:32","slug":"assistance","status":"publish","type":"page","link":"https:\/\/www.kermesgps.com\/esp\/assistance\/","title":{"rendered":"Assistance"},"content":{"rendered":"<div class=\"wpb-content-wrapper\"><p>[vc_row][vc_column][vc_empty_space][vc_column_text]<\/p>\n<h2 style=\"text-align: center;\"><span style=\"color: #008000; font-family: 'andale mono', monospace;\">R\u00e9solution des incidents courants<\/span><\/h2>\n<p>[\/vc_column_text][vc_empty_space][vc_column_text]<\/p>\n<p style=\"text-align: center;\"><span style=\"font-family: 'andale mono', monospace;\">S\u00e9lectionnez votre mod\u00e8le dans les onglets suivants<\/span><\/p>\n<p>[\/vc_column_text][vc_empty_space][\/vc_column][\/vc_row][vc_row][vc_column][vc_tta_tabs][vc_tta_section title=\u00bbKermes Plus IV\u00bb tab_id=\u00bb1653044494733-5ee85922-8317&#8243;][vc_toggle title=\u00bb\u00abKERMES PLUS ne fonctionne plus\u00ab (Updater)\u00bb]<span style=\"font-family: 'andale mono', monospace;\">Le programme a cess\u00e9 de fonctionner correctement \u00e0 cause d&#8217;un probl\u00e8me. Windows fermera le programme et vous informera s&#8217;il existe une solution.<\/span><\/p>\n<p><span style=\"font-family: 'andale mono', monospace;\">Pour r\u00e9soudre ce probl\u00e8me, il suffit de suivre quelques \u00e9tapes simples :<\/span><\/p>\n<p><span style=\"font-family: 'andale mono', monospace;\">1- Assurez-vous que vous avez t\u00e9l\u00e9charg\u00e9 les deux fichiers \u00ab<strong>KERMES PLUS .exe<\/strong>\u00bb et \u00ab<strong>KERMES PLUS.exe.config<\/strong>\u00bb <strong>dans le m\u00eame dossier<\/strong>.<\/span><br \/>\n<span style=\"font-family: 'andale mono', monospace;\">2- Si vous avez seulement t\u00e9l\u00e9charg\u00e9 le KERMES PLUS.exe, vous pouvez t\u00e9l\u00e9charger le KERMES PLUS.exe.config dans le m\u00eame dossier et effectuer la mise \u00e0 jour.<\/span><br \/>\n<span style=\"font-family: 'andale mono', monospace;\">3- Mettez \u00e0 jour votre Kermes Plus IV comme d&#8217;habitude. Nous vous rappelons que ce fichier ne doit \u00eatre t\u00e9l\u00e9charg\u00e9 que la premi\u00e8re fois, car son utilisation permet de t\u00e9l\u00e9charger la version la plus r\u00e9cente de la base de donn\u00e9es.<\/span>[\/vc_toggle][vc_toggle title=\u00bb\u00abLe p\u00e9riph\u00e9rique USB n&#8217;est pas reconnu\u00ab\u00bb]<span style=\"font-family: 'andale mono', monospace;\">Essayez de connecter <strong>UNIQUEMENT<\/strong> le c\u00e2ble USB pour Kermes Plus IV (<strong>sans connecter la Kermes<\/strong>). Si vous obtenez le d\u00e9faut o\u00f9 l&#8217;USB n&#8217;est pas reconnu, il y a un probl\u00e8me avec le c\u00e2ble et il doit \u00eatre v\u00e9rifi\u00e9.<\/span><\/p>\n<p><span style=\"font-family: 'andale mono', monospace;\">Si el cable no ha fallado, es posible que tenga no instalado el driver o no est\u00e9 correctamente instalado. Pruebe a realizar una nueva instalaci\u00f3n del mismo, seleccionando el correcto para su sistema operativo.<\/span>[\/vc_toggle][vc_toggle title=\u00bb\u00abImpossible d&#8217;ex\u00e9cuter le programme de mise \u00e0 jour\u00ab.\u00bb]<span style=\"font-family: 'andale mono', monospace;\">Si, lorsque vous t\u00e9l\u00e9chargez le fichier de mise \u00e0 jour, il s&#8217;ouvre dans Word ou tout autre programme, il se peut que vous n&#8217;ayez pas install\u00e9 de programme permettant de d\u00e9compresser le fichier. Nous vous recommandons d&#8217;utiliser la version gratuite de WinRar decompress.<\/span>[\/vc_toggle][vc_toggle title=\u00bbLa barre de progression descend \u00e0 moiti\u00e9 et je re\u00e7ois une erreur.\u00bb]<span style=\"font-family: 'andale mono', monospace;\">Il est tr\u00e8s probable que votre antivirus bloque le processus. Vous pouvez le <strong>d\u00e9sactiver pendant la mise \u00e0 jour<\/strong>, et le r\u00e9activer une fois celle-ci termin\u00e9e (il n&#8217;y a AUCUN risque \u00e0 utiliser notre fichier de mise \u00e0 jour).<\/span>[\/vc_toggle][vc_toggle title=\u00bb\u00abInitialisation du syst\u00e8me\u00ab s&#8217;affiche et aucun progr\u00e8s n&#8217;est r\u00e9alis\u00e9.\u00bb]<span style=\"font-family: 'andale mono', monospace;\">Au moment de lancer la mise \u00e0 jour, v\u00e9rifiez dans la fen\u00eatre du programme que le message \u00abInitialisation du syst\u00e8me\u00bb appara\u00eet et qu&#8217;il ne progresse pas apr\u00e8s 30 secondes. Dans ce cas, d\u00e9branchez la cl\u00e9 USB et rebranchez-la dans la seconde qui suit, et la mise \u00e0 jour devrait se poursuivre.<\/span>[\/vc_toggle][vc_toggle title=\u00bbLes LED de l&#8217;\u00e9cran sont trop lumineuses\u00bb]<span style=\"font-family: 'andale mono', monospace;\">Si, apr\u00e8s la mise \u00e0 jour du dispositif d&#8217;alerte, les deux DEL (verte et rouge) sont trop lumineuses, vous devez recommencer le processus de mise \u00e0 jour, car une erreur s&#8217;est produite pendant le t\u00e9l\u00e9chargement.<\/span>[\/vc_toggle][vc_toggle title=\u00bbJe suis un utilisateur MAC et j&#8217;ai des probl\u00e8mes pour installer la \u00abVirtual Box\u00ab.\u00bb]<span style=\"font-family: 'andale mono', monospace;\">Nous recommandons des options telles que \u00ab<strong>Parallel<\/strong>\u00bb avec lesquelles vous n&#8217;aurez aucun probl\u00e8me lors des mises \u00e0 jour.<\/span>[\/vc_toggle][vc_toggle title=\u00bbCongestion du r\u00e9seau\u00bb]<span style=\"font-family: 'andale mono', monospace;\">De temps en temps, vous pouvez voir le message \u00abCongestion du r\u00e9seau\u00bb. Si tel est le cas, nous effectuons des travaux de maintenance sur les serveurs. Veuillez r\u00e9essayer apr\u00e8s quelques minutes.<\/span>[\/vc_toggle][\/vc_tta_section][vc_tta_section title=\u00bbKermes K3&#8243; tab_id=\u00bb1653044547258-4ba2e452-e267&#8243;][vc_toggle title=\u00bbNe reconna\u00eet pas le dispositif\u00bb]<span style=\"font-family: 'andale mono', monospace;\">Si le p\u00e9riph\u00e9rique n&#8217;est pas reconnu, r\u00e9installez le pilote correspondant \u00e0 votre syst\u00e8me d&#8217;exploitation (en d\u00e9branchant le c\u00e2ble et en red\u00e9marrant l&#8217;ordinateur). Cela peut se produire lors d&#8217;une mise \u00e0 jour de Windows.<\/span>[\/vc_toggle][vc_toggle title=\u00bbCongestion du r\u00e9seau\u00bb]<span style=\"font-family: 'andale mono', monospace;\">De temps en temps, vous pouvez voir le message \u00abCongestion du r\u00e9seau\u00bb. Si tel est le cas, nous effectuons des travaux de maintenance sur les serveurs. Veuillez r\u00e9essayer apr\u00e8s quelques minutes.<\/span>[\/vc_toggle][\/vc_tta_section][\/vc_tta_tabs][\/vc_column][\/vc_row][vc_row][vc_column][vc_empty_space][vc_column_text]<\/p>\n<p style=\"text-align: center;\">Si vous ne trouvez pas la solution \u00e0 votre probl\u00e8me, cliquez sur le bouton pour vous inscrire, et un technicien vous aidera \u00e0 trouver la solution.<\/p>\n<p>[\/vc_column_text][vc_empty_space][vc_btn title=\u00bbDemande d&#8217;assistance\u00bb color=\u00bbwarning\u00bb align=\u00bbcenter\u00bb i_icon_fontawesome=\u00bbfas fa-life-ring\u00bb add_icon=\u00bbtrue\u00bb link=\u00bburl:https%3A%2F%2Fwww.kermesgps.com%2Fesp%2Fassistance%2Fmodule-assistance%2F|title:Support\u00bb][\/vc_column][\/vc_row]<\/p>\n<\/div>","protected":false},"excerpt":{"rendered":"<p>[vc_row][vc_column][vc_empty_space][vc_column_text] R\u00e9solution des incidents courants [\/vc_column_text][vc_empty_space][vc_column_text] S\u00e9lectionnez votre mod\u00e8le dans les onglets suivants [\/vc_column_text][vc_empty_space][\/vc_column][\/vc_row][vc_row][vc_column][vc_tta_tabs][vc_tta_section title=\u00bbKermes Plus IV\u00bb tab_id=\u00bb1653044494733-5ee85922-8317&#8243;][vc_toggle title=\u00bb\u00abKERMES PLUS ne fonctionne plus\u00ab (Updater)\u00bb]Le programme a cess\u00e9 de fonctionner correctement \u00e0 cause d&#8217;un probl\u00e8me. Windows fermera le programme et vous informera s&#8217;il existe une solution. Pour r\u00e9soudre ce probl\u00e8me, il suffit de suivre quelques \u00e9tapes [&hellip;]<\/p>\n","protected":false},"author":2,"featured_media":0,"parent":0,"menu_order":0,"comment_status":"closed","ping_status":"closed","template":"","meta":{"footnotes":""},"class_list":["post-4362","page","type-page","status-publish","hentry"],"yoast_head":"<!-- This site is optimized with the Yoast SEO plugin v27.5 - https:\/\/yoast.com\/product\/yoast-seo-wordpress\/ -->\n<title>Assistance - Kermes GPS<\/title>\n<meta name=\"robots\" content=\"index, follow, max-snippet:-1, max-image-preview:large, max-video-preview:-1\" \/>\n<link rel=\"canonical\" href=\"https:\/\/www.kermesgps.com\/esp\/assistance\/\" \/>\n<meta property=\"og:locale\" content=\"es_ES\" \/>\n<meta property=\"og:type\" content=\"article\" \/>\n<meta property=\"og:title\" content=\"Assistance - Kermes GPS\" \/>\n<meta property=\"og:description\" content=\"[vc_row][vc_column][vc_empty_space][vc_column_text] R\u00e9solution des incidents courants [\/vc_column_text][vc_empty_space][vc_column_text] S\u00e9lectionnez votre mod\u00e8le dans les onglets suivants [\/vc_column_text][vc_empty_space][\/vc_column][\/vc_row][vc_row][vc_column][vc_tta_tabs][vc_tta_section title=\u00bbKermes Plus IV\u00bb tab_id=\u00bb1653044494733-5ee85922-8317&#8243;][vc_toggle title=\u00bb\u00abKERMES PLUS ne fonctionne plus\u00ab (Updater)\u00bb]Le programme a cess\u00e9 de fonctionner correctement \u00e0 cause d&#8217;un probl\u00e8me. Windows fermera le programme et vous informera s&#8217;il existe une solution. Pour r\u00e9soudre ce probl\u00e8me, il suffit de suivre quelques \u00e9tapes [&hellip;]\" \/>\n<meta property=\"og:url\" content=\"https:\/\/www.kermesgps.com\/esp\/assistance\/\" \/>\n<meta property=\"og:site_name\" content=\"Kermes GPS\" \/>\n<meta property=\"article:modified_time\" content=\"2022-10-04T07:35:32+00:00\" \/>\n<meta property=\"og:image\" content=\"https:\/\/www.kermesgps.com\/esp\/wp-content\/uploads\/2019\/01\/Logo-portada-negro.webp\" \/>\n\t<meta property=\"og:image:width\" content=\"300\" \/>\n\t<meta property=\"og:image:height\" content=\"86\" \/>\n\t<meta property=\"og:image:type\" content=\"image\/webp\" \/>\n<meta name=\"twitter:card\" content=\"summary_large_image\" \/>\n<meta name=\"twitter:label1\" content=\"Tiempo de lectura\" \/>\n\t<meta name=\"twitter:data1\" content=\"4 minutos\" \/>\n<script type=\"application\/ld+json\" class=\"yoast-schema-graph\">{\"@context\":\"https:\\\/\\\/schema.org\",\"@graph\":[{\"@type\":\"WebPage\",\"@id\":\"https:\\\/\\\/www.kermesgps.com\\\/esp\\\/assistance\\\/\",\"url\":\"https:\\\/\\\/www.kermesgps.com\\\/esp\\\/assistance\\\/\",\"name\":\"Assistance - Kermes GPS\",\"isPartOf\":{\"@id\":\"https:\\\/\\\/www.kermesgps.com\\\/esp\\\/#website\"},\"datePublished\":\"2022-07-07T15:14:17+00:00\",\"dateModified\":\"2022-10-04T07:35:32+00:00\",\"breadcrumb\":{\"@id\":\"https:\\\/\\\/www.kermesgps.com\\\/esp\\\/assistance\\\/#breadcrumb\"},\"inLanguage\":\"es\",\"potentialAction\":[{\"@type\":\"ReadAction\",\"target\":[\"https:\\\/\\\/www.kermesgps.com\\\/esp\\\/assistance\\\/\"]}]},{\"@type\":\"BreadcrumbList\",\"@id\":\"https:\\\/\\\/www.kermesgps.com\\\/esp\\\/assistance\\\/#breadcrumb\",\"itemListElement\":[{\"@type\":\"ListItem\",\"position\":1,\"name\":\"Portada\",\"item\":\"https:\\\/\\\/www.kermesgps.com\\\/esp\\\/\"},{\"@type\":\"ListItem\",\"position\":2,\"name\":\"Assistance\"}]},{\"@type\":\"WebSite\",\"@id\":\"https:\\\/\\\/www.kermesgps.com\\\/esp\\\/#website\",\"url\":\"https:\\\/\\\/www.kermesgps.com\\\/esp\\\/\",\"name\":\"Kermes GPS\",\"description\":\"Avisadores de radar mediante GPS\",\"publisher\":{\"@id\":\"https:\\\/\\\/www.kermesgps.com\\\/esp\\\/#organization\"},\"alternateName\":\"Kermes GPS\",\"potentialAction\":[{\"@type\":\"SearchAction\",\"target\":{\"@type\":\"EntryPoint\",\"urlTemplate\":\"https:\\\/\\\/www.kermesgps.com\\\/esp\\\/?s={search_term_string}\"},\"query-input\":{\"@type\":\"PropertyValueSpecification\",\"valueRequired\":true,\"valueName\":\"search_term_string\"}}],\"inLanguage\":\"es\"},{\"@type\":\"Organization\",\"@id\":\"https:\\\/\\\/www.kermesgps.com\\\/esp\\\/#organization\",\"name\":\"Kermes GPS\",\"url\":\"https:\\\/\\\/www.kermesgps.com\\\/esp\\\/\",\"logo\":{\"@type\":\"ImageObject\",\"inLanguage\":\"es\",\"@id\":\"https:\\\/\\\/www.kermesgps.com\\\/esp\\\/#\\\/schema\\\/logo\\\/image\\\/\",\"url\":\"https:\\\/\\\/www.kermesgps.com\\\/esp\\\/wp-content\\\/uploads\\\/2022\\\/06\\\/Logo-Nuevo-WFinder-30.png\",\"contentUrl\":\"https:\\\/\\\/www.kermesgps.com\\\/esp\\\/wp-content\\\/uploads\\\/2022\\\/06\\\/Logo-Nuevo-WFinder-30.png\",\"width\":625,\"height\":214,\"caption\":\"Kermes GPS\"},\"image\":{\"@id\":\"https:\\\/\\\/www.kermesgps.com\\\/esp\\\/#\\\/schema\\\/logo\\\/image\\\/\"},\"sameAs\":[\"https:\\\/\\\/www.kermesgps.com\\\/esp\\\/actualizaciones\\\/kp4\\\/\",\"https:\\\/\\\/www.tiktok.com\\\/@wfinderpro\"]}]}<\/script>\n<!-- \/ Yoast SEO plugin. -->","yoast_head_json":{"title":"Assistance - Kermes GPS","robots":{"index":"index","follow":"follow","max-snippet":"max-snippet:-1","max-image-preview":"max-image-preview:large","max-video-preview":"max-video-preview:-1"},"canonical":"https:\/\/www.kermesgps.com\/esp\/assistance\/","og_locale":"es_ES","og_type":"article","og_title":"Assistance - Kermes GPS","og_description":"[vc_row][vc_column][vc_empty_space][vc_column_text] R\u00e9solution des incidents courants [\/vc_column_text][vc_empty_space][vc_column_text] S\u00e9lectionnez votre mod\u00e8le dans les onglets suivants [\/vc_column_text][vc_empty_space][\/vc_column][\/vc_row][vc_row][vc_column][vc_tta_tabs][vc_tta_section title=\u00bbKermes Plus IV\u00bb tab_id=\u00bb1653044494733-5ee85922-8317&#8243;][vc_toggle title=\u00bb\u00abKERMES PLUS ne fonctionne plus\u00ab (Updater)\u00bb]Le programme a cess\u00e9 de fonctionner correctement \u00e0 cause d&#8217;un probl\u00e8me. Windows fermera le programme et vous informera s&#8217;il existe une solution. Pour r\u00e9soudre ce probl\u00e8me, il suffit de suivre quelques \u00e9tapes [&hellip;]","og_url":"https:\/\/www.kermesgps.com\/esp\/assistance\/","og_site_name":"Kermes GPS","article_modified_time":"2022-10-04T07:35:32+00:00","og_image":[{"width":300,"height":86,"url":"https:\/\/www.kermesgps.com\/esp\/wp-content\/uploads\/2019\/01\/Logo-portada-negro.webp","type":"image\/webp"}],"twitter_card":"summary_large_image","twitter_misc":{"Tiempo de lectura":"4 minutos"},"schema":{"@context":"https:\/\/schema.org","@graph":[{"@type":"WebPage","@id":"https:\/\/www.kermesgps.com\/esp\/assistance\/","url":"https:\/\/www.kermesgps.com\/esp\/assistance\/","name":"Assistance - Kermes GPS","isPartOf":{"@id":"https:\/\/www.kermesgps.com\/esp\/#website"},"datePublished":"2022-07-07T15:14:17+00:00","dateModified":"2022-10-04T07:35:32+00:00","breadcrumb":{"@id":"https:\/\/www.kermesgps.com\/esp\/assistance\/#breadcrumb"},"inLanguage":"es","potentialAction":[{"@type":"ReadAction","target":["https:\/\/www.kermesgps.com\/esp\/assistance\/"]}]},{"@type":"BreadcrumbList","@id":"https:\/\/www.kermesgps.com\/esp\/assistance\/#breadcrumb","itemListElement":[{"@type":"ListItem","position":1,"name":"Portada","item":"https:\/\/www.kermesgps.com\/esp\/"},{"@type":"ListItem","position":2,"name":"Assistance"}]},{"@type":"WebSite","@id":"https:\/\/www.kermesgps.com\/esp\/#website","url":"https:\/\/www.kermesgps.com\/esp\/","name":"Kermes GPS","description":"Avisadores de radar mediante GPS","publisher":{"@id":"https:\/\/www.kermesgps.com\/esp\/#organization"},"alternateName":"Kermes GPS","potentialAction":[{"@type":"SearchAction","target":{"@type":"EntryPoint","urlTemplate":"https:\/\/www.kermesgps.com\/esp\/?s={search_term_string}"},"query-input":{"@type":"PropertyValueSpecification","valueRequired":true,"valueName":"search_term_string"}}],"inLanguage":"es"},{"@type":"Organization","@id":"https:\/\/www.kermesgps.com\/esp\/#organization","name":"Kermes GPS","url":"https:\/\/www.kermesgps.com\/esp\/","logo":{"@type":"ImageObject","inLanguage":"es","@id":"https:\/\/www.kermesgps.com\/esp\/#\/schema\/logo\/image\/","url":"https:\/\/www.kermesgps.com\/esp\/wp-content\/uploads\/2022\/06\/Logo-Nuevo-WFinder-30.png","contentUrl":"https:\/\/www.kermesgps.com\/esp\/wp-content\/uploads\/2022\/06\/Logo-Nuevo-WFinder-30.png","width":625,"height":214,"caption":"Kermes GPS"},"image":{"@id":"https:\/\/www.kermesgps.com\/esp\/#\/schema\/logo\/image\/"},"sameAs":["https:\/\/www.kermesgps.com\/esp\/actualizaciones\/kp4\/","https:\/\/www.tiktok.com\/@wfinderpro"]}]}},"_links":{"self":[{"href":"https:\/\/www.kermesgps.com\/esp\/wp-json\/wp\/v2\/pages\/4362","targetHints":{"allow":["GET"]}}],"collection":[{"href":"https:\/\/www.kermesgps.com\/esp\/wp-json\/wp\/v2\/pages"}],"about":[{"href":"https:\/\/www.kermesgps.com\/esp\/wp-json\/wp\/v2\/types\/page"}],"author":[{"embeddable":true,"href":"https:\/\/www.kermesgps.com\/esp\/wp-json\/wp\/v2\/users\/2"}],"replies":[{"embeddable":true,"href":"https:\/\/www.kermesgps.com\/esp\/wp-json\/wp\/v2\/comments?post=4362"}],"version-history":[{"count":0,"href":"https:\/\/www.kermesgps.com\/esp\/wp-json\/wp\/v2\/pages\/4362\/revisions"}],"wp:attachment":[{"href":"https:\/\/www.kermesgps.com\/esp\/wp-json\/wp\/v2\/media?parent=4362"}],"curies":[{"name":"wp","href":"https:\/\/api.w.org\/{rel}","templated":true}]}}