{"id":4497,"date":"2022-10-04T10:09:47","date_gmt":"2022-10-04T08:09:47","guid":{"rendered":"https:\/\/www.kermesgps.com\/esp\/?page_id=4497"},"modified":"2025-06-11T18:29:46","modified_gmt":"2025-06-11T16:29:46","slug":"aporte-de-datos","status":"publish","type":"page","link":"https:\/\/www.kermesgps.com\/esp\/aporte-de-datos\/","title":{"rendered":"Aporte de datos"},"content":{"rendered":"<div class=\"wpb-content-wrapper\"><p>[vc_row][vc_column][vc_column_text css=\u00bb.vc_custom_1749654461661{padding-top: 20px !important;padding-right: 20px !important;padding-bottom: 20px !important;padding-left: 20px !important;background-color: #0676C2 !important;background-position: center !important;background-repeat: no-repeat !important;background-size: cover !important;border-radius: 20px !important;border-color: #FF0000 !important;}\u00bb]\n\n<p style=\"font-size: 1.2em; font-weight: bold; color: white;\">Seleccione el punto con su rat\u00f3n, acercando el cursor hasta la posici\u00f3n que desee. Despu\u00e9s rellene el formulario.<\/p>\n\n\n\n\n<div style=\"position: relative;\">\n    <div style=\"position: absolute; top: 10px; right: 10px; z-index: 1000;\">\n        <img decoding=\"async\" src=\"https:\/\/wfinderpro.com\/sp\/wp-content\/uploads\/2023\/09\/favicon129.png\" alt=\"Logo\" style=\"width: 60px; opacity: 0.7;\">\n    <\/div>\n    <div id=\"ec-map\" style=\"height: 450px; margin-bottom: 30px;\"><\/div>\n\n<div style=\"margin-bottom: 15px;\">\n    <label style=\"font-size: 1em;\">\n        <input type=\"checkbox\" id=\"toggle-theme\" style=\"margin-right: 8px;\">\n        Activar modo oscuro\n    <\/label>\n<\/div>\n<style>\n.dark-mode { color: white; }\n.dark-mode input, .dark-mode textarea, .dark-mode select { background-color: #222; color: black; }\n.light-mode { color: black; }\n.light-mode input, .light-mode textarea, .light-mode select { background-color: #f2f2f2; color: black; }\n\n#ec-form {\n  transition: background-color 0.5s ease, color 0.5s ease;\n}\n.dark-mode input, .dark-mode textarea, .dark-mode select,\n.light-mode input, .light-mode textarea, .light-mode select {\n  transition: background-color 0.5s ease, color 0.5s ease;\n}\n<\/style>\n<form id=\"ec-form\" class=\"light-mode\" style=\"color: white; max-width: 600px;\">\n    <p style=\"font-size: 1.2em; font-weight: bold;\">Sus datos de contacto<\/p>\n    <input type=\"hidden\" name=\"coordenadas\" id=\"ec-coords\" required>\n    <p><input type=\"text\" name=\"nombre\" placeholder=\"Nombre\" required style=\"width: 100%; padding: 8px; margin-bottom: 10px; color: black;\"><\/p>\n    <p><input type=\"email\" name=\"email\" id=\"email\" placeholder=\"Email\" required style=\"width: 100%; padding: 8px; margin-bottom: 10px; color: black;\"><\/p>\n    <p><input type=\"email\" name=\"email_confirm\" id=\"email_confirm\" placeholder=\"Repetir Email\" required style=\"width: 100%; padding: 8px; margin-bottom: 10px; color: black;\"><\/p>\n    <p style=\"font-size: 1.2em; font-weight: bold;\">Datos que desea enviarnos<\/p>\n    <p><input type=\"text\" name=\"carretera\" placeholder=\"Carretera o calle\" style=\"width: 100%; padding: 8px; margin-bottom: 10px; color: black;\"><\/p>\n    <p><input type=\"text\" name=\"km\" placeholder=\"Km. o n\u00famero\" style=\"width: 100%; padding: 8px; margin-bottom: 10px; color: black;\"><\/p>\n    <p><input type=\"text\" name=\"direccion\" placeholder=\"Direcci\u00f3n\" style=\"width: 100%; padding: 8px; margin-bottom: 10px; color: black;\"><\/p>\n    <p><textarea name=\"otros\" placeholder=\"Otros datos\" style=\"width: 100%; padding: 8px; margin-bottom: 10px; color: black;\"><\/textarea><\/p>\n    <p>\n        <label>\u00bfQu\u00e9 modificaci\u00f3n quiere que hagamos?<\/label>\n        <select name=\"accion\" required style=\"width: 100%; padding: 8px; margin-bottom: 10px; color: black;\">\n                            <option value=\"A\u00f1adir\">A\u00f1adir<\/option>\n                            <option value=\"Borrar\">Borrar<\/option>\n                            <option value=\"Modificar\">Modificar<\/option>\n                    <\/select>\n    <\/p>\n    <p>\n        <label>Tipo de aviso<\/label>\n        <select name=\"tipo\" required style=\"width: 100%; padding: 8px; margin-bottom: 10px; color: black;\">\n                            <option value=\"Radar fijo\">Radar fijo<\/option>\n                            <option value=\"Radar m\u00f3vil\">Radar m\u00f3vil<\/option>\n                            <option value=\"Velocidad Media (Radar de tramo)\">Velocidad Media (Radar de tramo)<\/option>\n                            <option value=\"Sem\u00e1foro\">Sem\u00e1foro<\/option>\n                            <option value=\"Stop\">Stop<\/option>\n                            <option value=\"C\u00e1mara cintur\u00f3n\">C\u00e1mara cintur\u00f3n<\/option>\n                            <option value=\"Circulaci\u00f3n restringida\">Circulaci\u00f3n restringida<\/option>\n                            <option value=\"Seguridad en carretera (especifique en &quot;Otros datos&quot;)\">Seguridad en carretera (especifique en &quot;Otros datos&quot;)<\/option>\n                            <option value=\"Otros\">Otros<\/option>\n                    <\/select>\n    <\/p>\n    <p><button type=\"submit\" style=\"background-color: #0066cc; color: white; padding: 10px 20px; border: none; cursor: pointer;\">Enviar<\/button><\/p>\n    <p id=\"form-msg\" style=\"display:none; margin-top:15px; font-weight:bold;\"><\/p>\n<\/form>\n[\/vc_column_text][\/vc_column][\/vc_row]<\/p>\n<\/div>","protected":false},"excerpt":{"rendered":"<p>[vc_row][vc_column][vc_column_text css=\u00bb.vc_custom_1749654461661{padding-top: 20px !important;padding-right: 20px !important;padding-bottom: 20px !important;padding-left: 20px !important;background-color: #0676C2 !important;background-position: center !important;background-repeat: no-repeat !important;background-size: cover !important;border-radius: 20px !important;border-color: #FF0000 !important;}\u00bb][\/vc_column_text][\/vc_column][\/vc_row]<\/p>\n","protected":false},"author":2,"featured_media":0,"parent":0,"menu_order":0,"comment_status":"closed","ping_status":"closed","template":"","meta":{"footnotes":""},"class_list":["post-4497","page","type-page","status-publish","hentry"],"yoast_head":"<!-- This site is optimized with the Yoast SEO plugin v27.5 - https:\/\/yoast.com\/product\/yoast-seo-wordpress\/ -->\n<title>Aporte de datos - Kermes GPS<\/title>\n<meta name=\"robots\" content=\"index, follow, max-snippet:-1, max-image-preview:large, max-video-preview:-1\" \/>\n<link rel=\"canonical\" href=\"https:\/\/www.kermesgps.com\/esp\/aporte-de-datos\/\" \/>\n<meta property=\"og:locale\" content=\"es_ES\" \/>\n<meta property=\"og:type\" content=\"article\" \/>\n<meta property=\"og:title\" content=\"Aporte de datos - Kermes GPS\" \/>\n<meta property=\"og:description\" content=\"[vc_row][vc_column][vc_column_text css=\u00bb.vc_custom_1749654461661{padding-top: 20px !important;padding-right: 20px !important;padding-bottom: 20px !important;padding-left: 20px !important;background-color: #0676C2 !important;background-position: center !important;background-repeat: no-repeat !important;background-size: cover !important;border-radius: 20px !important;border-color: #FF0000 !important;}\u00bb][\/vc_column_text][\/vc_column][\/vc_row]\" \/>\n<meta property=\"og:url\" content=\"https:\/\/www.kermesgps.com\/esp\/aporte-de-datos\/\" \/>\n<meta property=\"og:site_name\" content=\"Kermes GPS\" \/>\n<meta property=\"article:modified_time\" content=\"2025-06-11T16:29:46+00:00\" \/>\n<meta property=\"og:image\" content=\"https:\/\/www.kermesgps.com\/esp\/wp-content\/uploads\/2019\/01\/Logo-portada-negro.webp\" \/>\n\t<meta property=\"og:image:width\" content=\"300\" \/>\n\t<meta property=\"og:image:height\" content=\"86\" \/>\n\t<meta property=\"og:image:type\" content=\"image\/webp\" \/>\n<meta name=\"twitter:card\" content=\"summary_large_image\" \/>\n<meta name=\"twitter:label1\" content=\"Tiempo de lectura\" \/>\n\t<meta name=\"twitter:data1\" content=\"1 minuto\" \/>\n<script type=\"application\/ld+json\" class=\"yoast-schema-graph\">{\"@context\":\"https:\\\/\\\/schema.org\",\"@graph\":[{\"@type\":\"WebPage\",\"@id\":\"https:\\\/\\\/www.kermesgps.com\\\/esp\\\/aporte-de-datos\\\/\",\"url\":\"https:\\\/\\\/www.kermesgps.com\\\/esp\\\/aporte-de-datos\\\/\",\"name\":\"Aporte de datos - Kermes GPS\",\"isPartOf\":{\"@id\":\"https:\\\/\\\/www.kermesgps.com\\\/esp\\\/#website\"},\"datePublished\":\"2022-10-04T08:09:47+00:00\",\"dateModified\":\"2025-06-11T16:29:46+00:00\",\"breadcrumb\":{\"@id\":\"https:\\\/\\\/www.kermesgps.com\\\/esp\\\/aporte-de-datos\\\/#breadcrumb\"},\"inLanguage\":\"es\",\"potentialAction\":[{\"@type\":\"ReadAction\",\"target\":[\"https:\\\/\\\/www.kermesgps.com\\\/esp\\\/aporte-de-datos\\\/\"]}]},{\"@type\":\"BreadcrumbList\",\"@id\":\"https:\\\/\\\/www.kermesgps.com\\\/esp\\\/aporte-de-datos\\\/#breadcrumb\",\"itemListElement\":[{\"@type\":\"ListItem\",\"position\":1,\"name\":\"Portada\",\"item\":\"https:\\\/\\\/www.kermesgps.com\\\/esp\\\/\"},{\"@type\":\"ListItem\",\"position\":2,\"name\":\"Aporte de datos\"}]},{\"@type\":\"WebSite\",\"@id\":\"https:\\\/\\\/www.kermesgps.com\\\/esp\\\/#website\",\"url\":\"https:\\\/\\\/www.kermesgps.com\\\/esp\\\/\",\"name\":\"Kermes GPS\",\"description\":\"Avisadores de radar mediante GPS\",\"publisher\":{\"@id\":\"https:\\\/\\\/www.kermesgps.com\\\/esp\\\/#organization\"},\"alternateName\":\"Kermes GPS\",\"potentialAction\":[{\"@type\":\"SearchAction\",\"target\":{\"@type\":\"EntryPoint\",\"urlTemplate\":\"https:\\\/\\\/www.kermesgps.com\\\/esp\\\/?s={search_term_string}\"},\"query-input\":{\"@type\":\"PropertyValueSpecification\",\"valueRequired\":true,\"valueName\":\"search_term_string\"}}],\"inLanguage\":\"es\"},{\"@type\":\"Organization\",\"@id\":\"https:\\\/\\\/www.kermesgps.com\\\/esp\\\/#organization\",\"name\":\"Kermes GPS\",\"url\":\"https:\\\/\\\/www.kermesgps.com\\\/esp\\\/\",\"logo\":{\"@type\":\"ImageObject\",\"inLanguage\":\"es\",\"@id\":\"https:\\\/\\\/www.kermesgps.com\\\/esp\\\/#\\\/schema\\\/logo\\\/image\\\/\",\"url\":\"https:\\\/\\\/www.kermesgps.com\\\/esp\\\/wp-content\\\/uploads\\\/2022\\\/06\\\/Logo-Nuevo-WFinder-30.png\",\"contentUrl\":\"https:\\\/\\\/www.kermesgps.com\\\/esp\\\/wp-content\\\/uploads\\\/2022\\\/06\\\/Logo-Nuevo-WFinder-30.png\",\"width\":625,\"height\":214,\"caption\":\"Kermes GPS\"},\"image\":{\"@id\":\"https:\\\/\\\/www.kermesgps.com\\\/esp\\\/#\\\/schema\\\/logo\\\/image\\\/\"},\"sameAs\":[\"https:\\\/\\\/www.kermesgps.com\\\/esp\\\/actualizaciones\\\/kp4\\\/\",\"https:\\\/\\\/www.tiktok.com\\\/@wfinderpro\"]}]}<\/script>\n<!-- \/ Yoast SEO plugin. -->","yoast_head_json":{"title":"Aporte de datos - Kermes GPS","robots":{"index":"index","follow":"follow","max-snippet":"max-snippet:-1","max-image-preview":"max-image-preview:large","max-video-preview":"max-video-preview:-1"},"canonical":"https:\/\/www.kermesgps.com\/esp\/aporte-de-datos\/","og_locale":"es_ES","og_type":"article","og_title":"Aporte de datos - Kermes GPS","og_description":"[vc_row][vc_column][vc_column_text css=\u00bb.vc_custom_1749654461661{padding-top: 20px !important;padding-right: 20px !important;padding-bottom: 20px !important;padding-left: 20px !important;background-color: #0676C2 !important;background-position: center !important;background-repeat: no-repeat !important;background-size: cover !important;border-radius: 20px !important;border-color: #FF0000 !important;}\u00bb][\/vc_column_text][\/vc_column][\/vc_row]","og_url":"https:\/\/www.kermesgps.com\/esp\/aporte-de-datos\/","og_site_name":"Kermes GPS","article_modified_time":"2025-06-11T16:29:46+00:00","og_image":[{"width":300,"height":86,"url":"https:\/\/www.kermesgps.com\/esp\/wp-content\/uploads\/2019\/01\/Logo-portada-negro.webp","type":"image\/webp"}],"twitter_card":"summary_large_image","twitter_misc":{"Tiempo de lectura":"1 minuto"},"schema":{"@context":"https:\/\/schema.org","@graph":[{"@type":"WebPage","@id":"https:\/\/www.kermesgps.com\/esp\/aporte-de-datos\/","url":"https:\/\/www.kermesgps.com\/esp\/aporte-de-datos\/","name":"Aporte de datos - Kermes GPS","isPartOf":{"@id":"https:\/\/www.kermesgps.com\/esp\/#website"},"datePublished":"2022-10-04T08:09:47+00:00","dateModified":"2025-06-11T16:29:46+00:00","breadcrumb":{"@id":"https:\/\/www.kermesgps.com\/esp\/aporte-de-datos\/#breadcrumb"},"inLanguage":"es","potentialAction":[{"@type":"ReadAction","target":["https:\/\/www.kermesgps.com\/esp\/aporte-de-datos\/"]}]},{"@type":"BreadcrumbList","@id":"https:\/\/www.kermesgps.com\/esp\/aporte-de-datos\/#breadcrumb","itemListElement":[{"@type":"ListItem","position":1,"name":"Portada","item":"https:\/\/www.kermesgps.com\/esp\/"},{"@type":"ListItem","position":2,"name":"Aporte de datos"}]},{"@type":"WebSite","@id":"https:\/\/www.kermesgps.com\/esp\/#website","url":"https:\/\/www.kermesgps.com\/esp\/","name":"Kermes GPS","description":"Avisadores de radar mediante GPS","publisher":{"@id":"https:\/\/www.kermesgps.com\/esp\/#organization"},"alternateName":"Kermes GPS","potentialAction":[{"@type":"SearchAction","target":{"@type":"EntryPoint","urlTemplate":"https:\/\/www.kermesgps.com\/esp\/?s={search_term_string}"},"query-input":{"@type":"PropertyValueSpecification","valueRequired":true,"valueName":"search_term_string"}}],"inLanguage":"es"},{"@type":"Organization","@id":"https:\/\/www.kermesgps.com\/esp\/#organization","name":"Kermes GPS","url":"https:\/\/www.kermesgps.com\/esp\/","logo":{"@type":"ImageObject","inLanguage":"es","@id":"https:\/\/www.kermesgps.com\/esp\/#\/schema\/logo\/image\/","url":"https:\/\/www.kermesgps.com\/esp\/wp-content\/uploads\/2022\/06\/Logo-Nuevo-WFinder-30.png","contentUrl":"https:\/\/www.kermesgps.com\/esp\/wp-content\/uploads\/2022\/06\/Logo-Nuevo-WFinder-30.png","width":625,"height":214,"caption":"Kermes GPS"},"image":{"@id":"https:\/\/www.kermesgps.com\/esp\/#\/schema\/logo\/image\/"},"sameAs":["https:\/\/www.kermesgps.com\/esp\/actualizaciones\/kp4\/","https:\/\/www.tiktok.com\/@wfinderpro"]}]}},"_links":{"self":[{"href":"https:\/\/www.kermesgps.com\/esp\/wp-json\/wp\/v2\/pages\/4497","targetHints":{"allow":["GET"]}}],"collection":[{"href":"https:\/\/www.kermesgps.com\/esp\/wp-json\/wp\/v2\/pages"}],"about":[{"href":"https:\/\/www.kermesgps.com\/esp\/wp-json\/wp\/v2\/types\/page"}],"author":[{"embeddable":true,"href":"https:\/\/www.kermesgps.com\/esp\/wp-json\/wp\/v2\/users\/2"}],"replies":[{"embeddable":true,"href":"https:\/\/www.kermesgps.com\/esp\/wp-json\/wp\/v2\/comments?post=4497"}],"version-history":[{"count":2,"href":"https:\/\/www.kermesgps.com\/esp\/wp-json\/wp\/v2\/pages\/4497\/revisions"}],"predecessor-version":[{"id":5640,"href":"https:\/\/www.kermesgps.com\/esp\/wp-json\/wp\/v2\/pages\/4497\/revisions\/5640"}],"wp:attachment":[{"href":"https:\/\/www.kermesgps.com\/esp\/wp-json\/wp\/v2\/media?parent=4497"}],"curies":[{"name":"wp","href":"https:\/\/api.w.org\/{rel}","templated":true}]}}