{"id":4529,"date":"2022-10-05T10:55:22","date_gmt":"2022-10-05T08:55:22","guid":{"rendered":"https:\/\/www.kermesgps.com\/esp\/?page_id=4529"},"modified":"2022-10-06T19:07:05","modified_gmt":"2022-10-06T17:07:05","slug":"entree_donnees","status":"publish","type":"page","link":"https:\/\/www.kermesgps.com\/esp\/debut\/entree_donnees\/","title":{"rendered":"Entr\u00e9e des donn\u00e9es"},"content":{"rendered":"<div class=\"wpb-content-wrapper\"><p>[vc_row][vc_column width=\u00bb1\/2&#8243;]\n<div class=\"wpcf7 no-js\" id=\"wpcf7-f4528-o1\" lang=\"es-ES\" dir=\"ltr\" data-wpcf7-id=\"4528\">\n<div class=\"screen-reader-response\"><p role=\"status\" aria-live=\"polite\" aria-atomic=\"true\"><\/p> <ul><\/ul><\/div>\n<form action=\"\/esp\/wp-json\/wp\/v2\/pages\/4529#wpcf7-f4528-o1\" method=\"post\" class=\"wpcf7-form init\" aria-label=\"Formulario de contacto\" novalidate=\"novalidate\" data-status=\"init\">\n<fieldset class=\"hidden-fields-container\"><input type=\"hidden\" name=\"_wpcf7\" value=\"4528\" \/><input type=\"hidden\" name=\"_wpcf7_version\" value=\"6.1.5\" \/><input type=\"hidden\" name=\"_wpcf7_locale\" value=\"es_ES\" \/><input type=\"hidden\" name=\"_wpcf7_unit_tag\" value=\"wpcf7-f4528-o1\" \/><input type=\"hidden\" name=\"_wpcf7_container_post\" value=\"0\" \/><input type=\"hidden\" name=\"_wpcf7_posted_data_hash\" value=\"\" \/>\n<\/fieldset>\n<p><label> Votre nom<br \/>\n<span class=\"wpcf7-form-control-wrap\" data-name=\"your-name\"><input size=\"40\" maxlength=\"400\" class=\"wpcf7-form-control wpcf7-text wpcf7-validates-as-required\" aria-required=\"true\" aria-invalid=\"false\" value=\"\" type=\"text\" name=\"your-name\" \/><\/span> <\/label>\n<\/p>\n<p><label> Votre adresse e-mail<br \/>\n<span class=\"wpcf7-form-control-wrap\" data-name=\"your-email\"><input size=\"40\" maxlength=\"400\" class=\"wpcf7-form-control wpcf7-email wpcf7-validates-as-required wpcf7-text wpcf7-validates-as-email\" aria-required=\"true\" aria-invalid=\"false\" value=\"\" type=\"email\" name=\"your-email\" \/><\/span> <\/label>\n<\/p>\n<p><label> Sujet<br \/>\n<span class=\"wpcf7-form-control-wrap\" data-name=\"your-subject\"><input size=\"40\" maxlength=\"400\" class=\"wpcf7-form-control wpcf7-text wpcf7-validates-as-required\" aria-required=\"true\" aria-invalid=\"false\" value=\"\" type=\"text\" name=\"your-subject\" \/><\/span> <\/label>\n<\/p>\n<p><label> Votre message (informations que vous pouvez fournir)<br \/>\n<span class=\"wpcf7-form-control-wrap\" data-name=\"your-message\"><textarea cols=\"40\" rows=\"10\" maxlength=\"2000\" class=\"wpcf7-form-control wpcf7-textarea\" aria-invalid=\"false\" name=\"your-message\"><\/textarea><\/span> <\/label>\n<\/p>\n<p><label> Options de modification<br \/>\n<span class=\"wpcf7-form-control-wrap\" data-name=\"menu-coord-es\"><select class=\"wpcf7-form-control wpcf7-select wpcf7-validates-as-required\" aria-required=\"true\" aria-invalid=\"false\" name=\"menu-coord-es\"><option value=\"\">&#8212;Por favor, elige una opci\u00f3n&#8212;<\/option><option value=\"Ajouter\">Ajouter<\/option><option value=\"Supprimer\">Supprimer<\/option><option value=\"Modifier\">Modifier<\/option><\/select><\/span> <\/label>\n<\/p>\n<p><label> S\u00e9lectionnez le type d'avis<br \/>\n<span class=\"wpcf7-form-control-wrap\" data-name=\"menu-tipo-es\"><select class=\"wpcf7-form-control wpcf7-select wpcf7-validates-as-required\" aria-required=\"true\" aria-invalid=\"false\" name=\"menu-tipo-es\"><option value=\"\">&#8212;Por favor, elige una opci\u00f3n&#8212;<\/option><option value=\"Radar fixe\">Radar fixe<\/option><option value=\"Radar mobile\">Radar mobile<\/option><option value=\"Radar tron\u00e7on\">Radar tron\u00e7on<\/option><option value=\"Feu de circulation contr\u00f4l\u00e9\">Feu de circulation contr\u00f4l\u00e9<\/option><option value=\"Zone restreinte\">Zone restreinte<\/option><\/select><\/span> <\/label>\n<\/p>\n<p><label> Route<br \/>\n<span class=\"wpcf7-form-control-wrap\" data-name=\"carretera\"><input size=\"40\" maxlength=\"400\" class=\"wpcf7-form-control wpcf7-text wpcf7-validates-as-required\" aria-required=\"true\" aria-invalid=\"false\" value=\"\" type=\"text\" name=\"carretera\" \/><\/span> <\/label>\n<\/p>\n<p><label> Point kilom\u00e9trique (si connu)<br \/>\n<span class=\"wpcf7-form-control-wrap\" data-name=\"number-km\"><input class=\"wpcf7-form-control wpcf7-number wpcf7-validates-as-number\" aria-invalid=\"false\" value=\"\" type=\"number\" name=\"number-km\" \/><\/span> <\/label>\n<\/p>\n<p><label> Dans la direction de<br \/>\n<span class=\"wpcf7-form-control-wrap\" data-name=\"text-sentido\"><input size=\"40\" maxlength=\"400\" class=\"wpcf7-form-control wpcf7-text wpcf7-validates-as-required\" aria-required=\"true\" aria-invalid=\"false\" value=\"\" type=\"text\" name=\"text-sentido\" \/><\/span> <\/label>\n<\/p>\n<p><label> Coordonn\u00e9es (suivez les instructions sur le c\u00f4t\u00e9 droit)<br \/>\nColler en utilisant Ctrl+V<br \/>\n<span class=\"wpcf7-form-control-wrap\" data-name=\"url-915\"><input size=\"40\" maxlength=\"400\" class=\"wpcf7-form-control wpcf7-url wpcf7-text wpcf7-validates-as-url\" aria-invalid=\"false\" value=\"\" type=\"url\" name=\"url-915\" \/><\/span> <\/label>\n<\/p>\n<p><input class=\"wpcf7-form-control wpcf7-submit has-spinner\" type=\"submit\" value=\"Envoyer\" \/>\n<\/p><input type='hidden' class='wpcf7-pum' value='{\"closepopup\":false,\"closedelay\":0,\"openpopup\":false,\"openpopup_id\":0}' \/><div class=\"wpcf7-response-output\" aria-hidden=\"true\"><\/div>\n<\/form>\n<\/div>\n[\/vc_column][vc_column width=\u00bb1\/2&#8243;][vc_btn title=\u00bbOUVRIR GOOGLE MAPS\u00bb color=\u00bbwarning\u00bb size=\u00bblg\u00bb i_icon_fontawesome=\u00bbfas fa-map-marked\u00bb add_icon=\u00bbtrue\u00bb link=\u00bburl:https%3A%2F%2Fwww.google.fr%2Fmaps%2F%4046.8021925%2C2.0569872%2C6.75z|title:Ouvrir%20Google%20Maps|target:_blank\u00bb][vc_column_text]Instructions pour les coordonn\u00e9es:<\/p>\n<p>1.- Ouvrez Google Maps \u00e0 partir du<\/p>\n<p>2.- Trouvez le point dont vous voulez parler<\/p>\n<p>3.-\u00a0Cliquez sur le point \u00e0 indiquer et une fen\u00eatre avec les coordonn\u00e9es appara\u00eetra en bas<\/p>\n<p><img loading=\"lazy\" decoding=\"async\" class=\"alignnone wp-image-4625 size-medium\" src=\"https:\/\/www.kermesgps.com\/esp\/wp-content\/uploads\/2022\/10\/CFR1-300x85.jpg\" alt=\"\" width=\"300\" height=\"85\" srcset=\"https:\/\/www.kermesgps.com\/esp\/wp-content\/uploads\/2022\/10\/CFR1-300x85.jpg 300w, https:\/\/www.kermesgps.com\/esp\/wp-content\/uploads\/2022\/10\/CFR1-350x100.jpg 350w, https:\/\/www.kermesgps.com\/esp\/wp-content\/uploads\/2022\/10\/CFR1.jpg 397w\" sizes=\"auto, (max-width: 300px) 100vw, 300px\" \/><\/p>\n<p>4.- En cliquant sur les coordonn\u00e9es, vous ouvrirez une fen\u00eatre comme celle-ci:<\/p>\n<p><img loading=\"lazy\" decoding=\"async\" class=\"alignnone wp-image-4626 size-medium\" src=\"https:\/\/www.kermesgps.com\/esp\/wp-content\/uploads\/2022\/10\/CFR2-300x300.jpg\" alt=\"\" width=\"300\" height=\"300\" srcset=\"https:\/\/www.kermesgps.com\/esp\/wp-content\/uploads\/2022\/10\/CFR2-300x300.jpg 300w, https:\/\/www.kermesgps.com\/esp\/wp-content\/uploads\/2022\/10\/CFR2-150x150.jpg 150w, https:\/\/www.kermesgps.com\/esp\/wp-content\/uploads\/2022\/10\/CFR2.jpg 408w\" sizes=\"auto, (max-width: 300px) 100vw, 300px\" \/><\/p>\n<p>5.- Cliquez sur \u00abPartager\u00bb<\/p>\n<p>6.- Une autre fen\u00eatre comme celle-ci s&#8217;ouvre:<\/p>\n<p><img loading=\"lazy\" decoding=\"async\" class=\"alignnone wp-image-4644 size-medium\" src=\"https:\/\/www.kermesgps.com\/esp\/wp-content\/uploads\/2022\/10\/CFR32-300x176.jpg\" alt=\"\" width=\"300\" height=\"176\" srcset=\"https:\/\/www.kermesgps.com\/esp\/wp-content\/uploads\/2022\/10\/CFR32-300x176.jpg 300w, https:\/\/www.kermesgps.com\/esp\/wp-content\/uploads\/2022\/10\/CFR32.jpg 415w\" sizes=\"auto, (max-width: 300px) 100vw, 300px\" \/><\/p>\n<p>7.- Cliquez sur \u00abCopier le lien\u00bb et collez les informations dans la case \u00abCoordonn\u00e9es\u00bb du formulaire[\/vc_column_text][\/vc_column][\/vc_row]<\/p>\n<\/div>","protected":false},"excerpt":{"rendered":"<p>[vc_row][vc_column width=\u00bb1\/2&#8243;][\/vc_column][vc_column width=\u00bb1\/2&#8243;][vc_btn title=\u00bbOUVRIR GOOGLE MAPS\u00bb color=\u00bbwarning\u00bb size=\u00bblg\u00bb i_icon_fontawesome=\u00bbfas fa-map-marked\u00bb add_icon=\u00bbtrue\u00bb link=\u00bburl:https%3A%2F%2Fwww.google.fr%2Fmaps%2F%4046.8021925%2C2.0569872%2C6.75z|title:Ouvrir%20Google%20Maps|target:_blank\u00bb][vc_column_text]Instructions pour les coordonn\u00e9es: 1.- Ouvrez Google Maps \u00e0 partir du 2.- Trouvez le point dont vous voulez parler 3.-\u00a0Cliquez sur le point \u00e0 indiquer et une fen\u00eatre avec les coordonn\u00e9es appara\u00eetra en bas 4.- En cliquant sur les coordonn\u00e9es, vous ouvrirez une fen\u00eatre [&hellip;]<\/p>\n","protected":false},"author":2,"featured_media":0,"parent":3684,"menu_order":0,"comment_status":"closed","ping_status":"closed","template":"","meta":{"footnotes":""},"class_list":["post-4529","page","type-page","status-publish","hentry"],"yoast_head":"<!-- This site is optimized with the Yoast SEO plugin v27.5 - https:\/\/yoast.com\/product\/yoast-seo-wordpress\/ -->\n<title>Entr\u00e9e des donn\u00e9es - Kermes GPS<\/title>\n<meta name=\"robots\" content=\"index, follow, max-snippet:-1, max-image-preview:large, max-video-preview:-1\" \/>\n<link rel=\"canonical\" href=\"https:\/\/www.kermesgps.com\/esp\/debut\/entree_donnees\/\" \/>\n<meta property=\"og:locale\" content=\"es_ES\" \/>\n<meta property=\"og:type\" content=\"article\" \/>\n<meta property=\"og:title\" content=\"Entr\u00e9e des donn\u00e9es - Kermes GPS\" \/>\n<meta property=\"og:description\" content=\"[vc_row][vc_column width=\u00bb1\/2&#8243;][\/vc_column][vc_column width=\u00bb1\/2&#8243;][vc_btn title=\u00bbOUVRIR GOOGLE MAPS\u00bb color=\u00bbwarning\u00bb size=\u00bblg\u00bb i_icon_fontawesome=\u00bbfas fa-map-marked\u00bb add_icon=\u00bbtrue\u00bb link=\u00bburl:https%3A%2F%2Fwww.google.fr%2Fmaps%2F%4046.8021925%2C2.0569872%2C6.75z|title:Ouvrir%20Google%20Maps|target:_blank\u00bb][vc_column_text]Instructions pour les coordonn\u00e9es: 1.- Ouvrez Google Maps \u00e0 partir du 2.- Trouvez le point dont vous voulez parler 3.-\u00a0Cliquez sur le point \u00e0 indiquer et une fen\u00eatre avec les coordonn\u00e9es appara\u00eetra en bas 4.- En cliquant sur les coordonn\u00e9es, vous ouvrirez une fen\u00eatre [&hellip;]\" \/>\n<meta property=\"og:url\" content=\"https:\/\/www.kermesgps.com\/esp\/debut\/entree_donnees\/\" \/>\n<meta property=\"og:site_name\" content=\"Kermes GPS\" \/>\n<meta property=\"article:modified_time\" content=\"2022-10-06T17:07:05+00:00\" \/>\n<meta property=\"og:image\" content=\"https:\/\/www.kermesgps.com\/esp\/wp-content\/uploads\/2022\/10\/CFR1-300x85.jpg\" \/>\n<meta name=\"twitter:card\" content=\"summary_large_image\" \/>\n<meta name=\"twitter:label1\" content=\"Tiempo de lectura\" \/>\n\t<meta name=\"twitter:data1\" content=\"1 minuto\" \/>\n<script type=\"application\/ld+json\" class=\"yoast-schema-graph\">{\"@context\":\"https:\\\/\\\/schema.org\",\"@graph\":[{\"@type\":\"WebPage\",\"@id\":\"https:\\\/\\\/www.kermesgps.com\\\/esp\\\/debut\\\/entree_donnees\\\/\",\"url\":\"https:\\\/\\\/www.kermesgps.com\\\/esp\\\/debut\\\/entree_donnees\\\/\",\"name\":\"Entr\u00e9e des donn\u00e9es - Kermes GPS\",\"isPartOf\":{\"@id\":\"https:\\\/\\\/www.kermesgps.com\\\/esp\\\/#website\"},\"primaryImageOfPage\":{\"@id\":\"https:\\\/\\\/www.kermesgps.com\\\/esp\\\/debut\\\/entree_donnees\\\/#primaryimage\"},\"image\":{\"@id\":\"https:\\\/\\\/www.kermesgps.com\\\/esp\\\/debut\\\/entree_donnees\\\/#primaryimage\"},\"thumbnailUrl\":\"https:\\\/\\\/www.kermesgps.com\\\/esp\\\/wp-content\\\/uploads\\\/2022\\\/10\\\/CFR1-300x85.jpg\",\"datePublished\":\"2022-10-05T08:55:22+00:00\",\"dateModified\":\"2022-10-06T17:07:05+00:00\",\"breadcrumb\":{\"@id\":\"https:\\\/\\\/www.kermesgps.com\\\/esp\\\/debut\\\/entree_donnees\\\/#breadcrumb\"},\"inLanguage\":\"es\",\"potentialAction\":[{\"@type\":\"ReadAction\",\"target\":[\"https:\\\/\\\/www.kermesgps.com\\\/esp\\\/debut\\\/entree_donnees\\\/\"]}]},{\"@type\":\"ImageObject\",\"inLanguage\":\"es\",\"@id\":\"https:\\\/\\\/www.kermesgps.com\\\/esp\\\/debut\\\/entree_donnees\\\/#primaryimage\",\"url\":\"https:\\\/\\\/www.kermesgps.com\\\/esp\\\/wp-content\\\/uploads\\\/2022\\\/10\\\/CFR1.jpg\",\"contentUrl\":\"https:\\\/\\\/www.kermesgps.com\\\/esp\\\/wp-content\\\/uploads\\\/2022\\\/10\\\/CFR1.jpg\",\"width\":397,\"height\":112},{\"@type\":\"BreadcrumbList\",\"@id\":\"https:\\\/\\\/www.kermesgps.com\\\/esp\\\/debut\\\/entree_donnees\\\/#breadcrumb\",\"itemListElement\":[{\"@type\":\"ListItem\",\"position\":1,\"name\":\"Portada\",\"item\":\"https:\\\/\\\/www.kermesgps.com\\\/esp\\\/\"},{\"@type\":\"ListItem\",\"position\":2,\"name\":\"D\u00e9but\",\"item\":\"https:\\\/\\\/www.kermesgps.com\\\/esp\\\/debut\\\/\"},{\"@type\":\"ListItem\",\"position\":3,\"name\":\"Entr\u00e9e des donn\u00e9es\"}]},{\"@type\":\"WebSite\",\"@id\":\"https:\\\/\\\/www.kermesgps.com\\\/esp\\\/#website\",\"url\":\"https:\\\/\\\/www.kermesgps.com\\\/esp\\\/\",\"name\":\"Kermes GPS\",\"description\":\"Avisadores de radar mediante GPS\",\"publisher\":{\"@id\":\"https:\\\/\\\/www.kermesgps.com\\\/esp\\\/#organization\"},\"alternateName\":\"Kermes GPS\",\"potentialAction\":[{\"@type\":\"SearchAction\",\"target\":{\"@type\":\"EntryPoint\",\"urlTemplate\":\"https:\\\/\\\/www.kermesgps.com\\\/esp\\\/?s={search_term_string}\"},\"query-input\":{\"@type\":\"PropertyValueSpecification\",\"valueRequired\":true,\"valueName\":\"search_term_string\"}}],\"inLanguage\":\"es\"},{\"@type\":\"Organization\",\"@id\":\"https:\\\/\\\/www.kermesgps.com\\\/esp\\\/#organization\",\"name\":\"Kermes GPS\",\"url\":\"https:\\\/\\\/www.kermesgps.com\\\/esp\\\/\",\"logo\":{\"@type\":\"ImageObject\",\"inLanguage\":\"es\",\"@id\":\"https:\\\/\\\/www.kermesgps.com\\\/esp\\\/#\\\/schema\\\/logo\\\/image\\\/\",\"url\":\"https:\\\/\\\/www.kermesgps.com\\\/esp\\\/wp-content\\\/uploads\\\/2022\\\/06\\\/Logo-Nuevo-WFinder-30.png\",\"contentUrl\":\"https:\\\/\\\/www.kermesgps.com\\\/esp\\\/wp-content\\\/uploads\\\/2022\\\/06\\\/Logo-Nuevo-WFinder-30.png\",\"width\":625,\"height\":214,\"caption\":\"Kermes GPS\"},\"image\":{\"@id\":\"https:\\\/\\\/www.kermesgps.com\\\/esp\\\/#\\\/schema\\\/logo\\\/image\\\/\"},\"sameAs\":[\"https:\\\/\\\/www.kermesgps.com\\\/esp\\\/actualizaciones\\\/kp4\\\/\",\"https:\\\/\\\/www.tiktok.com\\\/@wfinderpro\"]}]}<\/script>\n<!-- \/ Yoast SEO plugin. -->","yoast_head_json":{"title":"Entr\u00e9e des donn\u00e9es - Kermes GPS","robots":{"index":"index","follow":"follow","max-snippet":"max-snippet:-1","max-image-preview":"max-image-preview:large","max-video-preview":"max-video-preview:-1"},"canonical":"https:\/\/www.kermesgps.com\/esp\/debut\/entree_donnees\/","og_locale":"es_ES","og_type":"article","og_title":"Entr\u00e9e des donn\u00e9es - Kermes GPS","og_description":"[vc_row][vc_column width=\u00bb1\/2&#8243;][\/vc_column][vc_column width=\u00bb1\/2&#8243;][vc_btn title=\u00bbOUVRIR GOOGLE MAPS\u00bb color=\u00bbwarning\u00bb size=\u00bblg\u00bb i_icon_fontawesome=\u00bbfas fa-map-marked\u00bb add_icon=\u00bbtrue\u00bb link=\u00bburl:https%3A%2F%2Fwww.google.fr%2Fmaps%2F%4046.8021925%2C2.0569872%2C6.75z|title:Ouvrir%20Google%20Maps|target:_blank\u00bb][vc_column_text]Instructions pour les coordonn\u00e9es: 1.- Ouvrez Google Maps \u00e0 partir du 2.- Trouvez le point dont vous voulez parler 3.-\u00a0Cliquez sur le point \u00e0 indiquer et une fen\u00eatre avec les coordonn\u00e9es appara\u00eetra en bas 4.- En cliquant sur les coordonn\u00e9es, vous ouvrirez une fen\u00eatre [&hellip;]","og_url":"https:\/\/www.kermesgps.com\/esp\/debut\/entree_donnees\/","og_site_name":"Kermes GPS","article_modified_time":"2022-10-06T17:07:05+00:00","og_image":[{"url":"https:\/\/www.kermesgps.com\/esp\/wp-content\/uploads\/2022\/10\/CFR1-300x85.jpg","type":"","width":"","height":""}],"twitter_card":"summary_large_image","twitter_misc":{"Tiempo de lectura":"1 minuto"},"schema":{"@context":"https:\/\/schema.org","@graph":[{"@type":"WebPage","@id":"https:\/\/www.kermesgps.com\/esp\/debut\/entree_donnees\/","url":"https:\/\/www.kermesgps.com\/esp\/debut\/entree_donnees\/","name":"Entr\u00e9e des donn\u00e9es - Kermes GPS","isPartOf":{"@id":"https:\/\/www.kermesgps.com\/esp\/#website"},"primaryImageOfPage":{"@id":"https:\/\/www.kermesgps.com\/esp\/debut\/entree_donnees\/#primaryimage"},"image":{"@id":"https:\/\/www.kermesgps.com\/esp\/debut\/entree_donnees\/#primaryimage"},"thumbnailUrl":"https:\/\/www.kermesgps.com\/esp\/wp-content\/uploads\/2022\/10\/CFR1-300x85.jpg","datePublished":"2022-10-05T08:55:22+00:00","dateModified":"2022-10-06T17:07:05+00:00","breadcrumb":{"@id":"https:\/\/www.kermesgps.com\/esp\/debut\/entree_donnees\/#breadcrumb"},"inLanguage":"es","potentialAction":[{"@type":"ReadAction","target":["https:\/\/www.kermesgps.com\/esp\/debut\/entree_donnees\/"]}]},{"@type":"ImageObject","inLanguage":"es","@id":"https:\/\/www.kermesgps.com\/esp\/debut\/entree_donnees\/#primaryimage","url":"https:\/\/www.kermesgps.com\/esp\/wp-content\/uploads\/2022\/10\/CFR1.jpg","contentUrl":"https:\/\/www.kermesgps.com\/esp\/wp-content\/uploads\/2022\/10\/CFR1.jpg","width":397,"height":112},{"@type":"BreadcrumbList","@id":"https:\/\/www.kermesgps.com\/esp\/debut\/entree_donnees\/#breadcrumb","itemListElement":[{"@type":"ListItem","position":1,"name":"Portada","item":"https:\/\/www.kermesgps.com\/esp\/"},{"@type":"ListItem","position":2,"name":"D\u00e9but","item":"https:\/\/www.kermesgps.com\/esp\/debut\/"},{"@type":"ListItem","position":3,"name":"Entr\u00e9e des donn\u00e9es"}]},{"@type":"WebSite","@id":"https:\/\/www.kermesgps.com\/esp\/#website","url":"https:\/\/www.kermesgps.com\/esp\/","name":"Kermes GPS","description":"Avisadores de radar mediante GPS","publisher":{"@id":"https:\/\/www.kermesgps.com\/esp\/#organization"},"alternateName":"Kermes GPS","potentialAction":[{"@type":"SearchAction","target":{"@type":"EntryPoint","urlTemplate":"https:\/\/www.kermesgps.com\/esp\/?s={search_term_string}"},"query-input":{"@type":"PropertyValueSpecification","valueRequired":true,"valueName":"search_term_string"}}],"inLanguage":"es"},{"@type":"Organization","@id":"https:\/\/www.kermesgps.com\/esp\/#organization","name":"Kermes GPS","url":"https:\/\/www.kermesgps.com\/esp\/","logo":{"@type":"ImageObject","inLanguage":"es","@id":"https:\/\/www.kermesgps.com\/esp\/#\/schema\/logo\/image\/","url":"https:\/\/www.kermesgps.com\/esp\/wp-content\/uploads\/2022\/06\/Logo-Nuevo-WFinder-30.png","contentUrl":"https:\/\/www.kermesgps.com\/esp\/wp-content\/uploads\/2022\/06\/Logo-Nuevo-WFinder-30.png","width":625,"height":214,"caption":"Kermes GPS"},"image":{"@id":"https:\/\/www.kermesgps.com\/esp\/#\/schema\/logo\/image\/"},"sameAs":["https:\/\/www.kermesgps.com\/esp\/actualizaciones\/kp4\/","https:\/\/www.tiktok.com\/@wfinderpro"]}]}},"_links":{"self":[{"href":"https:\/\/www.kermesgps.com\/esp\/wp-json\/wp\/v2\/pages\/4529","targetHints":{"allow":["GET"]}}],"collection":[{"href":"https:\/\/www.kermesgps.com\/esp\/wp-json\/wp\/v2\/pages"}],"about":[{"href":"https:\/\/www.kermesgps.com\/esp\/wp-json\/wp\/v2\/types\/page"}],"author":[{"embeddable":true,"href":"https:\/\/www.kermesgps.com\/esp\/wp-json\/wp\/v2\/users\/2"}],"replies":[{"embeddable":true,"href":"https:\/\/www.kermesgps.com\/esp\/wp-json\/wp\/v2\/comments?post=4529"}],"version-history":[{"count":0,"href":"https:\/\/www.kermesgps.com\/esp\/wp-json\/wp\/v2\/pages\/4529\/revisions"}],"up":[{"embeddable":true,"href":"https:\/\/www.kermesgps.com\/esp\/wp-json\/wp\/v2\/pages\/3684"}],"wp:attachment":[{"href":"https:\/\/www.kermesgps.com\/esp\/wp-json\/wp\/v2\/media?parent=4529"}],"curies":[{"name":"wp","href":"https:\/\/api.w.org\/{rel}","templated":true}]}}