{"id":5473,"date":"2024-11-05T13:14:20","date_gmt":"2024-11-05T11:14:20","guid":{"rendered":"https:\/\/www.kermesgps.com\/esp\/?post_type=product&#038;p=5473"},"modified":"2024-11-05T13:14:21","modified_gmt":"2024-11-05T11:14:21","slug":"cable-de-alimentacion","status":"publish","type":"product","link":"https:\/\/www.kermesgps.com\/esp\/producto\/cable-de-alimentacion\/","title":{"rendered":"Cable de alimentaci\u00f3n"},"content":{"rendered":"<p>Cable de alimentaci\u00f3n para su avisador (excepto Smart). Conecte al mechero y \u00faselo en cualquier veh\u00edculo. Este puede ser usado para realizar instalaci\u00f3n fija en el veh\u00edculo (que debe realizar un instalador profesional).<\/p>\n","protected":false},"excerpt":{"rendered":"<p>Cable de alimentaci\u00f3n para su avisador (excepto Smart). Conecte al mechero y \u00faselo en cualquier veh\u00edculo.<\/p>\n","protected":false},"featured_media":5474,"template":"","meta":[],"product_brand":[],"product_cat":[352],"product_tag":[366,367,368],"class_list":{"0":"post-5473","1":"product","2":"type-product","3":"status-publish","4":"has-post-thumbnail","6":"product_cat-accesorios","7":"product_tag-alimentacion","8":"product_tag-cable-mechero","9":"product_tag-mechero","11":"first","12":"instock","13":"taxable","14":"shipping-taxable","15":"purchasable","16":"product-type-simple"},"yoast_head":"<!-- This site is optimized with the Yoast SEO plugin v27.2 - https:\/\/yoast.com\/product\/yoast-seo-wordpress\/ -->\n<title>Cable de alimentaci\u00f3n - Kermes GPS<\/title>\n<meta name=\"description\" content=\"Cable de alimentaci\u00f3n para los modelos Hermes GPS, versiones Plus III y Kermes Plus IV. Con bot\u00f3n de conexi\u00f3n y desconexi\u00f3n. Producto original.\" \/>\n<meta name=\"robots\" content=\"index, follow, max-snippet:-1, max-image-preview:large, max-video-preview:-1\" \/>\n<link rel=\"canonical\" href=\"https:\/\/www.kermesgps.com\/esp\/producto\/cable-de-alimentacion\/\" \/>\n<meta property=\"og:locale\" content=\"es_ES\" \/>\n<meta property=\"og:type\" content=\"article\" \/>\n<meta property=\"og:title\" content=\"Cable de alimentaci\u00f3n - Kermes GPS\" \/>\n<meta property=\"og:description\" content=\"Cable de alimentaci\u00f3n para los modelos Hermes GPS, versiones Plus III y Kermes Plus IV. Con bot\u00f3n de conexi\u00f3n y desconexi\u00f3n. Producto original.\" \/>\n<meta property=\"og:url\" content=\"https:\/\/www.kermesgps.com\/esp\/producto\/cable-de-alimentacion\/\" \/>\n<meta property=\"og:site_name\" content=\"Kermes GPS\" \/>\n<meta property=\"article:modified_time\" content=\"2024-11-05T11:14:21+00:00\" \/>\n<meta property=\"og:image\" content=\"https:\/\/www.kermesgps.com\/esp\/wp-content\/uploads\/2024\/11\/mechero-logo.webp\" \/>\n\t<meta property=\"og:image:width\" content=\"2560\" \/>\n\t<meta property=\"og:image:height\" content=\"1920\" \/>\n\t<meta property=\"og:image:type\" content=\"image\/webp\" \/>\n<meta name=\"twitter:card\" content=\"summary_large_image\" \/>\n<meta name=\"twitter:label1\" content=\"Tiempo de lectura\" \/>\n\t<meta name=\"twitter:data1\" content=\"1 minuto\" \/>\n<script type=\"application\/ld+json\" class=\"yoast-schema-graph\">{\"@context\":\"https:\/\/schema.org\",\"@graph\":[{\"@type\":\"WebPage\",\"@id\":\"https:\/\/www.kermesgps.com\/esp\/producto\/cable-de-alimentacion\/\",\"url\":\"https:\/\/www.kermesgps.com\/esp\/producto\/cable-de-alimentacion\/\",\"name\":\"Cable de alimentaci\u00f3n - Kermes GPS\",\"isPartOf\":{\"@id\":\"https:\/\/www.kermesgps.com\/esp\/#website\"},\"primaryImageOfPage\":{\"@id\":\"https:\/\/www.kermesgps.com\/esp\/producto\/cable-de-alimentacion\/#primaryimage\"},\"image\":{\"@id\":\"https:\/\/www.kermesgps.com\/esp\/producto\/cable-de-alimentacion\/#primaryimage\"},\"thumbnailUrl\":\"https:\/\/www.kermesgps.com\/esp\/wp-content\/uploads\/2024\/11\/mechero-logo.webp\",\"datePublished\":\"2024-11-05T11:14:20+00:00\",\"dateModified\":\"2024-11-05T11:14:21+00:00\",\"description\":\"Cable de alimentaci\u00f3n para los modelos Hermes GPS, versiones Plus III y Kermes Plus IV. Con bot\u00f3n de conexi\u00f3n y desconexi\u00f3n. Producto original.\",\"breadcrumb\":{\"@id\":\"https:\/\/www.kermesgps.com\/esp\/producto\/cable-de-alimentacion\/#breadcrumb\"},\"inLanguage\":\"es\",\"potentialAction\":[{\"@type\":\"ReadAction\",\"target\":[\"https:\/\/www.kermesgps.com\/esp\/producto\/cable-de-alimentacion\/\"]}]},{\"@type\":\"ImageObject\",\"inLanguage\":\"es\",\"@id\":\"https:\/\/www.kermesgps.com\/esp\/producto\/cable-de-alimentacion\/#primaryimage\",\"url\":\"https:\/\/www.kermesgps.com\/esp\/wp-content\/uploads\/2024\/11\/mechero-logo.webp\",\"contentUrl\":\"https:\/\/www.kermesgps.com\/esp\/wp-content\/uploads\/2024\/11\/mechero-logo.webp\",\"width\":2560,\"height\":1920},{\"@type\":\"BreadcrumbList\",\"@id\":\"https:\/\/www.kermesgps.com\/esp\/producto\/cable-de-alimentacion\/#breadcrumb\",\"itemListElement\":[{\"@type\":\"ListItem\",\"position\":1,\"name\":\"Portada\",\"item\":\"https:\/\/www.kermesgps.com\/esp\/\"},{\"@type\":\"ListItem\",\"position\":2,\"name\":\"Tienda\",\"item\":\"https:\/\/www.kermesgps.com\/esp\/?page_id=8\"},{\"@type\":\"ListItem\",\"position\":3,\"name\":\"Cable de alimentaci\u00f3n\"}]},{\"@type\":\"WebSite\",\"@id\":\"https:\/\/www.kermesgps.com\/esp\/#website\",\"url\":\"https:\/\/www.kermesgps.com\/esp\/\",\"name\":\"Kermes GPS\",\"description\":\"Avisadores de radar mediante GPS\",\"publisher\":{\"@id\":\"https:\/\/www.kermesgps.com\/esp\/#organization\"},\"alternateName\":\"Kermes GPS\",\"potentialAction\":[{\"@type\":\"SearchAction\",\"target\":{\"@type\":\"EntryPoint\",\"urlTemplate\":\"https:\/\/www.kermesgps.com\/esp\/?s={search_term_string}\"},\"query-input\":{\"@type\":\"PropertyValueSpecification\",\"valueRequired\":true,\"valueName\":\"search_term_string\"}}],\"inLanguage\":\"es\"},{\"@type\":\"Organization\",\"@id\":\"https:\/\/www.kermesgps.com\/esp\/#organization\",\"name\":\"Kermes GPS\",\"url\":\"https:\/\/www.kermesgps.com\/esp\/\",\"logo\":{\"@type\":\"ImageObject\",\"inLanguage\":\"es\",\"@id\":\"https:\/\/www.kermesgps.com\/esp\/#\/schema\/logo\/image\/\",\"url\":\"https:\/\/www.kermesgps.com\/esp\/wp-content\/uploads\/2022\/06\/Logo-Nuevo-WFinder-30.png\",\"contentUrl\":\"https:\/\/www.kermesgps.com\/esp\/wp-content\/uploads\/2022\/06\/Logo-Nuevo-WFinder-30.png\",\"width\":625,\"height\":214,\"caption\":\"Kermes GPS\"},\"image\":{\"@id\":\"https:\/\/www.kermesgps.com\/esp\/#\/schema\/logo\/image\/\"},\"sameAs\":[\"https:\/\/www.kermesgps.com\/esp\/actualizaciones\/kp4\/\",\"https:\/\/www.tiktok.com\/@wfinderpro\"]}]}<\/script>\n<!-- \/ Yoast SEO plugin. -->","yoast_head_json":{"title":"Cable de alimentaci\u00f3n - Kermes GPS","description":"Cable de alimentaci\u00f3n para los modelos Hermes GPS, versiones Plus III y Kermes Plus IV. Con bot\u00f3n de conexi\u00f3n y desconexi\u00f3n. Producto original.","robots":{"index":"index","follow":"follow","max-snippet":"max-snippet:-1","max-image-preview":"max-image-preview:large","max-video-preview":"max-video-preview:-1"},"canonical":"https:\/\/www.kermesgps.com\/esp\/producto\/cable-de-alimentacion\/","og_locale":"es_ES","og_type":"article","og_title":"Cable de alimentaci\u00f3n - Kermes GPS","og_description":"Cable de alimentaci\u00f3n para los modelos Hermes GPS, versiones Plus III y Kermes Plus IV. Con bot\u00f3n de conexi\u00f3n y desconexi\u00f3n. Producto original.","og_url":"https:\/\/www.kermesgps.com\/esp\/producto\/cable-de-alimentacion\/","og_site_name":"Kermes GPS","article_modified_time":"2024-11-05T11:14:21+00:00","og_image":[{"width":2560,"height":1920,"url":"https:\/\/www.kermesgps.com\/esp\/wp-content\/uploads\/2024\/11\/mechero-logo.webp","type":"image\/webp"}],"twitter_card":"summary_large_image","twitter_misc":{"Tiempo de lectura":"1 minuto"},"schema":{"@context":"https:\/\/schema.org","@graph":[{"@type":"WebPage","@id":"https:\/\/www.kermesgps.com\/esp\/producto\/cable-de-alimentacion\/","url":"https:\/\/www.kermesgps.com\/esp\/producto\/cable-de-alimentacion\/","name":"Cable de alimentaci\u00f3n - Kermes GPS","isPartOf":{"@id":"https:\/\/www.kermesgps.com\/esp\/#website"},"primaryImageOfPage":{"@id":"https:\/\/www.kermesgps.com\/esp\/producto\/cable-de-alimentacion\/#primaryimage"},"image":{"@id":"https:\/\/www.kermesgps.com\/esp\/producto\/cable-de-alimentacion\/#primaryimage"},"thumbnailUrl":"https:\/\/www.kermesgps.com\/esp\/wp-content\/uploads\/2024\/11\/mechero-logo.webp","datePublished":"2024-11-05T11:14:20+00:00","dateModified":"2024-11-05T11:14:21+00:00","description":"Cable de alimentaci\u00f3n para los modelos Hermes GPS, versiones Plus III y Kermes Plus IV. Con bot\u00f3n de conexi\u00f3n y desconexi\u00f3n. Producto original.","breadcrumb":{"@id":"https:\/\/www.kermesgps.com\/esp\/producto\/cable-de-alimentacion\/#breadcrumb"},"inLanguage":"es","potentialAction":[{"@type":"ReadAction","target":["https:\/\/www.kermesgps.com\/esp\/producto\/cable-de-alimentacion\/"]}]},{"@type":"ImageObject","inLanguage":"es","@id":"https:\/\/www.kermesgps.com\/esp\/producto\/cable-de-alimentacion\/#primaryimage","url":"https:\/\/www.kermesgps.com\/esp\/wp-content\/uploads\/2024\/11\/mechero-logo.webp","contentUrl":"https:\/\/www.kermesgps.com\/esp\/wp-content\/uploads\/2024\/11\/mechero-logo.webp","width":2560,"height":1920},{"@type":"BreadcrumbList","@id":"https:\/\/www.kermesgps.com\/esp\/producto\/cable-de-alimentacion\/#breadcrumb","itemListElement":[{"@type":"ListItem","position":1,"name":"Portada","item":"https:\/\/www.kermesgps.com\/esp\/"},{"@type":"ListItem","position":2,"name":"Tienda","item":"https:\/\/www.kermesgps.com\/esp\/?page_id=8"},{"@type":"ListItem","position":3,"name":"Cable de alimentaci\u00f3n"}]},{"@type":"WebSite","@id":"https:\/\/www.kermesgps.com\/esp\/#website","url":"https:\/\/www.kermesgps.com\/esp\/","name":"Kermes GPS","description":"Avisadores de radar mediante GPS","publisher":{"@id":"https:\/\/www.kermesgps.com\/esp\/#organization"},"alternateName":"Kermes GPS","potentialAction":[{"@type":"SearchAction","target":{"@type":"EntryPoint","urlTemplate":"https:\/\/www.kermesgps.com\/esp\/?s={search_term_string}"},"query-input":{"@type":"PropertyValueSpecification","valueRequired":true,"valueName":"search_term_string"}}],"inLanguage":"es"},{"@type":"Organization","@id":"https:\/\/www.kermesgps.com\/esp\/#organization","name":"Kermes GPS","url":"https:\/\/www.kermesgps.com\/esp\/","logo":{"@type":"ImageObject","inLanguage":"es","@id":"https:\/\/www.kermesgps.com\/esp\/#\/schema\/logo\/image\/","url":"https:\/\/www.kermesgps.com\/esp\/wp-content\/uploads\/2022\/06\/Logo-Nuevo-WFinder-30.png","contentUrl":"https:\/\/www.kermesgps.com\/esp\/wp-content\/uploads\/2022\/06\/Logo-Nuevo-WFinder-30.png","width":625,"height":214,"caption":"Kermes GPS"},"image":{"@id":"https:\/\/www.kermesgps.com\/esp\/#\/schema\/logo\/image\/"},"sameAs":["https:\/\/www.kermesgps.com\/esp\/actualizaciones\/kp4\/","https:\/\/www.tiktok.com\/@wfinderpro"]}]}},"_links":{"self":[{"href":"https:\/\/www.kermesgps.com\/esp\/wp-json\/wp\/v2\/product\/5473","targetHints":{"allow":["GET"]}}],"collection":[{"href":"https:\/\/www.kermesgps.com\/esp\/wp-json\/wp\/v2\/product"}],"about":[{"href":"https:\/\/www.kermesgps.com\/esp\/wp-json\/wp\/v2\/types\/product"}],"wp:featuredmedia":[{"embeddable":true,"href":"https:\/\/www.kermesgps.com\/esp\/wp-json\/wp\/v2\/media\/5474"}],"wp:attachment":[{"href":"https:\/\/www.kermesgps.com\/esp\/wp-json\/wp\/v2\/media?parent=5473"}],"wp:term":[{"taxonomy":"product_brand","embeddable":true,"href":"https:\/\/www.kermesgps.com\/esp\/wp-json\/wp\/v2\/product_brand?post=5473"},{"taxonomy":"product_cat","embeddable":true,"href":"https:\/\/www.kermesgps.com\/esp\/wp-json\/wp\/v2\/product_cat?post=5473"},{"taxonomy":"product_tag","embeddable":true,"href":"https:\/\/www.kermesgps.com\/esp\/wp-json\/wp\/v2\/product_tag?post=5473"}],"curies":[{"name":"wp","href":"https:\/\/api.w.org\/{rel}","templated":true}]}}